{"id":11139,"date":"2020-03-28T15:39:06","date_gmt":"2020-03-28T14:39:06","guid":{"rendered":"http:\/\/www.arbaletriers.be\/wordpress\/?page_id=11139"},"modified":"2024-02-20T09:42:15","modified_gmt":"2024-02-20T08:42:15","slug":"histoire-2020-a-aujourdhui","status":"publish","type":"page","link":"https:\/\/www.arbaletriers.be\/wordpress\/histoire-2020-a-aujourdhui\/","title":{"rendered":"Histoire de 2020 \u00e0 aujourd&rsquo;hui"},"content":{"rendered":"<div id=\"themify_builder_content-11139\" data-postid=\"11139\" class=\"themify_builder_content themify_builder_content-11139 themify_builder themify_builder_front\">\n\t\t\t\t\n\t\t\t<!-- module_row -->\n\t\t\t<div class=\"themify_builder_row module_row module_row_0 clearfix\" >\n\n\t\t\t\t<div class=\"row_inner\">\n\n\t\t\t\t\t\n\t\t\t\t\t\n\t\t\t\t\t\n\t\t\t\t\t\n\t\t\t\t\t\t\t\t<div class=\"col-full first tb-column\">\n\t\t\t\t\t\t\t\t\t\t\t\t\t\t\t\t\t\t\t\n\t\t\t\t\t\t\t\t\t\t\n<!-- module box -->\n<div id=\"box-11139-0-0-0\" class=\"module module-box box-11139-0-0-0 \">\n\t\t\n\t\t\n\t<div class=\"module-box-content ui rounded gradient default  \">\n\t\t<p><em><b>2020<\/b><\/em><\/p>\n<p>Le 10 mars a lieu la deuxi\u00e8me assembl\u00e9e g\u00e9n\u00e9rale des \u00abAmis du mus\u00e9e CRAAV \u00bb<\/p>\n<p><img loading=\"lazy\" decoding=\"async\" class=\" wp-image-11141 aligncenter\" src=\"\/wordpress\/wp-content\/uploads\/2020\/03\/Les-amis-du-mus\u00e9e20200015-scaled.jpg\" alt=\"\" width=\"333\" height=\"500\" srcset=\"https:\/\/www.arbaletriers.be\/wordpress\/wp-content\/uploads\/2020\/03\/Les-amis-du-mus\u00e9e20200015-scaled.jpg 1707w, https:\/\/www.arbaletriers.be\/wordpress\/wp-content\/uploads\/2020\/03\/Les-amis-du-mus\u00e9e20200015-200x300.jpg 200w, https:\/\/www.arbaletriers.be\/wordpress\/wp-content\/uploads\/2020\/03\/Les-amis-du-mus\u00e9e20200015-683x1024.jpg 683w, https:\/\/www.arbaletriers.be\/wordpress\/wp-content\/uploads\/2020\/03\/Les-amis-du-mus\u00e9e20200015-768x1152.jpg 768w, https:\/\/www.arbaletriers.be\/wordpress\/wp-content\/uploads\/2020\/03\/Les-amis-du-mus\u00e9e20200015-1024x1536.jpg 1024w, https:\/\/www.arbaletriers.be\/wordpress\/wp-content\/uploads\/2020\/03\/Les-amis-du-mus\u00e9e20200015-1365x2048.jpg 1365w\" sizes=\"(max-width: 333px) 100vw, 333px\" \/><\/p>\n\t<\/div>\n\n\t<\/div>\n<!-- \/module box -->\n<!-- .themify_builder .box-11139-0-0-0 Style -->\n<style>\n.themify_builder .box-11139-0-0-0.module-box {\n\ttext-align: justify\n}\n<\/style>\n<!-- End .themify_builder .box-11139-0-0-0 Style -->\n\n\t\t\t\t\t\t\t\t\t\n\t\t\t\t\t\t\t\t\t\t\t\t\t\t\t\t\t<\/div>\n\t\t\t\t\t\t\t\t<!-- \/col -->\n\t\t\t\t\t\t  \n\n\t\t\t\t\t\n\t\t\t\t\t\t\t\t\t\t\n\t\t\t\t\t\t\t\t\t\n\t\t\t\t<\/div>\n\t\t\t\t<!-- \/row_inner -->\n\t\t\t<\/div>\n\t\t\t<!-- \/module_row -->\n\t\t\t\n<\/div>\n<!-- \/themify_builder_content -->","protected":false},"excerpt":{"rendered":"<p>2020 Le 10 mars a lieu la deuxi\u00e8me assembl\u00e9e g\u00e9n\u00e9rale des \u00abAmis du mus\u00e9e CRAAV \u00bb<\/p>\n","protected":false},"author":1,"featured_media":0,"parent":0,"menu_order":0,"comment_status":"closed","ping_status":"closed","template":"","meta":{"footnotes":""},"class_list":["post-11139","page","type-page","status-publish","hentry"],"_links":{"self":[{"href":"https:\/\/www.arbaletriers.be\/wordpress\/wp-json\/wp\/v2\/pages\/11139"}],"collection":[{"href":"https:\/\/www.arbaletriers.be\/wordpress\/wp-json\/wp\/v2\/pages"}],"about":[{"href":"https:\/\/www.arbaletriers.be\/wordpress\/wp-json\/wp\/v2\/types\/page"}],"author":[{"embeddable":true,"href":"https:\/\/www.arbaletriers.be\/wordpress\/wp-json\/wp\/v2\/users\/1"}],"replies":[{"embeddable":true,"href":"https:\/\/www.arbaletriers.be\/wordpress\/wp-json\/wp\/v2\/comments?post=11139"}],"version-history":[{"count":1,"href":"https:\/\/www.arbaletriers.be\/wordpress\/wp-json\/wp\/v2\/pages\/11139\/revisions"}],"predecessor-version":[{"id":11903,"href":"https:\/\/www.arbaletriers.be\/wordpress\/wp-json\/wp\/v2\/pages\/11139\/revisions\/11903"}],"wp:attachment":[{"href":"https:\/\/www.arbaletriers.be\/wordpress\/wp-json\/wp\/v2\/media?parent=11139"}],"curies":[{"name":"wp","href":"https:\/\/api.w.org\/{rel}","templated":true}]}}