{"id":11247,"date":"2020-04-24T11:00:09","date_gmt":"2020-04-24T10:00:09","guid":{"rendered":"http:\/\/www.arbaletriers.be\/wordpress\/?page_id=11247"},"modified":"2024-02-21T13:41:45","modified_gmt":"2024-02-21T12:41:45","slug":"compagnie-chant-hymne-a-la-compagnie-royale","status":"publish","type":"page","link":"https:\/\/www.arbaletriers.be\/wordpress\/compagnie-chant-hymne-a-la-compagnie-royale\/","title":{"rendered":"Chant &#8211; Hymne \u00e0 la Compagnie Royale des arbal\u00e9triers Vis\u00e9tois"},"content":{"rendered":"<div id=\"themify_builder_content-11247\" data-postid=\"11247\" class=\"themify_builder_content themify_builder_content-11247 themify_builder themify_builder_front\">\n\t\t\t\t\n\t\t\t<!-- module_row -->\n\t\t\t<div class=\"themify_builder_row module_row module_row_0 clearfix\" >\n\n\t\t\t\t<div class=\"row_inner\">\n\n\t\t\t\t\t\n\t\t\t\t\t\n\t\t\t\t\t\n\t\t\t\t\t\n\t\t\t\t\t\t\t\t<div class=\"col-full first tb-column\">\n\t\t\t\t\t\t\t\t\t\t\t\t\t\t\t\t\t\t\t\n\t\t\t\t\t\t\t\t\t\t\n<!-- module box -->\n<div id=\"box-11247-0-0-0\" class=\"module module-box box-11247-0-0-0 \">\n\t\t\n\t\t\n\t<div class=\"module-box-content ui rounded gradient default  \">\n\t\t<h2 style=\"text-align: center;\"><em><span style=\"text-decoration: underline;\">Hymne \u00e0 la Compagnie Royale des arbal\u00e9triers Vis\u00e9tois<\/span><\/em><\/h2>\t<\/div>\n\n\t<\/div>\n<!-- \/module box -->\n<!-- .themify_builder .box-11247-0-0-0 Style -->\n<style>\n.themify_builder .box-11247-0-0-0.module-box {\n\ttext-align: justify\n}\n<\/style>\n<!-- End .themify_builder .box-11247-0-0-0 Style -->\n\n\t\t\t\t\t\t\t\t\t\n\t\t\t\t\t\t\t\t\t\t\t\t\t\t\t\t\t<\/div>\n\t\t\t\t\t\t\t\t<!-- \/col -->\n\t\t\t\t\t\t  \n\n\t\t\t\t\t\n\t\t\t\t\t\t\t\t\t\t\n\t\t\t\t\t\t\t\t\t\n\t\t\t\t<\/div>\n\t\t\t\t<!-- \/row_inner -->\n\t\t\t<\/div>\n\t\t\t<!-- \/module_row -->\n\t\t\t\n\t\t\t\n\t\t\t<!-- module_row -->\n\t\t\t<div class=\"themify_builder_row module_row module_row_1 clearfix\" >\n\n\t\t\t\t<div class=\"row_inner\">\n\n\t\t\t\t\t\n\t\t\t\t\t\n\t\t\t\t\t\n\t\t\t\t\t\n\t\t\t\t\t\t\t\t<div class=\"col4-2 first tb-column\">\n\t\t\t\t\t\t\t\t\t\t\t\t\t\t\t\t\t\t\t\n\t\t\t\t\t\t\t\t\t\t\n<!-- module box -->\n<div id=\"box-11247-1-0-0\" class=\"module module-box box-11247-1-0-0 \">\n\t\t\n\t\t\n\t<div class=\"module-box-content ui rounded gradient default  \">\n\t\t<p style=\"text-align: center;\">Illustre compagnie<br \/>Des Fiers Arbal\u00e9triers<br \/>Fils des vieux communiers<br \/>Marche, marche toujours unie<br \/>O confraternit\u00e9 !<br \/>Brille sur nos banni\u00e8res,<br \/>S\u0153ur de la libert\u00e9<br \/>Tu gonfles nos art\u00e8res !<br \/>Cloches sonnez \u00e0\u00a0la victoire. <br \/>Cloches sonnez\u00a0 \u00e0\u00a0la victoire. \u00a0<br \/>Tambours, tambours<br \/>Battez, battez <br \/>A notre gloire !<br \/>Tambours, tambours \u00a0\u00a0<br \/>battez, battez<br \/>A notre gloire !<\/p>\t<\/div>\n\n\t<\/div>\n<!-- \/module box -->\n<!-- .themify_builder .box-11247-1-0-0 Style -->\n<style>\n.themify_builder .box-11247-1-0-0.module-box {\n\ttext-align: justify\n}\n<\/style>\n<!-- End .themify_builder .box-11247-1-0-0 Style -->\n\n\t\t\t\t\t\t\t\t\t\n\t\t\t\t\t\t\t\t\t\t\t\t\t\t\t\t\t<\/div>\n\t\t\t\t\t\t\t\t<!-- \/col -->\n\t\t\t\t\t\t\n\t\t\t\t\t\t\t\t<div class=\"col4-2 last tb-column\">\n\t\t\t\t\t\t\t\t\t\t\t\t\t\t\t\t\t\t\t\n\t\t\t\t\t\t\t\t\t\t\n<!-- module box -->\n<div id=\"box-11247-1-1-0\" class=\"module module-box box-11247-1-1-0 \">\n\t\t\n\t\t\n\t<div class=\"module-box-content ui rounded gradient default  \">\n\t\t<p style=\"text-align: center;\"><img loading=\"lazy\" decoding=\"async\" class=\"alignnone wp-image-5968\" src=\"\/wordpress\/wp-content\/uploads\/2017\/11\/40-salle.png\" alt=\"\" width=\"504\" height=\"339\" srcset=\"https:\/\/www.arbaletriers.be\/wordpress\/wp-content\/uploads\/2017\/11\/40-salle.png 1177w, https:\/\/www.arbaletriers.be\/wordpress\/wp-content\/uploads\/2017\/11\/40-salle-300x202.png 300w, https:\/\/www.arbaletriers.be\/wordpress\/wp-content\/uploads\/2017\/11\/40-salle-768x517.png 768w, https:\/\/www.arbaletriers.be\/wordpress\/wp-content\/uploads\/2017\/11\/40-salle-1024x690.png 1024w\" sizes=\"(max-width: 504px) 100vw, 504px\" \/><\/p>\n\t<\/div>\n\n\t<\/div>\n<!-- \/module box -->\n<!-- .themify_builder .box-11247-1-1-0 Style -->\n<style>\n.themify_builder .box-11247-1-1-0.module-box {\n\ttext-align: center\n}\n<\/style>\n<!-- End .themify_builder .box-11247-1-1-0 Style -->\n\n\t\t\t\t\t\t\t\t\t\n\t\t\t\t\t\t\t\t\t\t\t\t\t\t\t\t\t<\/div>\n\t\t\t\t\t\t\t\t<!-- \/col -->\n\t\t\t\t\t\t  \n\n\t\t\t\t\t\n\t\t\t\t\t\t\t\t\t\t\n\t\t\t\t\t\t\t\t\t\n\t\t\t\t<\/div>\n\t\t\t\t<!-- \/row_inner -->\n\t\t\t<\/div>\n\t\t\t<!-- \/module_row -->\n\t\t\t\n\t\t\t\n\t\t\t<!-- module_row -->\n\t\t\t<div class=\"themify_builder_row module_row module_row_2 clearfix\" >\n\n\t\t\t\t<div class=\"row_inner\">\n\n\t\t\t\t\t\n\t\t\t\t\t\n\t\t\t\t\t\n\t\t\t\t\t\n\t\t\t\t\t\t\t\t<div class=\"col4-2 first tb-column\">\n\t\t\t\t\t\t\t\t\t\t\t\t\t\t\t\t\t\t\t\n\t\t\t\t\t\t\t\t\t\t\n<!-- module box -->\n<div id=\"box-11247-2-0-0\" class=\"module module-box box-11247-2-0-0 \">\n\t\t\n\t\t\n\t<div class=\"module-box-content ui rounded gradient default  \">\n\t\t<p><img loading=\"lazy\" decoding=\"async\" class=\"wp-image-8701 aligncenter\" src=\"\/wordpress\/wp-content\/uploads\/2019\/01\/souper-tamb-19-004.RAF_.p.jpg\" alt=\"\" width=\"366\" height=\"244\" srcset=\"https:\/\/www.arbaletriers.be\/wordpress\/wp-content\/uploads\/2019\/01\/souper-tamb-19-004.RAF_.p.jpg 1517w, https:\/\/www.arbaletriers.be\/wordpress\/wp-content\/uploads\/2019\/01\/souper-tamb-19-004.RAF_.p-300x200.jpg 300w, https:\/\/www.arbaletriers.be\/wordpress\/wp-content\/uploads\/2019\/01\/souper-tamb-19-004.RAF_.p-768x512.jpg 768w, https:\/\/www.arbaletriers.be\/wordpress\/wp-content\/uploads\/2019\/01\/souper-tamb-19-004.RAF_.p-1024x682.jpg 1024w\" sizes=\"(max-width: 366px) 100vw, 366px\" \/><\/p>\n<p style=\"text-align: center;\">\n\t<\/div>\n\n\t<\/div>\n<!-- \/module box -->\n<!-- .themify_builder .box-11247-2-0-0 Style -->\n<style>\n.themify_builder .box-11247-2-0-0.module-box {\n\ttext-align: center\n}\n<\/style>\n<!-- End .themify_builder .box-11247-2-0-0 Style -->\n\n\t\t\t\t\t\t\t\t\t\n\t\t\t\t\t\t\t\t\t\t\t\t\t\t\t\t\t<\/div>\n\t\t\t\t\t\t\t\t<!-- \/col -->\n\t\t\t\t\t\t\n\t\t\t\t\t\t\t\t<div class=\"col4-2 last tb-column\">\n\t\t\t\t\t\t\t\t\t\t\t\t\t\t\t\t\t\t\t\n\t\t\t\t\t\t\t\t\t\t\n<!-- module box -->\n<div id=\"box-11247-2-1-0\" class=\"module module-box box-11247-2-1-0 \">\n\t\t\n\t\t\n\t<div class=\"module-box-content ui rounded gradient default  \">\n\t\t<p style=\"text-align: center;\">Cit\u00e9 wallonne, berceaux fameux,<br \/>Vis\u00e9 rempart des fiers a\u00efeux,<br \/>Tes souvenirs clament sans cesse, \u00a0 \u00a0 \u00a0 \u00a0 \u00a0 \u00a0 \u00a0 \u00a0 \u00a0 \u00a0 \u00a0 \u00a0 \u00a0 \u00a0 \u00a0 \u00a0 \u00a0 \u00a0 \u00a0 \u00a0 \u00a0<br \/>Clament sans cesse,<br \/>Et leur vaillance,<br \/>Leur vaillance et leurs prouesses<br \/>Arbal\u00e9triers, Arquebusiers !<br \/>Maintenons &#8211; nous toujours altiers,<br \/>Rivalisons comme des fr\u00e8res<br \/>Rivalisons comme des fr\u00e8res<br \/>Ensemble, crions : Arri\u00e8re<br \/>A la discorde, aux noirs soucis,<br \/>Arbal\u00e9triers, Arquebusiers !<br \/>Laissons \u00e0 d&rsquo;autres les d\u00e9pits.<\/p>\t<\/div>\n\n\t<\/div>\n<!-- \/module box -->\n<!-- .themify_builder .box-11247-2-1-0 Style -->\n<style>\n.themify_builder .box-11247-2-1-0.module-box {\n\ttext-align: justify\n}\n<\/style>\n<!-- End .themify_builder .box-11247-2-1-0 Style -->\n\n\t\t\t\t\t\t\t\t\t\n\t\t\t\t\t\t\t\t\t\t\t\t\t\t\t\t\t<\/div>\n\t\t\t\t\t\t\t\t<!-- \/col -->\n\t\t\t\t\t\t  \n\n\t\t\t\t\t\n\t\t\t\t\t\t\t\t\t\t\n\t\t\t\t\t\t\t\t\t\n\t\t\t\t<\/div>\n\t\t\t\t<!-- \/row_inner -->\n\t\t\t<\/div>\n\t\t\t<!-- \/module_row -->\n\t\t\t\n\t\t\t\n\t\t\t<!-- module_row -->\n\t\t\t<div class=\"themify_builder_row module_row module_row_3 clearfix\" >\n\n\t\t\t\t<div class=\"row_inner\">\n\n\t\t\t\t\t\n\t\t\t\t\t\n\t\t\t\t\t\n\t\t\t\t\t\n\t\t\t\t\t\t\t\t<div class=\"col4-1 first tb-column\">\n\t\t\t\t\t\t\t\t\t\t\t\t\t\t\t\t\t\t\t\n\t\t\t\t\t\t\t\t\t\t&nbsp;\t\t\t\t\t\t\t\t\t\n\t\t\t\t\t\t\t\t\t\t\t\t\t\t\t\t\t<\/div>\n\t\t\t\t\t\t\t\t<!-- \/col -->\n\t\t\t\t\t\t\n\t\t\t\t\t\t\t\t<div class=\"col4-2 middle tb-column\">\n\t\t\t\t\t\t\t\t\t\t\t\t\t\t\t\t\t\t\t\n\t\t\t\t\t\t\t\t\t\t\n<!-- module box -->\n<div id=\"box-11247-3-1-0\" class=\"module module-box box-11247-3-1-0 \">\n\t\t\n\t\t\n\t<div class=\"module-box-content ui rounded gradient default  \">\n\t\t<p style=\"text-align: center;\">Dans une coupe fraternelle,<br \/>Consacrons une paix nouvelle<br \/>Buvons, amis, buvons.<br \/>Buvons au grand bacchus !<br \/>Vidons les brocs \u00e0 Cambrinus !<br \/>Vidons les brocs \u00e0 Cambrinus !<br \/>L&rsquo;anc\u00eatre est l\u00e0 qui nous regarde <br \/>De nos coutumes, c&rsquo;est le garde<\/p>\t<\/div>\n\n\t<\/div>\n<!-- \/module box -->\n\t\t\t\t\t\t\t\t\t\n\t\t\t\t\t\t\t\t\t\t\t\t\t\t\t\t\t<\/div>\n\t\t\t\t\t\t\t\t<!-- \/col -->\n\t\t\t\t\t\t\n\t\t\t\t\t\t\t\t<div class=\"col4-1 last tb-column\">\n\t\t\t\t\t\t\t\t\t\t\t\t\t\t\t\t\t\t\t\n\t\t\t\t\t\t\t\t\t\t&nbsp;\t\t\t\t\t\t\t\t\t\n\t\t\t\t\t\t\t\t\t\t\t\t\t\t\t\t\t<\/div>\n\t\t\t\t\t\t\t\t<!-- \/col -->\n\t\t\t\t\t\t  \n\n\t\t\t\t\t\n\t\t\t\t\t\t\t\t\t\t\n\t\t\t\t\t\t\t\t\t\n\t\t\t\t<\/div>\n\t\t\t\t<!-- \/row_inner -->\n\t\t\t<\/div>\n\t\t\t<!-- \/module_row -->\n\t\t\t\n<\/div>\n<!-- \/themify_builder_content -->","protected":false},"excerpt":{"rendered":"<p>Hymne \u00e0 la Compagnie Royale des arbal\u00e9triers Vis\u00e9tois Illustre compagnieDes Fiers Arbal\u00e9triersFils des vieux communiersMarche, marche toujours unieO confraternit\u00e9 !Brille sur nos banni\u00e8res,S\u0153ur de la libert\u00e9Tu gonfles nos art\u00e8res !Cloches sonnez \u00e0\u00a0la victoire. Cloches sonnez\u00a0 \u00e0\u00a0la victoire. \u00a0Tambours, tamboursBattez, battez A notre gloire !Tambours, tambours \u00a0\u00a0battez, battezA notre gloire ! Cit\u00e9 wallonne, berceaux fameux,Vis\u00e9 rempart [&hellip;]<\/p>\n","protected":false},"author":1,"featured_media":0,"parent":0,"menu_order":0,"comment_status":"closed","ping_status":"closed","template":"","meta":{"footnotes":""},"class_list":["post-11247","page","type-page","status-publish","hentry"],"_links":{"self":[{"href":"https:\/\/www.arbaletriers.be\/wordpress\/wp-json\/wp\/v2\/pages\/11247"}],"collection":[{"href":"https:\/\/www.arbaletriers.be\/wordpress\/wp-json\/wp\/v2\/pages"}],"about":[{"href":"https:\/\/www.arbaletriers.be\/wordpress\/wp-json\/wp\/v2\/types\/page"}],"author":[{"embeddable":true,"href":"https:\/\/www.arbaletriers.be\/wordpress\/wp-json\/wp\/v2\/users\/1"}],"replies":[{"embeddable":true,"href":"https:\/\/www.arbaletriers.be\/wordpress\/wp-json\/wp\/v2\/comments?post=11247"}],"version-history":[{"count":1,"href":"https:\/\/www.arbaletriers.be\/wordpress\/wp-json\/wp\/v2\/pages\/11247\/revisions"}],"predecessor-version":[{"id":11248,"href":"https:\/\/www.arbaletriers.be\/wordpress\/wp-json\/wp\/v2\/pages\/11247\/revisions\/11248"}],"wp:attachment":[{"href":"https:\/\/www.arbaletriers.be\/wordpress\/wp-json\/wp\/v2\/media?parent=11247"}],"curies":[{"name":"wp","href":"https:\/\/api.w.org\/{rel}","templated":true}]}}