{"id":11252,"date":"2020-04-24T11:39:45","date_gmt":"2020-04-24T10:39:45","guid":{"rendered":"http:\/\/www.arbaletriers.be\/wordpress\/?page_id=11252"},"modified":"2024-02-21T13:44:18","modified_gmt":"2024-02-21T12:44:18","slug":"compagnie-chant-salut-au-drapeau-royal","status":"publish","type":"page","link":"https:\/\/www.arbaletriers.be\/wordpress\/compagnie-chant-salut-au-drapeau-royal\/","title":{"rendered":"Chant &#8211; Salut au Drapeau Royal"},"content":{"rendered":"<div id=\"themify_builder_content-11252\" data-postid=\"11252\" class=\"themify_builder_content themify_builder_content-11252 themify_builder themify_builder_front\">\n\t\t\t\t\n\t\t\t<!-- module_row -->\n\t\t\t<div class=\"themify_builder_row module_row module_row_0 clearfix\" >\n\n\t\t\t\t<div class=\"row_inner\">\n\n\t\t\t\t\t\n\t\t\t\t\t\n\t\t\t\t\t\n\t\t\t\t\t\n\t\t\t\t\t\t\t\t<div class=\"col-full first tb-column\">\n\t\t\t\t\t\t\t\t\t\t\t\t\t\t\t\t\t\t\t\n\t\t\t\t\t\t\t\t\t\t\n<!-- module box -->\n<div id=\"box-11252-0-0-0\" class=\"module module-box box-11252-0-0-0 \">\n\t\t\n\t\t\n\t<div class=\"module-box-content ui rounded gradient default  \">\n\t\t<h2 style=\"text-align: center;\"><em><span style=\"text-decoration: underline;\">Salut au Drapeau Royal<\/span><\/em><\/h2>\t<\/div>\n\n\t<\/div>\n<!-- \/module box -->\n<!-- .themify_builder .box-11252-0-0-0 Style -->\n<style>\n.themify_builder .box-11252-0-0-0.module-box {\n\ttext-align: justify\n}\n<\/style>\n<!-- End .themify_builder .box-11252-0-0-0 Style -->\n\n\t\t\t\t\t\t\t\t\t\n\t\t\t\t\t\t\t\t\t\t\t\t\t\t\t\t\t<\/div>\n\t\t\t\t\t\t\t\t<!-- \/col -->\n\t\t\t\t\t\t  \n\n\t\t\t\t\t\n\t\t\t\t\t\t\t\t\t\t\n\t\t\t\t\t\t\t\t\t\n\t\t\t\t<\/div>\n\t\t\t\t<!-- \/row_inner -->\n\t\t\t<\/div>\n\t\t\t<!-- \/module_row -->\n\t\t\t\n\t\t\t\n\t\t\t<!-- module_row -->\n\t\t\t<div class=\"themify_builder_row module_row module_row_1 clearfix\" >\n\n\t\t\t\t<div class=\"row_inner\">\n\n\t\t\t\t\t\n\t\t\t\t\t\n\t\t\t\t\t\n\t\t\t\t\t\n\t\t\t\t\t\t\t\t<div class=\"col4-2 first tb-column\">\n\t\t\t\t\t\t\t\t\t\t\t\t\t\t\t\t\t\t\t\n\t\t\t\t\t\t\t\t\t\t\n<!-- module box -->\n<div id=\"box-11252-1-0-0\" class=\"module module-box box-11252-1-0-0 \">\n\t\t\n\t\t\n\t<div class=\"module-box-content ui rounded gradient default  \">\n\t\t<p style=\"text-align: center;\">Des fiers a\u00efeux et de leur gloire,<br \/>L&rsquo;arbal\u00e9trier, le c\u0153ur haut,<br \/>A rappel\u00e9 l&rsquo;insigne histoire,<br \/>Et pour c\u00e9l\u00e9brer leur m\u00e9moire<br \/>Montre un drapeau !<br \/>Montre un drapeau !<\/p><p style=\"text-align: center;\">Au souverain, honneur supr\u00eame,<br \/>L&rsquo;arbal\u00e9trier avec fiert\u00e9,<br \/>A d\u00e9di\u00e9 ce cher embl\u00e8me<br \/>En lui vouant sa vie m\u00eame !<br \/>A notre roi, fid\u00e9lit\u00e9 !<br \/>A notre roi, fid\u00e9lit\u00e9 !<\/p><p style=\"text-align: center;\">Nous respirons la douce ivresse<br \/>D\u2019un bonheur plein de souvenirs!<br \/>Nos c\u0153urs \u00e9clatent d\u2019all\u00e9gresse<br \/>Devant l\u2019opulente largesse<br \/>Qui met le comble \u00e0 nos d\u00e9sirs.<br \/>Qui met le comble \u00e0 nos d\u00e9sirs.<\/p><p style=\"text-align: right;\">\u00a0<\/p>\t<\/div>\n\n\t<\/div>\n<!-- \/module box -->\n<!-- .themify_builder .box-11252-1-0-0 Style -->\n<style>\n.themify_builder .box-11252-1-0-0.module-box {\n\ttext-align: justify\n}\n<\/style>\n<!-- End .themify_builder .box-11252-1-0-0 Style -->\n\n\t\t\t\t\t\t\t\t\t\n\t\t\t\t\t\t\t\t\t\t\t\t\t\t\t\t\t<\/div>\n\t\t\t\t\t\t\t\t<!-- \/col -->\n\t\t\t\t\t\t\n\t\t\t\t\t\t\t\t<div class=\"col4-2 last tb-column\">\n\t\t\t\t\t\t\t\t\t\t\t\t\t\t\t\t\t\t\t\n\t\t\t\t\t\t\t\t\t\t\n<!-- module box -->\n<div id=\"box-11252-1-1-0\" class=\"module module-box box-11252-1-1-0 \">\n\t\t\n\t\t\n\t<div class=\"module-box-content ui rounded gradient default  \">\n\t\t<p><img loading=\"lazy\" decoding=\"async\" class=\"wp-image-3052 aligncenter\" src=\"\/wordpress\/wp-content\/uploads\/2016\/03\/drapeaubelge.jpg\" alt=\"\" width=\"479\" height=\"423\" srcset=\"https:\/\/www.arbaletriers.be\/wordpress\/wp-content\/uploads\/2016\/03\/drapeaubelge.jpg 356w, https:\/\/www.arbaletriers.be\/wordpress\/wp-content\/uploads\/2016\/03\/drapeaubelge-300x265.jpg 300w\" sizes=\"(max-width: 479px) 100vw, 479px\" \/><\/p>\n<p style=\"text-align: center;\">(chanson \u00e9crite en 1897)<\/p>\n\t<\/div>\n\n\t<\/div>\n<!-- \/module box -->\n<!-- .themify_builder .box-11252-1-1-0 Style -->\n<style>\n.themify_builder .box-11252-1-1-0.module-box {\n\ttext-align: justify\n}\n<\/style>\n<!-- End .themify_builder .box-11252-1-1-0 Style -->\n\n\t\t\t\t\t\t\t\t\t\n\t\t\t\t\t\t\t\t\t\t\t\t\t\t\t\t\t<\/div>\n\t\t\t\t\t\t\t\t<!-- \/col -->\n\t\t\t\t\t\t  \n\n\t\t\t\t\t\n\t\t\t\t\t\t\t\t\t\t\n\t\t\t\t\t\t\t\t\t\n\t\t\t\t<\/div>\n\t\t\t\t<!-- \/row_inner -->\n\t\t\t<\/div>\n\t\t\t<!-- \/module_row -->\n\t\t\t\n\t\t\t\n\t\t\t<!-- module_row -->\n\t\t\t<div class=\"themify_builder_row module_row module_row_2 clearfix\" >\n\n\t\t\t\t<div class=\"row_inner\">\n\n\t\t\t\t\t\n\t\t\t\t\t\n\t\t\t\t\t\n\t\t\t\t\t\n\t\t\t\t\t\t\t\t<div class=\"col4-2 first tb-column\">\n\t\t\t\t\t\t\t\t\t\t\t\t\t\t\t\t\t\t\t\n\t\t\t\t\t\t\t\t\t\t\n<!-- module box -->\n<div id=\"box-11252-2-0-0\" class=\"module module-box box-11252-2-0-0 \">\n\t\t\n\t\t\n\t<div class=\"module-box-content ui rounded gradient default  \">\n\t\t<p><img loading=\"lazy\" decoding=\"async\" class=\"wp-image-11254 aligncenter\" style=\"text-align: right;\" src=\"\/wordpress\/wp-content\/uploads\/2020\/04\/aou\u0302t-2016-0132.jpg.p.jpg\" alt=\"\" width=\"233\" height=\"350\" srcset=\"https:\/\/www.arbaletriers.be\/wordpress\/wp-content\/uploads\/2020\/04\/aou\u0302t-2016-0132.jpg.p.jpg 867w, https:\/\/www.arbaletriers.be\/wordpress\/wp-content\/uploads\/2020\/04\/aou\u0302t-2016-0132.jpg.p-200x300.jpg 200w, https:\/\/www.arbaletriers.be\/wordpress\/wp-content\/uploads\/2020\/04\/aou\u0302t-2016-0132.jpg.p-683x1024.jpg 683w, https:\/\/www.arbaletriers.be\/wordpress\/wp-content\/uploads\/2020\/04\/aou\u0302t-2016-0132.jpg.p-768x1152.jpg 768w\" sizes=\"(max-width: 233px) 100vw, 233px\" \/><\/p>\n<p style=\"text-align: center;\">\n\t<\/div>\n\n\t<\/div>\n<!-- \/module box -->\n<!-- .themify_builder .box-11252-2-0-0 Style -->\n<style>\n.themify_builder .box-11252-2-0-0.module-box {\n\ttext-align: justify\n}\n<\/style>\n<!-- End .themify_builder .box-11252-2-0-0 Style -->\n\n\t\t\t\t\t\t\t\t\t\n\t\t\t\t\t\t\t\t\t\t\t\t\t\t\t\t\t<\/div>\n\t\t\t\t\t\t\t\t<!-- \/col -->\n\t\t\t\t\t\t\n\t\t\t\t\t\t\t\t<div class=\"col4-2 last tb-column\">\n\t\t\t\t\t\t\t\t\t\t\t\t\t\t\t\t\t\t\t\n\t\t\t\t\t\t\t\t\t\t\n<!-- module box -->\n<div id=\"box-11252-2-1-0\" class=\"module module-box box-11252-2-1-0 \">\n\t\t\n\t\t\n\t<div class=\"module-box-content ui rounded gradient default  \">\n\t\t<p style=\"text-align: center;\">De nos archives et de nos armes,<br \/>Nous sommes les gardiens sacr\u00e9s!<br \/>Marchant sans crainte des alarmes<br \/>Notre vie est pleine de charmes,<br \/>Honneur \u00e0 nos arbal\u00e9triers!<br \/>Honneur \u00e0 nos arbal\u00e9triers!<\/p><p style=\"text-align: center;\">Jurons \u00e0 notre protecteur<br \/>D&rsquo;amener sous sa sainte image<br \/>Nos fils, rejetons dont le c\u0153ur<br \/>Bout d&rsquo;une juv\u00e9nile ardeur<br \/>Au grand saint Georges, offrons hommage.<br \/>Au grand saint Georges, offrons hommage.<\/p><p style=\"text-align: center;\">REFRAIN<\/p><p style=\"text-align: center;\">Salut banni\u00e8re sans rivale !<br \/>Salut, v\u00e9n\u00e9rables couleurs !<br \/>salut, belle palme royale !<br \/>Drapeau, tu r\u00e9jouis nos c\u0153urs !<\/p>\t<\/div>\n\n\t<\/div>\n<!-- \/module box -->\n<!-- .themify_builder .box-11252-2-1-0 Style -->\n<style>\n.themify_builder .box-11252-2-1-0.module-box {\n\ttext-align: justify\n}\n<\/style>\n<!-- End .themify_builder .box-11252-2-1-0 Style -->\n\n\t\t\t\t\t\t\t\t\t\n\t\t\t\t\t\t\t\t\t\t\t\t\t\t\t\t\t<\/div>\n\t\t\t\t\t\t\t\t<!-- \/col -->\n\t\t\t\t\t\t  \n\n\t\t\t\t\t\n\t\t\t\t\t\t\t\t\t\t\n\t\t\t\t\t\t\t\t\t\n\t\t\t\t<\/div>\n\t\t\t\t<!-- \/row_inner -->\n\t\t\t<\/div>\n\t\t\t<!-- \/module_row -->\n\t\t\t\n<\/div>\n<!-- \/themify_builder_content -->","protected":false},"excerpt":{"rendered":"<p>Salut au Drapeau Royal Des fiers a\u00efeux et de leur gloire,L&rsquo;arbal\u00e9trier, le c\u0153ur haut,A rappel\u00e9 l&rsquo;insigne histoire,Et pour c\u00e9l\u00e9brer leur m\u00e9moireMontre un drapeau !Montre un drapeau !Au souverain, honneur supr\u00eame,L&rsquo;arbal\u00e9trier avec fiert\u00e9,A d\u00e9di\u00e9 ce cher embl\u00e8meEn lui vouant sa vie m\u00eame !A notre roi, fid\u00e9lit\u00e9 !A notre roi, fid\u00e9lit\u00e9 !Nous respirons la douce ivresseD\u2019un bonheur [&hellip;]<\/p>\n","protected":false},"author":1,"featured_media":0,"parent":0,"menu_order":0,"comment_status":"closed","ping_status":"closed","template":"","meta":{"footnotes":""},"class_list":["post-11252","page","type-page","status-publish","hentry"],"_links":{"self":[{"href":"https:\/\/www.arbaletriers.be\/wordpress\/wp-json\/wp\/v2\/pages\/11252"}],"collection":[{"href":"https:\/\/www.arbaletriers.be\/wordpress\/wp-json\/wp\/v2\/pages"}],"about":[{"href":"https:\/\/www.arbaletriers.be\/wordpress\/wp-json\/wp\/v2\/types\/page"}],"author":[{"embeddable":true,"href":"https:\/\/www.arbaletriers.be\/wordpress\/wp-json\/wp\/v2\/users\/1"}],"replies":[{"embeddable":true,"href":"https:\/\/www.arbaletriers.be\/wordpress\/wp-json\/wp\/v2\/comments?post=11252"}],"version-history":[{"count":1,"href":"https:\/\/www.arbaletriers.be\/wordpress\/wp-json\/wp\/v2\/pages\/11252\/revisions"}],"predecessor-version":[{"id":11253,"href":"https:\/\/www.arbaletriers.be\/wordpress\/wp-json\/wp\/v2\/pages\/11252\/revisions\/11253"}],"wp:attachment":[{"href":"https:\/\/www.arbaletriers.be\/wordpress\/wp-json\/wp\/v2\/media?parent=11252"}],"curies":[{"name":"wp","href":"https:\/\/api.w.org\/{rel}","templated":true}]}}