{"id":11256,"date":"2020-04-24T11:52:32","date_gmt":"2020-04-24T10:52:32","guid":{"rendered":"http:\/\/www.arbaletriers.be\/wordpress\/?page_id=11256"},"modified":"2024-02-21T13:39:55","modified_gmt":"2024-02-21T12:39:55","slug":"compagnie-chant-ami-en-ce-jour-d-allegresse","status":"publish","type":"page","link":"https:\/\/www.arbaletriers.be\/wordpress\/compagnie-chant-ami-en-ce-jour-d-allegresse\/","title":{"rendered":"Chant &#8211; Amis en ce jour d&rsquo;all\u00e9gresse"},"content":{"rendered":"<div id=\"themify_builder_content-11256\" data-postid=\"11256\" class=\"themify_builder_content themify_builder_content-11256 themify_builder themify_builder_front\">\n\t\t\t\t\n\t\t\t<!-- module_row -->\n\t\t\t<div class=\"themify_builder_row module_row module_row_0 clearfix\" >\n\n\t\t\t\t<div class=\"row_inner\">\n\n\t\t\t\t\t\n\t\t\t\t\t\n\t\t\t\t\t\n\t\t\t\t\t\n\t\t\t\t\t\t\t\t<div class=\"col-full first tb-column\">\n\t\t\t\t\t\t\t\t\t\t\t\t\t\t\t\t\t\t\t\n\t\t\t\t\t\t\t\t\t\t\n<!-- module box -->\n<div id=\"box-11256-0-0-0\" class=\"module module-box box-11256-0-0-0 \">\n\t\t\n\t\t\n\t<div class=\"module-box-content ui rounded gradient default  \">\n\t\t<h2 style=\"text-align: center;\"><em><span style=\"text-decoration: underline;\">Amis en ce jour d&rsquo;all\u00e9gresse<\/span><\/em><\/h2>\t<\/div>\n\n\t<\/div>\n<!-- \/module box -->\n<!-- .themify_builder .box-11256-0-0-0 Style -->\n<style>\n.themify_builder .box-11256-0-0-0.module-box {\n\ttext-align: justify\n}\n<\/style>\n<!-- End .themify_builder .box-11256-0-0-0 Style -->\n\n\t\t\t\t\t\t\t\t\t\n\t\t\t\t\t\t\t\t\t\t\t\t\t\t\t\t\t<\/div>\n\t\t\t\t\t\t\t\t<!-- \/col -->\n\t\t\t\t\t\t  \n\n\t\t\t\t\t\n\t\t\t\t\t\t\t\t\t\t\n\t\t\t\t\t\t\t\t\t\n\t\t\t\t<\/div>\n\t\t\t\t<!-- \/row_inner -->\n\t\t\t<\/div>\n\t\t\t<!-- \/module_row -->\n\t\t\t\n\t\t\t\n\t\t\t<!-- module_row -->\n\t\t\t<div class=\"themify_builder_row module_row module_row_1 clearfix\" >\n\n\t\t\t\t<div class=\"row_inner\">\n\n\t\t\t\t\t\n\t\t\t\t\t\n\t\t\t\t\t\n\t\t\t\t\t\n\t\t\t\t\t\t\t\t<div class=\"col4-2 first tb-column\">\n\t\t\t\t\t\t\t\t\t\t\t\t\t\t\t\t\t\t\t\n\t\t\t\t\t\t\t\t\t\t\n<!-- module box -->\n<div id=\"box-11256-1-0-0\" class=\"module module-box box-11256-1-0-0 \">\n\t\t\n\t\t\n\t<div class=\"module-box-content ui rounded gradient default  \">\n\t\t<p style=\"text-align: center;\">Amis, en ce jour d&rsquo;all\u00e9gresse,<br \/>Faisons retentir nos accents ;<br \/>Que tout arbal\u00e9trier s&#8217;empresse<br \/>A partager ces doux instants.<br \/>De cette illustre compagnie,<br \/>Saint Georges en est le protecteur.<br \/>Elle a pour base l&rsquo;harmonie<br \/>Ne suit pour guide que l&rsquo;honneur. (bis) (Bis)<\/p><p>\u00a0<\/p><p style=\"text-align: center;\">Chez nous existe l&rsquo;avantage<br \/>D&rsquo;avoir en tout la primaut\u00e9.<br \/>C&rsquo;est connu qu&rsquo;un antique usage<br \/>Nous conf\u00e8re ce droit sacr\u00e9.<br \/>Jouissons de ce droit d&rsquo;a\u00eenesse<br \/>Qui nous fait marcher les premiers.<br \/>C&rsquo;est ce qui distingue sans cesse<br \/>L&rsquo;ancien corps des arbal\u00e9triers. (bis) (Bis)<\/p>\t<\/div>\n\n\t<\/div>\n<!-- \/module box -->\n<!-- .themify_builder .box-11256-1-0-0 Style -->\n<style>\n.themify_builder .box-11256-1-0-0.module-box {\n\ttext-align: justify\n}\n<\/style>\n<!-- End .themify_builder .box-11256-1-0-0 Style -->\n\n\t\t\t\t\t\t\t\t\t\n\t\t\t\t\t\t\t\t\t\t\t\t\t\t\t\t\t<\/div>\n\t\t\t\t\t\t\t\t<!-- \/col -->\n\t\t\t\t\t\t\n\t\t\t\t\t\t\t\t<div class=\"col4-2 last tb-column\">\n\t\t\t\t\t\t\t\t\t\t\t\t\t\t\t\t\t\t\t\n\t\t\t\t\t\t\t\t\t\t\n<!-- module box -->\n<div id=\"box-11256-1-1-0\" class=\"module module-box box-11256-1-1-0 \">\n\t\t\n\t\t\n\t<div class=\"module-box-content ui rounded gradient default  \">\n\t\t<p><img loading=\"lazy\" decoding=\"async\" class=\" wp-image-3674 aligncenter\" src=\"\/wordpress\/wp-content\/uploads\/2015\/02\/st-georges-020.jpg\" alt=\"\" width=\"381\" height=\"381\" srcset=\"https:\/\/www.arbaletriers.be\/wordpress\/wp-content\/uploads\/2015\/02\/st-georges-020.jpg 480w, https:\/\/www.arbaletriers.be\/wordpress\/wp-content\/uploads\/2015\/02\/st-georges-020-150x150.jpg 150w, https:\/\/www.arbaletriers.be\/wordpress\/wp-content\/uploads\/2015\/02\/st-georges-020-300x300.jpg 300w\" sizes=\"(max-width: 381px) 100vw, 381px\" \/><\/p>\n\t<\/div>\n\n\t<\/div>\n<!-- \/module box -->\n<!-- .themify_builder .box-11256-1-1-0 Style -->\n<style>\n.themify_builder .box-11256-1-1-0.module-box {\n\ttext-align: justify\n}\n<\/style>\n<!-- End .themify_builder .box-11256-1-1-0 Style -->\n\n\t\t\t\t\t\t\t\t\t\n\t\t\t\t\t\t\t\t\t\t\t\t\t\t\t\t\t<\/div>\n\t\t\t\t\t\t\t\t<!-- \/col -->\n\t\t\t\t\t\t  \n\n\t\t\t\t\t\n\t\t\t\t\t\t\t\t\t\t\n\t\t\t\t\t\t\t\t\t\n\t\t\t\t<\/div>\n\t\t\t\t<!-- \/row_inner -->\n\t\t\t<\/div>\n\t\t\t<!-- \/module_row -->\n\t\t\t\n\t\t\t\n\t\t\t<!-- module_row -->\n\t\t\t<div class=\"themify_builder_row module_row module_row_2 clearfix\" >\n\n\t\t\t\t<div class=\"row_inner\">\n\n\t\t\t\t\t\n\t\t\t\t\t\n\t\t\t\t\t\n\t\t\t\t\t\n\t\t\t\t\t\t\t\t<div class=\"col4-2 first tb-column\">\n\t\t\t\t\t\t\t\t\t\t\t\t\t\t\t\t\t\t\t\n\t\t\t\t\t\t\t\t\t\t\n<!-- module box -->\n<div id=\"box-11256-2-0-0\" class=\"module module-box box-11256-2-0-0 \">\n\t\t\n\t\t\n\t<div class=\"module-box-content ui rounded gradient default  \">\n\t\t<p><img loading=\"lazy\" decoding=\"async\" class=\"alignnone wp-image-11258\" src=\"\/wordpress\/wp-content\/uploads\/2020\/04\/aou\u0302t-2016-0100.jpg.p.jpg\" alt=\"\" width=\"438\" height=\"292\" srcset=\"https:\/\/www.arbaletriers.be\/wordpress\/wp-content\/uploads\/2020\/04\/aou\u0302t-2016-0100.jpg.p.jpg 1300w, https:\/\/www.arbaletriers.be\/wordpress\/wp-content\/uploads\/2020\/04\/aou\u0302t-2016-0100.jpg.p-300x200.jpg 300w, https:\/\/www.arbaletriers.be\/wordpress\/wp-content\/uploads\/2020\/04\/aou\u0302t-2016-0100.jpg.p-1024x683.jpg 1024w, https:\/\/www.arbaletriers.be\/wordpress\/wp-content\/uploads\/2020\/04\/aou\u0302t-2016-0100.jpg.p-768x512.jpg 768w\" sizes=\"(max-width: 438px) 100vw, 438px\" \/><\/p>\n<p style=\"text-align: center;\">\n\t<\/div>\n\n\t<\/div>\n<!-- \/module box -->\n<!-- .themify_builder .box-11256-2-0-0 Style -->\n<style>\n.themify_builder .box-11256-2-0-0.module-box {\n\ttext-align: justify\n}\n<\/style>\n<!-- End .themify_builder .box-11256-2-0-0 Style -->\n\n\t\t\t\t\t\t\t\t\t\n\t\t\t\t\t\t\t\t\t\t\t\t\t\t\t\t\t<\/div>\n\t\t\t\t\t\t\t\t<!-- \/col -->\n\t\t\t\t\t\t\n\t\t\t\t\t\t\t\t<div class=\"col4-2 last tb-column\">\n\t\t\t\t\t\t\t\t\t\t\t\t\t\t\t\t\t\t\t\n\t\t\t\t\t\t\t\t\t\t\n<!-- module box -->\n<div id=\"box-11256-2-1-0\" class=\"module module-box box-11256-2-1-0 \">\n\t\t\n\t\t\n\t<div class=\"module-box-content ui rounded gradient default  \">\n\t\t<p>Partout dans cette compagnie<br \/>R\u00e8gne une douce am\u00e9nit\u00e9;<br \/>L&rsquo;ambition en est bannie,<br \/>Pour y placer l&rsquo;humilit\u00e9.<br \/>Un accord parfait, unanime,<br \/>Se trouve dans les officiers,<br \/>Les confr\u00e8res sont dignes d&rsquo;estime,<br \/>Enfin du nom d&rsquo;arbal\u00e9triers. (bis) (Bis)<\/p><p>O vous ! sexe aimable et docile,<br \/>Daignez partager nos plaisirs;<br \/>A cette f\u00eate de famille,<br \/>Votre pr\u00e9sence va l&#8217;embellir.<br \/>Chacun de nous vous y convie,<br \/>Qu&rsquo;\u00e0 Bacchus se joigne l&rsquo;amour,<br \/>Et que cette union ch\u00e9rie<br \/>Forme le plus heureux s\u00e9jour. (bis) (Bis)<\/p>\t<\/div>\n\n\t<\/div>\n<!-- \/module box -->\n<!-- .themify_builder .box-11256-2-1-0 Style -->\n<style>\n.themify_builder .box-11256-2-1-0.module-box {\n\ttext-align: justify\n}\n<\/style>\n<!-- End .themify_builder .box-11256-2-1-0 Style -->\n\n\t\t\t\t\t\t\t\t\t\n\t\t\t\t\t\t\t\t\t\t\t\t\t\t\t\t\t<\/div>\n\t\t\t\t\t\t\t\t<!-- \/col -->\n\t\t\t\t\t\t  \n\n\t\t\t\t\t\n\t\t\t\t\t\t\t\t\t\t\n\t\t\t\t\t\t\t\t\t\n\t\t\t\t<\/div>\n\t\t\t\t<!-- \/row_inner -->\n\t\t\t<\/div>\n\t\t\t<!-- \/module_row -->\n\t\t\t\n\t\t\t\n\t\t\t<!-- module_row -->\n\t\t\t<div class=\"themify_builder_row module_row module_row_3 clearfix\" >\n\n\t\t\t\t<div class=\"row_inner\">\n\n\t\t\t\t\t\n\t\t\t\t\t\n\t\t\t\t\t\n\t\t\t\t\t\n\t\t\t\t\t\t\t\t<div class=\"col4-1 first tb-column\">\n\t\t\t\t\t\t\t\t\t\t\t\t\t\t\t\t\t\t\t\n\t\t\t\t\t\t\t\t\t\t&nbsp;\t\t\t\t\t\t\t\t\t\n\t\t\t\t\t\t\t\t\t\t\t\t\t\t\t\t\t<\/div>\n\t\t\t\t\t\t\t\t<!-- \/col -->\n\t\t\t\t\t\t\n\t\t\t\t\t\t\t\t<div class=\"col4-2 middle tb-column\">\n\t\t\t\t\t\t\t\t\t\t\t\t\t\t\t\t\t\t\t\n\t\t\t\t\t\t\t\t\t\t\n<!-- module box -->\n<div id=\"box-11256-3-1-0\" class=\"module module-box box-11256-3-1-0 \">\n\t\t\n\t\t\n\t<div class=\"module-box-content ui rounded gradient default  \">\n\t\t<p style=\"text-align: center;\">Allons, officiers et confr\u00e8res,<br \/>Ne respirons que la gaiet\u00e9,<br \/>Emparons-nous chacun d&rsquo;un verre,<br \/>Et buvons \u00e0 notre sant\u00e9.<br \/>Crions tous avec \u00e9nergie<br \/>Vivent saint Georges, les officiers,<br \/>Vive toute la Compagnie<br \/>Des g\u00e9n\u00e9reux arbal\u00e9triers. (bis) (Bis)<\/p>\t<\/div>\n\n\t<\/div>\n<!-- \/module box -->\n<!-- .themify_builder .box-11256-3-1-0 Style -->\n<style>\n.themify_builder .box-11256-3-1-0.module-box {\n\ttext-align: justify\n}\n<\/style>\n<!-- End .themify_builder .box-11256-3-1-0 Style -->\n\n\t\t\t\t\t\t\t\t\t\n\t\t\t\t\t\t\t\t\t\t\t\t\t\t\t\t\t<\/div>\n\t\t\t\t\t\t\t\t<!-- \/col -->\n\t\t\t\t\t\t\n\t\t\t\t\t\t\t\t<div class=\"col4-1 last tb-column\">\n\t\t\t\t\t\t\t\t\t\t\t\t\t\t\t\t\t\t\t\n\t\t\t\t\t\t\t\t\t\t&nbsp;\t\t\t\t\t\t\t\t\t\n\t\t\t\t\t\t\t\t\t\t\t\t\t\t\t\t\t<\/div>\n\t\t\t\t\t\t\t\t<!-- \/col -->\n\t\t\t\t\t\t  \n\n\t\t\t\t\t\n\t\t\t\t\t\t\t\t\t\t\n\t\t\t\t\t\t\t\t\t\n\t\t\t\t<\/div>\n\t\t\t\t<!-- \/row_inner -->\n\t\t\t<\/div>\n\t\t\t<!-- \/module_row -->\n\t\t\t\n<\/div>\n<!-- \/themify_builder_content -->","protected":false},"excerpt":{"rendered":"<p>Amis en ce jour d&rsquo;all\u00e9gresse Amis, en ce jour d&rsquo;all\u00e9gresse,Faisons retentir nos accents ;Que tout arbal\u00e9trier s&#8217;empresseA partager ces doux instants.De cette illustre compagnie,Saint Georges en est le protecteur.Elle a pour base l&rsquo;harmonieNe suit pour guide que l&rsquo;honneur. (bis) (Bis)\u00a0Chez nous existe l&rsquo;avantageD&rsquo;avoir en tout la primaut\u00e9.C&rsquo;est connu qu&rsquo;un antique usageNous conf\u00e8re ce droit sacr\u00e9.Jouissons [&hellip;]<\/p>\n","protected":false},"author":1,"featured_media":0,"parent":0,"menu_order":0,"comment_status":"closed","ping_status":"closed","template":"","meta":{"footnotes":""},"class_list":["post-11256","page","type-page","status-publish","hentry"],"_links":{"self":[{"href":"https:\/\/www.arbaletriers.be\/wordpress\/wp-json\/wp\/v2\/pages\/11256"}],"collection":[{"href":"https:\/\/www.arbaletriers.be\/wordpress\/wp-json\/wp\/v2\/pages"}],"about":[{"href":"https:\/\/www.arbaletriers.be\/wordpress\/wp-json\/wp\/v2\/types\/page"}],"author":[{"embeddable":true,"href":"https:\/\/www.arbaletriers.be\/wordpress\/wp-json\/wp\/v2\/users\/1"}],"replies":[{"embeddable":true,"href":"https:\/\/www.arbaletriers.be\/wordpress\/wp-json\/wp\/v2\/comments?post=11256"}],"version-history":[{"count":1,"href":"https:\/\/www.arbaletriers.be\/wordpress\/wp-json\/wp\/v2\/pages\/11256\/revisions"}],"predecessor-version":[{"id":11257,"href":"https:\/\/www.arbaletriers.be\/wordpress\/wp-json\/wp\/v2\/pages\/11256\/revisions\/11257"}],"wp:attachment":[{"href":"https:\/\/www.arbaletriers.be\/wordpress\/wp-json\/wp\/v2\/media?parent=11256"}],"curies":[{"name":"wp","href":"https:\/\/api.w.org\/{rel}","templated":true}]}}