{"id":11259,"date":"2020-04-24T12:25:24","date_gmt":"2020-04-24T11:25:24","guid":{"rendered":"http:\/\/www.arbaletriers.be\/wordpress\/?page_id=11259"},"modified":"2024-02-21T13:43:43","modified_gmt":"2024-02-21T12:43:43","slug":"compagnie-chant-le-jus-de-la-treille","status":"publish","type":"page","link":"https:\/\/www.arbaletriers.be\/wordpress\/compagnie-chant-le-jus-de-la-treille\/","title":{"rendered":"Chant &#8211; Le jus de la treille"},"content":{"rendered":"<div id=\"themify_builder_content-11259\" data-postid=\"11259\" class=\"themify_builder_content themify_builder_content-11259 themify_builder themify_builder_front\">\n\t\t\t\t\n\t\t\t<!-- module_row -->\n\t\t\t<div class=\"themify_builder_row module_row module_row_0 clearfix\" >\n\n\t\t\t\t<div class=\"row_inner\">\n\n\t\t\t\t\t\n\t\t\t\t\t\n\t\t\t\t\t\n\t\t\t\t\t\n\t\t\t\t\t\t\t\t<div class=\"col-full first tb-column\">\n\t\t\t\t\t\t\t\t\t\t\t\t\t\t\t\t\t\t\t\n\t\t\t\t\t\t\t\t\t\t\n<!-- module box -->\n<div id=\"box-11259-0-0-0\" class=\"module module-box box-11259-0-0-0 \">\n\t\t\n\t\t\n\t<div class=\"module-box-content ui rounded gradient default  \">\n\t\t<h2 style=\"text-align: center;\"><em><span style=\"text-decoration: underline;\">Le jus de la treille<\/span><\/em><\/h2>\t<\/div>\n\n\t<\/div>\n<!-- \/module box -->\n<!-- .themify_builder .box-11259-0-0-0 Style -->\n<style>\n.themify_builder .box-11259-0-0-0.module-box {\n\ttext-align: justify\n}\n<\/style>\n<!-- End .themify_builder .box-11259-0-0-0 Style -->\n\n\t\t\t\t\t\t\t\t\t\n\t\t\t\t\t\t\t\t\t\t\t\t\t\t\t\t\t<\/div>\n\t\t\t\t\t\t\t\t<!-- \/col -->\n\t\t\t\t\t\t  \n\n\t\t\t\t\t\n\t\t\t\t\t\t\t\t\t\t\n\t\t\t\t\t\t\t\t\t\n\t\t\t\t<\/div>\n\t\t\t\t<!-- \/row_inner -->\n\t\t\t<\/div>\n\t\t\t<!-- \/module_row -->\n\t\t\t\n\t\t\t\n\t\t\t<!-- module_row -->\n\t\t\t<div class=\"themify_builder_row module_row module_row_1 clearfix\" >\n\n\t\t\t\t<div class=\"row_inner\">\n\n\t\t\t\t\t\n\t\t\t\t\t\n\t\t\t\t\t\n\t\t\t\t\t\n\t\t\t\t\t\t\t\t<div class=\"col4-2 first tb-column\">\n\t\t\t\t\t\t\t\t\t\t\t\t\t\t\t\t\t\t\t\n\t\t\t\t\t\t\t\t\t\t\n<!-- module box -->\n<div id=\"box-11259-1-0-0\" class=\"module module-box box-11259-1-0-0 \">\n\t\t\n\t\t\n\t<div class=\"module-box-content ui rounded gradient default  \">\n\t\t<p style=\"text-align: center;\"><em>Introduction &#8211; Refrain:<\/em><\/p><p style=\"text-align: center;\">Le jus de la treille<br \/>met la belle humeur au c\u0153ur,<br \/>Pour faire des merveilles;<br \/>il faut cette liqueur.<\/p><p style=\"text-align: center;\"><em>I<\/em><br \/>Commen\u00e7ons par boire, <br \/>amis de ce jus divin, <br \/>pour f\u00eater la gloire, <br \/>de saint Georges, notre soutien. <br \/>O Dieu ! O Dieu ! <br \/>prot\u00e8ge la Compagnie,<br \/>Saint Georges ! Saint Georges !<br \/>daignez la soutenir.<\/p>\t<\/div>\n\n\t<\/div>\n<!-- \/module box -->\n<!-- .themify_builder .box-11259-1-0-0 Style -->\n<style>\n.themify_builder .box-11259-1-0-0.module-box {\n\ttext-align: justify\n}\n<\/style>\n<!-- End .themify_builder .box-11259-1-0-0 Style -->\n\n\t\t\t\t\t\t\t\t\t\n\t\t\t\t\t\t\t\t\t\t\t\t\t\t\t\t\t<\/div>\n\t\t\t\t\t\t\t\t<!-- \/col -->\n\t\t\t\t\t\t\n\t\t\t\t\t\t\t\t<div class=\"col4-2 last tb-column\">\n\t\t\t\t\t\t\t\t\t\t\t\t\t\t\t\t\t\t\t\n\t\t\t\t\t\t\t\t\t\t\n<!-- module box -->\n<div id=\"box-11259-1-1-0\" class=\"module module-box box-11259-1-1-0 \">\n\t\t\n\t\t\n\t<div class=\"module-box-content ui rounded gradient default  \">\n\t\t<p><img loading=\"lazy\" decoding=\"async\" class=\"wp-image-4840 aligncenter\" src=\"\/wordpress\/wp-content\/uploads\/2017\/02\/tchotcho.png\" alt=\"\" width=\"242\" height=\"305\" srcset=\"https:\/\/www.arbaletriers.be\/wordpress\/wp-content\/uploads\/2017\/02\/tchotcho.png 297w, https:\/\/www.arbaletriers.be\/wordpress\/wp-content\/uploads\/2017\/02\/tchotcho-238x300.png 238w\" sizes=\"(max-width: 242px) 100vw, 242px\" \/><\/p>\n\t<\/div>\n\n\t<\/div>\n<!-- \/module box -->\n<!-- .themify_builder .box-11259-1-1-0 Style -->\n<style>\n.themify_builder .box-11259-1-1-0.module-box {\n\ttext-align: justify\n}\n<\/style>\n<!-- End .themify_builder .box-11259-1-1-0 Style -->\n\n\t\t\t\t\t\t\t\t\t\n\t\t\t\t\t\t\t\t\t\t\t\t\t\t\t\t\t<\/div>\n\t\t\t\t\t\t\t\t<!-- \/col -->\n\t\t\t\t\t\t  \n\n\t\t\t\t\t\n\t\t\t\t\t\t\t\t\t\t\n\t\t\t\t\t\t\t\t\t\n\t\t\t\t<\/div>\n\t\t\t\t<!-- \/row_inner -->\n\t\t\t<\/div>\n\t\t\t<!-- \/module_row -->\n\t\t\t\n\t\t\t\n\t\t\t<!-- module_row -->\n\t\t\t<div class=\"themify_builder_row module_row module_row_2 clearfix\" >\n\n\t\t\t\t<div class=\"row_inner\">\n\n\t\t\t\t\t\n\t\t\t\t\t\n\t\t\t\t\t\n\t\t\t\t\t\n\t\t\t\t\t\t\t\t<div class=\"col4-2 first tb-column\">\n\t\t\t\t\t\t\t\t\t\t\t\t\t\t\t\t\t\t\t\n\t\t\t\t\t\t\t\t\t\t\n<!-- module box -->\n<div id=\"box-11259-2-0-0\" class=\"module module-box box-11259-2-0-0 \">\n\t\t\n\t\t\n\t<div class=\"module-box-content ui rounded gradient default  \">\n\t\t<p style=\"text-align: center;\"><em>II<\/em><br \/>\nO vous ! sexe aimable<br \/>\nprenez part \u00e0 nos plaisirs;<br \/>\nmettez \u2013 vous \u00e0 table,<br \/>\ncomblez nos d\u00e9sirs.<br \/>\nO Dieu ! O Dieu ! etc.<\/p>\n<p style=\"text-align: center;\"><em>III<\/em><br \/>\nIllustre compagnie,<br \/>\ng\u00e9n\u00e9reux Arbal\u00e9triers;<br \/>\naimons toute notre vie,<br \/>\nnos braves officiers.<br \/>\nO Dieu ! O Dieu ! etc.<\/p>\n<\/p>\n\t<\/div>\n\n\t<\/div>\n<!-- \/module box -->\n<!-- .themify_builder .box-11259-2-0-0 Style -->\n<style>\n.themify_builder .box-11259-2-0-0.module-box {\n\ttext-align: justify\n}\n<\/style>\n<!-- End .themify_builder .box-11259-2-0-0 Style -->\n\n\t\t\t\t\t\t\t\t\t\n\t\t\t\t\t\t\t\t\t\t\t\t\t\t\t\t\t<\/div>\n\t\t\t\t\t\t\t\t<!-- \/col -->\n\t\t\t\t\t\t\n\t\t\t\t\t\t\t\t<div class=\"col4-2 last tb-column\">\n\t\t\t\t\t\t\t\t\t\t\t\t\t\t\t\t\t\t\t\n\t\t\t\t\t\t\t\t\t\t\n<!-- module box -->\n<div id=\"box-11259-2-1-0\" class=\"module module-box box-11259-2-1-0 \">\n\t\t\n\t\t\n\t<div class=\"module-box-content ui rounded gradient default  \">\n\t\t<p style=\"text-align: center;\"><em>IV<\/em><br \/>\nAllons, chers Confr\u00e8res,<br \/>\nbuvons de ce jus divin;<br \/>\nVidons tous nos verres,<br \/>\net donnons \u2013nous la main.<br \/>\nO Dieu ! O Dieu ! etc.<\/p>\n<p style=\"text-align: center;\"><em>V<\/em><br \/>\nCrions vive saint Georges !<br \/>\nnous sommes tous ses enfants;<br \/>\nd\u00e9ployons nos gorges<br \/>\nnous sommes triomphants.<br \/>\nO Dieu ! O Dieu ! etc.<\/p>\n\t<\/div>\n\n\t<\/div>\n<!-- \/module box -->\n<!-- .themify_builder .box-11259-2-1-0 Style -->\n<style>\n.themify_builder .box-11259-2-1-0.module-box {\n\ttext-align: justify\n}\n<\/style>\n<!-- End .themify_builder .box-11259-2-1-0 Style -->\n\n\t\t\t\t\t\t\t\t\t\n\t\t\t\t\t\t\t\t\t\t\t\t\t\t\t\t\t<\/div>\n\t\t\t\t\t\t\t\t<!-- \/col -->\n\t\t\t\t\t\t  \n\n\t\t\t\t\t\n\t\t\t\t\t\t\t\t\t\t\n\t\t\t\t\t\t\t\t\t\n\t\t\t\t<\/div>\n\t\t\t\t<!-- \/row_inner -->\n\t\t\t<\/div>\n\t\t\t<!-- \/module_row -->\n\t\t\t\n<\/div>\n<!-- \/themify_builder_content -->","protected":false},"excerpt":{"rendered":"<p>Le jus de la treille Introduction &#8211; Refrain:Le jus de la treillemet la belle humeur au c\u0153ur,Pour faire des merveilles;il faut cette liqueur.ICommen\u00e7ons par boire, amis de ce jus divin, pour f\u00eater la gloire, de saint Georges, notre soutien. O Dieu ! O Dieu ! prot\u00e8ge la Compagnie,Saint Georges ! Saint Georges !daignez la soutenir. [&hellip;]<\/p>\n","protected":false},"author":1,"featured_media":0,"parent":0,"menu_order":0,"comment_status":"closed","ping_status":"closed","template":"","meta":{"footnotes":""},"class_list":["post-11259","page","type-page","status-publish","hentry"],"_links":{"self":[{"href":"https:\/\/www.arbaletriers.be\/wordpress\/wp-json\/wp\/v2\/pages\/11259"}],"collection":[{"href":"https:\/\/www.arbaletriers.be\/wordpress\/wp-json\/wp\/v2\/pages"}],"about":[{"href":"https:\/\/www.arbaletriers.be\/wordpress\/wp-json\/wp\/v2\/types\/page"}],"author":[{"embeddable":true,"href":"https:\/\/www.arbaletriers.be\/wordpress\/wp-json\/wp\/v2\/users\/1"}],"replies":[{"embeddable":true,"href":"https:\/\/www.arbaletriers.be\/wordpress\/wp-json\/wp\/v2\/comments?post=11259"}],"version-history":[{"count":1,"href":"https:\/\/www.arbaletriers.be\/wordpress\/wp-json\/wp\/v2\/pages\/11259\/revisions"}],"predecessor-version":[{"id":11260,"href":"https:\/\/www.arbaletriers.be\/wordpress\/wp-json\/wp\/v2\/pages\/11259\/revisions\/11260"}],"wp:attachment":[{"href":"https:\/\/www.arbaletriers.be\/wordpress\/wp-json\/wp\/v2\/media?parent=11259"}],"curies":[{"name":"wp","href":"https:\/\/api.w.org\/{rel}","templated":true}]}}