{"id":11261,"date":"2020-04-24T12:24:58","date_gmt":"2020-04-24T11:24:58","guid":{"rendered":"http:\/\/www.arbaletriers.be\/wordpress\/?page_id=11261"},"modified":"2024-02-21T13:43:16","modified_gmt":"2024-02-21T12:43:16","slug":"compagnie-chant-la-marche-des-jeunes-bleus","status":"publish","type":"page","link":"https:\/\/www.arbaletriers.be\/wordpress\/compagnie-chant-la-marche-des-jeunes-bleus\/","title":{"rendered":"Chant &#8211; La marche des Jeunes Bleus"},"content":{"rendered":"<div id=\"themify_builder_content-11261\" data-postid=\"11261\" class=\"themify_builder_content themify_builder_content-11261 themify_builder themify_builder_front\">\n\t\t\t\t\n\t\t\t<!-- module_row -->\n\t\t\t<div class=\"themify_builder_row module_row module_row_0 clearfix\" >\n\n\t\t\t\t<div class=\"row_inner\">\n\n\t\t\t\t\t\n\t\t\t\t\t\n\t\t\t\t\t\n\t\t\t\t\t\n\t\t\t\t\t\t\t\t<div class=\"col-full first tb-column\">\n\t\t\t\t\t\t\t\t\t\t\t\t\t\t\t\t\t\t\t\n\t\t\t\t\t\t\t\t\t\t\n<!-- module box -->\n<div id=\"box-11261-0-0-0\" class=\"module module-box box-11261-0-0-0 \">\n\t\t\n\t\t\n\t<div class=\"module-box-content ui rounded gradient default  \">\n\t\t<h2 style=\"text-align: center;\"><em><span style=\"text-decoration: underline;\">La Marche des Jeunes Bleus<\/span><\/em><\/h2>\t<\/div>\n\n\t<\/div>\n<!-- \/module box -->\n<!-- .themify_builder .box-11261-0-0-0 Style -->\n<style>\n.themify_builder .box-11261-0-0-0.module-box {\n\ttext-align: justify\n}\n<\/style>\n<!-- End .themify_builder .box-11261-0-0-0 Style -->\n\n\t\t\t\t\t\t\t\t\t\n\t\t\t\t\t\t\t\t\t\t\t\t\t\t\t\t\t<\/div>\n\t\t\t\t\t\t\t\t<!-- \/col -->\n\t\t\t\t\t\t  \n\n\t\t\t\t\t\n\t\t\t\t\t\t\t\t\t\t\n\t\t\t\t\t\t\t\t\t\n\t\t\t\t<\/div>\n\t\t\t\t<!-- \/row_inner -->\n\t\t\t<\/div>\n\t\t\t<!-- \/module_row -->\n\t\t\t\n\t\t\t\n\t\t\t<!-- module_row -->\n\t\t\t<div class=\"themify_builder_row module_row module_row_1 clearfix\" >\n\n\t\t\t\t<div class=\"row_inner\">\n\n\t\t\t\t\t\n\t\t\t\t\t\n\t\t\t\t\t\n\t\t\t\t\t\n\t\t\t\t\t\t\t\t<div class=\"col4-2 first tb-column\">\n\t\t\t\t\t\t\t\t\t\t\t\t\t\t\t\t\t\t\t\n\t\t\t\t\t\t\t\t\t\t\n<!-- module box -->\n<div id=\"box-11261-1-0-0\" class=\"module module-box box-11261-1-0-0 \">\n\t\t\n\t\t\n\t<div class=\"module-box-content ui rounded gradient default  \">\n\t\t<p style=\"text-align: center;\">Du sein des Vieux Arbal\u00e9triers<br \/>Naquit un jour, bourgeon plein de s\u00e8ve et de vie,<br \/>Une jeune et fi\u00e8re soci\u00e9t\u00e9<br \/>Les Jeunes Bleus, tous enfants de la Compagnie<br \/>C\u2019est de l\u00e0, oui que sort maintenant<br \/>L\u2019ardent et fier Arbal\u00e9trier pour la vie<br \/>Le Bleu sinc\u00e8re au c\u0153ur si noble et si vaillant<br \/>Que tous admirent en l\u2019aimant<\/p><p style=\"text-align: center;\">Gloire \u00e0 ses g\u00e9n\u00e9reux fondateurs<br \/>Ceux-l\u00e0 ont droit \u00e0 toute la reconnaissance<br \/>Des Arbal\u00e9triers. Quel bonheur<br \/>Dans la jeunesse r\u00e8gne maintenant l&rsquo;alliance<br \/>La concorde, la fraternit\u00e9,<br \/>Vertus qui toujours donnent la pr\u00e9pond\u00e9rance<br \/>A l&rsquo;illustre et glorieuse soci\u00e9t\u00e9<br \/>des \u00ab\u00a0Vieux-Arbal\u00e9triers\u00a0\u00bb !<\/p>\t<\/div>\n\n\t<\/div>\n<!-- \/module box -->\n<!-- .themify_builder .box-11261-1-0-0 Style -->\n<style>\n.themify_builder .box-11261-1-0-0.module-box {\n\ttext-align: justify\n}\n<\/style>\n<!-- End .themify_builder .box-11261-1-0-0 Style -->\n\n\t\t\t\t\t\t\t\t\t\n\t\t\t\t\t\t\t\t\t\t\t\t\t\t\t\t\t<\/div>\n\t\t\t\t\t\t\t\t<!-- \/col -->\n\t\t\t\t\t\t\n\t\t\t\t\t\t\t\t<div class=\"col4-2 last tb-column\">\n\t\t\t\t\t\t\t\t\t\t\t\t\t\t\t\t\t\t\t\n\t\t\t\t\t\t\t\t\t\t\n<!-- module box -->\n<div id=\"box-11261-1-1-0\" class=\"module module-box box-11261-1-1-0 \">\n\t\t\n\t\t\n\t<div class=\"module-box-content ui rounded gradient default  \">\n\t\t<p><img loading=\"lazy\" decoding=\"async\" class=\"wp-image-4864 aligncenter\" src=\"\/wordpress\/wp-content\/uploads\/2017\/02\/jb1.jpg\" alt=\"\" width=\"543\" height=\"407\" srcset=\"https:\/\/www.arbaletriers.be\/wordpress\/wp-content\/uploads\/2017\/02\/jb1.jpg 720w, https:\/\/www.arbaletriers.be\/wordpress\/wp-content\/uploads\/2017\/02\/jb1-300x225.jpg 300w\" sizes=\"(max-width: 543px) 100vw, 543px\" \/><\/p>\n\t<\/div>\n\n\t<\/div>\n<!-- \/module box -->\n<!-- .themify_builder .box-11261-1-1-0 Style -->\n<style>\n.themify_builder .box-11261-1-1-0.module-box {\n\ttext-align: justify\n}\n<\/style>\n<!-- End .themify_builder .box-11261-1-1-0 Style -->\n\n\t\t\t\t\t\t\t\t\t\n\t\t\t\t\t\t\t\t\t\t\t\t\t\t\t\t\t<\/div>\n\t\t\t\t\t\t\t\t<!-- \/col -->\n\t\t\t\t\t\t  \n\n\t\t\t\t\t\n\t\t\t\t\t\t\t\t\t\t\n\t\t\t\t\t\t\t\t\t\n\t\t\t\t<\/div>\n\t\t\t\t<!-- \/row_inner -->\n\t\t\t<\/div>\n\t\t\t<!-- \/module_row -->\n\t\t\t\n\t\t\t\n\t\t\t<!-- module_row -->\n\t\t\t<div class=\"themify_builder_row module_row module_row_2 clearfix\" >\n\n\t\t\t\t<div class=\"row_inner\">\n\n\t\t\t\t\t\n\t\t\t\t\t\n\t\t\t\t\t\n\t\t\t\t\t\n\t\t\t\t\t\t\t\t<div class=\"col4-2 first tb-column\">\n\t\t\t\t\t\t\t\t\t\t\t\t\t\t\t\t\t\t\t\n\t\t\t\t\t\t\t\t\t\t\n<!-- module box -->\n<div id=\"box-11261-2-0-0\" class=\"module module-box box-11261-2-0-0 \">\n\t\t\n\t\t\n\t<div class=\"module-box-content ui rounded gradient default  \">\n\t\t<p><img loading=\"lazy\" decoding=\"async\" class=\"wp-image-9215 aligncenter\" src=\"\/wordpress\/wp-content\/uploads\/2019\/04\/descente-2019-79.RAF_.p.jpg\" alt=\"\" width=\"251\" height=\"377\" srcset=\"https:\/\/www.arbaletriers.be\/wordpress\/wp-content\/uploads\/2019\/04\/descente-2019-79.RAF_.p.jpg 1255w, https:\/\/www.arbaletriers.be\/wordpress\/wp-content\/uploads\/2019\/04\/descente-2019-79.RAF_.p-200x300.jpg 200w, https:\/\/www.arbaletriers.be\/wordpress\/wp-content\/uploads\/2019\/04\/descente-2019-79.RAF_.p-768x1152.jpg 768w, https:\/\/www.arbaletriers.be\/wordpress\/wp-content\/uploads\/2019\/04\/descente-2019-79.RAF_.p-683x1024.jpg 683w\" sizes=\"(max-width: 251px) 100vw, 251px\" \/><\/p>\n\t<\/div>\n\n\t<\/div>\n<!-- \/module box -->\n<!-- .themify_builder .box-11261-2-0-0 Style -->\n<style>\n.themify_builder .box-11261-2-0-0.module-box {\n\ttext-align: justify\n}\n<\/style>\n<!-- End .themify_builder .box-11261-2-0-0 Style -->\n\n\t\t\t\t\t\t\t\t\t\n\t\t\t\t\t\t\t\t\t\t\t\t\t\t\t\t\t<\/div>\n\t\t\t\t\t\t\t\t<!-- \/col -->\n\t\t\t\t\t\t\n\t\t\t\t\t\t\t\t<div class=\"col4-2 last tb-column\">\n\t\t\t\t\t\t\t\t\t\t\t\t\t\t\t\t\t\t\t\n\t\t\t\t\t\t\t\t\t\t\n<!-- module box -->\n<div id=\"box-11261-2-1-0\" class=\"module module-box box-11261-2-1-0 \">\n\t\t\n\t\t\n\t<div class=\"module-box-content ui rounded gradient default  \">\n\t\t<p style=\"text-align: center;\">Les Jeunes Bleus font ici le serment<br \/>De travailler toujours le coeur plein d&rsquo;all\u00e9gresse<br \/>A la gloire, \u00e0 l&#8217;embelissement<br \/>De la compagnie, et vive notre jeunesse<br \/>Et vive la belle et sainte ardeur<br \/>Qui toujours nous anime et nous met en liesse<br \/>Ch\u00e8re Compagnie tu fais notre bonheur<br \/>Oh! \u00e0 toi tout notre coeur.<\/p><p style=\"text-align: center;\"><span style=\"text-decoration: underline;\"><em>Refrain.<\/em><\/span><br \/>Vaillants \u00ab\u00a0Jeunes Bleus\u00a0\u00bb<br \/>Fils de l&rsquo;immortelle<br \/>Et toujours si belle<br \/>Compagnie des Preux,<br \/>Enfants Valeureux<br \/>Ames Fraternelles<br \/>En avant toujours altiers<br \/>Fiers d&rsquo;\u00eatre Arbal\u00e9triers<br \/>Enfants de Communiers.<\/p>\t<\/div>\n\n\t<\/div>\n<!-- \/module box -->\n<!-- .themify_builder .box-11261-2-1-0 Style -->\n<style>\n.themify_builder .box-11261-2-1-0.module-box {\n\ttext-align: justify\n}\n<\/style>\n<!-- End .themify_builder .box-11261-2-1-0 Style -->\n\n\t\t\t\t\t\t\t\t\t\n\t\t\t\t\t\t\t\t\t\t\t\t\t\t\t\t\t<\/div>\n\t\t\t\t\t\t\t\t<!-- \/col -->\n\t\t\t\t\t\t  \n\n\t\t\t\t\t\n\t\t\t\t\t\t\t\t\t\t\n\t\t\t\t\t\t\t\t\t\n\t\t\t\t<\/div>\n\t\t\t\t<!-- \/row_inner -->\n\t\t\t<\/div>\n\t\t\t<!-- \/module_row -->\n\t\t\t\n<\/div>\n<!-- \/themify_builder_content -->","protected":false},"excerpt":{"rendered":"<p>La Marche des Jeunes Bleus Du sein des Vieux Arbal\u00e9triersNaquit un jour, bourgeon plein de s\u00e8ve et de vie,Une jeune et fi\u00e8re soci\u00e9t\u00e9Les Jeunes Bleus, tous enfants de la CompagnieC\u2019est de l\u00e0, oui que sort maintenantL\u2019ardent et fier Arbal\u00e9trier pour la vieLe Bleu sinc\u00e8re au c\u0153ur si noble et si vaillantQue tous admirent en l\u2019aimantGloire [&hellip;]<\/p>\n","protected":false},"author":1,"featured_media":0,"parent":0,"menu_order":0,"comment_status":"closed","ping_status":"closed","template":"","meta":{"footnotes":""},"class_list":["post-11261","page","type-page","status-publish","hentry"],"_links":{"self":[{"href":"https:\/\/www.arbaletriers.be\/wordpress\/wp-json\/wp\/v2\/pages\/11261"}],"collection":[{"href":"https:\/\/www.arbaletriers.be\/wordpress\/wp-json\/wp\/v2\/pages"}],"about":[{"href":"https:\/\/www.arbaletriers.be\/wordpress\/wp-json\/wp\/v2\/types\/page"}],"author":[{"embeddable":true,"href":"https:\/\/www.arbaletriers.be\/wordpress\/wp-json\/wp\/v2\/users\/1"}],"replies":[{"embeddable":true,"href":"https:\/\/www.arbaletriers.be\/wordpress\/wp-json\/wp\/v2\/comments?post=11261"}],"version-history":[{"count":2,"href":"https:\/\/www.arbaletriers.be\/wordpress\/wp-json\/wp\/v2\/pages\/11261\/revisions"}],"predecessor-version":[{"id":11263,"href":"https:\/\/www.arbaletriers.be\/wordpress\/wp-json\/wp\/v2\/pages\/11261\/revisions\/11263"}],"wp:attachment":[{"href":"https:\/\/www.arbaletriers.be\/wordpress\/wp-json\/wp\/v2\/media?parent=11261"}],"curies":[{"name":"wp","href":"https:\/\/api.w.org\/{rel}","templated":true}]}}