{"id":196,"date":"2013-01-25T01:51:53","date_gmt":"2013-01-25T01:51:53","guid":{"rendered":"http:\/\/themify.me\/demo\/themes\/metro\/?page_id=196"},"modified":"2025-01-08T10:10:56","modified_gmt":"2025-01-08T09:10:56","slug":"home","status":"publish","type":"page","link":"https:\/\/www.arbaletriers.be\/wordpress\/","title":{"rendered":"Home"},"content":{"rendered":"<div id=\"themify_builder_content-196\" data-postid=\"196\" class=\"themify_builder_content themify_builder_content-196 themify_builder themify_builder_front\">\n\t\t\t\t\n\t\t\t<!-- module_row -->\n\t\t\t<div class=\"themify_builder_row module_row module_row_0 clearfix\" >\n\n\t\t\t\t<div class=\"row_inner\">\n\n\t\t\t\t\t\n\t\t\t\t\t\n\t\t\t\t\t\n\t\t\t\t\t\n\t\t\t\t\t\t\t\t<div class=\"col-full first tb-column\">\n\t\t\t\t\t\t\t\t\t\t\t\t\t\t\t\t\t\t\t\n\t\t\t\t\t\t\t\t\t\t\n<!-- module image -->\n<div id=\"image-196-0-0-0\" class=\"module module-image image-196-0-0-0 rounded image-top  \">\n\t\n\t\n\t\n\t<div class=\"image-wrap\">\n\t\t\t\t\t\t\t\t\n\t\t<\/div>\n\t<!-- \/image-wrap -->\n\t\t\n\t\n\t\n\t<\/div>\n<!-- \/module image -->\n\n<!-- module box -->\n<div id=\"box-196-0-0-1\" class=\"module module-box box-196-0-0-1 \">\n\t\t\n\t\t\n\t<div class=\"module-box-content ui rounded gradient default  \">\n\t\t<div>Le <b><i>Mus\u00e9e<\/i><\/b> est <i><b>ouvert<\/b><\/i><strong><em> gratuitement <b>sur r\u00e9servation<\/b><\/em> <\/strong>le <i><b>premier dimanche<\/b><\/i>\u00a0du mois\u00a0de\u00a0<i>14h<\/i>\u00a0\u00e0\u00a0<i>18h<\/i> ainsi que sur <em><strong>demande<\/strong> au prix de 5\u20ac par personne.<\/em><\/div>\n<div align=\"center\">\n<a href=\"https:\/\/www.arbaletriers.be\/wordpress\/musee-compagnie\/\"><span style=\"color: #0000ff;\">Pour plus d&rsquo;informations<\/span><\/a><\/div>\n\t<\/div>\n\n\t<\/div>\n<!-- \/module box -->\n<!-- .themify_builder .box-196-0-0-1 Style -->\n<style>\n.themify_builder .box-196-0-0-1.module-box {\n\ttext-align: justify\n}\n<\/style>\n<!-- End .themify_builder .box-196-0-0-1 Style -->\n\n\t\t\t\t\t\t\t\t\t\n\t\t\t\t\t\t\t\t\t\t\t\t\t\t\t\t\t<\/div>\n\t\t\t\t\t\t\t\t<!-- \/col -->\n\t\t\t\t\t\t  \n\n\t\t\t\t\t\n\t\t\t\t\t\t\t\t\t\t\n\t\t\t\t\t\t\t\t\t\n\t\t\t\t<\/div>\n\t\t\t\t<!-- \/row_inner -->\n\t\t\t<\/div>\n\t\t\t<!-- \/module_row -->\n\t\t\t\n\t\t\t\n\t\t\t<!-- module_row -->\n\t\t\t<div class=\"themify_builder_row module_row module_row_1 clearfix\" >\n\n\t\t\t\t<div class=\"row_inner\">\n\n\t\t\t\t\t\n\t\t\t\t\t\n\t\t\t\t\t\n\t\t\t\t\t\n\t\t\t\t\t\t\t\t<div class=\"col-full first tb-column\">\n\t\t\t\t\t\t\t\t\t\t\t\t\t\t\t\t\t\t\t\n\t\t\t\t\t\t\t\t\t\t\n<!-- module text -->\n<div id=\"text-196-1-0-0\" class=\"module module-text text-196-1-0-0   \">\n\t\n\t\t\n\t<div class=\"loops-wrapper tile-wrapper\"><div id=\"tile-12214\" class=\"tile-post large image post-12214 tile type-tile status-publish has-post-thumbnail hentry tile-category-homepage\"><div class=\"tile-flip-wrapper\"><div class=\"tile-flip\"><div class=\"front side\"><figure class=\"post-image\"><img src='http:\/\/www.arbaletriers.be\/wordpress\/wp-content\/uploads\/2026\/03\/Manuel-Construction-dune-arbalete-326x326.png' alt='Manuel \u00ab\u00a0Construction d&rsquo;une arbal\u00e8te pour tir \u00e0 6 et 10 m\u00e8tres\u00a0\u00bb'   width='326' height='326' \/><\/figure><\/div><div class=\"tile-overlay default back side default\">\n\t\t\t\t\t\t\t\t<div class=\"tile-inner\"><a href=\"https:\/\/www.arbaletriers.be\/wordpress\/arba-shop-manuel-arbalete\/\"><span class=\"tile-title\">Manuel \u00ab\u00a0Construction d&rsquo;une arbal\u00e8te pour tir \u00e0 6 et 10 m\u00e8tres\u00a0\u00bb<\/span><div class=\"xdj266r x14z9mp xat24cr x1lziwak x1vvkbs x126k92a\">\n<h3 dir=\"auto\">Manuel \u00ab\u00a0Construction d&rsquo;une arbal\u00e8te pour tir \u00e0 6 et 10 m\u00e8tres\u00a0\u00bb<\/h3>\n<\/div>\n<div class=\"x14z9mp xat24cr x1lziwak x1vvkbs xtlvy1s x126k92a\">\n<h4 dir=\"auto\">NOUVELLE EDITION AUGMENTEE 2026<\/h4>\n<\/div>\n<div class=\"x14z9mp xat24cr x1lziwak x1vvkbs xtlvy1s x126k92a\">\n<div dir=\"auto\">Cette 2\u00e8me \u00e9dition a pour but de combler un manque par rapport \u00e0 la 1\u00e8re \u00e9dition qui ne traitait pas la question du carreau, objet indispensable \u00e0 la r\u00e9alisation du tir.<\/div>\n<div dir=\"auto\"><\/div>\n<\/div>\n<div class=\"x14z9mp xat24cr x1lziwak x1vvkbs xtlvy1s x126k92a\">\n<div dir=\"auto\">Dans le m\u00eame esprit que le reste de l&rsquo;ouvrage, le chapitre consacr\u00e9 aux carreaux n&rsquo;est pas une \u00e9tude exhaustive des projectiles lanc\u00e9s par les arbal\u00e8tes.<\/div>\n<div dir=\"auto\"><\/div>\n<\/div>\n<div class=\"x14z9mp xat24cr x1lziwak x1vvkbs xtlvy1s x126k92a\">\n<div dir=\"auto\">Nous nous concentrons sur les \u00ab\u00a0traits\u00a0\u00bb tels que fabriqu\u00e9s par nos anciens.<\/div>\n<\/div>\n<\/a><\/div><!-- \/.tile-inner --><\/div><!-- \/.tile-overlay --><\/div><!-- \/.tile-flip --><\/div><!-- \/.tile-flip-wrapper --><\/div><!-- \/.tile 12214 --><div id=\"tile-4636\" class=\"tile-post large image post-4636 tile type-tile status-publish has-post-thumbnail hentry tile-category-homepage\"><div class=\"tile-flip-wrapper\"><div class=\"tile-flip\"><div class=\"front side\"><figure class=\"post-image\"><img src='http:\/\/www.arbaletriers.be\/wordpress\/wp-content\/uploads\/2025\/12\/Arba-16401-326x326.jpg' alt='L&rsquo;Arbal\u00e9trier &#8211; Mars 2026 &#8211; 164'   width='326' height='326' \/><\/figure><\/div><div class=\"tile-overlay blue back side blue\">\n\t\t\t\t\t\t\t\t<div class=\"tile-inner\"><a href=\"https:\/\/www.arbaletriers.be\/wordpress\/larbaletrier-164\/\"><span class=\"tile-title\">L&rsquo;Arbal\u00e9trier &#8211; Mars 2026 &#8211; 164<\/span><p>L&rsquo;Arbal\u00e9trier &#8211; Mars 2026 &#8211; 164<\/p>\n<div id=\"gtx-trans\" style=\"position: absolute; left: 110px; top: 0px;\">\n<div class=\"gtx-trans-icon\"><\/div>\n<\/div>\n<\/a><\/div><!-- \/.tile-inner --><\/div><!-- \/.tile-overlay --><\/div><!-- \/.tile-flip --><\/div><!-- \/.tile-flip-wrapper --><\/div><!-- \/.tile 4636 --><div id=\"tile-5008\" class=\"tile-post large image post-5008 tile type-tile status-publish has-post-thumbnail hentry tile-category-homepage\"><div class=\"tile-flip-wrapper\"><div class=\"tile-flip\"><div class=\"front side\"><figure class=\"post-image\"><img src='http:\/\/www.arbaletriers.be\/wordpress\/wp-content\/uploads\/2025\/03\/0901-326x326.jpg' alt='Le Balestrin'   width='326' height='326' \/><\/figure><\/div><div class=\"tile-overlay default back side default\">\n\t\t\t\t\t\t\t\t<div class=\"tile-inner\"><a href=\"http:\/\/www.arbaletriers.be\/wordpress\/le-balestrin-09\/\"><span class=\"tile-title\">Le Balestrin<\/span><p>Le Conseil du Mus\u00e9e est fier de vous pr\u00e9senter le neuvi\u00e8me num\u00e9ro de sa revue annuelle:<\/p>\n<p>\u00ab\u00a0Le Balestrin\u00a0\u00bb<\/p>\n<p>Vous pouvez la trouver chez Vis\u00e9Flor au prix de 8\u20ac.<\/p>\n<p>Vous pouvez \u00e9galement envoyer un mail \u00e0 musee@arbaletriers.be.<\/p>\n<\/a><\/div><!-- \/.tile-inner --><\/div><!-- \/.tile-overlay --><\/div><!-- \/.tile-flip --><\/div><!-- \/.tile-flip-wrapper --><\/div><!-- \/.tile 5008 --><div id=\"tile-2834\" class=\"tile-post large image post-2834 tile type-tile status-publish has-post-thumbnail hentry tile-category-homepage\"><div class=\"tile-flip-wrapper\"><div class=\"tile-flip\"><div class=\"front side\"><figure class=\"post-image\"><img src='http:\/\/www.arbaletriers.be\/wordpress\/wp-content\/uploads\/2026\/04\/Invitation-Fete-dete-20260-326x326.jpg' alt='Agenda'   width='326' height='326' \/><\/figure><\/div><div class=\"tile-overlay blue back side blue\">\n\t\t\t\t\t\t\t\t<div class=\"tile-inner\"><a href=\"https:\/\/www.arbaletriers.be\/wordpress\/fete-davril-2026\/\"><span class=\"tile-title\">Agenda<\/span><p>Agenda<\/p>\n<\/a><\/div><!-- \/.tile-inner --><\/div><!-- \/.tile-overlay --><\/div><!-- \/.tile-flip --><\/div><!-- \/.tile-flip-wrapper --><\/div><!-- \/.tile 2834 --><div id=\"tile-11770\" class=\"tile-post large image post-11770 tile type-tile status-publish has-post-thumbnail hentry tile-category-homepage\"><div class=\"tile-flip-wrapper\"><div class=\"tile-flip\"><div class=\"front side\"><figure class=\"post-image\"><img src='http:\/\/www.arbaletriers.be\/wordpress\/wp-content\/uploads\/2023\/02\/prochaines-Fetes-326x326.jpg' alt='Prochaines F\u00eates'   width='326' height='326' \/><\/figure><\/div><div class=\"tile-overlay blue back side blue\">\n\t\t\t\t\t\t\t\t<div class=\"tile-inner\"><a href=\"http:\/\/www.arbaletriers.be\/wordpress\/prochaines-fetes\/\"><span class=\"tile-title\">Prochaines F\u00eates<\/span><p><span style=\"text-decoration: underline;\"><strong>Prochaines F\u00eates<\/strong><\/span><\/p>\n<p>La <em>f\u00eate de la Saint-Georges<\/em>\u00a0se d\u00e9roulera le<strong> dimanche 26 avril 2026.<\/strong><\/p>\n<p>La\u00a0<em>f\u00eate d\u2019Et\u00e9<\/em>\u00a0se d\u00e9roulera le\u00a0<strong>dimanche 9 ao\u00fbt 2026.<\/strong><\/p>\n<\/a><\/div><!-- \/.tile-inner --><\/div><!-- \/.tile-overlay --><\/div><!-- \/.tile-flip --><\/div><!-- \/.tile-flip-wrapper --><\/div><!-- \/.tile 11770 --><div id=\"tile-4664\" class=\"tile-post large default gallery post-4664 tile type-tile status-publish hentry tile-category-homepage\"><div id=\"tile-slider-4664-1\" class=\"post-image slideshow-wrap\">\n\t\t\t\t\t\t\t\t\t\t\t<ul class=\"slideshow\" data-id=\"tile-slider-4664-1\" data-autoplay=\"4000\" data-effect=\"slide\" data-speed=\"1000\"><li><a href=\"http:\/\/www.arbaletriers.be\/wordpress\/locations\/\" ><img src='https:\/\/www.arbaletriers.be\/wordpress\/wp-content\/uploads\/2016\/12\/DSF7362-1024x683-326x326.jpg' alt='Locations de Salle'   width='326' height='326' \/><\/a><\/li><li><a href=\"http:\/\/www.arbaletriers.be\/wordpress\/locations\/\" ><img src='https:\/\/www.arbaletriers.be\/wordpress\/wp-content\/uploads\/2016\/12\/DSF7359-1024x683-326x326.jpg' alt='Locations de Salle'   width='326' height='326' \/><\/a><\/li><li><a href=\"http:\/\/www.arbaletriers.be\/wordpress\/locations\/\" ><img src='https:\/\/www.arbaletriers.be\/wordpress\/wp-content\/uploads\/2016\/12\/DSF7355-1024x644-326x326.jpg' alt='Locations de Salle'   width='326' height='326' \/><\/a><\/li><li><a href=\"http:\/\/www.arbaletriers.be\/wordpress\/locations\/\" ><img src='https:\/\/www.arbaletriers.be\/wordpress\/wp-content\/uploads\/2016\/12\/DSF7352-1024x662-326x326.jpg' alt='Locations de Salle'   width='326' height='326' \/><\/a><\/li><li><a href=\"http:\/\/www.arbaletriers.be\/wordpress\/locations\/\" ><img src='https:\/\/www.arbaletriers.be\/wordpress\/wp-content\/uploads\/2016\/12\/DSF7350-1024x683-326x326.jpg' alt='Locations de Salle'   width='326' height='326' \/><\/a><\/li><li><a href=\"http:\/\/www.arbaletriers.be\/wordpress\/locations\/\" ><img src='https:\/\/www.arbaletriers.be\/wordpress\/wp-content\/uploads\/2016\/12\/DSF7345-1024x337-326x326.jpg' alt='Locations de Salle'   width='326' height='326' \/><\/a><\/li><li><a href=\"http:\/\/www.arbaletriers.be\/wordpress\/locations\/\" ><img src='https:\/\/www.arbaletriers.be\/wordpress\/wp-content\/uploads\/2016\/12\/DSF7342-1024x683-326x326.jpg' alt='Locations de Salle'   width='326' height='326' \/><\/a><\/li><li><a href=\"http:\/\/www.arbaletriers.be\/wordpress\/locations\/\" ><img src='https:\/\/www.arbaletriers.be\/wordpress\/wp-content\/uploads\/2016\/12\/DSF7327-1024x683-326x326.jpg' alt='Locations de Salle'   width='326' height='326' \/><\/a><\/li><li><a href=\"http:\/\/www.arbaletriers.be\/wordpress\/locations\/\" ><img src='https:\/\/www.arbaletriers.be\/wordpress\/wp-content\/uploads\/2016\/12\/DSF7324-1024x230-326x326.jpg' alt='Locations de Salle'   width='326' height='326' \/><\/a><\/li><\/ul><\/div><\/div><!-- \/.tile 4664 --><div id=\"tile-3230\" class=\"tile-post large image post-3230 tile type-tile status-publish has-post-thumbnail hentry tile-category-homepage\"><div class=\"tile-flip-wrapper\"><div class=\"tile-flip\"><div class=\"front side\"><figure class=\"post-image\"><img src='http:\/\/www.arbaletriers.be\/wordpress\/wp-content\/uploads\/2016\/08\/banni\u00e8res-004-326x326.jpg' alt='Histoire'   width='326' height='326' \/><\/figure><\/div><div class=\"tile-overlay orange back side orange\">\n\t\t\t\t\t\t\t\t<div class=\"tile-inner\"><a href=\"http:\/\/www.arbaletriers.be\/wordpress\/histoire\/\"><span class=\"tile-title\">Histoire<\/span><p>Histoire de la Compagnie<\/p>\n<\/a><\/div><!-- \/.tile-inner --><\/div><!-- \/.tile-overlay --><\/div><!-- \/.tile-flip --><\/div><!-- \/.tile-flip-wrapper --><\/div><!-- \/.tile 3230 --><div id=\"tile-2878\" class=\"tile-post medium image post-2878 tile type-tile status-publish has-post-thumbnail hentry tile-category-homepage\"><div class=\"tile-flip-wrapper\"><div class=\"tile-flip\"><div class=\"front side\"><figure class=\"post-image\"><img src='http:\/\/www.arbaletriers.be\/wordpress\/wp-content\/uploads\/2015\/02\/portedrapeau1-326x158.jpg' alt='Cort\u00e8ge'   width='326' height='158' \/><\/figure><\/div><div class=\"tile-overlay green back side green\">\n\t\t\t\t\t\t\t\t<div class=\"tile-inner\"><a href=\"http:\/\/www.arbaletriers.be\/wordpress\/compagnie-cortege\/\"><span class=\"tile-title\">Cort\u00e8ge<\/span><p>Le Cort\u00e8ge<\/p>\n<\/a><\/div><!-- \/.tile-inner --><\/div><!-- \/.tile-overlay --><\/div><!-- \/.tile-flip --><\/div><!-- \/.tile-flip-wrapper --><\/div><!-- \/.tile 2878 --><div id=\"tile-2877\" class=\"tile-post large image post-2877 tile type-tile status-publish has-post-thumbnail hentry tile-category-homepage\"><div class=\"tile-flip-wrapper\"><div class=\"tile-flip\"><div class=\"front side\"><figure class=\"post-image\"><img src='http:\/\/www.arbaletriers.be\/wordpress\/wp-content\/uploads\/2015\/02\/st-georges-020-326x326.jpg' alt='Saint-Georges'   width='326' height='326' \/><\/figure><\/div><div class=\"tile-overlay default back side default\">\n\t\t\t\t\t\t\t\t<div class=\"tile-inner\"><a href=\"http:\/\/www.arbaletriers.be\/wordpress\/saint-georges\/\"><span class=\"tile-title\">Saint-Georges<\/span><p>Saint-Georges<\/p>\n<\/a><\/div><!-- \/.tile-inner --><\/div><!-- \/.tile-overlay --><\/div><!-- \/.tile-flip --><\/div><!-- \/.tile-flip-wrapper --><\/div><!-- \/.tile 2877 --><\/div><!-- .tile-wrapper -->\n\n\t<\/div>\n<!-- \/module text -->\n\t\t\t\t\t\t\t\t\t\n\t\t\t\t\t\t\t\t\t\t\t\t\t\t\t\t\t<\/div>\n\t\t\t\t\t\t\t\t<!-- \/col -->\n\t\t\t\t\t\t  \n\n\t\t\t\t\t\n\t\t\t\t\t\t\t\t\t\t\n\t\t\t\t\t\t\t\t\t\n\t\t\t\t<\/div>\n\t\t\t\t<!-- \/row_inner -->\n\t\t\t<\/div>\n\t\t\t<!-- \/module_row -->\n\t\t\t\n<\/div>\n<!-- \/themify_builder_content -->","protected":false},"excerpt":{"rendered":"","protected":false},"author":1,"featured_media":0,"parent":0,"menu_order":0,"comment_status":"closed","ping_status":"closed","template":"","meta":{"footnotes":""},"class_list":["post-196","page","type-page","status-publish","hentry"],"_links":{"self":[{"href":"https:\/\/www.arbaletriers.be\/wordpress\/wp-json\/wp\/v2\/pages\/196"}],"collection":[{"href":"https:\/\/www.arbaletriers.be\/wordpress\/wp-json\/wp\/v2\/pages"}],"about":[{"href":"https:\/\/www.arbaletriers.be\/wordpress\/wp-json\/wp\/v2\/types\/page"}],"author":[{"embeddable":true,"href":"https:\/\/www.arbaletriers.be\/wordpress\/wp-json\/wp\/v2\/users\/1"}],"replies":[{"embeddable":true,"href":"https:\/\/www.arbaletriers.be\/wordpress\/wp-json\/wp\/v2\/comments?post=196"}],"version-history":[{"count":1,"href":"https:\/\/www.arbaletriers.be\/wordpress\/wp-json\/wp\/v2\/pages\/196\/revisions"}],"predecessor-version":[{"id":11196,"href":"https:\/\/www.arbaletriers.be\/wordpress\/wp-json\/wp\/v2\/pages\/196\/revisions\/11196"}],"wp:attachment":[{"href":"https:\/\/www.arbaletriers.be\/wordpress\/wp-json\/wp\/v2\/media?parent=196"}],"curies":[{"name":"wp","href":"https:\/\/api.w.org\/{rel}","templated":true}]}}