{"id":2627,"date":"2015-02-14T13:10:54","date_gmt":"2015-02-14T12:10:54","guid":{"rendered":"http:\/\/www.arbaletriers.be\/wordpress\/?page_id=2627"},"modified":"2024-02-19T15:25:07","modified_gmt":"2024-02-19T14:25:07","slug":"histoire","status":"publish","type":"page","link":"https:\/\/www.arbaletriers.be\/wordpress\/histoire\/","title":{"rendered":"Histoire"},"content":{"rendered":"<div id=\"themify_builder_content-2627\" data-postid=\"2627\" class=\"themify_builder_content themify_builder_content-2627 themify_builder themify_builder_front\">\n\t\t\t\t\n\t\t\t<!-- module_row -->\n\t\t\t<div class=\"themify_builder_row module_row module_row_0 clearfix\" >\n\n\t\t\t\t<div class=\"row_inner\">\n\n\t\t\t\t\t\n\t\t\t\t\t\n\t\t\t\t\t\n\t\t\t\t\t\n\t\t\t\t\t\t\t\t<div class=\"col4-1 first tb-column\">\n\t\t\t\t\t\t\t\t\t\t\t\t\t\t\t\t\t\t\t\n\t\t\t\t\t\t\t\t\t\t\n<!-- module box -->\n<div id=\"box-2627-0-0-0\" class=\"module module-box box-2627-0-0-0 \">\n\t\t<h3 class=\"module-title\">Origines<\/h3>\n\t\t\n\t\t\n\t<div class=\"module-box-content ui rounded gradient default  \">\n\t\t<p><a href=\"\/wordpress\/histoire-origines\/\"><img loading=\"lazy\" decoding=\"async\" class=\" aligncenter\" src=\"\/wordpress\/wp-content\/uploads\/2014\/10\/big-marche-276x300.jpg\" alt=\"big-marche\" width=\"138\" height=\"150\" \/><\/a><\/p>\n\t<\/div>\n\n\t<\/div>\n<!-- \/module box -->\n\t\t\t\t\t\t\t\t\t\n\t\t\t\t\t\t\t\t\t\t\t\t\t\t\t\t\t<\/div>\n\t\t\t\t\t\t\t\t<!-- \/col -->\n\t\t\t\t\t\t\n\t\t\t\t\t\t\t\t<div class=\"col4-1 second tb-column\">\n\t\t\t\t\t\t\t\t\t\t\t\t\t\t\t\t\t\t\t\n\t\t\t\t\t\t\t\t\t\t\n<!-- module box -->\n<div id=\"box-2627-0-1-0\" class=\"module module-box box-2627-0-1-0 \">\n\t\t<h3 class=\"module-title\">Moyen-Age<\/h3>\n\t\t\n\t\t\n\t<div class=\"module-box-content ui rounded gradient default  \">\n\t\t<p><a href=\"\/wordpress\/histoire-moyen-age\/\"><img loading=\"lazy\" decoding=\"async\" class=\"aligncenter\" src=\"\/photos\/small-phototir.jpg\" alt=\"bataille2\" width=\"106\" height=\"150\" \/><\/a><\/p>\n\t<\/div>\n\n\t<\/div>\n<!-- \/module box -->\n\t\t\t\t\t\t\t\t\t\n\t\t\t\t\t\t\t\t\t\t\t\t\t\t\t\t\t<\/div>\n\t\t\t\t\t\t\t\t<!-- \/col -->\n\t\t\t\t\t\t\n\t\t\t\t\t\t\t\t<div class=\"col4-1 third tb-column\">\n\t\t\t\t\t\t\t\t\t\t\t\t\t\t\t\t\t\t\t\n\t\t\t\t\t\t\t\t\t\t\n<!-- module box -->\n<div id=\"box-2627-0-2-0\" class=\"module module-box box-2627-0-2-0 \">\n\t\t<h3 class=\"module-title\">17eme<\/h3>\n\t\t\n\t\t\n\t<div class=\"module-box-content ui rounded gradient default  \">\n\t\t<p><a href=\"\/wordpress\/histoire-17eme\/\"><img loading=\"lazy\" decoding=\"async\" class=\" aligncenter\" src=\"\/wordpress\/wp-content\/uploads\/2014\/10\/ernest.gif\" alt=\"\" width=\"107\" height=\"150\" \/><\/a><\/p>\n\t<\/div>\n\n\t<\/div>\n<!-- \/module box -->\n\t\t\t\t\t\t\t\t\t\n\t\t\t\t\t\t\t\t\t\t\t\t\t\t\t\t\t<\/div>\n\t\t\t\t\t\t\t\t<!-- \/col -->\n\t\t\t\t\t\t\n\t\t\t\t\t\t\t\t<div class=\"col4-1 last tb-column\">\n\t\t\t\t\t\t\t\t\t\t\t\t\t\t\t\t\t\t\t\n\t\t\t\t\t\t\t\t\t\t\n<!-- module box -->\n<div id=\"box-2627-0-3-0\" class=\"module module-box box-2627-0-3-0 \">\n\t\t<h3 class=\"module-title\">18EME<\/h3>\n\t\t\n\t\t\n\t<div class=\"module-box-content ui rounded gradient default  \">\n\t\t<p><a href=\"\/wordpress\/histoire-18eme\/\"><img loading=\"lazy\" decoding=\"async\" class=\" aligncenter\" src=\"\/wordpress\/wp-content\/uploads\/2014\/10\/tableau.jpg\" alt=\"\" width=\"156\" height=\"150\" \/><\/a><\/p>\n\t<\/div>\n\n\t<\/div>\n<!-- \/module box -->\n\t\t\t\t\t\t\t\t\t\n\t\t\t\t\t\t\t\t\t\t\t\t\t\t\t\t\t<\/div>\n\t\t\t\t\t\t\t\t<!-- \/col -->\n\t\t\t\t\t\t  \n\n\t\t\t\t\t\n\t\t\t\t\t\t\t\t\t\t\n\t\t\t\t\t\t\t\t\t\n\t\t\t\t<\/div>\n\t\t\t\t<!-- \/row_inner -->\n\t\t\t<\/div>\n\t\t\t<!-- \/module_row -->\n\t\t\t\n\t\t\t\n\t\t\t<!-- module_row -->\n\t\t\t<div class=\"themify_builder_row module_row module_row_1 clearfix\" >\n\n\t\t\t\t<div class=\"row_inner\">\n\n\t\t\t\t\t\n\t\t\t\t\t\n\t\t\t\t\t\n\t\t\t\t\t\n\t\t\t\t\t\t\t\t<div class=\"col4-1 first tb-column\">\n\t\t\t\t\t\t\t\t\t\t\t\t\t\t\t\t\t\t\t\n\t\t\t\t\t\t\t\t\t\t\n<!-- module box -->\n<div id=\"box-2627-1-0-0\" class=\"module module-box box-2627-1-0-0 \">\n\t\t<h3 class=\"module-title\">Collier<\/h3>\n\t\t\n\t\t\n\t<div class=\"module-box-content ui rounded gradient default  \">\n\t\t<p><a href=\"\/wordpress\/histoire-collier\/\"><img loading=\"lazy\" decoding=\"async\" class=\" aligncenter\" src=\"\/photos\/loiseau.jpg\" alt=\"\" width=\"156\" height=\"150\" \/><\/a><\/p>\n\t<\/div>\n\n\t<\/div>\n<!-- \/module box -->\n\t\t\t\t\t\t\t\t\t\n\t\t\t\t\t\t\t\t\t\t\t\t\t\t\t\t\t<\/div>\n\t\t\t\t\t\t\t\t<!-- \/col -->\n\t\t\t\t\t\t\n\t\t\t\t\t\t\t\t<div class=\"col4-1 second tb-column\">\n\t\t\t\t\t\t\t\t\t\t\t\t\t\t\t\t\t\t\t\n\t\t\t\t\t\t\t\t\t\t\n<!-- module box -->\n<div id=\"box-2627-1-1-0\" class=\"module module-box box-2627-1-1-0 \">\n\t\t<h3 class=\"module-title\">19eme<\/h3>\n\t\t\n\t\t\n\t<div class=\"module-box-content ui rounded gradient default  \">\n\t\t<p><a href=\"\/wordpress\/histoire-19eme\/\"><img loading=\"lazy\" decoding=\"async\" class=\" aligncenter\" src=\"\/photos\/drapeau3.jpg\" alt=\"Histoire 19\u00e8me si\u00e8cle\" width=\"88\" height=\"150\" \/><\/a><\/p>\n\t<\/div>\n\n\t<\/div>\n<!-- \/module box -->\n\t\t\t\t\t\t\t\t\t\n\t\t\t\t\t\t\t\t\t\t\t\t\t\t\t\t\t<\/div>\n\t\t\t\t\t\t\t\t<!-- \/col -->\n\t\t\t\t\t\t\n\t\t\t\t\t\t\t\t<div class=\"col4-1 third tb-column\">\n\t\t\t\t\t\t\t\t\t\t\t\t\t\t\t\t\t\t\t\n\t\t\t\t\t\t\t\t\t\t\n<!-- module box -->\n<div id=\"box-2627-1-2-0\" class=\"module module-box box-2627-1-2-0 \">\n\t\t<h3 class=\"module-title\">20eme <\/h3>\n\t\t\n\t\t\n\t<div class=\"module-box-content ui rounded gradient default  \">\n\t\t<p><a href=\"\/wordpress\/histoire-20eme\/\"><img loading=\"lazy\" decoding=\"async\" class=\"aligncenter\" src=\"\/photos\/small-ass2.jpg\" alt=\"\" width=\"147\" height=\"150\" \/><\/a><\/p>\n\t<\/div>\n\n\t<\/div>\n<!-- \/module box -->\n\t\t\t\t\t\t\t\t\t\n\t\t\t\t\t\t\t\t\t\t\t\t\t\t\t\t\t<\/div>\n\t\t\t\t\t\t\t\t<!-- \/col -->\n\t\t\t\t\t\t\n\t\t\t\t\t\t\t\t<div class=\"col4-1 last tb-column\">\n\t\t\t\t\t\t\t\t\t\t\t\t\t\t\t\t\t\t\t\n\t\t\t\t\t\t\t\t\t\t\n<!-- module box -->\n<div id=\"box-2627-1-3-0\" class=\"module module-box box-2627-1-3-0 \">\n\t\t<h3 class=\"module-title\">De 2001 \u00e0 2010<\/h3>\n\t\t\n\t\t\n\t<div class=\"module-box-content ui rounded gradient default  \">\n\t\t<p><a href=\"\/wordpress\/histoire-21eme\/\"><img loading=\"lazy\" decoding=\"async\" class=\" aligncenter\" src=\"\/images\/sp01.jpg\" alt=\"\" width=\"107\" height=\"150\" \/><\/a><\/p>\n\t<\/div>\n\n\t<\/div>\n<!-- \/module box -->\n\t\t\t\t\t\t\t\t\t\n\t\t\t\t\t\t\t\t\t\t\t\t\t\t\t\t\t<\/div>\n\t\t\t\t\t\t\t\t<!-- \/col -->\n\t\t\t\t\t\t  \n\n\t\t\t\t\t\n\t\t\t\t\t\t\t\t\t\t\n\t\t\t\t\t\t\t\t\t\n\t\t\t\t<\/div>\n\t\t\t\t<!-- \/row_inner -->\n\t\t\t<\/div>\n\t\t\t<!-- \/module_row -->\n\t\t\t\n\t\t\t\n\t\t\t<!-- module_row -->\n\t\t\t<div class=\"themify_builder_row module_row module_row_2 clearfix\" >\n\n\t\t\t\t<div class=\"row_inner\">\n\n\t\t\t\t\t\n\t\t\t\t\t\n\t\t\t\t\t\n\t\t\t\t\t\n\t\t\t\t\t\t\t\t<div class=\"col4-1 first tb-column\">\n\t\t\t\t\t\t\t\t\t\t\t\t\t\t\t\t\t\t\t\n\t\t\t\t\t\t\t\t\t\t\n<!-- module box -->\n<div id=\"box-2627-2-0-0\" class=\"module module-box box-2627-2-0-0 \">\n\t\t<h3 class=\"module-title\">Les F\u00eates de 2010<\/h3>\n\t\t\n\t\t\n\t<div class=\"module-box-content ui rounded gradient default  \">\n\t\t<p><a href=\"\/wordpress\/histoire-2010\/\"><img loading=\"lazy\" decoding=\"async\" class=\" aligncenter\" src=\"\/wordpress\/wp-content\/uploads\/2016\/05\/700eme3.jpg\" alt=\"\" width=\"107\" height=\"150\" \/><\/a><\/p>\n\t<\/div>\n\n\t<\/div>\n<!-- \/module box -->\n\t\t\t\t\t\t\t\t\t\n\t\t\t\t\t\t\t\t\t\t\t\t\t\t\t\t\t<\/div>\n\t\t\t\t\t\t\t\t<!-- \/col -->\n\t\t\t\t\t\t\n\t\t\t\t\t\t\t\t<div class=\"col4-1 second tb-column\">\n\t\t\t\t\t\t\t\t\t\t\t\t\t\t\t\t\t\t\t\n\t\t\t\t\t\t\t\t\t\t\n<!-- module box -->\n<div id=\"box-2627-2-1-0\" class=\"module module-box box-2627-2-1-0 \">\n\t\t<h3 class=\"module-title\">De 2011 \u00e0 2019<\/h3>\n\t\t\n\t\t\n\t<div class=\"module-box-content ui rounded gradient default  \">\n\t\t<p><a href=\"\/wordpress\/histoire-2011-a-2019\/\"><img loading=\"lazy\" decoding=\"async\" class=\" aligncenter\" src=\"\/wordpress\/wp-content\/uploads\/2016\/05\/livre.jpg\" alt=\"\" width=\"107\" height=\"150\" \/><\/a><\/p>\n\t<\/div>\n\n\t<\/div>\n<!-- \/module box -->\n\t\t\t\t\t\t\t\t\t\n\t\t\t\t\t\t\t\t\t\t\t\t\t\t\t\t\t<\/div>\n\t\t\t\t\t\t\t\t<!-- \/col -->\n\t\t\t\t\t\t\n\t\t\t\t\t\t\t\t<div class=\"col4-1 third tb-column\">\n\t\t\t\t\t\t\t\t\t\t\t\t\t\t\t\t\t\t\t\n\t\t\t\t\t\t\t\t\t\t\n<!-- module box -->\n<div id=\"box-2627-2-2-0\" class=\"module module-box box-2627-2-2-0 \">\n\t\t<h3 class=\"module-title\">De 2020 \u00e0 aujourd'hui<\/h3>\n\t\t\n\t\t\n\t<div class=\"module-box-content ui rounded gradient default  \">\n\t\t<p><a href=\"\/wordpress\/histoire-2020-a-aujourdhui\/\"><img loading=\"lazy\" decoding=\"async\" class=\" aligncenter\" src=\"\/wordpress\/wp-content\/uploads\/2020\/03\/Balestrin20201.jpg\" alt=\"\" width=\"107\" height=\"150\" \/><\/a><\/p>\n\t<\/div>\n\n\t<\/div>\n<!-- \/module box -->\n\t\t\t\t\t\t\t\t\t\n\t\t\t\t\t\t\t\t\t\t\t\t\t\t\t\t\t<\/div>\n\t\t\t\t\t\t\t\t<!-- \/col -->\n\t\t\t\t\t\t\n\t\t\t\t\t\t\t\t<div class=\"col4-1 last tb-column\">\n\t\t\t\t\t\t\t\t\t\t\t\t\t\t\t\t\t\t\t\n\t\t\t\t\t\t\t\t\t\t&nbsp;\t\t\t\t\t\t\t\t\t\n\t\t\t\t\t\t\t\t\t\t\t\t\t\t\t\t\t<\/div>\n\t\t\t\t\t\t\t\t<!-- \/col -->\n\t\t\t\t\t\t  \n\n\t\t\t\t\t\n\t\t\t\t\t\t\t\t\t\t\n\t\t\t\t\t\t\t\t\t\n\t\t\t\t<\/div>\n\t\t\t\t<!-- \/row_inner -->\n\t\t\t<\/div>\n\t\t\t<!-- \/module_row -->\n\t\t\t\n<\/div>\n<!-- \/themify_builder_content -->","protected":false},"excerpt":{"rendered":"<p>Origines Moyen-Age 17eme 18EME Collier 19eme 20eme De 2001 \u00e0 2010 Les F\u00eates de 2010 De 2011 \u00e0 2019 De 2020 \u00e0 aujourd&rsquo;hui &nbsp;<\/p>\n","protected":false},"author":1,"featured_media":0,"parent":0,"menu_order":0,"comment_status":"closed","ping_status":"closed","template":"","meta":{"footnotes":""},"class_list":["post-2627","page","type-page","status-publish","hentry"],"_links":{"self":[{"href":"https:\/\/www.arbaletriers.be\/wordpress\/wp-json\/wp\/v2\/pages\/2627"}],"collection":[{"href":"https:\/\/www.arbaletriers.be\/wordpress\/wp-json\/wp\/v2\/pages"}],"about":[{"href":"https:\/\/www.arbaletriers.be\/wordpress\/wp-json\/wp\/v2\/types\/page"}],"author":[{"embeddable":true,"href":"https:\/\/www.arbaletriers.be\/wordpress\/wp-json\/wp\/v2\/users\/1"}],"replies":[{"embeddable":true,"href":"https:\/\/www.arbaletriers.be\/wordpress\/wp-json\/wp\/v2\/comments?post=2627"}],"version-history":[{"count":1,"href":"https:\/\/www.arbaletriers.be\/wordpress\/wp-json\/wp\/v2\/pages\/2627\/revisions"}],"predecessor-version":[{"id":11894,"href":"https:\/\/www.arbaletriers.be\/wordpress\/wp-json\/wp\/v2\/pages\/2627\/revisions\/11894"}],"wp:attachment":[{"href":"https:\/\/www.arbaletriers.be\/wordpress\/wp-json\/wp\/v2\/media?parent=2627"}],"curies":[{"name":"wp","href":"https:\/\/api.w.org\/{rel}","templated":true}]}}