{"id":2635,"date":"2015-02-14T13:13:42","date_gmt":"2015-02-14T12:13:42","guid":{"rendered":"http:\/\/www.arbaletriers.be\/wordpress\/?page_id=2635"},"modified":"2024-02-19T15:47:35","modified_gmt":"2024-02-19T14:47:35","slug":"histoire-collier","status":"publish","type":"page","link":"https:\/\/www.arbaletriers.be\/wordpress\/histoire-collier\/","title":{"rendered":"Histoire du Collier"},"content":{"rendered":"<div id=\"themify_builder_content-2635\" data-postid=\"2635\" class=\"themify_builder_content themify_builder_content-2635 themify_builder themify_builder_front\">\n\t\t\t\t\n\t\t\t<!-- module_row -->\n\t\t\t<div class=\"themify_builder_row module_row module_row_0 clearfix\" >\n\n\t\t\t\t<div class=\"row_inner\">\n\n\t\t\t\t\t\n\t\t\t\t\t\n\t\t\t\t\t\n\t\t\t\t\t\n\t\t\t\t\t\t\t\t<div class=\"col-full first tb-column\">\n\t\t\t\t\t\t\t\t\t\t\t\t\t\t\t\t\t\t\t\n\t\t\t\t\t\t\t\t\t\t\n<!-- module box -->\n<div id=\"box-2635-0-0-0\" class=\"module module-box box-2635-0-0-0 \">\n\t\t\n\t\t\n\t<div class=\"module-box-content ui rounded gradient default  \">\n\t\t<p style=\"text-align: center;\"><span style=\"text-decoration: underline;\"><strong>Le collier ou \u00ab\u00a0Garlande\u00a0\u00bb<\/strong><\/span><\/p>\t<\/div>\n\n\t<\/div>\n<!-- \/module box -->\n<!-- .themify_builder .box-2635-0-0-0 Style -->\n<style>\n.themify_builder .box-2635-0-0-0.module-box {\n\ttext-align: justify\n}\n<\/style>\n<!-- End .themify_builder .box-2635-0-0-0 Style -->\n\n\t\t\t\t\t\t\t\t\t\n\t\t\t\t\t\t\t\t\t\t\t\t\t\t\t\t\t<\/div>\n\t\t\t\t\t\t\t\t<!-- \/col -->\n\t\t\t\t\t\t  \n\n\t\t\t\t\t\n\t\t\t\t\t\t\t\t\t\t\n\t\t\t\t\t\t\t\t\t\n\t\t\t\t<\/div>\n\t\t\t\t<!-- \/row_inner -->\n\t\t\t<\/div>\n\t\t\t<!-- \/module_row -->\n\t\t\t\n\t\t\t\n\t\t\t<!-- module_row -->\n\t\t\t<div class=\"themify_builder_row module_row module_row_1 clearfix\" >\n\n\t\t\t\t<div class=\"row_inner\">\n\n\t\t\t\t\t\n\t\t\t\t\t\n\t\t\t\t\t\n\t\t\t\t\t\n\t\t\t\t\t\t\t\t<div class=\"col-full first tb-column\">\n\t\t\t\t\t\t\t\t\t\t\t\t\t\t\t\t\t\t\t\n\t\t\t\t\t\t\t\t\t\t\n<!-- module box -->\n<div id=\"box-2635-1-0-0\" class=\"module module-box box-2635-1-0-0 \">\n\t\t\n\t\t\n\t<div class=\"module-box-content ui rounded gradient default  \">\n\t\t<p>La compagnie a eu le bonheur de conserver intact cet important objet qui fait l\u2019admiration des antiquaires.<\/p><p>Il se compose de quinze placards (m\u00e9dailles) en argent de 8 \u00e0 9 centim\u00e8tres de diam\u00e8tre,<br \/> reli\u00e9s par des cha\u00eenons de m\u00eame m\u00e9tal et auxquels est suspendu un oiseau portant dans son bec une arbal\u00e8te. Les placards (m\u00e9dailles) sont cisel\u00e9s et portent des armoiries avec inscription des donataires.<\/p><p>Six d\u2019entre-eux sont enti\u00e8rement semblables et portent, au milieu, une arbal\u00e8te avec l\u2019inscription au pourtour : \u00ab La compagnie des Arbal\u00e9triers sur Meuse anno 1585 \u00bb ; le 7\u00e8me placard porte un \u00e9cusson surmont\u00e9 d\u2019un casque, avec la date 1603 et comme l\u00e9gende : \u00ab Noble L\u00e9onard Martin jadis burghemre et capitaine de la Compagnie des Arbal\u00e9triers de Vis\u00e9 \u00bb ; le 8\u00e8me m\u00e9daillon, un \u00e9cusson et l\u2019inscription : \u00ab Noble et g\u00e9n\u00e9reux seigneur Alexandre Reiworth dit de Pelouzy, capitaine d\u2019une compagnie franche bas allemans pour le service de sa Majest\u00e9 catholique \u00bb ; le 9\u00e8me un \u00e9cusson avec la date de 1612 et comme l\u00e9gende : \u00ab Mathi de Barchon, dit Pollen, roi de la Compagnie des Arbal\u00e9trier de Wis\u00e9 \u00bb ; le 10\u00e8me un \u00e9cusson et l\u2019inscription.<\/p>\t<\/div>\n\n\t<\/div>\n<!-- \/module box -->\n<!-- .themify_builder .box-2635-1-0-0 Style -->\n<style>\n.themify_builder .box-2635-1-0-0.module-box {\n\ttext-align: justify\n}\n<\/style>\n<!-- End .themify_builder .box-2635-1-0-0 Style -->\n\n\t\t\t\t\t\t\t\t\t\n\t\t\t\t\t\t\t\t\t\t\t\t\t\t\t\t\t<\/div>\n\t\t\t\t\t\t\t\t<!-- \/col -->\n\t\t\t\t\t\t  \n\n\t\t\t\t\t\n\t\t\t\t\t\t\t\t\t\t\n\t\t\t\t\t\t\t\t\t\n\t\t\t\t<\/div>\n\t\t\t\t<!-- \/row_inner -->\n\t\t\t<\/div>\n\t\t\t<!-- \/module_row -->\n\t\t\t\n\t\t\t\n\t\t\t<!-- module_row -->\n\t\t\t<div class=\"themify_builder_row module_row module_row_2 clearfix\" >\n\n\t\t\t\t<div class=\"row_inner\">\n\n\t\t\t\t\t\n\t\t\t\t\t\n\t\t\t\t\t\n\t\t\t\t\t\n\t\t\t\t\t\t\t\t<div class=\"col-full first tb-column\">\n\t\t\t\t\t\t\t\t\t\t\t\t\t\t\t\t\t\t\t\n\t\t\t\t\t\t\t\t\t\t\n<!-- module box -->\n<div id=\"box-2635-2-0-0\" class=\"module module-box box-2635-2-0-0 \">\n\t\t\n\t\t\n\t<div class=\"module-box-content ui rounded gradient default  \">\n\t\t<p><img loading=\"lazy\" decoding=\"async\" class=\"size-full aligncenter\" src=\"https:\/\/www.arbaletriers.be\/wordpress\/wp-content\/uploads\/2016\/03\/collier.jpg\" width=\"165\" height=\"283\" \/><img decoding=\"async\" class=\" alignleft\" src=\"http:\/\/www.arbaletriers-vise.be\/photos\/lecollier.jpg\" alt=\"\" align=\"center\" border=\"0\" hspace=\"30\" vspace=\"15\" \/><img decoding=\"async\" class=\" alignright\" src=\"http:\/\/www.arbaletriers-vise.be\/photos\/loiseau.jpg\" alt=\"\" align=\"right\" border=\"0\" hspace=\"30\" vspace=\"15\" \/><\/p>\t<\/div>\n\n\t<\/div>\n<!-- \/module box -->\n<!-- .themify_builder .box-2635-2-0-0 Style -->\n<style>\n.themify_builder .box-2635-2-0-0.module-box {\n\ttext-align: justify\n}\n<\/style>\n<!-- End .themify_builder .box-2635-2-0-0 Style -->\n\n\t\t\t\t\t\t\t\t\t\n\t\t\t\t\t\t\t\t\t\t\t\t\t\t\t\t\t<\/div>\n\t\t\t\t\t\t\t\t<!-- \/col -->\n\t\t\t\t\t\t  \n\n\t\t\t\t\t\n\t\t\t\t\t\t\t\t\t\t\n\t\t\t\t\t\t\t\t\t\n\t\t\t\t<\/div>\n\t\t\t\t<!-- \/row_inner -->\n\t\t\t<\/div>\n\t\t\t<!-- \/module_row -->\n\t\t\t\n\t\t\t\n\t\t\t<!-- module_row -->\n\t\t\t<div class=\"themify_builder_row module_row module_row_3 clearfix\" >\n\n\t\t\t\t<div class=\"row_inner\">\n\n\t\t\t\t\t\n\t\t\t\t\t\n\t\t\t\t\t\n\t\t\t\t\t\n\t\t\t\t\t\t\t\t<div class=\"col-full first tb-column\">\n\t\t\t\t\t\t\t\t\t\t\t\t\t\t\t\t\t\t\t\n\t\t\t\t\t\t\t\t\t\t\n<!-- module box -->\n<div id=\"box-2635-3-0-0\" class=\"module module-box box-2635-3-0-0 \">\n\t\t\n\t\t\n\t<div class=\"module-box-content ui rounded gradient default  \">\n\t\t<p>\u00ab Noble Bartholom\u00e9 de Maret, lieutenant ballieu de Wis\u00e9, capitein de la Compagnie des Arballestries 1634 \u00bb ;<br \/> le 11\u00e8me un double \u00e9cusson avec la date de 1634 et l\u2019inscription: \u00ab Messire Guillaume Oems, canoisne de Vis\u00e9 et Gerette de Hauteim, jadis roi de la Compagnie des Arbal\u00e9triers \u00bb ; le 12\u00e8me un \u00e9cusson surmont\u00e9 d\u2019un casque et l\u2019inscription ; \u00ab Noble Henri Germeau, mayeur de la bonne ville de Vis\u00e9 anno 1634 \u00bb ; le 13\u00e8me un \u00e9cusson, l\u2019image de Saint Georges et l\u2019inscription. \u00ab Jacques Libot mayeur \u00e0 Vis\u00e9 at donn\u00e9 ce placart \u00e0 l\u2019honneur de Dieu et de Saint Georges et de la Compagnie des Arbal\u00e9triers de Vis\u00e9 anno 1585 \u00bb ; le 14\u00e8me saint Georges en relief, la date de 1588 et l\u2019inscription. \u00abHenry Hubert, roy des Abatries de Vis\u00e9 at donn\u00e9 ce placart \u00e0 l\u2019honneur de saint Georges\u00bb.<\/p><p>Le 15\u00e8me placart porte au milieu un \u00e9cusson , Saint Georges en relief avec la date de 1578.<\/p><p>L\u2019oiseau ou papegaye qui termine la \u00ab guirlande \u00bb porte au cou l\u2019inscription : \u00ab Van Weset Bin \u00bb (je suis de Vis\u00e9). M. Jules Helbig, arch\u00e9ologue distingu\u00e9, consid\u00e8re cet oiseau comme une \u0153uvre du XV\u00e8me si\u00e8cle.<\/p>\t<\/div>\n\n\t<\/div>\n<!-- \/module box -->\n<!-- .themify_builder .box-2635-3-0-0 Style -->\n<style>\n.themify_builder .box-2635-3-0-0.module-box {\n\ttext-align: justify\n}\n<\/style>\n<!-- End .themify_builder .box-2635-3-0-0 Style -->\n\n\t\t\t\t\t\t\t\t\t\n\t\t\t\t\t\t\t\t\t\t\t\t\t\t\t\t\t<\/div>\n\t\t\t\t\t\t\t\t<!-- \/col -->\n\t\t\t\t\t\t  \n\n\t\t\t\t\t\n\t\t\t\t\t\t\t\t\t\t\n\t\t\t\t\t\t\t\t\t\n\t\t\t\t<\/div>\n\t\t\t\t<!-- \/row_inner -->\n\t\t\t<\/div>\n\t\t\t<!-- \/module_row -->\n\t\t\t\n<\/div>\n<!-- \/themify_builder_content -->","protected":false},"excerpt":{"rendered":"<p>Le collier ou \u00ab\u00a0Garlande\u00a0\u00bb La compagnie a eu le bonheur de conserver intact cet important objet qui fait l\u2019admiration des antiquaires.Il se compose de quinze placards (m\u00e9dailles) en argent de 8 \u00e0 9 centim\u00e8tres de diam\u00e8tre, reli\u00e9s par des cha\u00eenons de m\u00eame m\u00e9tal et auxquels est suspendu un oiseau portant dans son bec une arbal\u00e8te. [&hellip;]<\/p>\n","protected":false},"author":1,"featured_media":0,"parent":0,"menu_order":0,"comment_status":"closed","ping_status":"closed","template":"","meta":{"footnotes":""},"class_list":["post-2635","page","type-page","status-publish","hentry"],"_links":{"self":[{"href":"https:\/\/www.arbaletriers.be\/wordpress\/wp-json\/wp\/v2\/pages\/2635"}],"collection":[{"href":"https:\/\/www.arbaletriers.be\/wordpress\/wp-json\/wp\/v2\/pages"}],"about":[{"href":"https:\/\/www.arbaletriers.be\/wordpress\/wp-json\/wp\/v2\/types\/page"}],"author":[{"embeddable":true,"href":"https:\/\/www.arbaletriers.be\/wordpress\/wp-json\/wp\/v2\/users\/1"}],"replies":[{"embeddable":true,"href":"https:\/\/www.arbaletriers.be\/wordpress\/wp-json\/wp\/v2\/comments?post=2635"}],"version-history":[{"count":1,"href":"https:\/\/www.arbaletriers.be\/wordpress\/wp-json\/wp\/v2\/pages\/2635\/revisions"}],"predecessor-version":[{"id":11899,"href":"https:\/\/www.arbaletriers.be\/wordpress\/wp-json\/wp\/v2\/pages\/2635\/revisions\/11899"}],"wp:attachment":[{"href":"https:\/\/www.arbaletriers.be\/wordpress\/wp-json\/wp\/v2\/media?parent=2635"}],"curies":[{"name":"wp","href":"https:\/\/api.w.org\/{rel}","templated":true}]}}