{"id":2652,"date":"2015-02-14T13:19:24","date_gmt":"2015-02-14T12:19:24","guid":{"rendered":"http:\/\/www.arbaletriers.be\/wordpress\/?page_id=2652"},"modified":"2025-01-08T10:08:37","modified_gmt":"2025-01-08T09:08:37","slug":"musee-compagnie","status":"publish","type":"page","link":"https:\/\/www.arbaletriers.be\/wordpress\/musee-compagnie\/","title":{"rendered":"Mus\u00e9e de la Compagnie"},"content":{"rendered":"<div id=\"themify_builder_content-2652\" data-postid=\"2652\" class=\"themify_builder_content themify_builder_content-2652 themify_builder themify_builder_front\">\n\t\t\t\t\n\t\t\t<!-- module_row -->\n\t\t\t<div class=\"themify_builder_row module_row module_row_0 clearfix\" >\n\n\t\t\t\t<div class=\"row_inner\">\n\n\t\t\t\t\t\n\t\t\t\t\t\n\t\t\t\t\t\n\t\t\t\t\t\n\t\t\t\t\t\t\t\t<div class=\"col-full first tb-column\">\n\t\t\t\t\t\t\t\t\t\t\t\t\t\t\t\t\t\t\t\n\t\t\t\t\t\t\t\t\t\t\n<!-- module box -->\n<div id=\"box-2652-0-0-0\" class=\"module module-box box-2652-0-0-0 \">\n\t\t\n\t\t\n\t<div class=\"module-box-content ui rounded gradient default  \">\n\t\t<p><img decoding=\"async\" class=\" aligncenter\" src=\"\/images\/titre-musee.jpg\" alt=\"\" align=\"middle\" \/><\/p>\n\t<\/div>\n\n\t<\/div>\n<!-- \/module box -->\n<!-- .themify_builder .box-2652-0-0-0 Style -->\n<style>\n.themify_builder .box-2652-0-0-0.module-box {\n\ttext-align: justify\n}\n<\/style>\n<!-- End .themify_builder .box-2652-0-0-0 Style -->\n\n\t\t\t\t\t\t\t\t\t\n\t\t\t\t\t\t\t\t\t\t\t\t\t\t\t\t\t<\/div>\n\t\t\t\t\t\t\t\t<!-- \/col -->\n\t\t\t\t\t\t  \n\n\t\t\t\t\t\n\t\t\t\t\t\t\t\t\t\t\n\t\t\t\t\t\t\t\t\t\n\t\t\t\t<\/div>\n\t\t\t\t<!-- \/row_inner -->\n\t\t\t<\/div>\n\t\t\t<!-- \/module_row -->\n\t\t\t\n\t\t\t\n\t\t\t<!-- module_row -->\n\t\t\t<div class=\"themify_builder_row module_row module_row_1 clearfix\" >\n\n\t\t\t\t<div class=\"row_inner\">\n\n\t\t\t\t\t\n\t\t\t\t\t\n\t\t\t\t\t\n\t\t\t\t\t\n\t\t\t\t\t\t\t\t<div class=\"col-full first tb-column\">\n\t\t\t\t\t\t\t\t\t\t\t\t\t\t\t\t\t\t\t\n\t\t\t\t\t\t\t\t\t\t\n<!-- module box -->\n<div id=\"box-2652-1-0-0\" class=\"module module-box box-2652-1-0-0 \">\n\t\t\n\t\t\n\t<div class=\"module-box-content ui rounded gradient default  \">\n\t\t<p>Pour bien comprendre l\u2019histoire de notre antique corporation, il est imp\u00e9ratif de visiter notre mus\u00e9e : une vaste salle situ\u00e9e rue Haute, 46 et qui regorge de pi\u00e8ces uniques. Vous y d\u00e9couvrirez des arbal\u00e8tes de guerre (\u00e0 moufle) datant des 15\u00e8me et 16\u00e8me si\u00e8cles. Des arbal\u00e8tes \u00e0 cranequin recouvertes d\u2019ivoire cisel\u00e9 qui remontent \u00e0 la m\u00eame \u00e9poque.Parmi ces derni\u00e8res, \u00e9pinglons la \u00a0\u00bb Duc d\u2019Albe \u00a0\u00bb et la \u00a0\u00bb Marguerite \u00ab\u00a0. La premi\u00e8re a \u00e9t\u00e9 offerte aux Arbal\u00e9triers par l\u2019ancien gouverneur des Pays-Bas espagnols. La seconde par Marguerite de Valois, future reine de France. Viennent ensuite les arbal\u00e8tes \u00e0 jalet (17\u00e8me et 19\u00e8me si\u00e8cle), \u00e0 crosse (20\u00e8me si\u00e8cle) et bien d\u2019autres armes plus remarquables les unes que les autres.<\/p>\t<\/div>\n\n\t<\/div>\n<!-- \/module box -->\n<!-- .themify_builder .box-2652-1-0-0 Style -->\n<style>\n.themify_builder .box-2652-1-0-0.module-box {\n\ttext-align: justify\n}\n<\/style>\n<!-- End .themify_builder .box-2652-1-0-0 Style -->\n\n\t\t\t\t\t\t\t\t\t\n\t\t\t\t\t\t\t\t\t\t\t\t\t\t\t\t\t<\/div>\n\t\t\t\t\t\t\t\t<!-- \/col -->\n\t\t\t\t\t\t  \n\n\t\t\t\t\t\n\t\t\t\t\t\t\t\t\t\t\n\t\t\t\t\t\t\t\t\t\n\t\t\t\t<\/div>\n\t\t\t\t<!-- \/row_inner -->\n\t\t\t<\/div>\n\t\t\t<!-- \/module_row -->\n\t\t\t\n\t\t\t\n\t\t\t<!-- module_row -->\n\t\t\t<div class=\"themify_builder_row module_row module_row_2 clearfix\" >\n\n\t\t\t\t<div class=\"row_inner\">\n\n\t\t\t\t\t\n\t\t\t\t\t\n\t\t\t\t\t\n\t\t\t\t\t\n\t\t\t\t\t\t\t\t<div class=\"col-full first tb-column\">\n\t\t\t\t\t\t\t\t\t\t\t\t\t\t\t\t\t\t\t\n\t\t\t\t\t\t\t\t\t\t\n<!-- module box -->\n<div id=\"box-2652-2-0-0\" class=\"module module-box box-2652-2-0-0 \">\n\t\t\n\t\t\n\t<div class=\"module-box-content ui rounded gradient default  \">\n\t\t<p><img decoding=\"async\" class=\" alignright\" src=\"http:\/\/www.arbaletriers-vise.be\/photos\/musee.jpg\" alt=\"\" \/>Le mus\u00e9e est ouvert :<\/p><p>* sur rendez-vous<\/p><p>Prix d\u2019entr\u00e9e : 5 \u20ac par personne.<br \/>Nombre maximum par groupe : 20 personnes.<br \/>Ce prix comprend la visite guid\u00e9e de +\/- une heure &amp; la notice explicative en quadrichromie.<\/p><p>Pour les groupes scolaires : entr\u00e9e gratuite.<\/p><p>* Il est toujours possible de combiner la visite du mus\u00e9e avec une initiation au tir \u00e0 l\u2019arbal\u00e8te traditionnelle.<\/p><p>* Des visites portes ouvertes (entr\u00e9e libre &amp; gratuite) sont organis\u00e9es :<\/p><p>\u2013 gratuitement,\u00a0 au mois de Mai \u00e0 l\u2019occasion de <strong>la Nuit des Mus\u00e9es<\/strong> et du <strong>Printemps des Mus\u00e9es<\/strong>,<br \/>\u2013 gratuitement,\u00a0 au mois de Septembre pour les Journ\u00e9es du Patrimoine si le th\u00e8me s\u2019y pr\u00eate,<br \/>\u2013 gratuitement,\u00a0 le premier dimanche du mois de 14 \u00e0 17h30 sur rendez-vous,<br \/>\u2013 sur rendez-vous.<\/p><p>* Les organisateurs de manifestations peuvent obtenir sur simple demande des \u00ab folders \u00bb de pr\u00e9sentation \u00e0 joindre \u00e0 leurs invitations.<\/p>\t<\/div>\n\n\t<\/div>\n<!-- \/module box -->\n<!-- .themify_builder .box-2652-2-0-0 Style -->\n<style>\n.themify_builder .box-2652-2-0-0.module-box {\n\ttext-align: justify\n}\n<\/style>\n<!-- End .themify_builder .box-2652-2-0-0 Style -->\n\n\t\t\t\t\t\t\t\t\t\n\t\t\t\t\t\t\t\t\t\t\t\t\t\t\t\t\t<\/div>\n\t\t\t\t\t\t\t\t<!-- \/col -->\n\t\t\t\t\t\t  \n\n\t\t\t\t\t\n\t\t\t\t\t\t\t\t\t\t\n\t\t\t\t\t\t\t\t\t\n\t\t\t\t<\/div>\n\t\t\t\t<!-- \/row_inner -->\n\t\t\t<\/div>\n\t\t\t<!-- \/module_row -->\n\t\t\t\n\t\t\t\n\t\t\t<!-- module_row -->\n\t\t\t<div class=\"themify_builder_row module_row module_row_3 clearfix\" >\n\n\t\t\t\t<div class=\"row_inner\">\n\n\t\t\t\t\t\n\t\t\t\t\t\n\t\t\t\t\t\n\t\t\t\t\t\n\t\t\t\t\t\t\t\t<div class=\"col-full first tb-column\">\n\t\t\t\t\t\t\t\t\t\t\t\t\t\t\t\t\t\t\t\n\t\t\t\t\t\t\t\t\t\t\n<!-- module box -->\n<div id=\"box-2652-3-0-0\" class=\"module module-box box-2652-3-0-0 \">\n\t\t\n\t\t\n\t<div class=\"module-box-content ui rounded gradient default  \">\n\t\t<p><img decoding=\"async\" class=\" alignright\" src=\"http:\/\/www.arbaletriers-vise.be\/photos\/pt-notice-musee.jpg\" alt=\"\" \/>Conservateur :<br \/>X. Hannecart : 0497\/92.84.17<br \/><a style=\"color: #0000ff;\" href=\"mailto:musee@arbaletriers.be\">musee@arbaletriers.be<\/a><\/p>\t<\/div>\n\n\t<\/div>\n<!-- \/module box -->\n<!-- .themify_builder .box-2652-3-0-0 Style -->\n<style>\n.themify_builder .box-2652-3-0-0.module-box {\n\ttext-align: justify\n}\n<\/style>\n<!-- End .themify_builder .box-2652-3-0-0 Style -->\n\n\t\t\t\t\t\t\t\t\t\n\t\t\t\t\t\t\t\t\t\t\t\t\t\t\t\t\t<\/div>\n\t\t\t\t\t\t\t\t<!-- \/col -->\n\t\t\t\t\t\t  \n\n\t\t\t\t\t\n\t\t\t\t\t\t\t\t\t\t\n\t\t\t\t\t\t\t\t\t\n\t\t\t\t<\/div>\n\t\t\t\t<!-- \/row_inner -->\n\t\t\t<\/div>\n\t\t\t<!-- \/module_row -->\n\t\t\t\n<\/div>\n<!-- \/themify_builder_content -->","protected":false},"excerpt":{"rendered":"<p>Pour bien comprendre l\u2019histoire de notre antique corporation, il est imp\u00e9ratif de visiter notre mus\u00e9e : une vaste salle situ\u00e9e rue Haute, 46 et qui regorge de pi\u00e8ces uniques. Vous y d\u00e9couvrirez des arbal\u00e8tes de guerre (\u00e0 moufle) datant des 15\u00e8me et 16\u00e8me si\u00e8cles. Des arbal\u00e8tes \u00e0 cranequin recouvertes d\u2019ivoire cisel\u00e9 qui remontent \u00e0 la [&hellip;]<\/p>\n","protected":false},"author":1,"featured_media":0,"parent":0,"menu_order":0,"comment_status":"closed","ping_status":"closed","template":"","meta":{"footnotes":""},"class_list":["post-2652","page","type-page","status-publish","hentry"],"_links":{"self":[{"href":"https:\/\/www.arbaletriers.be\/wordpress\/wp-json\/wp\/v2\/pages\/2652"}],"collection":[{"href":"https:\/\/www.arbaletriers.be\/wordpress\/wp-json\/wp\/v2\/pages"}],"about":[{"href":"https:\/\/www.arbaletriers.be\/wordpress\/wp-json\/wp\/v2\/types\/page"}],"author":[{"embeddable":true,"href":"https:\/\/www.arbaletriers.be\/wordpress\/wp-json\/wp\/v2\/users\/1"}],"replies":[{"embeddable":true,"href":"https:\/\/www.arbaletriers.be\/wordpress\/wp-json\/wp\/v2\/comments?post=2652"}],"version-history":[{"count":1,"href":"https:\/\/www.arbaletriers.be\/wordpress\/wp-json\/wp\/v2\/pages\/2652\/revisions"}],"predecessor-version":[{"id":11381,"href":"https:\/\/www.arbaletriers.be\/wordpress\/wp-json\/wp\/v2\/pages\/2652\/revisions\/11381"}],"wp:attachment":[{"href":"https:\/\/www.arbaletriers.be\/wordpress\/wp-json\/wp\/v2\/media?parent=2652"}],"curies":[{"name":"wp","href":"https:\/\/api.w.org\/{rel}","templated":true}]}}