{"id":2655,"date":"2015-02-14T13:20:27","date_gmt":"2015-02-14T12:20:27","guid":{"rendered":"http:\/\/www.arbaletriers.be\/wordpress\/?page_id=2655"},"modified":"2024-02-21T10:20:43","modified_gmt":"2024-02-21T09:20:43","slug":"tir","status":"publish","type":"page","link":"https:\/\/www.arbaletriers.be\/wordpress\/tir\/","title":{"rendered":"Tir"},"content":{"rendered":"<div id=\"themify_builder_content-2655\" data-postid=\"2655\" class=\"themify_builder_content themify_builder_content-2655 themify_builder themify_builder_front\">\n\t\t\t\t\n\t\t\t<!-- module_row -->\n\t\t\t<div class=\"themify_builder_row module_row module_row_0 clearfix\" >\n\n\t\t\t\t<div class=\"row_inner\">\n\n\t\t\t\t\t\n\t\t\t\t\t\n\t\t\t\t\t\n\t\t\t\t\t\n\t\t\t\t\t\t\t\t<div class=\"col-full first tb-column\">\n\t\t\t\t\t\t\t\t\t\t\t\t\t\t\t\t\t\t\t\n\t\t\t\t\t\t\t\t\t\t\n<!-- module box -->\n<div id=\"box-2655-0-0-0\" class=\"module module-box box-2655-0-0-0 \">\n\t\t\n\t\t\n\t<div class=\"module-box-content ui rounded gradient default  \">\n\t\t<p><img decoding=\"async\" class=\" alignleft\" src=\"\/photos\/arba-balles.jpg\" alt=\"Arbal\u00e8te \u00e0 balles pour le tir \u00e0 la perche\" \/>Si l&rsquo;arbal\u00e8te a disparu des combats, remplac\u00e9e notamment par l&rsquo;arquebuse, on a continu\u00e9 de l&rsquo;utiliser comme arme de sport. Elle est rest\u00e9e \u00e0 l&rsquo;honneur dans les concours de tir dont l&rsquo;origine est tr\u00e8s ancienne.Le tir \u00e0 l&rsquo;arbal\u00e8te se pratique de deux fa\u00e7ons diff\u00e9rentes.<br \/>\nJadis, on tirait \u00ab\u00a0\u00e0 la perche\u00a0\u00bb ou \u00ab\u00a0\u00e0 l&rsquo;oiseau\u00a0\u00bb : il s&rsquo;agissait d&rsquo;abattre un oiseau plac\u00e9 au bout d&rsquo;un m\u00e2t. L&rsquo;oiseau vivant fut remplac\u00e9 tr\u00e8s t\u00f4t par une effigie de bois ou de carton. Ce tir, pratiqu\u00e9 surtout par les arbal\u00e9triers, se faisait le plus souvent \u00e0 balles.Le tir \u00ab\u00a0\u00e0 la perche\u00a0\u00bb fut peu \u00e0 peu remplac\u00e9 par le tir dit \u00ab\u00a0au berceau\u00a0\u00bb (tir horizontal) : le tireur lance les fl\u00e8ches dans un carton ou blason. A Vis\u00e9, c&rsquo;est aux environs de l&rsquo;ann\u00e9e 1803 qu&rsquo;une modification eut lieu, le tir \u00e0 l&rsquo;estache \u00e9tant remplac\u00e9 par le tir \u00ab\u00a0au berceau\u00a0\u00bb. La perche avait \u00e9t\u00e9 \u00e9difi\u00e9e en 1713 par les deux compagnies ; dix-sept ans plus tard, elle fut renvers\u00e9e par une temp\u00eate. Ce padiet \u00e9tait dress\u00e9 sur une butte le faubourg de \u00ab\u00a0Souvreit\u00a0\u00bb (\u00a0\u00bb Souvr\u00e9 \u00ab\u00a0).<\/p>\n\t<\/div>\n\n\t<\/div>\n<!-- \/module box -->\n<!-- .themify_builder .box-2655-0-0-0 Style -->\n<style>\n.themify_builder .box-2655-0-0-0.module-box {\n\ttext-align: justify\n}\n<\/style>\n<!-- End .themify_builder .box-2655-0-0-0 Style -->\n\n\t\t\t\t\t\t\t\t\t\n\t\t\t\t\t\t\t\t\t\t\t\t\t\t\t\t\t<\/div>\n\t\t\t\t\t\t\t\t<!-- \/col -->\n\t\t\t\t\t\t  \n\n\t\t\t\t\t\n\t\t\t\t\t\t\t\t\t\t\n\t\t\t\t\t\t\t\t\t\n\t\t\t\t<\/div>\n\t\t\t\t<!-- \/row_inner -->\n\t\t\t<\/div>\n\t\t\t<!-- \/module_row -->\n\t\t\t\n\t\t\t\n\t\t\t<!-- module_row -->\n\t\t\t<div class=\"themify_builder_row module_row module_row_1 clearfix\" >\n\n\t\t\t\t<div class=\"row_inner\">\n\n\t\t\t\t\t\n\t\t\t\t\t\n\t\t\t\t\t\n\t\t\t\t\t\n\t\t\t\t\t\t\t\t<div class=\"col-full first tb-column\">\n\t\t\t\t\t\t\t\t\t\t\t\t\t\t\t\t\t\t\t\n\t\t\t\t\t\t\t\t\t\t\n<!-- module box -->\n<div id=\"box-2655-1-0-0\" class=\"module module-box box-2655-1-0-0 \">\n\t\t\n\t\t\n\t<div class=\"module-box-content ui rounded gradient default  \">\n\t\t<p><strong>Tir d\u2019hiver traditionnel<\/strong><\/p>\n<p><img decoding=\"async\" class=\" alignleft\" src=\"\/photos\/letir2.jpg\" alt=\"\" align=\"right\" hspace=\"30\" vspace=\"15\" \/>De nos jours la section se r\u00e9unit r\u00e9guli\u00e8rement, une ou deux fois par semaine suivant la saison.<\/p>\n<p>En hiver, nous nous entra\u00eenons \u00e0 l\u2019int\u00e9rieur o\u00f9 nous disposons de 7 lignes de tir, dont 4 lignes \u00e0 6 m\u00e8tres et 3 lignes \u00e0 10 m\u00e8tres.<\/p>\n<p><img decoding=\"async\" class=\" alignright\" src=\"\/photos\/letir3.jpg\" alt=\"\" align=\"left\" hspace=\"30\" vspace=\"15\" \/>Nous disposons \u00e9galement, dans notre stand int\u00e9rieur d\u2019un endroit o\u00f9 nous pouvons prendre un rafra\u00eechissement ou attendre qu\u2019une place se lib\u00e8re pour tirer. Cela nous permet de discuter ensemble de nos performances mutuelles etc\u2026<\/p>\n<p><img decoding=\"async\" class=\" alignleft\" src=\"\/photos\/letir1.jpg\" alt=\"\" align=\"right\" hspace=\"30\" vspace=\"15\" \/>A la fin de la saison du tir d\u2019hiver, vers la fin f\u00e9vrier, la section organise son assembl\u00e9e g\u00e9n\u00e9rale, au cours de laquelle nous proc\u00e9dons \u00e0 la proclamation des r\u00e9sultats de la saison \u00e9coul\u00e9e (en cat\u00e9gorie 6m, 10 m, cadets, dames et field). Le meilleur tireur de la saison re\u00e7oit une coupe dont il est le d\u00e9positaire pendant un an. Pour en \u00eatre le possesseur d\u00e9finitif il doit gagner 3 fois sur 5 ans. Il doit alors offrir lui-m\u00eame une nouvelle coupe pour son successeur. Cette soir\u00e9e se termine par un souper convivial souvent anim\u00e9 !<\/p>\n\t<\/div>\n\n\t<\/div>\n<!-- \/module box -->\n<!-- .themify_builder .box-2655-1-0-0 Style -->\n<style>\n.themify_builder .box-2655-1-0-0.module-box {\n\ttext-align: justify\n}\n<\/style>\n<!-- End .themify_builder .box-2655-1-0-0 Style -->\n\n\t\t\t\t\t\t\t\t\t\n\t\t\t\t\t\t\t\t\t\t\t\t\t\t\t\t\t<\/div>\n\t\t\t\t\t\t\t\t<!-- \/col -->\n\t\t\t\t\t\t  \n\n\t\t\t\t\t\n\t\t\t\t\t\t\t\t\t\t\n\t\t\t\t\t\t\t\t\t\n\t\t\t\t<\/div>\n\t\t\t\t<!-- \/row_inner -->\n\t\t\t<\/div>\n\t\t\t<!-- \/module_row -->\n\t\t\t\n\t\t\t\n\t\t\t<!-- module_row -->\n\t\t\t<div class=\"themify_builder_row module_row module_row_2 clearfix\" >\n\n\t\t\t\t<div class=\"row_inner\">\n\n\t\t\t\t\t\n\t\t\t\t\t\n\t\t\t\t\t\n\t\t\t\t\t\n\t\t\t\t\t\t\t\t<div class=\"col-full first tb-column\">\n\t\t\t\t\t\t\t\t\t\t\t\t\t\t\t\t\t\t\t\n\t\t\t\t\t\t\t\t\t\t\n<!-- module box -->\n<div id=\"box-2655-2-0-0\" class=\"module module-box box-2655-2-0-0 \">\n\t\t\n\t\t\n\t<div class=\"module-box-content ui rounded gradient default  \">\n\t\t<p><strong>Tir ext\u00e9rieur, dit \u00ab\u00a0Field\u00a0\u00bb<\/strong><\/p><p>Ce titre m\u00e9rite une petite explication ; le tir field se pratique normalement aux distances de 35, 50 et 65 m\u00e8tres. Vu l\u2019exigu\u00eft\u00e9 de notre terrain, l\u2019entra\u00eenement se pratique sur la longueur de 25 m pendant la bonne saison. L\u2019entra\u00eenement se d\u00e9roule \u00e0 l\u2019ext\u00e9rieur suivant la m\u00e9t\u00e9o, sur des cibles C50. Nous disposons de quatre lignes s\u00e9curis\u00e9es. Les entra\u00eenements se font en g\u00e9n\u00e9ral le dimanche apr\u00e8s-midi.<\/p>\t<\/div>\n\n\t<\/div>\n<!-- \/module box -->\n<!-- .themify_builder .box-2655-2-0-0 Style -->\n<style>\n.themify_builder .box-2655-2-0-0.module-box {\n\ttext-align: justify\n}\n<\/style>\n<!-- End .themify_builder .box-2655-2-0-0 Style -->\n\n\t\t\t\t\t\t\t\t\t\n\t\t\t\t\t\t\t\t\t\t\t\t\t\t\t\t\t<\/div>\n\t\t\t\t\t\t\t\t<!-- \/col -->\n\t\t\t\t\t\t  \n\n\t\t\t\t\t\n\t\t\t\t\t\t\t\t\t\t\n\t\t\t\t\t\t\t\t\t\n\t\t\t\t<\/div>\n\t\t\t\t<!-- \/row_inner -->\n\t\t\t<\/div>\n\t\t\t<!-- \/module_row -->\n\t\t\t\n\t\t\t\n\t\t\t<!-- module_row -->\n\t\t\t<div class=\"themify_builder_row module_row module_row_3 clearfix\" >\n\n\t\t\t\t<div class=\"row_inner\">\n\n\t\t\t\t\t\n\t\t\t\t\t\n\t\t\t\t\t\n\t\t\t\t\t\n\t\t\t\t\t\t\t\t<div class=\"col-full first tb-column\">\n\t\t\t\t\t\t\t\t\t\t\t\t\t\t\t\t\t\t\t\n\t\t\t\t\t\t\t\t\t\t\n<!-- module box -->\n<div id=\"box-2655-3-0-0\" class=\"module module-box box-2655-3-0-0 \">\n\t\t\n\t\t\n\t<div class=\"module-box-content ui rounded gradient default  \">\n\t\t<p><strong>Tir de la F\u00eate du mois d\u2019Ao\u00fbt<\/strong><\/p>\n<p><img decoding=\"async\" class=\" alignright\" src=\"\/photos\/letir4.jpg\" alt=\"\" align=\"right\" hspace=\"30\" vspace=\"15\" \/>Lors de la grande f\u00eate d\u2019\u00e9t\u00e9 la section de tir assure l\u2019organisation du concours annuel de la Compagnie.<\/p>\n<p>Comme on peut le voir, les occupants du jardin sont tr\u00e8s int\u00e9ress\u00e9s par la comp\u00e9tition qui se d\u00e9roule sous leurs yeux. Ils discutent du tir, appr\u00e9cient les performances de leur parent ou ami tireur.<\/p>\n<p><img decoding=\"async\" class=\" alignleft\" src=\"\/photos\/letir6.jpg\" alt=\"\" align=\"right\" hspace=\"30\" vspace=\"15\" \/>Cette comp\u00e9tition d\u00e9termine, pour l\u2019ann\u00e9e \u00e0 venir, le ROY du tir. Ce titre est attribu\u00e9 \u00e0 celui ou \u00e0 celle qui a tir\u00e9 la plus belle rose, c\u2019est-\u00e0-dire, la fl\u00e8che la mieux centr\u00e9e.<\/p>\n<p>A la fin de la comp\u00e9tition, le vainqueur, s\u2019il est officier de la compagnie, re\u00e7oit une coupe, (voir ci-contre) ainsi qu\u2019une m\u00e9daille qu\u2019il portera fi\u00e8rement \u00e0 toutes les manifestations officielles de la gilde. S\u2019il s\u2019agit d\u2019un invit\u00e9 celui-ci ne re\u00e7oit qu\u2019une m\u00e9daille et la coupe est alors r\u00e9serv\u00e9e au meilleur officier.<\/p>\n<p><img decoding=\"async\" class=\" alignleft\" src=\"\/photos\/letir7.jpg\" alt=\"\" align=\"left\" hspace=\"30\" vspace=\"15\" \/><img decoding=\"async\" class=\" alignright\" src=\"\/photos\/letir5.jpg\" alt=\"\" align=\"left\" hspace=\"30\" vspace=\"15\" \/>Le ROY du tir, de l\u2019ann\u00e9e, est alors congratul\u00e9 et promen\u00e9 \u00e0 travers la ville, accompagn\u00e9 par toute la Compagnie.<\/p>\n<p>Avec sa dame il m\u00e8nera le d\u00e9fil\u00e9 du gast qui finira en un cramignon endiabl\u00e9.<\/p>\n<p>Lors de la f\u00eate du mois d\u2019ao\u00fbt nos juniors ne sont pas oubli\u00e9s. Un banc de tir leur est sp\u00e9cialement r\u00e9serv\u00e9. Le meilleur tireur parmi les cadets, se voit \u00e9galement gratifi\u00e9 d\u2019un souvenir fort convoit\u00e9. La concurrence est rude entre les jeunes filles et les gar\u00e7ons pour devenir ROY du tir.<\/p>\n\t<\/div>\n\n\t<\/div>\n<!-- \/module box -->\n<!-- .themify_builder .box-2655-3-0-0 Style -->\n<style>\n.themify_builder .box-2655-3-0-0.module-box {\n\ttext-align: justify\n}\n<\/style>\n<!-- End .themify_builder .box-2655-3-0-0 Style -->\n\n\t\t\t\t\t\t\t\t\t\n\t\t\t\t\t\t\t\t\t\t\t\t\t\t\t\t\t<\/div>\n\t\t\t\t\t\t\t\t<!-- \/col -->\n\t\t\t\t\t\t  \n\n\t\t\t\t\t\n\t\t\t\t\t\t\t\t\t\t\n\t\t\t\t\t\t\t\t\t\n\t\t\t\t<\/div>\n\t\t\t\t<!-- \/row_inner -->\n\t\t\t<\/div>\n\t\t\t<!-- \/module_row -->\n\t\t\t\n<\/div>\n<!-- \/themify_builder_content -->","protected":false},"excerpt":{"rendered":"<p>Si l&rsquo;arbal\u00e8te a disparu des combats, remplac\u00e9e notamment par l&rsquo;arquebuse, on a continu\u00e9 de l&rsquo;utiliser comme arme de sport. Elle est rest\u00e9e \u00e0 l&rsquo;honneur dans les concours de tir dont l&rsquo;origine est tr\u00e8s ancienne.Le tir \u00e0 l&rsquo;arbal\u00e8te se pratique de deux fa\u00e7ons diff\u00e9rentes. Jadis, on tirait \u00ab\u00a0\u00e0 la perche\u00a0\u00bb ou \u00ab\u00a0\u00e0 l&rsquo;oiseau\u00a0\u00bb : il s&rsquo;agissait [&hellip;]<\/p>\n","protected":false},"author":1,"featured_media":0,"parent":0,"menu_order":0,"comment_status":"closed","ping_status":"closed","template":"","meta":{"footnotes":""},"class_list":["post-2655","page","type-page","status-publish","hentry"],"_links":{"self":[{"href":"https:\/\/www.arbaletriers.be\/wordpress\/wp-json\/wp\/v2\/pages\/2655"}],"collection":[{"href":"https:\/\/www.arbaletriers.be\/wordpress\/wp-json\/wp\/v2\/pages"}],"about":[{"href":"https:\/\/www.arbaletriers.be\/wordpress\/wp-json\/wp\/v2\/types\/page"}],"author":[{"embeddable":true,"href":"https:\/\/www.arbaletriers.be\/wordpress\/wp-json\/wp\/v2\/users\/1"}],"replies":[{"embeddable":true,"href":"https:\/\/www.arbaletriers.be\/wordpress\/wp-json\/wp\/v2\/comments?post=2655"}],"version-history":[{"count":1,"href":"https:\/\/www.arbaletriers.be\/wordpress\/wp-json\/wp\/v2\/pages\/2655\/revisions"}],"predecessor-version":[{"id":11928,"href":"https:\/\/www.arbaletriers.be\/wordpress\/wp-json\/wp\/v2\/pages\/2655\/revisions\/11928"}],"wp:attachment":[{"href":"https:\/\/www.arbaletriers.be\/wordpress\/wp-json\/wp\/v2\/media?parent=2655"}],"curies":[{"name":"wp","href":"https:\/\/api.w.org\/{rel}","templated":true}]}}