{"id":2659,"date":"2015-02-14T13:30:09","date_gmt":"2015-02-14T12:30:09","guid":{"rendered":"http:\/\/www.arbaletriers.be\/wordpress\/?page_id=2659"},"modified":"2015-06-23T15:26:28","modified_gmt":"2015-06-23T14:26:28","slug":"rites-et-coutumes-gloire","status":"publish","type":"page","link":"https:\/\/www.arbaletriers.be\/wordpress\/rites-et-coutumes-gloire\/","title":{"rendered":"Rites et Coutumes &#8211; Gloire"},"content":{"rendered":"<div id=\"themify_builder_content-2659\" data-postid=\"2659\" class=\"themify_builder_content themify_builder_content-2659 themify_builder themify_builder_front\">\n\t\t\t\t\n\t\t\t<!-- module_row -->\n\t\t\t<div class=\"themify_builder_row module_row module_row_0 clearfix\" >\n\n\t\t\t\t<div class=\"row_inner\">\n\n\t\t\t\t\t\n\t\t\t\t\t\n\t\t\t\t\t\n\t\t\t\t\t\n\t\t\t\t\t\t\t\t<div class=\"col-full first tb-column\">\n\t\t\t\t\t\t\t\t\t\t\t\t\t\t\t\t\t\t\t\n\t\t\t\t\t\t\t\t\t\t\n<!-- module box -->\n<div id=\"box-2659-0-0-0\" class=\"module module-box box-2659-0-0-0 \">\n\t\t\n\t\t\n\t<div class=\"module-box-content ui rounded gradient default  \">\n\t\t<p>La Gloire (wallon \u00ab\u00a0li glw\u00e8re\u00a0\u00bb). Jadis (d\u00e8s le dix-huiti\u00e8me si\u00e8cle), les confr\u00e8res se r\u00e9unissaient le dimanche avant la Saint Georges. Cette assembl\u00e9e si\u00e9geait \u00e0 l\u2019h\u00f4tel de ville: toutes les dispositions y \u00e9taient prises afin d\u2019assurer la bonne marche des festivit\u00e9s. A cette occasion, le Roy r\u00e9galait ses confr\u00e8res d\u2019un tonneau de bi\u00e8re.<\/p>\t<\/div>\n\n\t<\/div>\n<!-- \/module box -->\n<!-- .themify_builder .box-2659-0-0-0 Style -->\n<style>\n.themify_builder .box-2659-0-0-0.module-box {\n\ttext-align: justify\n}\n<\/style>\n<!-- End .themify_builder .box-2659-0-0-0 Style -->\n\n\t\t\t\t\t\t\t\t\t\n\t\t\t\t\t\t\t\t\t\t\t\t\t\t\t\t\t<\/div>\n\t\t\t\t\t\t\t\t<!-- \/col -->\n\t\t\t\t\t\t  \n\n\t\t\t\t\t\n\t\t\t\t\t\t\t\t\t\t\n\t\t\t\t\t\t\t\t\t\n\t\t\t\t<\/div>\n\t\t\t\t<!-- \/row_inner -->\n\t\t\t<\/div>\n\t\t\t<!-- \/module_row -->\n\t\t\t\n\t\t\t\n\t\t\t<!-- module_row -->\n\t\t\t<div class=\"themify_builder_row module_row module_row_1 clearfix\" >\n\n\t\t\t\t<div class=\"row_inner\">\n\n\t\t\t\t\t\n\t\t\t\t\t\n\t\t\t\t\t\n\t\t\t\t\t\n\t\t\t\t\t\t\t\t<div class=\"col-full first tb-column\">\n\t\t\t\t\t\t\t\t\t\t\t\t\t\t\t\t\t\t\t\n\t\t\t\t\t\t\t\t\t\t\n<!-- module box -->\n<div id=\"box-2659-1-0-0\" class=\"module module-box box-2659-1-0-0 \">\n\t\t\n\t\t\n\t<div class=\"module-box-content ui rounded gradient default  \">\n\t\t<p>Aujourd\u2019hui, cette r\u00e9union, appel\u00e9e la Gloire, a lieu huit jours avant la f\u00eate patronale. Les membres de la compagnie se rendent \u00e0 leur local, o\u00f9, fraternellement, ils chantent la Gloire. Un recueil a \u00e9t\u00e9 publi\u00e9 : il groupe les diff\u00e9rentes chansons fran\u00e7aises et wallonnes entonn\u00e9es lors de cette c\u00e9r\u00e9monie.<\/p>\n\t<\/div>\n\n\t<\/div>\n<!-- \/module box -->\n<!-- .themify_builder .box-2659-1-0-0 Style -->\n<style>\n.themify_builder .box-2659-1-0-0.module-box {\n\ttext-align: justify\n}\n<\/style>\n<!-- End .themify_builder .box-2659-1-0-0 Style -->\n\n\t\t\t\t\t\t\t\t\t\n\t\t\t\t\t\t\t\t\t\t\t\t\t\t\t\t\t<\/div>\n\t\t\t\t\t\t\t\t<!-- \/col -->\n\t\t\t\t\t\t  \n\n\t\t\t\t\t\n\t\t\t\t\t\t\t\t\t\t\n\t\t\t\t\t\t\t\t\t\n\t\t\t\t<\/div>\n\t\t\t\t<!-- \/row_inner -->\n\t\t\t<\/div>\n\t\t\t<!-- \/module_row -->\n\t\t\t\n<\/div>\n<!-- \/themify_builder_content -->","protected":false},"excerpt":{"rendered":"<p>La Gloire (wallon \u00ab\u00a0li glw\u00e8re\u00a0\u00bb). Jadis (d\u00e8s le dix-huiti\u00e8me si\u00e8cle), les confr\u00e8res se r\u00e9unissaient le dimanche avant la Saint Georges. Cette assembl\u00e9e si\u00e9geait \u00e0 l\u2019h\u00f4tel de ville: toutes les dispositions y \u00e9taient prises afin d\u2019assurer la bonne marche des festivit\u00e9s. A cette occasion, le Roy r\u00e9galait ses confr\u00e8res d\u2019un tonneau de bi\u00e8re. Aujourd\u2019hui, cette r\u00e9union, [&hellip;]<\/p>\n","protected":false},"author":1,"featured_media":0,"parent":0,"menu_order":0,"comment_status":"closed","ping_status":"closed","template":"","meta":{"footnotes":""},"class_list":["post-2659","page","type-page","status-publish","hentry"],"_links":{"self":[{"href":"https:\/\/www.arbaletriers.be\/wordpress\/wp-json\/wp\/v2\/pages\/2659"}],"collection":[{"href":"https:\/\/www.arbaletriers.be\/wordpress\/wp-json\/wp\/v2\/pages"}],"about":[{"href":"https:\/\/www.arbaletriers.be\/wordpress\/wp-json\/wp\/v2\/types\/page"}],"author":[{"embeddable":true,"href":"https:\/\/www.arbaletriers.be\/wordpress\/wp-json\/wp\/v2\/users\/1"}],"replies":[{"embeddable":true,"href":"https:\/\/www.arbaletriers.be\/wordpress\/wp-json\/wp\/v2\/comments?post=2659"}],"version-history":[{"count":0,"href":"https:\/\/www.arbaletriers.be\/wordpress\/wp-json\/wp\/v2\/pages\/2659\/revisions"}],"wp:attachment":[{"href":"https:\/\/www.arbaletriers.be\/wordpress\/wp-json\/wp\/v2\/media?parent=2659"}],"curies":[{"name":"wp","href":"https:\/\/api.w.org\/{rel}","templated":true}]}}