{"id":2661,"date":"2015-02-14T13:22:36","date_gmt":"2015-02-14T12:22:36","guid":{"rendered":"http:\/\/www.arbaletriers.be\/wordpress\/?page_id=2661"},"modified":"2015-06-23T15:31:06","modified_gmt":"2015-06-23T14:31:06","slug":"rites-et-coutumes-descente","status":"publish","type":"page","link":"https:\/\/www.arbaletriers.be\/wordpress\/rites-et-coutumes-descente\/","title":{"rendered":"Rites et Coutumes &#8211; Descente"},"content":{"rendered":"<div id=\"themify_builder_content-2661\" data-postid=\"2661\" class=\"themify_builder_content themify_builder_content-2661 themify_builder themify_builder_front\">\n\t\t\t\t\n\t\t\t<!-- module_row -->\n\t\t\t<div class=\"themify_builder_row module_row module_row_0 clearfix\" >\n\n\t\t\t\t<div class=\"row_inner\">\n\n\t\t\t\t\t\n\t\t\t\t\t\n\t\t\t\t\t\n\t\t\t\t\t\n\t\t\t\t\t\t\t\t<div class=\"col-full first tb-column\">\n\t\t\t\t\t\t\t\t\t\t\t\t\t\t\t\t\t\t\t\n\t\t\t\t\t\t\t\t\t\t\n<!-- module box -->\n<div id=\"box-2661-0-0-0\" class=\"module module-box box-2661-0-0-0 \">\n\t\t\n\t\t\n\t<div class=\"module-box-content ui rounded gradient default  \">\n\t\t<p>La Descente (wallon \u00ab\u00a0li d&rsquo;hind\u00eaye\u00a0\u00bb). Cette f\u00eate consistait \u00e0 descendre le fleuve \u00e0 la soir\u00e9e, depuis l&rsquo;endroit dit \u00ab\u00a0les fours \u00e0 chaux\u00a0\u00bb (\u00ab\u00a0li tchaf\u00e5r\u00a0\u00bb), sur des barques garnies de lampes v\u00e9nitiennes, en alternant les chants et les morceaux d&rsquo;harmonie. D&rsquo;immenses feux de joie (\u00ab\u00a0Blam\u00eayes\u00a0\u00bb) flambaient sur les monts avoisinants et en divers lieux de la localit\u00e9, portant jusque dans les nu\u00e9es, sur des \u00e9tincelles cr\u00e9pitantes, l&rsquo;all\u00e9gresse des habitants.<\/p><p>L&rsquo;une des barques lan\u00e7ait dans les airs des jets de lumi\u00e8re fuligineuse provenant d&rsquo;un tonneau de goudron enflamm\u00e9, qui donnait \u00e0 la f\u00eate un petit air fantastique. Pendant le trajet, un feu d&rsquo;artifice \u00e9tait tir\u00e9 sur l&rsquo;\u00eele qui se trouve en face du faubourg de Souvr\u00e9, et les \u00ab\u00a0Bleus\u00a0\u00bb, des deux rives de la Meuse, illuminaient leurs maisons au moyen de bougies plac\u00e9es aux fen\u00eatres.<\/p><p>On peut regretter que cette f\u00eate nocturne qui offrait un cachet d&rsquo;originalit\u00e9 ait \u00e9t\u00e9 supprim\u00e9e \u00e0 la suite de circonstances malheureuses.<\/p>\t<\/div>\n\n\t<\/div>\n<!-- \/module box -->\n<!-- .themify_builder .box-2661-0-0-0 Style -->\n<style>\n.themify_builder .box-2661-0-0-0.module-box {\n\ttext-align: justify\n}\n<\/style>\n<!-- End .themify_builder .box-2661-0-0-0 Style -->\n\n\t\t\t\t\t\t\t\t\t\n\t\t\t\t\t\t\t\t\t\t\t\t\t\t\t\t\t<\/div>\n\t\t\t\t\t\t\t\t<!-- \/col -->\n\t\t\t\t\t\t  \n\n\t\t\t\t\t\n\t\t\t\t\t\t\t\t\t\t\n\t\t\t\t\t\t\t\t\t\n\t\t\t\t<\/div>\n\t\t\t\t<!-- \/row_inner -->\n\t\t\t<\/div>\n\t\t\t<!-- \/module_row -->\n\t\t\t\n\t\t\t\n\t\t\t<!-- module_row -->\n\t\t\t<div class=\"themify_builder_row module_row module_row_1 clearfix\" >\n\n\t\t\t\t<div class=\"row_inner\">\n\n\t\t\t\t\t\n\t\t\t\t\t\n\t\t\t\t\t\n\t\t\t\t\t\n\t\t\t\t\t\t\t\t<div class=\"col-full first tb-column\">\n\t\t\t\t\t\t\t\t\t\t\t\t\t\t\t\t\t\t\t\n\t\t\t\t\t\t\t\t\t\t\n<!-- module box -->\n<div id=\"box-2661-1-0-0\" class=\"module module-box box-2661-1-0-0 \">\n\t\t\n\t\t\n\t<div class=\"module-box-content ui rounded gradient default  \">\n\t\t<p>Cette coutume n&rsquo;est pas aussi ancienne, elle remonte \u00e0 1786. Cette manifestation avait lieu la veille de la Saint Georges et \u00e9tait organis\u00e9e en comm\u00e9moration des privil\u00e8ges antiques qui accordaient \u00e0 la gilde le droit de percevoir une d\u00eeme sur les barques marchandes qui passaient sur le fleuve \u00e0 Vis\u00e9. Elle fut supprim\u00e9e \u00e0 la suite d&rsquo;un accident nautique survenu \u00e0 Hermalle-sous-Argenteau et qui causa plusieurs noyades.<\/p><p>Si la descente du fleuve a \u00e9t\u00e9 interdite, la f\u00eate n&rsquo;en subsiste pas moins sous la forme d&rsquo;une sortie en ville.<\/p><p>Le dimanche pr\u00e9c\u00e9dant la Saint Georges, la gilde sort en cort\u00e8ge et se rend \u00e0 l&rsquo;endroit dit \u00ab\u00a0le port\u00a0\u00bb o\u00f9 jadis on s&#8217;embarquait sur la Meuse. Quelques petites barques \u00e9voluent encore sur le fleuve, faisant miroiter leurs feux sur la surface des flots. Les deux rives de la Meuse sont illumin\u00e9es, de m\u00eame que l&rsquo;\u00eele Robinson.<\/p>\t<\/div>\n\n\t<\/div>\n<!-- \/module box -->\n<!-- .themify_builder .box-2661-1-0-0 Style -->\n<style>\n.themify_builder .box-2661-1-0-0.module-box {\n\ttext-align: justify\n}\n<\/style>\n<!-- End .themify_builder .box-2661-1-0-0 Style -->\n\n\t\t\t\t\t\t\t\t\t\n\t\t\t\t\t\t\t\t\t\t\t\t\t\t\t\t\t<\/div>\n\t\t\t\t\t\t\t\t<!-- \/col -->\n\t\t\t\t\t\t  \n\n\t\t\t\t\t\n\t\t\t\t\t\t\t\t\t\t\n\t\t\t\t\t\t\t\t\t\n\t\t\t\t<\/div>\n\t\t\t\t<!-- \/row_inner -->\n\t\t\t<\/div>\n\t\t\t<!-- \/module_row -->\n\t\t\t\n\t\t\t\n\t\t\t<!-- module_row -->\n\t\t\t<div class=\"themify_builder_row module_row module_row_2 clearfix\" >\n\n\t\t\t\t<div class=\"row_inner\">\n\n\t\t\t\t\t\n\t\t\t\t\t\n\t\t\t\t\t\n\t\t\t\t\t\n\t\t\t\t\t\t\t\t<div class=\"col-full first tb-column\">\n\t\t\t\t\t\t\t\t\t\t\t\t\t\t\t\t\t\t\t\n\t\t\t\t\t\t\t\t\t\t\n<!-- module box -->\n<div id=\"box-2661-2-0-0\" class=\"module module-box box-2661-2-0-0 \">\n\t\t\n\t\t\n\t<div class=\"module-box-content ui rounded gradient default  \">\n\t\t<p>Dans le ciel, jaillissent les fus\u00e9es lanc\u00e9es de quelques jardins appartement \u00e0 l&rsquo;un au l&rsquo;autre membre de la Compagnie. C\u00e0 et l\u00e0, on aper\u00e7oit encore parfois quelques \u00ab\u00a0blam\u00eayes\u00a0\u00bb : elles se font pourtant de plus en plus rares. Ce m\u00eame jour, le cort\u00e8ge s&rsquo;immobilise devant la demeure du G\u00e9n\u00e9ral-Pr\u00e9sident et l&rsquo;harmonie joue un chant traditionnel.<\/p><p>Il s&rsquo;agit d&rsquo;une r\u00e9miniscence : avant de partir en campagne, les Arbal\u00e9triers avaient, selon la tradition, l&rsquo;habitude de se transporter en corps devant la demeure de leur chef afin de lui renouveler leur serment de fid\u00e9lit\u00e9. Ils entonnaient ensuite un cantique en l&rsquo;honneur de Saint Georges auquel ils demandaient aide et protection.<\/p>\t<\/div>\n\n\t<\/div>\n<!-- \/module box -->\n<!-- .themify_builder .box-2661-2-0-0 Style -->\n<style>\n.themify_builder .box-2661-2-0-0.module-box {\n\ttext-align: justify\n}\n<\/style>\n<!-- End .themify_builder .box-2661-2-0-0 Style -->\n\n\t\t\t\t\t\t\t\t\t\n\t\t\t\t\t\t\t\t\t\t\t\t\t\t\t\t\t<\/div>\n\t\t\t\t\t\t\t\t<!-- \/col -->\n\t\t\t\t\t\t  \n\n\t\t\t\t\t\n\t\t\t\t\t\t\t\t\t\t\n\t\t\t\t\t\t\t\t\t\n\t\t\t\t<\/div>\n\t\t\t\t<!-- \/row_inner -->\n\t\t\t<\/div>\n\t\t\t<!-- \/module_row -->\n\t\t\t\n<\/div>\n<!-- \/themify_builder_content -->","protected":false},"excerpt":{"rendered":"<p>La Descente (wallon \u00ab\u00a0li d&rsquo;hind\u00eaye\u00a0\u00bb). Cette f\u00eate consistait \u00e0 descendre le fleuve \u00e0 la soir\u00e9e, depuis l&rsquo;endroit dit \u00ab\u00a0les fours \u00e0 chaux\u00a0\u00bb (\u00ab\u00a0li tchaf\u00e5r\u00a0\u00bb), sur des barques garnies de lampes v\u00e9nitiennes, en alternant les chants et les morceaux d&rsquo;harmonie. D&rsquo;immenses feux de joie (\u00ab\u00a0Blam\u00eayes\u00a0\u00bb) flambaient sur les monts avoisinants et en divers lieux de la [&hellip;]<\/p>\n","protected":false},"author":1,"featured_media":0,"parent":0,"menu_order":0,"comment_status":"closed","ping_status":"closed","template":"","meta":{"footnotes":""},"class_list":["post-2661","page","type-page","status-publish","hentry"],"_links":{"self":[{"href":"https:\/\/www.arbaletriers.be\/wordpress\/wp-json\/wp\/v2\/pages\/2661"}],"collection":[{"href":"https:\/\/www.arbaletriers.be\/wordpress\/wp-json\/wp\/v2\/pages"}],"about":[{"href":"https:\/\/www.arbaletriers.be\/wordpress\/wp-json\/wp\/v2\/types\/page"}],"author":[{"embeddable":true,"href":"https:\/\/www.arbaletriers.be\/wordpress\/wp-json\/wp\/v2\/users\/1"}],"replies":[{"embeddable":true,"href":"https:\/\/www.arbaletriers.be\/wordpress\/wp-json\/wp\/v2\/comments?post=2661"}],"version-history":[{"count":0,"href":"https:\/\/www.arbaletriers.be\/wordpress\/wp-json\/wp\/v2\/pages\/2661\/revisions"}],"wp:attachment":[{"href":"https:\/\/www.arbaletriers.be\/wordpress\/wp-json\/wp\/v2\/media?parent=2661"}],"curies":[{"name":"wp","href":"https:\/\/api.w.org\/{rel}","templated":true}]}}