{"id":2663,"date":"2015-02-14T13:23:05","date_gmt":"2015-02-14T12:23:05","guid":{"rendered":"http:\/\/www.arbaletriers.be\/wordpress\/?page_id=2663"},"modified":"2024-02-20T11:03:54","modified_gmt":"2024-02-20T10:03:54","slug":"rites-et-coutumes-fete-patronale","status":"publish","type":"page","link":"https:\/\/www.arbaletriers.be\/wordpress\/rites-et-coutumes-fete-patronale\/","title":{"rendered":"Rites et Coutumes &#8211; F\u00eate Patronale"},"content":{"rendered":"<div id=\"themify_builder_content-2663\" data-postid=\"2663\" class=\"themify_builder_content themify_builder_content-2663 themify_builder themify_builder_front\">\n\t\t\t\t\n\t\t\t<!-- module_row -->\n\t\t\t<div class=\"themify_builder_row module_row module_row_0 clearfix\" >\n\n\t\t\t\t<div class=\"row_inner\">\n\n\t\t\t\t\t\n\t\t\t\t\t\n\t\t\t\t\t\n\t\t\t\t\t\n\t\t\t\t\t\t\t\t<div class=\"col-full first tb-column\">\n\t\t\t\t\t\t\t\t\t\t\t\t\t\t\t\t\t\t\t\n\t\t\t\t\t\t\t\t\t\t\n<!-- module box -->\n<div id=\"box-2663-0-0-0\" class=\"module module-box box-2663-0-0-0 \">\n\t\t\n\t\t\n\t<div class=\"module-box-content ui rounded gradient default  \">\n\t\t<p>La f\u00eate Patronale se d\u00e9roule le dimanche suivant le vingt-trois avril, et commence d\u00e8s l\u2019aube par une des coutumes les plus impressionnantes du folklore vis\u00e9tois. Il faut regretter pourtant qu\u2019elle soit souvent totalement inconnue des \u00e9trangers: cela est d\u00fb \u00e0 l\u2019heure tr\u00e8s matinale \u00e0 laquelle elle a lieu.<\/p><p>Il s\u2019agit du r\u00e9veil : au lever du soleil, le corps des tambours traverse la ville d\u2019un pas lent et cadenc\u00e9. Inlassablement, nos tabeurs frappent leurs instruments dont le rythme martial rompt le silence de la nuit. Cette coutume symbolise l\u2019appel aux armes et la vigilance des guetteurs : les roulements engendrent une impression envo\u00fbtante, ils apportent aux habitants une esp\u00e8ce de r\u00e9confort, rappelant le z\u00e8le des anc\u00eatres jadis charg\u00e9s de veiller \u00e0 la s\u00e9curit\u00e9 de la ville. Vis\u00e9 tout enti\u00e8re retentit du bruit des pas et des tambours.<\/p>\t<\/div>\n\n\t<\/div>\n<!-- \/module box -->\n<!-- .themify_builder .box-2663-0-0-0 Style -->\n<style>\n.themify_builder .box-2663-0-0-0.module-box {\n\ttext-align: justify\n}\n<\/style>\n<!-- End .themify_builder .box-2663-0-0-0 Style -->\n\n\t\t\t\t\t\t\t\t\t\n\t\t\t\t\t\t\t\t\t\t\t\t\t\t\t\t\t<\/div>\n\t\t\t\t\t\t\t\t<!-- \/col -->\n\t\t\t\t\t\t  \n\n\t\t\t\t\t\n\t\t\t\t\t\t\t\t\t\t\n\t\t\t\t\t\t\t\t\t\n\t\t\t\t<\/div>\n\t\t\t\t<!-- \/row_inner -->\n\t\t\t<\/div>\n\t\t\t<!-- \/module_row -->\n\t\t\t\n\t\t\t\n\t\t\t<!-- module_row -->\n\t\t\t<div class=\"themify_builder_row module_row module_row_1 clearfix\" >\n\n\t\t\t\t<div class=\"row_inner\">\n\n\t\t\t\t\t\n\t\t\t\t\t\n\t\t\t\t\t\n\t\t\t\t\t\n\t\t\t\t\t\t\t\t<div class=\"col-full first tb-column\">\n\t\t\t\t\t\t\t\t\t\t\t\t\t\t\t\t\t\t\t\n\t\t\t\t\t\t\t\t\t\t\n<!-- module box -->\n<div id=\"box-2663-1-0-0\" class=\"module module-box box-2663-1-0-0 \">\n\t\t\n\t\t\n\t<div class=\"module-box-content ui rounded gradient default  \">\n\t\t<p><img decoding=\"async\" class=\" alignleft\" src=\"\/photos\/portedrapeau.jpg\" alt=\"Rentr\u00e9 \u00e0 l'Eglise au pas rituel\" align=\"right\" border=\"0\" hspace=\"30\" vspace=\"15\" \/>L\u2019heure matinale n\u2019emp\u00eache pas les vis\u00e9tois de se lever au passage des tambours. Se penchant \u00e0 leurs fen\u00eatres, ils manifestent leur sympathie aux Arbal\u00e9triers et leur signifient qu\u2019ils ont bien accompli leur mission. La cit\u00e9 est pr\u00eate \u00e0 c\u00e9l\u00e9brer Saint Georges. La r\u00e9union au local a lieu traditionnellement \u00e0 8h45: un peu avant, les tambours traverseront la ville une seconde fois afin de convier les membres au rassemblement.<\/p>\n<p>A l\u2019heure pr\u00e9vue, le cort\u00e8ge se met en marche. Le Roy, le G\u00e9n\u00e9ral Pr\u00e9sident et les porteurs d\u2019\u00e9tendards se joindront \u00e0 la compagnie au passage de celle-ci.<\/p>\n\t<\/div>\n\n\t<\/div>\n<!-- \/module box -->\n<!-- .themify_builder .box-2663-1-0-0 Style -->\n<style>\n.themify_builder .box-2663-1-0-0.module-box {\n\ttext-align: justify\n}\n<\/style>\n<!-- End .themify_builder .box-2663-1-0-0 Style -->\n\n\t\t\t\t\t\t\t\t\t\n\t\t\t\t\t\t\t\t\t\t\t\t\t\t\t\t\t<\/div>\n\t\t\t\t\t\t\t\t<!-- \/col -->\n\t\t\t\t\t\t  \n\n\t\t\t\t\t\n\t\t\t\t\t\t\t\t\t\t\n\t\t\t\t\t\t\t\t\t\n\t\t\t\t<\/div>\n\t\t\t\t<!-- \/row_inner -->\n\t\t\t<\/div>\n\t\t\t<!-- \/module_row -->\n\t\t\t\n\t\t\t\n\t\t\t<!-- module_row -->\n\t\t\t<div class=\"themify_builder_row module_row module_row_2 clearfix\" >\n\n\t\t\t\t<div class=\"row_inner\">\n\n\t\t\t\t\t\n\t\t\t\t\t\n\t\t\t\t\t\n\t\t\t\t\t\n\t\t\t\t\t\t\t\t<div class=\"col-full first tb-column\">\n\t\t\t\t\t\t\t\t\t\t\t\t\t\t\t\t\t\t\t\n\t\t\t\t\t\t\t\t\t\t\n<!-- module box -->\n<div id=\"box-2663-2-0-0\" class=\"module module-box box-2663-2-0-0 \">\n\t\t\n\t\t\n\t<div class=\"module-box-content ui rounded gradient default  \">\n\t\t<p><img decoding=\"async\" class=\" alignleft\" src=\"\/photos\/rentreealeglise.jpg\" alt=\"Rentr\u00e9 \u00e0 l'Eglise au pas rituel\" \/>Apr\u00e8s cette premi\u00e8re promenade, la gilde r\u00e9int\u00e9grera le quartier o\u00f9 elle attendra le moment d\u2019assister \u00e0 l\u2019office religieux. La participation \u00e0 cet office est sans conteste la c\u00e9r\u00e9monie la plus belle et la plus caract\u00e9ristique, tant par son originalit\u00e9 que par son caract\u00e8re grandiose.<\/p>\n<p>En cort\u00e8ge, les Arbal\u00e9triers se rendent \u00e0 la Coll\u00e9giale o\u00f9 une assistance nombreuse les attend. Tout est pr\u00e9par\u00e9 pour leur arriv\u00e9e. Lentement, les membres p\u00e9n\u00e8trent dans l\u2019\u00e9glise. Les officiers et les tambours occupent le choeur, les cadets et les aspirants, les premi\u00e8res rang\u00e9es de chaises.<\/p>\n<p>Une des nefs lat\u00e9rales est r\u00e9serv\u00e9e \u00e0 l\u2019harmonie. L\u2019all\u00e9e centrale est tapiss\u00e9e de fleurs, la statue de Saint Georges, le Roy et leurs escortes respectives s\u2019y installeront : un prie-Dieu est r\u00e9serv\u00e9 au Roy.<\/p>\n\t<\/div>\n\n\t<\/div>\n<!-- \/module box -->\n<!-- .themify_builder .box-2663-2-0-0 Style -->\n<style>\n.themify_builder .box-2663-2-0-0.module-box {\n\ttext-align: justify\n}\n<\/style>\n<!-- End .themify_builder .box-2663-2-0-0 Style -->\n\n\t\t\t\t\t\t\t\t\t\n\t\t\t\t\t\t\t\t\t\t\t\t\t\t\t\t\t<\/div>\n\t\t\t\t\t\t\t\t<!-- \/col -->\n\t\t\t\t\t\t  \n\n\t\t\t\t\t\n\t\t\t\t\t\t\t\t\t\t\n\t\t\t\t\t\t\t\t\t\n\t\t\t\t<\/div>\n\t\t\t\t<!-- \/row_inner -->\n\t\t\t<\/div>\n\t\t\t<!-- \/module_row -->\n\t\t\t\n<\/div>\n<!-- \/themify_builder_content -->","protected":false},"excerpt":{"rendered":"<p>La f\u00eate Patronale se d\u00e9roule le dimanche suivant le vingt-trois avril, et commence d\u00e8s l\u2019aube par une des coutumes les plus impressionnantes du folklore vis\u00e9tois. Il faut regretter pourtant qu\u2019elle soit souvent totalement inconnue des \u00e9trangers: cela est d\u00fb \u00e0 l\u2019heure tr\u00e8s matinale \u00e0 laquelle elle a lieu.Il s\u2019agit du r\u00e9veil : au lever du [&hellip;]<\/p>\n","protected":false},"author":1,"featured_media":0,"parent":0,"menu_order":0,"comment_status":"closed","ping_status":"closed","template":"","meta":{"footnotes":""},"class_list":["post-2663","page","type-page","status-publish","hentry"],"_links":{"self":[{"href":"https:\/\/www.arbaletriers.be\/wordpress\/wp-json\/wp\/v2\/pages\/2663"}],"collection":[{"href":"https:\/\/www.arbaletriers.be\/wordpress\/wp-json\/wp\/v2\/pages"}],"about":[{"href":"https:\/\/www.arbaletriers.be\/wordpress\/wp-json\/wp\/v2\/types\/page"}],"author":[{"embeddable":true,"href":"https:\/\/www.arbaletriers.be\/wordpress\/wp-json\/wp\/v2\/users\/1"}],"replies":[{"embeddable":true,"href":"https:\/\/www.arbaletriers.be\/wordpress\/wp-json\/wp\/v2\/comments?post=2663"}],"version-history":[{"count":1,"href":"https:\/\/www.arbaletriers.be\/wordpress\/wp-json\/wp\/v2\/pages\/2663\/revisions"}],"predecessor-version":[{"id":11909,"href":"https:\/\/www.arbaletriers.be\/wordpress\/wp-json\/wp\/v2\/pages\/2663\/revisions\/11909"}],"wp:attachment":[{"href":"https:\/\/www.arbaletriers.be\/wordpress\/wp-json\/wp\/v2\/media?parent=2663"}],"curies":[{"name":"wp","href":"https:\/\/api.w.org\/{rel}","templated":true}]}}