{"id":2666,"date":"2015-02-14T13:23:29","date_gmt":"2015-02-14T12:23:29","guid":{"rendered":"http:\/\/www.arbaletriers.be\/wordpress\/?page_id=2666"},"modified":"2015-06-23T15:48:49","modified_gmt":"2015-06-23T14:48:49","slug":"rites-et-coutumes-offrande","status":"publish","type":"page","link":"https:\/\/www.arbaletriers.be\/wordpress\/rites-et-coutumes-offrande\/","title":{"rendered":"Rites et Coutumes &#8211; Offrande"},"content":{"rendered":"<div id=\"themify_builder_content-2666\" data-postid=\"2666\" class=\"themify_builder_content themify_builder_content-2666 themify_builder themify_builder_front\">\n\t\t\t\t\n\t\t\t<!-- module_row -->\n\t\t\t<div class=\"themify_builder_row module_row module_row_0 clearfix\" >\n\n\t\t\t\t<div class=\"row_inner\">\n\n\t\t\t\t\t\n\t\t\t\t\t\n\t\t\t\t\t\n\t\t\t\t\t\n\t\t\t\t\t\t\t\t<div class=\"col-full first tb-column\">\n\t\t\t\t\t\t\t\t\t\t\t\t\t\t\t\t\t\t\t\n\t\t\t\t\t\t\t\t\t\t\n<!-- module box -->\n<div id=\"box-2666-0-0-0\" class=\"module module-box box-2666-0-0-0 \">\n\t\t\n\t\t\n\t<div class=\"module-box-content ui rounded gradient default  \">\n\t\t<p>L&rsquo;assistance est plong\u00e9e dans le plus profond silence. Brusquement, la voix du chef interrompt ce silence \u00ab\u00a0Compagnie, garde \u00e0 vous ! Compagnie, en avant marche ! \u00ab\u00a0. A ces mots, la fanfare entame l&rsquo;air traditionnel et, chaque Arbal\u00e9trier esquisse sur place un pas gliss\u00e9 qui pr\u00e9sente une certaine ressemblance avec celui qui caract\u00e9rise la procession d&rsquo;Echternach.<\/p><p>Ensuite, la marche proprement dite commence : progressivement, les premiers rangs avancent avec une lenteur grave et solennelle. Bient\u00f4t, empreinte d&rsquo;un parfait mouvement chor\u00e9graphique, toute la compagnie d\u00e9file par le choeur et par une nef lat\u00e9rale.<\/p>\t<\/div>\n\n\t<\/div>\n<!-- \/module box -->\n<!-- .themify_builder .box-2666-0-0-0 Style -->\n<style>\n.themify_builder .box-2666-0-0-0.module-box {\n\ttext-align: justify\n}\n<\/style>\n<!-- End .themify_builder .box-2666-0-0-0 Style -->\n\n\t\t\t\t\t\t\t\t\t\n\t\t\t\t\t\t\t\t\t\t\t\t\t\t\t\t\t<\/div>\n\t\t\t\t\t\t\t\t<!-- \/col -->\n\t\t\t\t\t\t  \n\n\t\t\t\t\t\n\t\t\t\t\t\t\t\t\t\t\n\t\t\t\t\t\t\t\t\t\n\t\t\t\t<\/div>\n\t\t\t\t<!-- \/row_inner -->\n\t\t\t<\/div>\n\t\t\t<!-- \/module_row -->\n\t\t\t\n\t\t\t\n\t\t\t<!-- module_row -->\n\t\t\t<div class=\"themify_builder_row module_row module_row_1 clearfix\" >\n\n\t\t\t\t<div class=\"row_inner\">\n\n\t\t\t\t\t\n\t\t\t\t\t\n\t\t\t\t\t\n\t\t\t\t\t\n\t\t\t\t\t\t\t\t<div class=\"col-full first tb-column\">\n\t\t\t\t\t\t\t\t\t\t\t\t\t\t\t\t\t\t\t\n\t\t\t\t\t\t\t\t\t\t\n<!-- module box -->\n<div id=\"box-2666-1-0-0\" class=\"module module-box box-2666-1-0-0 \">\n\t\t\n\t\t\n\t<div class=\"module-box-content ui rounded gradient default  \">\n\t\t<p>Chaque confr\u00e8re regagne ensuite sa place : jusqu&rsquo;\u00e0 ce que tout soit rentr\u00e9 dans l&rsquo;ordre, chacun continuera d&rsquo;ex\u00e9cuter ce fameux pas qui fait la beaut\u00e9 de l&rsquo;ensemble. Le caract\u00e8re religieux qui impr\u00e8gne les diff\u00e9rentes compagnies vis\u00e9toises est tr\u00e8s ancien. L&rsquo;acte le plus ancien de la compagnie des Arbal\u00e9triers (17 mai 1501) fait allusion \u00e0 la procession du Saint Sacrement auquel elle avait l&rsquo;habitude de participer.<\/p><p>Les quelques r\u00e8glements que nous avons conserv\u00e9s stipulent aussi que les confr\u00e8res \u00e9taient tenus d&rsquo;assister \u00e0 la Messe Saint Georges : l&rsquo;origine de l&rsquo;offrande se perd donc dans la nuit des temps : il est probable qu&rsquo;elle \u00e9tait assez semblable \u00e0 ce qu&rsquo;elle est aujourd&rsquo;hui.<\/p>\t<\/div>\n\n\t<\/div>\n<!-- \/module box -->\n<!-- .themify_builder .box-2666-1-0-0 Style -->\n<style>\n.themify_builder .box-2666-1-0-0.module-box {\n\ttext-align: justify\n}\n<\/style>\n<!-- End .themify_builder .box-2666-1-0-0 Style -->\n\n\t\t\t\t\t\t\t\t\t\n\t\t\t\t\t\t\t\t\t\t\t\t\t\t\t\t\t<\/div>\n\t\t\t\t\t\t\t\t<!-- \/col -->\n\t\t\t\t\t\t  \n\n\t\t\t\t\t\n\t\t\t\t\t\t\t\t\t\t\n\t\t\t\t\t\t\t\t\t\n\t\t\t\t<\/div>\n\t\t\t\t<!-- \/row_inner -->\n\t\t\t<\/div>\n\t\t\t<!-- \/module_row -->\n\t\t\t\n<\/div>\n<!-- \/themify_builder_content -->","protected":false},"excerpt":{"rendered":"<p>L&rsquo;assistance est plong\u00e9e dans le plus profond silence. Brusquement, la voix du chef interrompt ce silence \u00ab\u00a0Compagnie, garde \u00e0 vous ! Compagnie, en avant marche ! \u00ab\u00a0. A ces mots, la fanfare entame l&rsquo;air traditionnel et, chaque Arbal\u00e9trier esquisse sur place un pas gliss\u00e9 qui pr\u00e9sente une certaine ressemblance avec celui qui caract\u00e9rise la procession [&hellip;]<\/p>\n","protected":false},"author":1,"featured_media":0,"parent":0,"menu_order":0,"comment_status":"closed","ping_status":"closed","template":"","meta":{"footnotes":""},"class_list":["post-2666","page","type-page","status-publish","hentry"],"_links":{"self":[{"href":"https:\/\/www.arbaletriers.be\/wordpress\/wp-json\/wp\/v2\/pages\/2666"}],"collection":[{"href":"https:\/\/www.arbaletriers.be\/wordpress\/wp-json\/wp\/v2\/pages"}],"about":[{"href":"https:\/\/www.arbaletriers.be\/wordpress\/wp-json\/wp\/v2\/types\/page"}],"author":[{"embeddable":true,"href":"https:\/\/www.arbaletriers.be\/wordpress\/wp-json\/wp\/v2\/users\/1"}],"replies":[{"embeddable":true,"href":"https:\/\/www.arbaletriers.be\/wordpress\/wp-json\/wp\/v2\/comments?post=2666"}],"version-history":[{"count":0,"href":"https:\/\/www.arbaletriers.be\/wordpress\/wp-json\/wp\/v2\/pages\/2666\/revisions"}],"wp:attachment":[{"href":"https:\/\/www.arbaletriers.be\/wordpress\/wp-json\/wp\/v2\/media?parent=2666"}],"curies":[{"name":"wp","href":"https:\/\/api.w.org\/{rel}","templated":true}]}}