{"id":2668,"date":"2015-02-14T13:24:05","date_gmt":"2015-02-14T12:24:05","guid":{"rendered":"http:\/\/www.arbaletriers.be\/wordpress\/?page_id=2668"},"modified":"2024-02-20T11:05:38","modified_gmt":"2024-02-20T10:05:38","slug":"rites-et-coutumes-fete-dete","status":"publish","type":"page","link":"https:\/\/www.arbaletriers.be\/wordpress\/rites-et-coutumes-fete-dete\/","title":{"rendered":"Rites et Coutumes &#8211; F\u00eate d&rsquo;\u00e9t\u00e9"},"content":{"rendered":"<div id=\"themify_builder_content-2668\" data-postid=\"2668\" class=\"themify_builder_content themify_builder_content-2668 themify_builder themify_builder_front\">\n\t\t\t\t\n\t\t\t<!-- module_row -->\n\t\t\t<div class=\"themify_builder_row module_row module_row_0 clearfix\" >\n\n\t\t\t\t<div class=\"row_inner\">\n\n\t\t\t\t\t\n\t\t\t\t\t\n\t\t\t\t\t\n\t\t\t\t\t\n\t\t\t\t\t\t\t\t<div class=\"col-full first tb-column\">\n\t\t\t\t\t\t\t\t\t\t\t\t\t\t\t\t\t\t\t\n\t\t\t\t\t\t\t\t\t\t\n<!-- module box -->\n<div id=\"box-2668-0-0-0\" class=\"module module-box box-2668-0-0-0 \">\n\t\t\n\t\t\n\t<div class=\"module-box-content ui rounded gradient default  \">\n\t\t<p>Le second dimanche d&rsquo;Ao\u00fbt, Vis\u00e9 conna\u00eet de nouvelles festivit\u00e9s : les Arbal\u00e9triers c\u00e9l\u00e8brent leur f\u00eate d&rsquo;\u00e9t\u00e9. Jadis, la compagnie se r\u00e9unissait le jour de la F\u00eate-Dieu. Suite \u00e0 l&rsquo;incident \u00e9voqu\u00e9 ci-dessus les c\u00e9r\u00e9monies furent report\u00e9es au lundi suivant cette date : ce fut le cas pendant tout le dix-neuvi\u00e8me si\u00e8cle.<\/p><p>La f\u00eate d&rsquo;\u00e9t\u00e9 fut ensuite replac\u00e9e le 2\u00e8me dimanche de juillet, puis le 2\u00e8me dimanche d&rsquo;ao\u00f9t comme c&rsquo;est le cas actuellement. Le programme de l&rsquo;avant-midi est le m\u00eame que celui de la f\u00eate Patronale : la compagnie sort en cort\u00e8ge et assiste \u00e0 la messe traditionnelle. L&rsquo;apr\u00e8s-midi, on organise le tir du Roy, qui selon la tradition, est une r\u00e9miniscence des f\u00eates auxquelles particip\u00e8rent le duc d&rsquo;Albe et la princesse Marguerite.<\/p><p>Le vainqueur du tir est proclam\u00e9 ROY : il y a un Roy des cadets et un Roy des a\u00een\u00e9s. Tous deux: seront fleuris, et ils conduiront le cort\u00e8ge qui succ\u00e8de habituellement au concours. De plus, en d\u00e9but de soir\u00e9e, nos deux Roys auront l&rsquo;honneur d&rsquo;ouvrir le d\u00e9fil\u00e9 de couples qui porte le nom de \u00ab\u00a0gasse\u00a0\u00bb. Le gasse a lieu un peu avant la tomb\u00e9e de la nuit: il prom\u00e8ne les couples \u00e0 travers toutes les rues de la ville.<\/p><p>Quelques membres du corps des tambours pr\u00e9c\u00e8dent le cort\u00e8ge lui-m\u00eame, et, de leurs instruments, ils marquent la cadence. Viennent ensuite les cadets qui d\u00e9filent au bras d&rsquo;une jeune compagne de leur choix. Le Roy des a\u00een\u00e9s pr\u00e9c\u00e8de enfin, au bras de sa cavali\u00e8re, le d\u00e9fil\u00e9 des adultes au sein duquel les dames rivalisent de coquetterie.<\/p>\t<\/div>\n\n\t<\/div>\n<!-- \/module box -->\n<!-- .themify_builder .box-2668-0-0-0 Style -->\n<style>\n.themify_builder .box-2668-0-0-0.module-box {\n\ttext-align: justify\n}\n<\/style>\n<!-- End .themify_builder .box-2668-0-0-0 Style -->\n\n\t\t\t\t\t\t\t\t\t\n\t\t\t\t\t\t\t\t\t\t\t\t\t\t\t\t\t<\/div>\n\t\t\t\t\t\t\t\t<!-- \/col -->\n\t\t\t\t\t\t  \n\n\t\t\t\t\t\n\t\t\t\t\t\t\t\t\t\t\n\t\t\t\t\t\t\t\t\t\n\t\t\t\t<\/div>\n\t\t\t\t<!-- \/row_inner -->\n\t\t\t<\/div>\n\t\t\t<!-- \/module_row -->\n\t\t\t\n\t\t\t\n\t\t\t<!-- module_row -->\n\t\t\t<div class=\"themify_builder_row module_row module_row_1 clearfix\" >\n\n\t\t\t\t<div class=\"row_inner\">\n\n\t\t\t\t\t\n\t\t\t\t\t\n\t\t\t\t\t\n\t\t\t\t\t\n\t\t\t\t\t\t\t\t<div class=\"col-full first tb-column\">\n\t\t\t\t\t\t\t\t\t\t\t\t\t\t\t\t\t\t\t\n\t\t\t\t\t\t\t\t\t\t\n<!-- module box -->\n<div id=\"box-2668-1-0-0\" class=\"module module-box box-2668-1-0-0 \">\n\t\t\n\t\t\n\t<div class=\"module-box-content ui rounded gradient default  \">\n\t\t<p><img decoding=\"async\" class=\" aligncenter\" src=\"\/photos\/cramignon.jpg\" alt=\"Cramignon\" \/><\/p>\n\t<\/div>\n\n\t<\/div>\n<!-- \/module box -->\n<!-- .themify_builder .box-2668-1-0-0 Style -->\n<style>\n.themify_builder .box-2668-1-0-0.module-box {\n\ttext-align: justify\n}\n<\/style>\n<!-- End .themify_builder .box-2668-1-0-0 Style -->\n\n\t\t\t\t\t\t\t\t\t\n\t\t\t\t\t\t\t\t\t\t\t\t\t\t\t\t\t<\/div>\n\t\t\t\t\t\t\t\t<!-- \/col -->\n\t\t\t\t\t\t  \n\n\t\t\t\t\t\n\t\t\t\t\t\t\t\t\t\t\n\t\t\t\t\t\t\t\t\t\n\t\t\t\t<\/div>\n\t\t\t\t<!-- \/row_inner -->\n\t\t\t<\/div>\n\t\t\t<!-- \/module_row -->\n\t\t\t\n\t\t\t\n\t\t\t<!-- module_row -->\n\t\t\t<div class=\"themify_builder_row module_row module_row_2 clearfix\" >\n\n\t\t\t\t<div class=\"row_inner\">\n\n\t\t\t\t\t\n\t\t\t\t\t\n\t\t\t\t\t\n\t\t\t\t\t\n\t\t\t\t\t\t\t\t<div class=\"col-full first tb-column\">\n\t\t\t\t\t\t\t\t\t\t\t\t\t\t\t\t\t\t\t\n\t\t\t\t\t\t\t\t\t\t\n<!-- module box -->\n<div id=\"box-2668-2-0-0\" class=\"module module-box box-2668-2-0-0 \">\n\t\t\n\t\t\n\t<div class=\"module-box-content ui rounded gradient default  \">\n\t\t<p>Apr\u00e8s avoir parcouru les art\u00e8res principales de Vis\u00e9, le cort\u00e8ge regagne le local et s\u2019organise le cramignon : farandole traditionnelle, \u00e0 laquelle les Arbal\u00e9triers et Arbal\u00e8tri\u00e8res participent sans aucune disctinction de grade. La journ\u00e9e se cl\u00f4ture par un bal<\/p>\n\t<\/div>\n\n\t<\/div>\n<!-- \/module box -->\n<!-- .themify_builder .box-2668-2-0-0 Style -->\n<style>\n.themify_builder .box-2668-2-0-0.module-box {\n\ttext-align: justify\n}\n<\/style>\n<!-- End .themify_builder .box-2668-2-0-0 Style -->\n\n\t\t\t\t\t\t\t\t\t\n\t\t\t\t\t\t\t\t\t\t\t\t\t\t\t\t\t<\/div>\n\t\t\t\t\t\t\t\t<!-- \/col -->\n\t\t\t\t\t\t  \n\n\t\t\t\t\t\n\t\t\t\t\t\t\t\t\t\t\n\t\t\t\t\t\t\t\t\t\n\t\t\t\t<\/div>\n\t\t\t\t<!-- \/row_inner -->\n\t\t\t<\/div>\n\t\t\t<!-- \/module_row -->\n\t\t\t\n<\/div>\n<!-- \/themify_builder_content -->","protected":false},"excerpt":{"rendered":"<p>Le second dimanche d&rsquo;Ao\u00fbt, Vis\u00e9 conna\u00eet de nouvelles festivit\u00e9s : les Arbal\u00e9triers c\u00e9l\u00e8brent leur f\u00eate d&rsquo;\u00e9t\u00e9. Jadis, la compagnie se r\u00e9unissait le jour de la F\u00eate-Dieu. Suite \u00e0 l&rsquo;incident \u00e9voqu\u00e9 ci-dessus les c\u00e9r\u00e9monies furent report\u00e9es au lundi suivant cette date : ce fut le cas pendant tout le dix-neuvi\u00e8me si\u00e8cle.La f\u00eate d&rsquo;\u00e9t\u00e9 fut ensuite replac\u00e9e [&hellip;]<\/p>\n","protected":false},"author":1,"featured_media":0,"parent":0,"menu_order":0,"comment_status":"closed","ping_status":"closed","template":"","meta":{"footnotes":""},"class_list":["post-2668","page","type-page","status-publish","hentry"],"_links":{"self":[{"href":"https:\/\/www.arbaletriers.be\/wordpress\/wp-json\/wp\/v2\/pages\/2668"}],"collection":[{"href":"https:\/\/www.arbaletriers.be\/wordpress\/wp-json\/wp\/v2\/pages"}],"about":[{"href":"https:\/\/www.arbaletriers.be\/wordpress\/wp-json\/wp\/v2\/types\/page"}],"author":[{"embeddable":true,"href":"https:\/\/www.arbaletriers.be\/wordpress\/wp-json\/wp\/v2\/users\/1"}],"replies":[{"embeddable":true,"href":"https:\/\/www.arbaletriers.be\/wordpress\/wp-json\/wp\/v2\/comments?post=2668"}],"version-history":[{"count":1,"href":"https:\/\/www.arbaletriers.be\/wordpress\/wp-json\/wp\/v2\/pages\/2668\/revisions"}],"predecessor-version":[{"id":11911,"href":"https:\/\/www.arbaletriers.be\/wordpress\/wp-json\/wp\/v2\/pages\/2668\/revisions\/11911"}],"wp:attachment":[{"href":"https:\/\/www.arbaletriers.be\/wordpress\/wp-json\/wp\/v2\/media?parent=2668"}],"curies":[{"name":"wp","href":"https:\/\/api.w.org\/{rel}","templated":true}]}}