{"id":2672,"date":"2015-02-14T13:24:59","date_gmt":"2015-02-14T12:24:59","guid":{"rendered":"http:\/\/www.arbaletriers.be\/wordpress\/?page_id=2672"},"modified":"2024-02-20T10:29:37","modified_gmt":"2024-02-20T09:29:37","slug":"saint-georges","status":"publish","type":"page","link":"https:\/\/www.arbaletriers.be\/wordpress\/saint-georges\/","title":{"rendered":"Saint-Georges"},"content":{"rendered":"<div id=\"themify_builder_content-2672\" data-postid=\"2672\" class=\"themify_builder_content themify_builder_content-2672 themify_builder themify_builder_front\">\n\t\t\t\t\n\t\t\t<!-- module_row -->\n\t\t\t<div class=\"themify_builder_row module_row module_row_0 clearfix\" >\n\n\t\t\t\t<div class=\"row_inner\">\n\n\t\t\t\t\t\n\t\t\t\t\t\n\t\t\t\t\t\n\t\t\t\t\t\n\t\t\t\t\t\t\t\t<div class=\"col-full first tb-column\">\n\t\t\t\t\t\t\t\t\t\t\t\t\t\t\t\t\t\t\t\n\t\t\t\t\t\t\t\t\t\t\n<!-- module box -->\n<div id=\"box-2672-0-0-0\" class=\"module module-box box-2672-0-0-0 \">\n\t\t\n\t\t\n\t<div class=\"module-box-content ui rounded gradient default  \">\n\t\t<p><img decoding=\"async\" class=\" alignleft\" src=\"\/photos\/stgeorges-face.jpg\" alt=\"\" align=\"left\" border=\"0\" hspace=\"30\" vspace=\"15\" \/>C\u2019est en l\u2019ann\u00e9e 1776 que la Compagnie fit ex\u00e9cuter par le sculteur Delcommune<b>*<\/b> de Maestricht une merveilleuse statue \u00e9questre de Saint Georges terrassant le dragon, statue qu\u2019elle escorte encore de nos jours, lors des grands cort\u00e8ges, o\u00f9 elle tient une place d\u2019honneur, port\u00e9e par des jeunes Arbal\u00e9triers (Aspirants) et entour\u00e9e de quatre \u00e9tendards en soie bleue broch\u00e9e. La Compagnie Royale des Anciens Arbal\u00e9triers Vis\u00e9tois est en effet plac\u00e9e sous l\u2019\u00e9gide et le patronage de Saint Georges.<\/p>\n<p>Cette statue a \u00e9t\u00e9 r\u00e9alis\u00e9e en tilleul polychrome et a subi, au cours des si\u00e8cles, diverses transformations et restaurations. H\u00e9las, cette perle de l\u2019\u00e9cole li\u00e9geoise du XVIll\u00e8me si\u00e8cle est devenue de plus en plus fragile. L\u2019exposer aux intemp\u00e9ries constituait un risque majeur que les Arbal\u00e9triers ne voulurent plus courir. Aussi d\u00e9cid\u00e8rent-ils de ne plus escorter celui que nos a\u00een\u00e9s appellent \u00ab\u00a0LI V\u00cf SINT DJ\u00d4R\u00a0\u00bb.<\/p>\n<p>En 1988 les Arbal\u00e9triers Vis\u00e9tois command\u00e8rent au sculteur anversois Jeff Meuldermans une copie de leur antique statue. Depuis cette ann\u00e9e-l\u00e0, l\u2019ancienne statue est expos\u00e9e au mus\u00e9e de la Compagnie, tandis que la nouvelle, qui est traditionnellement conserv\u00e9e chez le G\u00e9n\u00e9ral Pr\u00e9sident, parcourt encore les rues de la cit\u00e9 lors des deux f\u00eates traditionnelles.<\/p>\n<p><b>*<\/b> L\u2019artiste choisi fut DELCOMMUNE DE MAESTRICHT. L\u2019\u0153uvre fut termin\u00e9e en 1776 (cfr. inscriptions d\u2019\u00e9poque \u00a0\u00bb DELCOMMUNE DE MAESTRICHT FECIT. ANNO 1776 \u00ab\u00a0)<\/p>\n\t<\/div>\n\n\t<\/div>\n<!-- \/module box -->\n<!-- .themify_builder .box-2672-0-0-0 Style -->\n<style>\n.themify_builder .box-2672-0-0-0.module-box {\n\ttext-align: justify\n}\n<\/style>\n<!-- End .themify_builder .box-2672-0-0-0 Style -->\n\n\n<!-- module box -->\n<div id=\"box-2672-0-0-1\" class=\"module module-box box-2672-0-0-1 \">\n\t\t\n\t\t\n\t<div class=\"module-box-content ui rounded gradient default  \">\n\t\t<p><strong><em>Renier Delcommune (Li\u00e8ge 1736-Maestricht 1814)<\/em><\/strong><\/p><p>Artiste li\u00e9geois qui a \u0153uvr\u00e9 dans l\u2019ancien duch\u00e9 de Limbourg de 1767 \u00e0 1784 puis, apr\u00e8s cette date,<br \/> a habit\u00e9 Maestricht jusqu\u2019\u00e0 sa mort en 1814.<br \/> Il est l\u2019auteur de la chaire de v\u00e9rit\u00e9 de l\u2019\u00e9glise Saint-Paul de Baelen-sur-Vesdre et de celle de Clermont-sur-Berwinne o\u00f9 il a \u00e9galement r\u00e9alis\u00e9 quatre confessionnaux en ch\u00eane assez monumentaux.<br \/> En 1786, il r\u00e9alise une statue \u00e9questre de Saint-Georges terrassant le dragon, pour les Arbal\u00e9triers de Vis\u00e9, et quelques ann\u00e9es plus tard une statue de Saint-Jean N\u00e9pomuc\u00e8ne, qui est conserv\u00e9e au Mus\u00e9e de l\u2019\u00e9glise Saint-Pierre d\u2019Oud-Rekem.<br \/> En 1783-1784, il ex\u00e9cute un retable monumental tr\u00e8s impressionnant par son ampleur et sa flamboyance.(4 m\u00e8tres de haut !) pour l\u2019\u00e9glise Saint-Etienne de Montzen. I<br \/> En 1790, il effectue la r\u00e9novation d\u2019un immeuble situ\u00e9 au 11 de la Stockstraat de Maestricht, en style<br \/> Louis XVI.<br \/> Toutes ces \u0153uvres attestent que le talent de Renier Delcommune pr\u00e9sentait diverses facettes telles que sculpture, \u00e9b\u00e9nisterie, peinture sur bois, architecture de r\u00e9novation. Notre statue de Saint-Georges constitue une belle illustration de son talent multiforme.<\/p>\t<\/div>\n\n\t<\/div>\n<!-- \/module box -->\n<!-- .themify_builder .box-2672-0-0-1 Style -->\n<style>\n.themify_builder .box-2672-0-0-1.module-box {\n\ttext-align: justify\n}\n<\/style>\n<!-- End .themify_builder .box-2672-0-0-1 Style -->\n\n\n<!-- module box -->\n<div id=\"box-2672-0-0-2\" class=\"module module-box box-2672-0-0-2 \">\n\t\t\n\t\t\n\t<div class=\"module-box-content ui rounded gradient default  \">\n\t\t<p><img decoding=\"async\" class=\" alignright\" src=\"\/photos\/big-stgeorges-dos.jpg\" alt=\"\" align=\"right\" border=\"0\" hspace=\"30\" vspace=\"15\" \/>Georges, Giorgio (ital.), Youri (russe) originaire du grec o\u00f9 il signifie agriculteur est un Saint l\u00e9gendaire produit par les \u00e9vangiles apocryphes.<\/p>\n<p>L\u2019histoire de son martyre fut rucus\u00e9e par l\u2019Eglise. Saint Georges cependant est le patron de l\u2019Angleterre,<br \/>\nde la Catalogne, de l\u2019Aragon et du Portugal son culte s\u2019\u00e9tend aussi en Gr\u00e8ce et en Russie. Il est aussi le patron des chevaliers, mais aussi des cavaliers en g\u00e9n\u00e9ral, des archers, des arbal\u00e9triers *, des armuriers, des selliers, des laboureurs sans compter les plumassiers et autres gardians camarguais. Le voil\u00e0 encore fondateur d\u2019ordres en tout genre, surtout militaires : la Jarreti\u00e8re, les chevaliers teutoniques, l\u2019ordre chevaleresque et militaire de Saint Georges et de l\u2019Arbal\u00e8te si cher aux Arbal\u00e9triers Vis\u00e9tois.<\/p>\n<p>* En ce qui nous concerne on a trouv\u00e9 dans un ancien registre de la compagnie des Arbal\u00e9triers Vis\u00e9tois une indication int\u00e9ressante datant du XVI\u00e8me si\u00e8cle et qui fait allusion \u00e0 la \u00a0\u00bb CONFRATERNITEIT SAINT GEORGES des ALBALESTRIERS de VISIET sur MOUSE \u00a0\u00bb<\/p>\n\t<\/div>\n\n\t<\/div>\n<!-- \/module box -->\n<!-- .themify_builder .box-2672-0-0-2 Style -->\n<style>\n.themify_builder .box-2672-0-0-2.module-box {\n\ttext-align: justify\n}\n<\/style>\n<!-- End .themify_builder .box-2672-0-0-2 Style -->\n\n\n<!-- module box -->\n<div id=\"box-2672-0-0-3\" class=\"module module-box box-2672-0-0-3 \">\n\t\t\n\t\t\n\t<div class=\"module-box-content ui rounded gradient default  \">\n\t\t<p>La l\u00e9gende \u2026<\/p>\n<p>Georges, officier de l\u2019ann\u00e9e romaine, n\u00e9 en Cappadoce chevauchait en armure lorsqu\u2019il parvint dans une ville de Lybie infest\u00e9e par un dragon \u00e0 l\u2019haleine pestinencielle. La fille du roi, d\u00e9sign\u00e9e par le sort allait lui \u00eatre livr\u00e9e. Georges, pour elle combattit le monstre, sorti de son antre. Mais avant de l\u2019exc\u00e9cuter, il l\u2019aurait au pr\u00e9alable fait apprivoiser par la princesse qui le tenait en laisse, tandis qu\u2019il engagait la foule \u00e0 se convertir massivement\u2026 Nombreux sont les Arbal\u00e9tri\u00e8res et les Arbal\u00e9triers vis\u00e9tois qui v\u00e9n\u00e8rent Saint Georges et qui poss\u00e8dent chez eux une ou plusieurs repr\u00e9sentation du Saint.<\/p>\n\t<\/div>\n\n\t<\/div>\n<!-- \/module box -->\n<!-- .themify_builder .box-2672-0-0-3 Style -->\n<style>\n.themify_builder .box-2672-0-0-3.module-box {\n\ttext-align: justify\n}\n<\/style>\n<!-- End .themify_builder .box-2672-0-0-3 Style -->\n\n\t\t\t\t\t\t\t\t\t\n\t\t\t\t\t\t\t\t\t\t\t\t\t\t\t\t\t<\/div>\n\t\t\t\t\t\t\t\t<!-- \/col -->\n\t\t\t\t\t\t  \n\n\t\t\t\t\t\n\t\t\t\t\t\t\t\t\t\t\n\t\t\t\t\t\t\t\t\t\n\t\t\t\t<\/div>\n\t\t\t\t<!-- \/row_inner -->\n\t\t\t<\/div>\n\t\t\t<!-- \/module_row -->\n\t\t\t\n<\/div>\n<!-- \/themify_builder_content -->","protected":false},"excerpt":{"rendered":"<p>C\u2019est en l\u2019ann\u00e9e 1776 que la Compagnie fit ex\u00e9cuter par le sculteur Delcommune* de Maestricht une merveilleuse statue \u00e9questre de Saint Georges terrassant le dragon, statue qu\u2019elle escorte encore de nos jours, lors des grands cort\u00e8ges, o\u00f9 elle tient une place d\u2019honneur, port\u00e9e par des jeunes Arbal\u00e9triers (Aspirants) et entour\u00e9e de quatre \u00e9tendards en soie [&hellip;]<\/p>\n","protected":false},"author":1,"featured_media":0,"parent":0,"menu_order":0,"comment_status":"closed","ping_status":"closed","template":"","meta":{"footnotes":""},"class_list":["post-2672","page","type-page","status-publish","hentry"],"_links":{"self":[{"href":"https:\/\/www.arbaletriers.be\/wordpress\/wp-json\/wp\/v2\/pages\/2672"}],"collection":[{"href":"https:\/\/www.arbaletriers.be\/wordpress\/wp-json\/wp\/v2\/pages"}],"about":[{"href":"https:\/\/www.arbaletriers.be\/wordpress\/wp-json\/wp\/v2\/types\/page"}],"author":[{"embeddable":true,"href":"https:\/\/www.arbaletriers.be\/wordpress\/wp-json\/wp\/v2\/users\/1"}],"replies":[{"embeddable":true,"href":"https:\/\/www.arbaletriers.be\/wordpress\/wp-json\/wp\/v2\/comments?post=2672"}],"version-history":[{"count":1,"href":"https:\/\/www.arbaletriers.be\/wordpress\/wp-json\/wp\/v2\/pages\/2672\/revisions"}],"predecessor-version":[{"id":11906,"href":"https:\/\/www.arbaletriers.be\/wordpress\/wp-json\/wp\/v2\/pages\/2672\/revisions\/11906"}],"wp:attachment":[{"href":"https:\/\/www.arbaletriers.be\/wordpress\/wp-json\/wp\/v2\/media?parent=2672"}],"curies":[{"name":"wp","href":"https:\/\/api.w.org\/{rel}","templated":true}]}}