{"id":2674,"date":"2015-02-14T13:25:36","date_gmt":"2015-02-14T12:25:36","guid":{"rendered":"http:\/\/www.arbaletriers.be\/wordpress\/?page_id=2674"},"modified":"2024-02-21T10:23:12","modified_gmt":"2024-02-21T09:23:12","slug":"tir-arbaletes","status":"publish","type":"page","link":"https:\/\/www.arbaletriers.be\/wordpress\/tir-arbaletes\/","title":{"rendered":"Tir &#8211; Arbal\u00e8tes"},"content":{"rendered":"<div id=\"themify_builder_content-2674\" data-postid=\"2674\" class=\"themify_builder_content themify_builder_content-2674 themify_builder themify_builder_front\">\n\t\t\t\t\n\t\t\t<!-- module_row -->\n\t\t\t<div class=\"themify_builder_row module_row module_row_0 clearfix\" >\n\n\t\t\t\t<div class=\"row_inner\">\n\n\t\t\t\t\t\n\t\t\t\t\t\n\t\t\t\t\t\n\t\t\t\t\t\n\t\t\t\t\t\t\t\t<div class=\"col-full first tb-column\">\n\t\t\t\t\t\t\t\t\t\t\t\t\t\t\t\t\t\t\t\n\t\t\t\t\t\t\t\t\t\t\n<!-- module box -->\n<div id=\"box-2674-0-0-0\" class=\"module module-box box-2674-0-0-0 \">\n\t\t\n\t\t\n\t<div class=\"module-box-content ui rounded gradient default  \">\n\t\t<p style=\"text-align: left;\"><strong>Arbal\u00e8tes utilis\u00e9es actuellement<\/strong><\/p><p style=\"text-align: left;\">Nous employons trois cat\u00e9gories d\u2019armes :<br \/>\u00a0 \u00a0 \u00a0 \u00a0-les armes d\u2019\u00e9paule<br \/>\u00a0 \u00a0 \u00a0 \u00a0-les armes \u00e0 contrepoids<br \/>\u00a0 \u00a0 \u00a0 \u00a0-les armes de type \u00ab field \u00bb<\/p>\t<\/div>\n\n\t<\/div>\n<!-- \/module box -->\n<!-- .themify_builder .box-2674-0-0-0 Style -->\n<style>\n.themify_builder .box-2674-0-0-0.module-box {\n\ttext-align: justify\n}\n<\/style>\n<!-- End .themify_builder .box-2674-0-0-0 Style -->\n\n\t\t\t\t\t\t\t\t\t\n\t\t\t\t\t\t\t\t\t\t\t\t\t\t\t\t\t<\/div>\n\t\t\t\t\t\t\t\t<!-- \/col -->\n\t\t\t\t\t\t  \n\n\t\t\t\t\t\n\t\t\t\t\t\t\t\t\t\t\n\t\t\t\t\t\t\t\t\t\n\t\t\t\t<\/div>\n\t\t\t\t<!-- \/row_inner -->\n\t\t\t<\/div>\n\t\t\t<!-- \/module_row -->\n\t\t\t\n\t\t\t\n\t\t\t<!-- module_row -->\n\t\t\t<div class=\"themify_builder_row module_row module_row_1 clearfix\" >\n\n\t\t\t\t<div class=\"row_inner\">\n\n\t\t\t\t\t\n\t\t\t\t\t\n\t\t\t\t\t\n\t\t\t\t\t\n\t\t\t\t\t\t\t\t<div class=\"col-full first tb-column\">\n\t\t\t\t\t\t\t\t\t\t\t\t\t\t\t\t\t\t\t\n\t\t\t\t\t\t\t\t\t\t\n<!-- module box -->\n<div id=\"box-2674-1-0-0\" class=\"module module-box box-2674-1-0-0 \">\n\t\t\n\t\t\n\t<div class=\"module-box-content ui rounded gradient default  \">\n\t\t<p><strong>Armes d\u2019\u00e9paule (ou \u00e0 crosse)<\/strong><\/p><p>Par leur aspect ext\u00e9rieur, elles \u00e9voquent des arbal\u00e8tes anciennes. Leur caract\u00e9ristique principale est d\u2019\u00eatre presque d\u00e9pourvue d\u2019organes de vis\u00e9e : seulement un guidon (ou point de mire) situ\u00e9 \u00e0 90 cm maximum en avant de la corde au repos.<\/p><p>La vis\u00e9e se fait en alignant le centre de la cible, le guidon et le point le plus haut du renflement que comporte la fl\u00e8che \u00e0 son tiers ant\u00e9rieur. De plus, aucune marque ou rep\u00e8re ne peut \u00eatre apport\u00e9e sur la fl\u00e8che avec l\u2019intention de faciliter la vis\u00e9e. Les caract\u00e9ristiques de ces arbal\u00e8tes, comme des suivantes d\u2019ailleurs, sont r\u00e9glement\u00e9es par 1\u2032 U.N.A.B.- N.U.K.B., sigle de l\u2019Union Nationale des Arbal\u00e9triers de Belgique.<\/p><p>Une m\u00eame arme peut tirer \u00e0 6 et \u00e0 10 m \u00e0 condition d\u2019utiliser une fl\u00e8che sp\u00e9cifique \u00e0 chaque distance. A titre d\u2019exemple, pour une arbal\u00e8te d\u00e9termin\u00e9e, sa fl\u00e8che pour 6m p\u00e8se 56,5 gr et a un diam\u00e8tre maximum de 15mm \u00e0 son renflement, tandis que sa fl\u00e8che pour 10m ne p\u00e8se que 40 gr et a un diam\u00e8tre maximum de 16 mm. Ces fl\u00e8ches sont relativement lentes : 24m\/sec pour la 6m et 26,5m\/sec pour la 10m. N\u00e9anmoins, avec de l\u2019entra\u00eenement, ces armes permettent un tir tr\u00e8s pr\u00e9cis aux distances pr\u00e9vues. L\u2019armement se fait \u00e0 l\u2019aide d\u2019un levier appel\u00e9 localement \u00a0\u00bb tirwoin \u00ab\u00a0.<\/p><p>L\u2019U.N.A.B. r\u00e9git \u00e9galement, en s\u00e9ries distinctes, l\u2019utilisation d\u2019armes analogues pr\u00e9vues pour tirer \u00e0 10m et \u00e0 20m, mais munies \u00e0 l\u2019arri\u00e8re d\u2019un dioptre. Pour le tir \u00e0 20m les arcs sont \u00e9videmment plus puissants.<\/p>\t<\/div>\n\n\t<\/div>\n<!-- \/module box -->\n<!-- .themify_builder .box-2674-1-0-0 Style -->\n<style>\n.themify_builder .box-2674-1-0-0.module-box {\n\ttext-align: justify\n}\n<\/style>\n<!-- End .themify_builder .box-2674-1-0-0 Style -->\n\n\t\t\t\t\t\t\t\t\t\n\t\t\t\t\t\t\t\t\t\t\t\t\t\t\t\t\t<\/div>\n\t\t\t\t\t\t\t\t<!-- \/col -->\n\t\t\t\t\t\t  \n\n\t\t\t\t\t\n\t\t\t\t\t\t\t\t\t\t\n\t\t\t\t\t\t\t\t\t\n\t\t\t\t<\/div>\n\t\t\t\t<!-- \/row_inner -->\n\t\t\t<\/div>\n\t\t\t<!-- \/module_row -->\n\t\t\t\n\t\t\t\n\t\t\t<!-- module_row -->\n\t\t\t<div class=\"themify_builder_row module_row module_row_2 clearfix\" >\n\n\t\t\t\t<div class=\"row_inner\">\n\n\t\t\t\t\t\n\t\t\t\t\t\n\t\t\t\t\t\n\t\t\t\t\t\n\t\t\t\t\t\t\t\t<div class=\"col-full first tb-column\">\n\t\t\t\t\t\t\t\t\t\t\t\t\t\t\t\t\t\t\t\n\t\t\t\t\t\t\t\t\t\t\n<!-- module box -->\n<div id=\"box-2674-2-0-0\" class=\"module module-box box-2674-2-0-0 \">\n\t\t\n\t\t\n\t<div class=\"module-box-content ui rounded gradient default  \">\n\t\t<p><strong>Armes \u00e0 contrepoids<\/strong><\/p>\n<p><img decoding=\"async\" class=\" alignleft\" src=\"\/photos\/arba-poids.jpg\" alt=\"\" align=\"left\" hspace=\"30\" vspace=\"15\" \/>Au lieu d\u2019une crosse, la partie post\u00e9rieure du f\u00fbt, plus longue, comporte \u00e0 son extr\u00e9mit\u00e9 une masse m\u00e9tallique souvent tr\u00e8s ouvrag\u00e9e. L\u2019arbal\u00e8te se pose sur l\u2019\u00e9paule, le contrepoids \u00e9quilibrant exactement le poids de la partie ant\u00e9rieure. Les comp\u00e9titions admettent les arbal\u00e8tes \u00e0 contrepoids, dans les cat\u00e9gories 10m sans dioptre, ainsi que 10m et 20m avec dioptre. L\u2019armement se fait \u00e9galement au levier et chaque arme ne dispose que d\u2019une seule fl\u00e8che.<\/p>\n\t<\/div>\n\n\t<\/div>\n<!-- \/module box -->\n<!-- .themify_builder .box-2674-2-0-0 Style -->\n<style>\n.themify_builder .box-2674-2-0-0.module-box {\n\ttext-align: justify\n}\n<\/style>\n<!-- End .themify_builder .box-2674-2-0-0 Style -->\n\n\t\t\t\t\t\t\t\t\t\n\t\t\t\t\t\t\t\t\t\t\t\t\t\t\t\t\t<\/div>\n\t\t\t\t\t\t\t\t<!-- \/col -->\n\t\t\t\t\t\t  \n\n\t\t\t\t\t\n\t\t\t\t\t\t\t\t\t\t\n\t\t\t\t\t\t\t\t\t\n\t\t\t\t<\/div>\n\t\t\t\t<!-- \/row_inner -->\n\t\t\t<\/div>\n\t\t\t<!-- \/module_row -->\n\t\t\t\n\t\t\t\n\t\t\t<!-- module_row -->\n\t\t\t<div class=\"themify_builder_row module_row module_row_3 clearfix\" >\n\n\t\t\t\t<div class=\"row_inner\">\n\n\t\t\t\t\t\n\t\t\t\t\t\n\t\t\t\t\t\n\t\t\t\t\t\n\t\t\t\t\t\t\t\t<div class=\"col-full first tb-column\">\n\t\t\t\t\t\t\t\t\t\t\t\t\t\t\t\t\t\t\t\n\t\t\t\t\t\t\t\t\t\t\n<!-- module box -->\n<div id=\"box-2674-3-0-0\" class=\"module module-box box-2674-3-0-0 \">\n\t\t\n\t\t\n\t<div class=\"module-box-content ui rounded gradient default  \">\n\t\t<p><strong>Arbal\u00e8tes de type \u00ab\u00a0Field\u00a0\u00bb<\/strong><\/p>\n<p><img decoding=\"async\" class=\" alignright\" src=\"\/photos\/barnett.jpg\" alt=\"Arbal\u00e8te ''factory''\" align=\"right\" hspace=\"30\" vspace=\"15\" \/>Destin\u00e9es au tir ext\u00e9rieur, les arbal\u00e8tes Field s\u2019apparentent aux armes de chasse, tirent des fl\u00e8ches de type \u00a0\u00bb arc \u00a0\u00bb mais plus courtes, et comportent des organes de vis\u00e9e souvent tr\u00e8s sophistiqu\u00e9s. En comp\u00e9tition internationale seules sont autoris\u00e9es les arbal\u00e8tes r\u00e9pondant aux normes de l\u2019I.A.U. (Union Internationale des Arbal\u00e9triers) dont le si\u00e8ge se trouve \u00e0 Vaumarcus (Suisse). Les principales sp\u00e9cifications sont :<\/p>\n<p>\u2013 Un syst\u00e8me de d\u00e9tente uniquement m\u00e9canique.<br \/>\n\u2013 Un syst\u00e8me de maintien de la fl\u00e8che sauf pour les arbal\u00e8tes con\u00e7ues pour tirer des fl\u00e8ches avec encoche.<br \/>\n\u2013 Un arc en une ou deux pi\u00e8ces dont la longueur au repos (corde en place) ne d\u00e9passe pas 90 cm.<br \/>\n\u2013 Une corde et des tranche-fils non m\u00e9talliques. La corde peut \u00eatre fix\u00e9e \u00e0 l\u2019arc soit directement sur l\u2019extr\u00e9mit\u00e9 des lattes soit par l\u2019interm\u00e9diaire d\u2019un axe fixe ou pivotant.<br \/>\n\u2013 Le viseur doit \u00eatre constitu\u00e9 de deux \u00e9l\u00e9ments s\u00e9par\u00e9s distants au maximum de 720 mm. Dioptre admis lentilles grossissantes interdites.<br \/>\n\u2013 L\u2019arbal\u00e8te doit \u00eatre charg\u00e9e \u00e0 la main. Sa force maximum ne peut d\u00e9passer 47 kg (105 lbs) pour les arcs en alliage m\u00e9tallique et 43 kg (95 lbs) pour les arcs non-m\u00e9talliques.<br \/>\n\u2013 Le poids de l\u2019arbal\u00e8te avec ses accessoires ne peut d\u00e9passer 10 kg.<\/p>\n<p>Les accessoires autoris\u00e9s sont : syst\u00e8mes anti-recul, \u00e9trier fixe ou amovible, poign\u00e9e r\u00e9glable, viseur \u00e0 niveau, stabilisateur.<\/p>\n<p>N\u00e9anmoins l\u2019U.N.A.B. accepte en comp\u00e9tition nationale les arbal\u00e8tes dites \u00a0\u00bb de s\u00e9rie \u00a0\u00bb ou encore \u00a0\u00bb factory \u00ab\u00a0. Ce sont des arbal\u00e8tes produites industriellement en grandes s\u00e9ries (d\u2019o\u00f9 leur nom), en vente chez les armuriers et dans les magasins de sport. Pour \u00eatre admises ces arbal\u00e8tes doivent respecter les sp\u00e9cifications I.A.U. (cfr supra), mais la force maximum de l\u2019arc est port\u00e9e \u00e0 68 kg (150 lbs) et les \u00a0\u00bb compound \u00a0\u00bb sont autoris\u00e9es. Les \u00a0\u00bb factory \u00a0\u00bb font l\u2019objet d\u2019un classement s\u00e9par\u00e9.<\/p>\n\t<\/div>\n\n\t<\/div>\n<!-- \/module box -->\n<!-- .themify_builder .box-2674-3-0-0 Style -->\n<style>\n.themify_builder .box-2674-3-0-0.module-box {\n\ttext-align: justify\n}\n<\/style>\n<!-- End .themify_builder .box-2674-3-0-0 Style -->\n\n\t\t\t\t\t\t\t\t\t\n\t\t\t\t\t\t\t\t\t\t\t\t\t\t\t\t\t<\/div>\n\t\t\t\t\t\t\t\t<!-- \/col -->\n\t\t\t\t\t\t  \n\n\t\t\t\t\t\n\t\t\t\t\t\t\t\t\t\t\n\t\t\t\t\t\t\t\t\t\n\t\t\t\t<\/div>\n\t\t\t\t<!-- \/row_inner -->\n\t\t\t<\/div>\n\t\t\t<!-- \/module_row -->\n\t\t\t\n\t\t\t\n\t\t\t<!-- module_row -->\n\t\t\t<div class=\"themify_builder_row module_row module_row_4 clearfix\" >\n\n\t\t\t\t<div class=\"row_inner\">\n\n\t\t\t\t\t\n\t\t\t\t\t\n\t\t\t\t\t\n\t\t\t\t\t\n\t\t\t\t\t\t\t\t<div class=\"col-full first tb-column\">\n\t\t\t\t\t\t\t\t\t\t\t\t\t\t\t\t\t\t\t\n\t\t\t\t\t\t\t\t\t\t\n<!-- module box -->\n<div id=\"box-2674-4-0-0\" class=\"module module-box box-2674-4-0-0 \">\n\t\t\n\t\t\n\t<div class=\"module-box-content ui rounded gradient default  \">\n\t\t<p><strong>Fabrication des Arbal\u00e8tes<\/strong><\/p><p>De nos jours, il est de plus en plus difficile de se fournir en armes, surtout en arcs qui, pour cette discipline, sont forg\u00e9s et tremp\u00e9s dans de l\u2019acier \u00e0 ressort. Ils sont donc fabriqu\u00e9s par des sp\u00e9cialistes. Certains membres de notre section r\u00e9alisent eux-m\u00eames leur arme dont ils fabriquent la plupart des pi\u00e8ces de mani\u00e8re artisanale.<\/p>\t<\/div>\n\n\t<\/div>\n<!-- \/module box -->\n<!-- .themify_builder .box-2674-4-0-0 Style -->\n<style>\n.themify_builder .box-2674-4-0-0.module-box {\n\ttext-align: justify\n}\n<\/style>\n<!-- End .themify_builder .box-2674-4-0-0 Style -->\n\n\t\t\t\t\t\t\t\t\t\n\t\t\t\t\t\t\t\t\t\t\t\t\t\t\t\t\t<\/div>\n\t\t\t\t\t\t\t\t<!-- \/col -->\n\t\t\t\t\t\t  \n\n\t\t\t\t\t\n\t\t\t\t\t\t\t\t\t\t\n\t\t\t\t\t\t\t\t\t\n\t\t\t\t<\/div>\n\t\t\t\t<!-- \/row_inner -->\n\t\t\t<\/div>\n\t\t\t<!-- \/module_row -->\n\t\t\t\n\t\t\t\n\t\t\t<!-- module_row -->\n\t\t\t<div class=\"themify_builder_row module_row module_row_5 clearfix\" >\n\n\t\t\t\t<div class=\"row_inner\">\n\n\t\t\t\t\t\n\t\t\t\t\t\n\t\t\t\t\t\n\t\t\t\t\t\n\t\t\t\t\t\t\t\t<div class=\"col-full first tb-column\">\n\t\t\t\t\t\t\t\t\t\t\t\t\t\t\t\t\t\t\t\n\t\t\t\t\t\t\t\t\t\t\n<!-- module box -->\n<div id=\"box-2674-5-0-0\" class=\"module module-box box-2674-5-0-0 \">\n\t\t\n\t\t\n\t<div class=\"module-box-content ui rounded gradient default  \">\n\t\t<p><strong>Exemple de m\u00e9canisme<\/strong><\/p>\n<p><img decoding=\"async\" class=\" alignleft\" src=\"\/photos\/meca.jpg\" alt=\"\" align=\"left\" hspace=\"30\" vspace=\"15\" \/>Bien que relativement ancien, ce m\u00e9canisme est encore utilis\u00e9 de nos jours, avec ses variantes qui sont presque aussi nombreuses qu\u2019il y a de constructeurs, voire de tireurs. Dans l\u2019exemple ci-contre, l m\u00e9canisme est mont\u00e9 sur une arme pour le tir \u00e0 20 m.<\/p>\n<p>L\u2019\u00e9quipement comprend un syst\u00e8me \u00e0 double d\u00e9tente, dont le levier d\u2019armement (1i\u00e8re d\u00e9tente), arme un marteau, en bandant, le grand ressort. Celui-ci est lib\u00e9r\u00e9 en exer\u00e7ant une pression l\u00e9g\u00e8re sur la d\u00e9tente proprement dite (2\u00e8me d\u00e9tente).<\/p>\n<p>Le terme carreau, autrefois, employ\u00e9, d\u00e9signait des projectiles \u00e0 pointe carr\u00e9e, on les appelait \u00e9galement traits ou viretons, de nos jours, les appellations les plus usit\u00e9es sont traits ou fl\u00e8ches.<\/p>\n\t<\/div>\n\n\t<\/div>\n<!-- \/module box -->\n<!-- .themify_builder .box-2674-5-0-0 Style -->\n<style>\n.themify_builder .box-2674-5-0-0.module-box {\n\ttext-align: justify\n}\n<\/style>\n<!-- End .themify_builder .box-2674-5-0-0 Style -->\n\n\t\t\t\t\t\t\t\t\t\n\t\t\t\t\t\t\t\t\t\t\t\t\t\t\t\t\t<\/div>\n\t\t\t\t\t\t\t\t<!-- \/col -->\n\t\t\t\t\t\t  \n\n\t\t\t\t\t\n\t\t\t\t\t\t\t\t\t\t\n\t\t\t\t\t\t\t\t\t\n\t\t\t\t<\/div>\n\t\t\t\t<!-- \/row_inner -->\n\t\t\t<\/div>\n\t\t\t<!-- \/module_row -->\n\t\t\t\n<\/div>\n<!-- \/themify_builder_content -->","protected":false},"excerpt":{"rendered":"<p>Arbal\u00e8tes utilis\u00e9es actuellementNous employons trois cat\u00e9gories d\u2019armes :\u00a0 \u00a0 \u00a0 \u00a0-les armes d\u2019\u00e9paule\u00a0 \u00a0 \u00a0 \u00a0-les armes \u00e0 contrepoids\u00a0 \u00a0 \u00a0 \u00a0-les armes de type \u00ab field \u00bb Armes d\u2019\u00e9paule (ou \u00e0 crosse)Par leur aspect ext\u00e9rieur, elles \u00e9voquent des arbal\u00e8tes anciennes. Leur caract\u00e9ristique principale est d\u2019\u00eatre presque d\u00e9pourvue d\u2019organes de vis\u00e9e : seulement un guidon [&hellip;]<\/p>\n","protected":false},"author":1,"featured_media":0,"parent":0,"menu_order":0,"comment_status":"closed","ping_status":"closed","template":"","meta":{"footnotes":""},"class_list":["post-2674","page","type-page","status-publish","hentry"],"_links":{"self":[{"href":"https:\/\/www.arbaletriers.be\/wordpress\/wp-json\/wp\/v2\/pages\/2674"}],"collection":[{"href":"https:\/\/www.arbaletriers.be\/wordpress\/wp-json\/wp\/v2\/pages"}],"about":[{"href":"https:\/\/www.arbaletriers.be\/wordpress\/wp-json\/wp\/v2\/types\/page"}],"author":[{"embeddable":true,"href":"https:\/\/www.arbaletriers.be\/wordpress\/wp-json\/wp\/v2\/users\/1"}],"replies":[{"embeddable":true,"href":"https:\/\/www.arbaletriers.be\/wordpress\/wp-json\/wp\/v2\/comments?post=2674"}],"version-history":[{"count":1,"href":"https:\/\/www.arbaletriers.be\/wordpress\/wp-json\/wp\/v2\/pages\/2674\/revisions"}],"predecessor-version":[{"id":11930,"href":"https:\/\/www.arbaletriers.be\/wordpress\/wp-json\/wp\/v2\/pages\/2674\/revisions\/11930"}],"wp:attachment":[{"href":"https:\/\/www.arbaletriers.be\/wordpress\/wp-json\/wp\/v2\/media?parent=2674"}],"curies":[{"name":"wp","href":"https:\/\/api.w.org\/{rel}","templated":true}]}}