{"id":2676,"date":"2015-02-14T13:25:55","date_gmt":"2015-02-14T12:25:55","guid":{"rendered":"http:\/\/www.arbaletriers.be\/wordpress\/?page_id=2676"},"modified":"2024-02-21T11:10:24","modified_gmt":"2024-02-21T10:10:24","slug":"tir-arbaletes-arc-composite","status":"publish","type":"page","link":"https:\/\/www.arbaletriers.be\/wordpress\/tir-arbaletes-arc-composite\/","title":{"rendered":"Tir &#8211; Arbal\u00e8tes &#8211; Arc Composite"},"content":{"rendered":"<div id=\"themify_builder_content-2676\" data-postid=\"2676\" class=\"themify_builder_content themify_builder_content-2676 themify_builder themify_builder_front\">\n\t\t\t\t\n\t\t\t<!-- module_row -->\n\t\t\t<div class=\"themify_builder_row module_row module_row_0 clearfix\" >\n\n\t\t\t\t<div class=\"row_inner\">\n\n\t\t\t\t\t\n\t\t\t\t\t\n\t\t\t\t\t\n\t\t\t\t\t\n\t\t\t\t\t\t\t\t<div class=\"col-full first tb-column\">\n\t\t\t\t\t\t\t\t\t\t\t\t\t\t\t\t\t\t\t\n\t\t\t\t\t\t\t\t\t\t\n<!-- module box -->\n<div id=\"box-2676-0-0-0\" class=\"module module-box box-2676-0-0-0 \">\n\t\t\n\t\t\n\t<div class=\"module-box-content ui rounded gradient default  \">\n\t\t<p><strong>L&rsquo;arbal\u00e8te \u00e0 arc composite<\/strong><\/p><p><br \/>Au cours des si\u00e8cles, les militaires cherch\u00e8rent \u00e0 accro\u00eetre la puissance de l&rsquo;arbal\u00e8te en tant qu&rsquo;arme d\u00e9fensive; l&rsquo;une des am\u00e9liorations est peut-\u00eatre de source arabe. Les arcs arabes \u00e9taient de type \u00a0\u00bb composite \u00a0\u00bb et cette appellation est m\u00e9rit\u00e9e car les combinaisons des bois utilis\u00e9s pr\u00e9figuraient les mat\u00e9riaux composites modernes.<\/p>\t<\/div>\n\n\t<\/div>\n<!-- \/module box -->\n<!-- .themify_builder .box-2676-0-0-0 Style -->\n<style>\n.themify_builder .box-2676-0-0-0.module-box {\n\ttext-align: justify\n}\n<\/style>\n<!-- End .themify_builder .box-2676-0-0-0 Style -->\n\n\t\t\t\t\t\t\t\t\t\n\t\t\t\t\t\t\t\t\t\t\t\t\t\t\t\t\t<\/div>\n\t\t\t\t\t\t\t\t<!-- \/col -->\n\t\t\t\t\t\t  \n\n\t\t\t\t\t\n\t\t\t\t\t\t\t\t\t\t\n\t\t\t\t\t\t\t\t\t\n\t\t\t\t<\/div>\n\t\t\t\t<!-- \/row_inner -->\n\t\t\t<\/div>\n\t\t\t<!-- \/module_row -->\n\t\t\t\n\t\t\t\n\t\t\t<!-- module_row -->\n\t\t\t<div class=\"themify_builder_row module_row module_row_1 clearfix\" >\n\n\t\t\t\t<div class=\"row_inner\">\n\n\t\t\t\t\t\n\t\t\t\t\t\n\t\t\t\t\t\n\t\t\t\t\t\n\t\t\t\t\t\t\t\t<div class=\"col-full first tb-column\">\n\t\t\t\t\t\t\t\t\t\t\t\t\t\t\t\t\t\t\t\n\t\t\t\t\t\t\t\t\t\t\n<!-- module box -->\n<div id=\"box-2676-1-0-0\" class=\"module module-box box-2676-1-0-0 \">\n\t\t\n\t\t\n\t<div class=\"module-box-content ui rounded gradient default  \">\n\t\t<p><img decoding=\"async\" class=\" alignleft\" src=\"\/photos\/small-arba.jpg\" alt=\"\" align=\"left\" border=\"0\" hspace=\"30\" vspace=\"15\" \/>Les arcs composites sont clairement sup\u00e9rieurs \u00e0 ceux fabriqu\u00e9s \u00e0 partir d\u2019une pi\u00e8ce de bois unique dont la puissance<br \/>\nest limit\u00e9e par la solidit\u00e9 intrins\u00e8que du mat\u00e9riau employ\u00e9. Lorsque l\u2019on bande un arc, la mati\u00e8re situ\u00e9e sur la face externe (convexe) de ses branches (face appel\u00e9e le dos) est soumise \u00e0 une tension, alors que la face interne (le ventre) est soumise \u00e0 compression.<\/p>\n<p>Si l\u2019arc est trop ploy\u00e9, sur sa face convexe, de petites \u00e9cailles sautent et sur sa face concave il se forme des rides appel\u00e9es cristaux : d\u00e8s que ces d\u00e9gradations apparaissent, les d\u00e9formations des branches de l\u2019arc sont irr\u00e9versibles et tout effort peut les briser.<\/p>\n<p>Le dos d\u2019un arc composite est renforc\u00e9 par une couche d\u2019un mat\u00e9riau plus r\u00e9sistant \u00e0 la tension, lequel soulage le bois d\u2019une partie des contraintes et emp\u00eache la formation des \u00e9cailles.<\/p>\n<p>Un des mat\u00e9riaux les plus utilis\u00e9s \u00e9tait le tendon animal, en particulier le ligamentum nuchae (le grand ligament qui s\u2019attache \u00e0 l\u2019occiput et qui est plaqu\u00e9 sur la colonne cervicale de la plupart des mammif\u00e8res).<\/p>\n<p>Des tests ont montr\u00e9 que la r\u00e9sistance \u00e0 la tension de ce mat\u00e9riau convenablement pr\u00e9par\u00e9 peut atteindre 20 kilogrammes par millim\u00e8tre carr\u00e9, soit quatre fois celle du bois.<\/p>\n\t<\/div>\n\n\t<\/div>\n<!-- \/module box -->\n<!-- .themify_builder .box-2676-1-0-0 Style -->\n<style>\n.themify_builder .box-2676-1-0-0.module-box {\n\ttext-align: justify\n}\n<\/style>\n<!-- End .themify_builder .box-2676-1-0-0 Style -->\n\n\t\t\t\t\t\t\t\t\t\n\t\t\t\t\t\t\t\t\t\t\t\t\t\t\t\t\t<\/div>\n\t\t\t\t\t\t\t\t<!-- \/col -->\n\t\t\t\t\t\t  \n\n\t\t\t\t\t\n\t\t\t\t\t\t\t\t\t\t\n\t\t\t\t\t\t\t\t\t\n\t\t\t\t<\/div>\n\t\t\t\t<!-- \/row_inner -->\n\t\t\t<\/div>\n\t\t\t<!-- \/module_row -->\n\t\t\t\n\t\t\t\n\t\t\t<!-- module_row -->\n\t\t\t<div class=\"themify_builder_row module_row module_row_2 clearfix\" >\n\n\t\t\t\t<div class=\"row_inner\">\n\n\t\t\t\t\t\n\t\t\t\t\t\n\t\t\t\t\t\n\t\t\t\t\t\n\t\t\t\t\t\t\t\t<div class=\"col-full first tb-column\">\n\t\t\t\t\t\t\t\t\t\t\t\t\t\t\t\t\t\t\t\n\t\t\t\t\t\t\t\t\t\t\n<!-- module box -->\n<div id=\"box-2676-2-0-0\" class=\"module module-box box-2676-2-0-0 \">\n\t\t\n\t\t\n\t<div class=\"module-box-content ui rounded gradient default  \">\n\t\t<p><a href=\"\/photos\/big-arba2.jpg\" target=\"_blank\" rel=\"noopener\"><img decoding=\"async\" class=\" alignright\" src=\"\/photos\/small-arba2.jpg\" alt=\"\" align=\"right\" border=\"0\" hspace=\"30\" vspace=\"15\" \/><\/a>Sur la face concave de l\u2019arc les artisans pla\u00e7aient un mat\u00e9riau plus compressible que le bois; les Turcs employaient la corne de buffle dont la r\u00e9sistance \u00e0 la compression est de 13 kilogrammes par millim\u00e8tre carr\u00e9. (Le bois peut \u00eatre presque quatre fois moins r\u00e9sistant \u00e0 la compression qu\u2019\u00e0 la tension)<br \/>\nL\u2019art des fabricants se manifeste aussi dans le choix des colles ils pr\u00e9f\u00e9raient une colle dont le principal constituant \u00e9tait la peau du palais des esturgeons de la Volga; une telle sp\u00e9cificit\u00e9 montre qu\u2019une exp\u00e9rimentation pouss\u00e9e entra\u00eenait une s\u00e9lection fine. Les arbal\u00e8tes \u00e0 arc composite furent utilis\u00e9es jusqu\u2019\u00e0 la fin du Moyen \u00c2ge et la Renaissance.Elles \u00e9taient plus l\u00e9g\u00e8res que les arbal\u00e8tes en acier apparues aux environs de 1400, elles portaient plus loin pour une m\u00eame tension de la corde et risquaient moins de se briser. Ce genre d\u2019arbal\u00e8te \u00e9tait assez r\u00e9pandu au temps de L\u00e9onard de Vinci, dont les notes indiquent qu\u2019il r\u00e9fl\u00e9chit \u00e0 la construction d\u2019arcs et qu\u2019il en tira des id\u00e9es sur la mani\u00e8re dont les mat\u00e9riaux r\u00e9agissent aux contraintes.<\/p>\n\t<\/div>\n\n\t<\/div>\n<!-- \/module box -->\n<!-- .themify_builder .box-2676-2-0-0 Style -->\n<style>\n.themify_builder .box-2676-2-0-0.module-box {\n\ttext-align: justify\n}\n<\/style>\n<!-- End .themify_builder .box-2676-2-0-0 Style -->\n\n\t\t\t\t\t\t\t\t\t\n\t\t\t\t\t\t\t\t\t\t\t\t\t\t\t\t\t<\/div>\n\t\t\t\t\t\t\t\t<!-- \/col -->\n\t\t\t\t\t\t  \n\n\t\t\t\t\t\n\t\t\t\t\t\t\t\t\t\t\n\t\t\t\t\t\t\t\t\t\n\t\t\t\t<\/div>\n\t\t\t\t<!-- \/row_inner -->\n\t\t\t<\/div>\n\t\t\t<!-- \/module_row -->\n\t\t\t\n<\/div>\n<!-- \/themify_builder_content -->","protected":false},"excerpt":{"rendered":"<p>L&rsquo;arbal\u00e8te \u00e0 arc compositeAu cours des si\u00e8cles, les militaires cherch\u00e8rent \u00e0 accro\u00eetre la puissance de l&rsquo;arbal\u00e8te en tant qu&rsquo;arme d\u00e9fensive; l&rsquo;une des am\u00e9liorations est peut-\u00eatre de source arabe. Les arcs arabes \u00e9taient de type \u00a0\u00bb composite \u00a0\u00bb et cette appellation est m\u00e9rit\u00e9e car les combinaisons des bois utilis\u00e9s pr\u00e9figuraient les mat\u00e9riaux composites modernes. Les arcs [&hellip;]<\/p>\n","protected":false},"author":1,"featured_media":0,"parent":0,"menu_order":0,"comment_status":"closed","ping_status":"closed","template":"","meta":{"footnotes":""},"class_list":["post-2676","page","type-page","status-publish","hentry"],"_links":{"self":[{"href":"https:\/\/www.arbaletriers.be\/wordpress\/wp-json\/wp\/v2\/pages\/2676"}],"collection":[{"href":"https:\/\/www.arbaletriers.be\/wordpress\/wp-json\/wp\/v2\/pages"}],"about":[{"href":"https:\/\/www.arbaletriers.be\/wordpress\/wp-json\/wp\/v2\/types\/page"}],"author":[{"embeddable":true,"href":"https:\/\/www.arbaletriers.be\/wordpress\/wp-json\/wp\/v2\/users\/1"}],"replies":[{"embeddable":true,"href":"https:\/\/www.arbaletriers.be\/wordpress\/wp-json\/wp\/v2\/comments?post=2676"}],"version-history":[{"count":1,"href":"https:\/\/www.arbaletriers.be\/wordpress\/wp-json\/wp\/v2\/pages\/2676\/revisions"}],"predecessor-version":[{"id":11931,"href":"https:\/\/www.arbaletriers.be\/wordpress\/wp-json\/wp\/v2\/pages\/2676\/revisions\/11931"}],"wp:attachment":[{"href":"https:\/\/www.arbaletriers.be\/wordpress\/wp-json\/wp\/v2\/media?parent=2676"}],"curies":[{"name":"wp","href":"https:\/\/api.w.org\/{rel}","templated":true}]}}