{"id":2678,"date":"2015-02-14T13:26:08","date_gmt":"2015-02-14T12:26:08","guid":{"rendered":"http:\/\/www.arbaletriers.be\/wordpress\/?page_id=2678"},"modified":"2024-02-21T11:12:02","modified_gmt":"2024-02-21T10:12:02","slug":"tir-arbaletes-arc-en-acier","status":"publish","type":"page","link":"https:\/\/www.arbaletriers.be\/wordpress\/tir-arbaletes-arc-en-acier\/","title":{"rendered":"Tir &#8211; Arbal\u00e8tes &#8211; Arc en Acier"},"content":{"rendered":"<div id=\"themify_builder_content-2678\" data-postid=\"2678\" class=\"themify_builder_content themify_builder_content-2678 themify_builder themify_builder_front\">\n\t\t\t\t\n\t\t\t<!-- module_row -->\n\t\t\t<div class=\"themify_builder_row module_row module_row_0 clearfix\" >\n\n\t\t\t\t<div class=\"row_inner\">\n\n\t\t\t\t\t\n\t\t\t\t\t\n\t\t\t\t\t\n\t\t\t\t\t\n\t\t\t\t\t\t\t\t<div class=\"col-full first tb-column\">\n\t\t\t\t\t\t\t\t\t\t\t\t\t\t\t\t\t\t\t\n\t\t\t\t\t\t\t\t\t\t\n<!-- module box -->\n<div id=\"box-2678-0-0-0\" class=\"module module-box box-2678-0-0-0 \">\n\t\t\n\t\t\n\t<div class=\"module-box-content ui rounded gradient default  \">\n\t\t<p><strong>L\u2019arbal\u00e8te \u00e0 arc en acier<\/strong><\/p><p>Les performances des arbal\u00e8tes m\u00e9di\u00e9vales \u00e0 arc en acier, et notamment leur puissance, restent in\u00e9gal\u00e9es jusqu\u2019\u00e0 l\u2019apparition, apr\u00e8s la Seconde Guerre mondiale, de la fibre de verre et autres composites modernes.Ralph Payne-Gallwey, gentleman sportif anglais de l\u2019\u00e9poque victorienne qui \u00e9crivit un trait\u00e9 classique sur l\u2019arbal\u00e8te, v\u00e9rifia qu\u2019une grande arbal\u00e8te de guerre ayant une tension de 1200 livres (550 kilogrammes) envoyait des carreaux de 85 grammes \u00e0 420 m\u00e8tres, et Egon Harmuth, historien de l\u2019arbal\u00e8te, pr\u00e9tend que la tension de certaines arbal\u00e8tes pouvait atteindre le double de cette valeur.<\/p><p>La plupart des archers de l\u2019\u00e9poque utilisaient des arcs classiques de tension inf\u00e9rieure \u00e0 45 kilogrammes, et il semble que m\u00eame leurs fl\u00e8ches l\u00e9g\u00e8res ne portaient pas \u00e0 plus de 275 m\u00e8tres.<\/p>\t<\/div>\n\n\t<\/div>\n<!-- \/module box -->\n<!-- .themify_builder .box-2678-0-0-0 Style -->\n<style>\n.themify_builder .box-2678-0-0-0.module-box {\n\ttext-align: justify\n}\n<\/style>\n<!-- End .themify_builder .box-2678-0-0-0 Style -->\n\n\t\t\t\t\t\t\t\t\t\n\t\t\t\t\t\t\t\t\t\t\t\t\t\t\t\t\t<\/div>\n\t\t\t\t\t\t\t\t<!-- \/col -->\n\t\t\t\t\t\t  \n\n\t\t\t\t\t\n\t\t\t\t\t\t\t\t\t\t\n\t\t\t\t\t\t\t\t\t\n\t\t\t\t<\/div>\n\t\t\t\t<!-- \/row_inner -->\n\t\t\t<\/div>\n\t\t\t<!-- \/module_row -->\n\t\t\t\n\t\t\t\n\t\t\t<!-- module_row -->\n\t\t\t<div class=\"themify_builder_row module_row module_row_1 clearfix\" >\n\n\t\t\t\t<div class=\"row_inner\">\n\n\t\t\t\t\t\n\t\t\t\t\t\n\t\t\t\t\t\n\t\t\t\t\t\n\t\t\t\t\t\t\t\t<div class=\"col-full first tb-column\">\n\t\t\t\t\t\t\t\t\t\t\t\t\t\t\t\t\t\t\t\n\t\t\t\t\t\t\t\t\t\t\n<!-- module box -->\n<div id=\"box-2678-1-0-0\" class=\"module module-box box-2678-1-0-0 \">\n\t\t\n\t\t\n\t<div class=\"module-box-content ui rounded gradient default  \">\n\t\t<p><img decoding=\"async\" class=\" alignleft\" src=\"\/photos\/arba-acier.jpg\" alt=\"\" align=\"left\" hspace=\"30\" vspace=\"15\" \/>Les am\u00e9liorations possibles des arbal\u00e8tes en acier n\u2019\u00e9taient pas illimit\u00e9es le poids de l\u2019arc ne pouvait \u00eatre accru ind\u00e9finiment.<\/p>\n<p>Plus les arcs \u00e9taient puissants, plus le m\u00e9canisme de d\u00e9cochement devait l\u2019\u00eatre lui aussi. Sur ce plan, les appareils \u00e0 d\u00e9cocher europ\u00e9ens, qui consistaient g\u00e9n\u00e9ralement en une noix sur pivot et une d\u00e9tente \u00e0 levier simple, \u00e9taient nettement inf\u00e9rieurs aux m\u00e9canismes chinois incluant un levier interm\u00e9diaire plus sensible qui permettait \u00e0 \u2018arbal\u00e9trier de d\u00e9cocher sa fl\u00e8che par une pression s\u00e8che sur la d\u00e9tente.<\/p>\n<p>Peu apr\u00e8s 1500, des d\u00e9tentes \u00e0 leviers multiples am\u00e9lior\u00e9es apparurent en Allemagne lors de concours de tir; des manuscrits indiquent que, dix ans auparavant, L\u00e9onard de Vinci avait d\u00e9j\u00e0 imagin\u00e9 de tels dispositifs dont il avait \u00e9valu\u00e9 les avantages m\u00e9caniques. Le carreau d\u2019arbal\u00e8te fut aussi l\u2019objet des soins des fabricants du Moyen Age.<\/p>\n\t<\/div>\n\n\t<\/div>\n<!-- \/module box -->\n<!-- .themify_builder .box-2678-1-0-0 Style -->\n<style>\n.themify_builder .box-2678-1-0-0.module-box {\n\ttext-align: justify\n}\n<\/style>\n<!-- End .themify_builder .box-2678-1-0-0 Style -->\n\n\t\t\t\t\t\t\t\t\t\n\t\t\t\t\t\t\t\t\t\t\t\t\t\t\t\t\t<\/div>\n\t\t\t\t\t\t\t\t<!-- \/col -->\n\t\t\t\t\t\t  \n\n\t\t\t\t\t\n\t\t\t\t\t\t\t\t\t\t\n\t\t\t\t\t\t\t\t\t\n\t\t\t\t<\/div>\n\t\t\t\t<!-- \/row_inner -->\n\t\t\t<\/div>\n\t\t\t<!-- \/module_row -->\n\t\t\t\n\t\t\t\n\t\t\t<!-- module_row -->\n\t\t\t<div class=\"themify_builder_row module_row module_row_2 clearfix\" >\n\n\t\t\t\t<div class=\"row_inner\">\n\n\t\t\t\t\t\n\t\t\t\t\t\n\t\t\t\t\t\n\t\t\t\t\t\n\t\t\t\t\t\t\t\t<div class=\"col-full first tb-column\">\n\t\t\t\t\t\t\t\t\t\t\t\t\t\t\t\t\t\t\t\n\t\t\t\t\t\t\t\t\t\t\n<!-- module box -->\n<div id=\"box-2678-2-0-0\" class=\"module module-box box-2678-2-0-0 \">\n\t\t\n\t\t\n\t<div class=\"module-box-content ui rounded gradient default  \">\n\t\t<p>Pour comprendre son \u00e9volution, examinons d\u2019abord les forces auxquelles le trait de l\u2019arc est soumis. L\u2019archer est dans une position confortable quand la fl\u00e8che qu\u2019il va tirer s\u2019\u00e9tend du centre du thorax \u00e0 l\u2019extr\u00e9mit\u00e9 de son bras \u00e9tendu.<\/p><p>Le pointage se fait cm visant le long du f\u00fbt dont l\u2019archer positionne les extr\u00e9mit\u00e9s avec ses mains. Ces extr\u00e9mit\u00e9s d\u00e9finissent la direction que la fl\u00e8che doit suivre d\u00e8s qu\u2019elle est d\u00e9coch\u00e9e. Les forces qui agissent sur la fl\u00e8che au moment du d\u00e9cochement ne co\u00efncident cependant pas tout \u00e0 fait avec la ligne de vis\u00e9e.<\/p><p>La corde rel\u00e2ch\u00e9e va pousser le talon de la fl\u00e8che vers le centre de l\u2019arc et non pas strictement le long de la ligne de vis\u00e9e. C\u2019est pourquoi si l\u2019on veut que la fl\u00e8che ne quitte pas sa ligne de vis\u00e9e, il faut qu\u2019elle fl\u00e9chisse l\u00e9g\u00e8rement au d\u00e9part.<\/p><p>Cette souplesse indispensable de la fl\u00e8che de l\u2019arc traditionnel limite la quantit\u00e9 d\u2019\u00e9nergie qu\u2019on peut imprimer \u00e0 la fl\u00e8che au cours de l\u2019acc\u00e9l\u00e9ration. Par exemple, nous avons d\u00e9termin\u00e9 qu\u2019une fl\u00e8che suffisamment flexible pour \u00eatre utilis\u00e9e avec un arc sous une tension de dix kilogrammes se rompt quand elle est d\u00e9coch\u00e9e par une arbal\u00e8te ayant une puissance de 40 kilogrammes.<\/p>\t<\/div>\n\n\t<\/div>\n<!-- \/module box -->\n<!-- .themify_builder .box-2678-2-0-0 Style -->\n<style>\n.themify_builder .box-2678-2-0-0.module-box {\n\ttext-align: justify\n}\n<\/style>\n<!-- End .themify_builder .box-2678-2-0-0 Style -->\n\n\t\t\t\t\t\t\t\t\t\n\t\t\t\t\t\t\t\t\t\t\t\t\t\t\t\t\t<\/div>\n\t\t\t\t\t\t\t\t<!-- \/col -->\n\t\t\t\t\t\t  \n\n\t\t\t\t\t\n\t\t\t\t\t\t\t\t\t\t\n\t\t\t\t\t\t\t\t\t\n\t\t\t\t<\/div>\n\t\t\t\t<!-- \/row_inner -->\n\t\t\t<\/div>\n\t\t\t<!-- \/module_row -->\n\t\t\t\n\t\t\t\n\t\t\t<!-- module_row -->\n\t\t\t<div class=\"themify_builder_row module_row module_row_3 clearfix\" >\n\n\t\t\t\t<div class=\"row_inner\">\n\n\t\t\t\t\t\n\t\t\t\t\t\n\t\t\t\t\t\n\t\t\t\t\t\n\t\t\t\t\t\t\t\t<div class=\"col-full first tb-column\">\n\t\t\t\t\t\t\t\t\t\t\t\t\t\t\t\t\t\t\t\n\t\t\t\t\t\t\t\t\t\t\n<!-- module box -->\n<div id=\"box-2678-3-0-0\" class=\"module module-box box-2678-3-0-0 \">\n\t\t\n\t\t\n\t<div class=\"module-box-content ui rounded gradient default  \">\n\t\t<p><img decoding=\"async\" class=\" alignright\" src=\"\/photos\/fleche2.jpg\" alt=\"\" \/>Les fabricants ont d\u00fb, d\u00e8s le d\u00e9but, repenser les fl\u00e8ches pour qu\u2019elles correspondent aux arbal\u00e8tes et aux catapultes. Puisque la surface de l\u2019arbrier faisait mieux co\u00efncider le mouvement de la corde avec la ligne de vol initial et que les syst\u00e8mes de guidage avaient d\u00e9plac\u00e9 la main du tireur, les traits pouvaient \u00eatre plus courts et plus rigides, ce qui, en retour, les rendait plus ais\u00e9s \u00e0 fabriquer, stocker et transporter.<\/p>\n<p>Deux principaux types de traits ont fini par se d\u00e9gager les carreaux du premier type sont deux fois moins longs que les fl\u00e8ches des arcs traditionnels; ils ont un fort renflement \u00e0 l\u2019arri\u00e8re et sont munis d\u2019ailerons trop petits par eux-m\u00eames pour bien stabiliser la fl\u00e8che Leur talon est con\u00e7u pour s\u2019embo\u00eeter dans le cran de d\u00e9cochement.<\/p>\n<p><img decoding=\"async\" class=\" alignleft\" src=\"\/photos\/fleche1.jpg\" alt=\"\" \/>Les fl\u00e8ches du second type sont d\u00e9pourvues d\u2019empennage elles n\u2019ont ni ailerons ni plumes. Leur t\u00eate m\u00e9tallique constitue environ un tiers de la longueur totale et le f\u00fbt de bois est r\u00e9duit au minimum n\u00e9cessaire pour, qu\u2019en vol, il puisse stabiliser la t\u00eate. L\u2019arri\u00e8re est lui aussi renfl\u00e9; leur longueur totale ne d\u00e9passe pas 15 centim\u00e8tres.<\/p>\n\t<\/div>\n\n\t<\/div>\n<!-- \/module box -->\n<!-- .themify_builder .box-2678-3-0-0 Style -->\n<style>\n.themify_builder .box-2678-3-0-0.module-box {\n\ttext-align: justify\n}\n<\/style>\n<!-- End .themify_builder .box-2678-3-0-0 Style -->\n\n\t\t\t\t\t\t\t\t\t\n\t\t\t\t\t\t\t\t\t\t\t\t\t\t\t\t\t<\/div>\n\t\t\t\t\t\t\t\t<!-- \/col -->\n\t\t\t\t\t\t  \n\n\t\t\t\t\t\n\t\t\t\t\t\t\t\t\t\t\n\t\t\t\t\t\t\t\t\t\n\t\t\t\t<\/div>\n\t\t\t\t<!-- \/row_inner -->\n\t\t\t<\/div>\n\t\t\t<!-- \/module_row -->\n\t\t\t\n<\/div>\n<!-- \/themify_builder_content -->","protected":false},"excerpt":{"rendered":"<p>L\u2019arbal\u00e8te \u00e0 arc en acierLes performances des arbal\u00e8tes m\u00e9di\u00e9vales \u00e0 arc en acier, et notamment leur puissance, restent in\u00e9gal\u00e9es jusqu\u2019\u00e0 l\u2019apparition, apr\u00e8s la Seconde Guerre mondiale, de la fibre de verre et autres composites modernes.Ralph Payne-Gallwey, gentleman sportif anglais de l\u2019\u00e9poque victorienne qui \u00e9crivit un trait\u00e9 classique sur l\u2019arbal\u00e8te, v\u00e9rifia qu\u2019une grande arbal\u00e8te de guerre [&hellip;]<\/p>\n","protected":false},"author":1,"featured_media":0,"parent":0,"menu_order":0,"comment_status":"closed","ping_status":"closed","template":"","meta":{"footnotes":""},"class_list":["post-2678","page","type-page","status-publish","hentry"],"_links":{"self":[{"href":"https:\/\/www.arbaletriers.be\/wordpress\/wp-json\/wp\/v2\/pages\/2678"}],"collection":[{"href":"https:\/\/www.arbaletriers.be\/wordpress\/wp-json\/wp\/v2\/pages"}],"about":[{"href":"https:\/\/www.arbaletriers.be\/wordpress\/wp-json\/wp\/v2\/types\/page"}],"author":[{"embeddable":true,"href":"https:\/\/www.arbaletriers.be\/wordpress\/wp-json\/wp\/v2\/users\/1"}],"replies":[{"embeddable":true,"href":"https:\/\/www.arbaletriers.be\/wordpress\/wp-json\/wp\/v2\/comments?post=2678"}],"version-history":[{"count":1,"href":"https:\/\/www.arbaletriers.be\/wordpress\/wp-json\/wp\/v2\/pages\/2678\/revisions"}],"predecessor-version":[{"id":11932,"href":"https:\/\/www.arbaletriers.be\/wordpress\/wp-json\/wp\/v2\/pages\/2678\/revisions\/11932"}],"wp:attachment":[{"href":"https:\/\/www.arbaletriers.be\/wordpress\/wp-json\/wp\/v2\/media?parent=2678"}],"curies":[{"name":"wp","href":"https:\/\/api.w.org\/{rel}","templated":true}]}}