{"id":2682,"date":"2015-02-14T13:26:33","date_gmt":"2015-02-14T12:26:33","guid":{"rendered":"http:\/\/www.arbaletriers.be\/wordpress\/?page_id=2682"},"modified":"2024-02-21T11:16:18","modified_gmt":"2024-02-21T10:16:18","slug":"tir-arbaletes-fabrication","status":"publish","type":"page","link":"https:\/\/www.arbaletriers.be\/wordpress\/tir-arbaletes-fabrication\/","title":{"rendered":"Tir &#8211; Arbal\u00e8tes &#8211; Fabrication"},"content":{"rendered":"<div id=\"themify_builder_content-2682\" data-postid=\"2682\" class=\"themify_builder_content themify_builder_content-2682 themify_builder themify_builder_front\">\n\t\t\t\t\n\t\t\t<!-- module_row -->\n\t\t\t<div class=\"themify_builder_row module_row module_row_0 clearfix\" >\n\n\t\t\t\t<div class=\"row_inner\">\n\n\t\t\t\t\t\n\t\t\t\t\t\n\t\t\t\t\t\n\t\t\t\t\t\n\t\t\t\t\t\t\t\t<div class=\"col-full first tb-column\">\n\t\t\t\t\t\t\t\t\t\t\t\t\t\t\t\t\t\t\t\n\t\t\t\t\t\t\t\t\t\t\n<!-- module box -->\n<div id=\"box-2682-0-0-0\" class=\"module module-box box-2682-0-0-0 \">\n\t\t\n\t\t\n\t<div class=\"module-box-content ui rounded gradient default  \">\n\t\t<p><strong>La fabrication industrielle des traits<\/strong><\/p><p>Le d\u00e9veloppement de ces armes entra\u00eena une forte demande en arbal\u00e8tes et en munitions. En temps de paix, le gros de la garnison d&rsquo;un ch\u00e2teau fort \u00e9tait souvent constitu\u00e9 d&rsquo;arbal\u00e9triers; \u00e0 des avant-postes strat\u00e9giques tels que le port anglais (\u00e0 l&rsquo;\u00e9poque) de Calais. Le stock de carreaux s&rsquo;\u00e9levait \u00e0 53 000 unit\u00e9s. Les autorit\u00e9s de ce port avaient l&rsquo;habitude d&rsquo;acheter les carreaux par lots de 10 000 ou 20 000 unit\u00e9s. De 1223 \u00e0 1293, la famille Malemort de la For\u00eat de Dean, en Angleterre, produisit pr\u00e8s d&rsquo;un million de carreaux.Pour satisfaire la demande, il fallut organiser une production en s\u00e9rie, et ce bien avant la R\u00e9volution industrielle. A titre d&rsquo;exemple, une machine con\u00e7ue pour fabriquer des fl\u00e8ches comprenait une paire de blocs de bois viss\u00e9s l&rsquo;un contre l&rsquo;autre pour former un \u00e9tau; chaque bloc \u00e9tait muni d&rsquo;une rainure o\u00f9 se logeait le f\u00fbt d&rsquo;une fl\u00e8che. Les ailerons d\u00e9passaient par des fentes bord\u00e9es d&rsquo;une plaque de m\u00e9tal qui servait de guide pour tailler chaque penne (ou aileron) \u00e0 la dimension et \u00e0 la sym\u00e9trie voulues.<\/p>\t<\/div>\n\n\t<\/div>\n<!-- \/module box -->\n<!-- .themify_builder .box-2682-0-0-0 Style -->\n<style>\n.themify_builder .box-2682-0-0-0.module-box {\n\ttext-align: justify\n}\n<\/style>\n<!-- End .themify_builder .box-2682-0-0-0 Style -->\n\n\t\t\t\t\t\t\t\t\t\n\t\t\t\t\t\t\t\t\t\t\t\t\t\t\t\t\t<\/div>\n\t\t\t\t\t\t\t\t<!-- \/col -->\n\t\t\t\t\t\t  \n\n\t\t\t\t\t\n\t\t\t\t\t\t\t\t\t\t\n\t\t\t\t\t\t\t\t\t\n\t\t\t\t<\/div>\n\t\t\t\t<!-- \/row_inner -->\n\t\t\t<\/div>\n\t\t\t<!-- \/module_row -->\n\t\t\t\n\t\t\t\n\t\t\t<!-- module_row -->\n\t\t\t<div class=\"themify_builder_row module_row module_row_1 clearfix\" >\n\n\t\t\t\t<div class=\"row_inner\">\n\n\t\t\t\t\t\n\t\t\t\t\t\n\t\t\t\t\t\n\t\t\t\t\t\n\t\t\t\t\t\t\t\t<div class=\"col-full first tb-column\">\n\t\t\t\t\t\t\t\t\t\t\t\t\t\t\t\t\t\t\t\n\t\t\t\t\t\t\t\t\t\t\n<!-- module box -->\n<div id=\"box-2682-1-0-0\" class=\"module module-box box-2682-1-0-0 \">\n\t\t\n\t\t\n\t<div class=\"module-box-content ui rounded gradient default  \">\n\t\t<p>Un second exemple de m\u00e9canisation est la machine \u00e0 d\u00e9gauchir qui \u00e9tait probablement utilis\u00e9e pour calibrer les f\u00fbts et tailler les encoches o\u00f9 allaient s \u2018ins\u00e9rer les pennes. Les f\u00fbts en bois de petit diam\u00e8tre \u00e9taient difficilement r\u00e9alisables avec les tours de l\u2019\u00e9poque car les fl\u00e8ches ployaient sous la pression du couteau. Avec cette d\u00e9gauchisseuse, l\u2019outil de coupe est maintenu dans un bloc de bois muni de deux poign\u00e9es oppos\u00e9es.<\/p><p>Le bloc glisse le long d\u2019un support qui maintient fermement en position le f\u00fbt de la fl\u00e8che. L\u2019outil de coupe continue la gravure jusqu\u2019\u00e0 ce que son bloc repose sur le haut du support. Cette machine contr\u00f4lait automatiquement la profondeur et l\u2019orientation de la gravure et permettait de produire des carreaux ayant des dimensions presque toujours identiques.<\/p><p>Apr\u00e8s L\u00e9onard de Vinci, l\u2019arbal\u00e8te commence \u00e0 \u00eatre supplant\u00e9e par les armes \u00e0 feu; toutefois, sur les navires, les arbal\u00e8tes furent employ\u00e9es plus longtemps pour deux raisons. D\u2019une part parce qu\u2019elles ne risquaient pas de prendre feu \u2013 probl\u00e8me propre aux premi\u00e8res armes \u00e0 feu \u2013 et, d\u2019autre part, parce que le bastingage des navires prot\u00e9geait les marins en train de recharger; des arbal\u00e8tes plus massives continu\u00e8rent \u00e0 servir pour la p\u00eache \u00e0 la baleine. Sur terre, les armes \u00e0 feu supplant\u00e8rent peu \u00e0 peu les arbal\u00e8tes pour la chasse.<\/p>\t<\/div>\n\n\t<\/div>\n<!-- \/module box -->\n<!-- .themify_builder .box-2682-1-0-0 Style -->\n<style>\n.themify_builder .box-2682-1-0-0.module-box {\n\ttext-align: justify\n}\n<\/style>\n<!-- End .themify_builder .box-2682-1-0-0 Style -->\n\n\t\t\t\t\t\t\t\t\t\n\t\t\t\t\t\t\t\t\t\t\t\t\t\t\t\t\t<\/div>\n\t\t\t\t\t\t\t\t<!-- \/col -->\n\t\t\t\t\t\t  \n\n\t\t\t\t\t\n\t\t\t\t\t\t\t\t\t\t\n\t\t\t\t\t\t\t\t\t\n\t\t\t\t<\/div>\n\t\t\t\t<!-- \/row_inner -->\n\t\t\t<\/div>\n\t\t\t<!-- \/module_row -->\n\t\t\t\n\t\t\t\n\t\t\t<!-- module_row -->\n\t\t\t<div class=\"themify_builder_row module_row module_row_2 clearfix\" >\n\n\t\t\t\t<div class=\"row_inner\">\n\n\t\t\t\t\t\n\t\t\t\t\t\n\t\t\t\t\t\n\t\t\t\t\t\n\t\t\t\t\t\t\t\t<div class=\"col-full first tb-column\">\n\t\t\t\t\t\t\t\t\t\t\t\t\t\t\t\t\t\t\t\n\t\t\t\t\t\t\t\t\t\t\n<!-- module box -->\n<div id=\"box-2682-2-0-0\" class=\"module module-box box-2682-2-0-0 \">\n\t\t\n\t\t\n\t<div class=\"module-box-content ui rounded gradient default  \">\n\t\t<p><a href=\"\/photos\/gr-arba-balle.jpg\" target=\"_blank\" rel=\"noopener\"><img decoding=\"async\" class=\" alignleft\" src=\"\/photos\/pt-arba-balle.jpg\" alt=\"\" border=\"0\" \/><\/a>Une exception, cependant, concerne une petite arbal\u00e8te \u00e0 pierres ou \u00e0 balles cette arme, utilis\u00e9e pour la chasse au petit gibier, surv\u00e9cut jusqu\u2019au XIX\u00e8me si\u00e8cle.<br \/>\nLe fait que cet arc \u00e0 balles ou \u00e0 chevrotines reprenne certaines caract\u00e9ristiques des armes \u00e0 feu marque une inversion dans la relation d\u2019\u00e9volution entre ces deux types d\u2019armes certains traits des armes \u00e0 feu, tels que les f\u00fbts, les d\u00e9clics de d\u00e9tente et les viseurs ajustables, avaient, \u00e0 l\u2019origine, \u00e9t\u00e9 mis au point pour des arbal\u00e8tes, en particulier pour les arbal\u00e8tes de tir sur cible qui existent encore un peu partout dans le monde.<\/p>\n<p><a href=\"\/photos\/gr-arba-balle2.jpg\" target=\"_blank\" rel=\"noopener\"><img decoding=\"async\" class=\" alignright\" src=\"\/photos\/pt-arba-balle2.jpg\" alt=\"\" border=\"0\" \/><\/a>Au XX\u00e8me si\u00e8cle, l\u2019invention des mat\u00e9riaux en fibre de verre a permis \u00e0 l\u2019arbal\u00e8te de reprendre du service. Les fibres de verre sont les \u00e9quivalents modernes du ligament et les mati\u00e8res plastiques ont remplac\u00e9 la corne de buffle. Bien que la nouvelle mode du tir \u00e0 l\u2019arbal\u00e8te ne suive que de tr\u00e8s loin celle du tir \u00e0 l\u2019arc, il est indubitable qu\u2019elle a un certain succ\u00e8s.<\/p>\n<p>L\u2019arbal\u00e9triers moderne a entre ses mains une arbal\u00e8te bien plus perfectionn\u00e9e que l\u2019arme m\u00e9di\u00e9vale.<\/p>\n\t<\/div>\n\n\t<\/div>\n<!-- \/module box -->\n<!-- .themify_builder .box-2682-2-0-0 Style -->\n<style>\n.themify_builder .box-2682-2-0-0.module-box {\n\ttext-align: justify\n}\n<\/style>\n<!-- End .themify_builder .box-2682-2-0-0 Style -->\n\n\t\t\t\t\t\t\t\t\t\n\t\t\t\t\t\t\t\t\t\t\t\t\t\t\t\t\t<\/div>\n\t\t\t\t\t\t\t\t<!-- \/col -->\n\t\t\t\t\t\t  \n\n\t\t\t\t\t\n\t\t\t\t\t\t\t\t\t\t\n\t\t\t\t\t\t\t\t\t\n\t\t\t\t<\/div>\n\t\t\t\t<!-- \/row_inner -->\n\t\t\t<\/div>\n\t\t\t<!-- \/module_row -->\n\t\t\t\n<\/div>\n<!-- \/themify_builder_content -->","protected":false},"excerpt":{"rendered":"<p>La fabrication industrielle des traitsLe d\u00e9veloppement de ces armes entra\u00eena une forte demande en arbal\u00e8tes et en munitions. En temps de paix, le gros de la garnison d&rsquo;un ch\u00e2teau fort \u00e9tait souvent constitu\u00e9 d&rsquo;arbal\u00e9triers; \u00e0 des avant-postes strat\u00e9giques tels que le port anglais (\u00e0 l&rsquo;\u00e9poque) de Calais. Le stock de carreaux s&rsquo;\u00e9levait \u00e0 53 000 [&hellip;]<\/p>\n","protected":false},"author":1,"featured_media":0,"parent":0,"menu_order":0,"comment_status":"closed","ping_status":"closed","template":"","meta":{"footnotes":""},"class_list":["post-2682","page","type-page","status-publish","hentry"],"_links":{"self":[{"href":"https:\/\/www.arbaletriers.be\/wordpress\/wp-json\/wp\/v2\/pages\/2682"}],"collection":[{"href":"https:\/\/www.arbaletriers.be\/wordpress\/wp-json\/wp\/v2\/pages"}],"about":[{"href":"https:\/\/www.arbaletriers.be\/wordpress\/wp-json\/wp\/v2\/types\/page"}],"author":[{"embeddable":true,"href":"https:\/\/www.arbaletriers.be\/wordpress\/wp-json\/wp\/v2\/users\/1"}],"replies":[{"embeddable":true,"href":"https:\/\/www.arbaletriers.be\/wordpress\/wp-json\/wp\/v2\/comments?post=2682"}],"version-history":[{"count":1,"href":"https:\/\/www.arbaletriers.be\/wordpress\/wp-json\/wp\/v2\/pages\/2682\/revisions"}],"predecessor-version":[{"id":11933,"href":"https:\/\/www.arbaletriers.be\/wordpress\/wp-json\/wp\/v2\/pages\/2682\/revisions\/11933"}],"wp:attachment":[{"href":"https:\/\/www.arbaletriers.be\/wordpress\/wp-json\/wp\/v2\/media?parent=2682"}],"curies":[{"name":"wp","href":"https:\/\/api.w.org\/{rel}","templated":true}]}}