{"id":2701,"date":"2015-02-14T13:31:35","date_gmt":"2015-02-14T12:31:35","guid":{"rendered":"http:\/\/www.arbaletriers.be\/wordpress\/?page_id=2701"},"modified":"2026-01-19T13:35:56","modified_gmt":"2026-01-19T12:35:56","slug":"compagnie-2","status":"publish","type":"page","link":"https:\/\/www.arbaletriers.be\/wordpress\/compagnie-2\/","title":{"rendered":"Compagnie"},"content":{"rendered":"<div id=\"themify_builder_content-2701\" data-postid=\"2701\" class=\"themify_builder_content themify_builder_content-2701 themify_builder themify_builder_front\">\n\t\t\t\t\n\t\t\t<!-- module_row -->\n\t\t\t<div class=\"themify_builder_row module_row module_row_0 clearfix\" >\n\n\t\t\t\t<div class=\"row_inner\">\n\n\t\t\t\t\t\n\t\t\t\t\t\n\t\t\t\t\t\n\t\t\t\t\t\n\t\t\t\t\t\t\t\t<div class=\"col-full first tb-column\">\n\t\t\t\t\t\t\t\t\t\t\t\t\t\t\t\t\t\t\t\n\t\t\t\t\t\t\t\t\t\t\n<!-- module box -->\n<div id=\"box-2701-0-0-0\" class=\"module module-box box-2701-0-0-0 \">\n\t\t\n\t\t\n\t<div class=\"module-box-content ui rounded gradient default  \">\n\t\t<p style=\"text-align: center;\"><strong>Bienvenue sur le Site des\u00a0Anciens Arbal\u00e9triers Vis\u00e9tois<\/strong><\/p><p style=\"text-align: center;\"><strong>Nous f\u00eatons nos 700 ans d\u2019histoire et de traditions !<\/strong><\/p><p style=\"text-align: center;\"><img src='http:\/\/www.arbaletriers.be\/wordpress\/wp-content\/uploads\/2014\/10\/700-473x294.jpg' alt='Compagnie'     \/>\u00a0<\/p>\t<\/div>\n\n\t<\/div>\n<!-- \/module box -->\n<!-- .themify_builder .box-2701-0-0-0 Style -->\n<style>\n.themify_builder .box-2701-0-0-0.module-box {\n\tfont-size: 20px;\n\ttext-align: justify\n}\n<\/style>\n<!-- End .themify_builder .box-2701-0-0-0 Style -->\n\n\t\t\t\t\t\t\t\t\t\n\t\t\t\t\t\t\t\t\t\t\t\t\t\t\t\t\t<\/div>\n\t\t\t\t\t\t\t\t<!-- \/col -->\n\t\t\t\t\t\t  \n\n\t\t\t\t\t\n\t\t\t\t\t\t\t\t\t\t\n\t\t\t\t\t\t\t\t\t\n\t\t\t\t<\/div>\n\t\t\t\t<!-- \/row_inner -->\n\t\t\t<\/div>\n\t\t\t<!-- \/module_row -->\n\t\t\t\n\t\t\t\n\t\t\t<!-- module_row -->\n\t\t\t<div class=\"themify_builder_row module_row module_row_1 clearfix\" >\n\n\t\t\t\t<div class=\"row_inner\">\n\n\t\t\t\t\t\n\t\t\t\t\t\n\t\t\t\t\t\n\t\t\t\t\t\n\t\t\t\t\t\t\t\t<div class=\"col4-2 first tb-column\">\n\t\t\t\t\t\t\t\t\t\t\t\t\t\t\t\t\t\t\t\n\t\t\t\t\t\t\t\t\t\t\n<!-- module box -->\n<div id=\"box-2701-1-0-0\" class=\"module module-box box-2701-1-0-0 \">\n\t\t\n\t\t\n\t<div class=\"module-box-content ui rounded gradient default  \">\n\t\t<p><em>Avant-propos<\/em><\/p><p>La compagnie royale des anciens arbal\u00e9triers vis\u00e9tois professant une neutralit\u00e9 absolue aux points de vue politique, philosophique et religieux s\u2019abstient, en dehors de ses c\u00e9r\u00e9monies traditionnelles et de ses f\u00eates propres, de prendre part soit \u00e0 des cort\u00e8ges, soit \u00e0 des manifestations quelconques ne relevant pas directement de ses buts et\/ou de ses origines historiques.<\/p>\t<\/div>\n\n\t<\/div>\n<!-- \/module box -->\n<!-- .themify_builder .box-2701-1-0-0 Style -->\n<style>\n.themify_builder .box-2701-1-0-0.module-box {\n\ttext-align: justify\n}\n<\/style>\n<!-- End .themify_builder .box-2701-1-0-0 Style -->\n\n\n<!-- module box -->\n<div id=\"box-2701-1-0-1\" class=\"module module-box box-2701-1-0-1 \">\n\t\t\n\t\t\n\t<div class=\"module-box-content ui rounded gradient default  \">\n\t\t<p><em>La compagnie a ainsi pour pr\u00e9occupations principales :<\/em><\/p>\n<p>1\u00b0 De perp\u00e9tuer, par l\u2019organisation de f\u00eates, c\u00e9r\u00e9monies et comm\u00e9morations diverses, et par tous autres moyens appropri\u00e9s, les traditions ancestrales des Gildes, Serments et Corporations, et plus sp\u00e9cialement de l\u2019antique Gilde des Arbal\u00e9triers Vis\u00e9tois, et des Milices citoyennes de l\u2019ancienne Principaut\u00e9 de Li\u00e8ge. Elle pratique ainsi le culte de ses Glorieux Anc\u00eatres.<\/p>\n<p>2\u00b0 D\u2019acqu\u00e9rir, de collectionner et de conserver, par son Association sans but lucratif, dans un but historique, arch\u00e9ologique, folklorique et artistique, tous les joyaux anciens ou modernes, ayant trait, rapport et\/ ou relation soit avec son origine ou son histoire, soit avec son organisation et\/ou ses besoins.<\/p>\n<p>3\u00b0 De perp\u00e9tuer, de perfectionner et d\u2019encourager la pratique du tir \u00e0 l\u2019arbal\u00e8te.<\/p>\n<p>4\u00b0 De provoquer et d\u2019entretenir entre ses adh\u00e9rents l\u2019esprit de confraternit\u00e9 et de confiance r\u00e9ciproques, de tol\u00e9rance et d\u2019esprit civique et chevaleresque, qui caract\u00e9risaient et unissaient les membres des anciennes Gildes.<\/p>\n<p>5\u00b0 Enfin, de contribuer \u00e0 l\u2019augmentation du patrimoine et des biens de son Association sans but lucratif et de sa Soci\u00e9t\u00e9 Coop\u00e9rative.<\/p>\n\t<\/div>\n\n\t<\/div>\n<!-- \/module box -->\n<!-- .themify_builder .box-2701-1-0-1 Style -->\n<style>\n.themify_builder .box-2701-1-0-1.module-box {\n\ttext-align: justify\n}\n<\/style>\n<!-- End .themify_builder .box-2701-1-0-1 Style -->\n\n\t\t\t\t\t\t\t\t\t\n\t\t\t\t\t\t\t\t\t\t\t\t\t\t\t\t\t<\/div>\n\t\t\t\t\t\t\t\t<!-- \/col -->\n\t\t\t\t\t\t\n\t\t\t\t\t\t\t\t<div class=\"col4-2 last tb-column\">\n\t\t\t\t\t\t\t\t\t\t\t\t\t\t\t\t\t\t\t\n\t\t\t\t\t\t\t\t\t\t\n<!-- module box -->\n<div id=\"box-2701-1-1-0\" class=\"module module-box box-2701-1-1-0 \">\n\t\t\n\t\t\n\t<div class=\"module-box-content ui rounded gradient default  \">\n\t\t<p><strong>Compagnie<\/strong><br \/>G\u00e9n\u00e9ral-Pr\u00e9sident : Jean-Pol NIHON<br \/>G\u00e9n\u00e9ral-Pr\u00e9sident Honoraire : Francis MALMENDIER<br \/>Colonel en Chef &#8211; Vice-Pr\u00e9sident : No\u00ebl MERTENS<br \/>Colonel-Secr\u00e9taire : Alain PILLE<br \/>Colonel-Tr\u00e9sorier : Emmanuel MALMENDIER<\/p><p><strong>Soci\u00e9t\u00e9 coop\u00e9rative<\/strong><br \/>Pr\u00e9sident : Jean-Pol NIHON<br \/>Vice-Pr\u00e9sident : Christian PAULISSEN<br \/>Administrateur-Tr\u00e9sorier : Jos\u00e9 BASTIN<br \/>Administrateur-Secr\u00e9taire : Paul DELEPINE<\/p><p><strong>Conseil du Mus\u00e9e<\/strong><br \/>Pr\u00e9sident : Colonel Conservateur Xavier HANNECART<br \/>Compte mus\u00e9e : BE02 1030 4187 2140<br \/>musee@arbaletriers.be<\/p><p><strong>Section de Tir<\/strong><br \/>Pr\u00e9sident : Colonel Pierrot LONGLE<\/p><p><strong>Corps des Albastries<\/strong><br \/>Capitaine : Jean-Fran\u00e7ois DE BLOCK<\/p><p><strong>Corps des Tambours<\/strong><br \/>Tambour Major : Ren\u00e9 VERSTRAETEN Jr.<\/p><p><strong>Section des Jeunes Bleus<\/strong><br \/>Pr\u00e9sident : Major Benjamin ONKELINX<\/p><p><strong>Section Moins de Quarante<\/strong><br \/>Pr\u00e9sident : Major S\u00e9bastien FAYS<\/p><p><strong>Fascicule trimestriel \u00ab L\u2019ARBALETRIER \u00bb<\/strong><br \/>Responsable : Major Olivier BASTIN<\/p><p><strong>Fichier adresses<\/strong><br \/>Raymond NIESTEN \u2013 raymond.niesten@skynet.be<\/p><p><strong>LOCAL<\/strong> : Rue Haute, 46 \u2013 4600 Vis\u00e9 \u2013 Mme Sophie TASSET : 04\/265.46.34<\/p><p><strong>LOCATION DE SALLE ET FOND DE CALE<\/strong> :<br \/>Paul DELEPINE 0494\/68.06.19<br \/>Michel NIHON 0477\/47.62.98<\/p><p><strong>Compte-vue Cotisations<\/strong> : BE58 2400 4924 4779<\/p>\t<\/div>\n\n\t<\/div>\n<!-- \/module box -->\n<!-- .themify_builder .box-2701-1-1-0 Style -->\n<style>\n.themify_builder .box-2701-1-1-0.module-box {\n\ttext-align: justify\n}\n<\/style>\n<!-- End .themify_builder .box-2701-1-1-0 Style -->\n\n\t\t\t\t\t\t\t\t\t\n\t\t\t\t\t\t\t\t\t\t\t\t\t\t\t\t\t<\/div>\n\t\t\t\t\t\t\t\t<!-- \/col -->\n\t\t\t\t\t\t  \n\n\t\t\t\t\t\n\t\t\t\t\t\t\t\t\t\t\n\t\t\t\t\t\t\t\t\t\n\t\t\t\t<\/div>\n\t\t\t\t<!-- \/row_inner -->\n\t\t\t<\/div>\n\t\t\t<!-- \/module_row -->\n\t\t\t\n<\/div>\n<!-- \/themify_builder_content -->","protected":false},"excerpt":{"rendered":"<p>Bienvenue sur le Site des\u00a0Anciens Arbal\u00e9triers Vis\u00e9toisNous f\u00eatons nos 700 ans d\u2019histoire et de traditions !\u00a0 Avant-proposLa compagnie royale des anciens arbal\u00e9triers vis\u00e9tois professant une neutralit\u00e9 absolue aux points de vue politique, philosophique et religieux s\u2019abstient, en dehors de ses c\u00e9r\u00e9monies traditionnelles et de ses f\u00eates propres, de prendre part soit \u00e0 des cort\u00e8ges, soit [&hellip;]<\/p>\n","protected":false},"author":1,"featured_media":0,"parent":0,"menu_order":0,"comment_status":"closed","ping_status":"closed","template":"","meta":{"footnotes":""},"class_list":["post-2701","page","type-page","status-publish","hentry"],"_links":{"self":[{"href":"https:\/\/www.arbaletriers.be\/wordpress\/wp-json\/wp\/v2\/pages\/2701"}],"collection":[{"href":"https:\/\/www.arbaletriers.be\/wordpress\/wp-json\/wp\/v2\/pages"}],"about":[{"href":"https:\/\/www.arbaletriers.be\/wordpress\/wp-json\/wp\/v2\/types\/page"}],"author":[{"embeddable":true,"href":"https:\/\/www.arbaletriers.be\/wordpress\/wp-json\/wp\/v2\/users\/1"}],"replies":[{"embeddable":true,"href":"https:\/\/www.arbaletriers.be\/wordpress\/wp-json\/wp\/v2\/comments?post=2701"}],"version-history":[{"count":1,"href":"https:\/\/www.arbaletriers.be\/wordpress\/wp-json\/wp\/v2\/pages\/2701\/revisions"}],"predecessor-version":[{"id":12141,"href":"https:\/\/www.arbaletriers.be\/wordpress\/wp-json\/wp\/v2\/pages\/2701\/revisions\/12141"}],"wp:attachment":[{"href":"https:\/\/www.arbaletriers.be\/wordpress\/wp-json\/wp\/v2\/media?parent=2701"}],"curies":[{"name":"wp","href":"https:\/\/api.w.org\/{rel}","templated":true}]}}