{"id":2707,"date":"2015-02-14T13:32:37","date_gmt":"2015-02-14T12:32:37","guid":{"rendered":"http:\/\/www.arbaletriers.be\/wordpress\/?page_id=2707"},"modified":"2024-02-20T14:18:52","modified_gmt":"2024-02-20T13:18:52","slug":"compagnie-moins-de-40","status":"publish","type":"page","link":"https:\/\/www.arbaletriers.be\/wordpress\/compagnie-moins-de-40\/","title":{"rendered":"Compagnie &#8211; Moins de 40"},"content":{"rendered":"<div id=\"themify_builder_content-2707\" data-postid=\"2707\" class=\"themify_builder_content themify_builder_content-2707 themify_builder themify_builder_front\">\n\t\t\t\t\n\t\t\t<!-- module_row -->\n\t\t\t<div class=\"themify_builder_row module_row module_row_0 clearfix\" >\n\n\t\t\t\t<div class=\"row_inner\">\n\n\t\t\t\t\t\n\t\t\t\t\t\n\t\t\t\t\t\n\t\t\t\t\t\n\t\t\t\t\t\t\t\t<div class=\"col-full first tb-column\">\n\t\t\t\t\t\t\t\t\t\t\t\t\t\t\t\t\t\t\t\n\t\t\t\t\t\t\t\t\t\t\n<!-- module box -->\n<div id=\"box-2707-0-0-0\" class=\"module module-box box-2707-0-0-0 \">\n\t\t\n\t\t\n\t<div class=\"module-box-content ui rounded gradient default  \">\n\t\t<h1>Les Moins de Quarante<\/h1>\n<h1><\/h1>\n\t<\/div>\n\n\t<\/div>\n<!-- \/module box -->\n\t\t\t\t\t\t\t\t\t\n\t\t\t\t\t\t\t\t\t\t\t\t\t\t\t\t\t<\/div>\n\t\t\t\t\t\t\t\t<!-- \/col -->\n\t\t\t\t\t\t  \n\n\t\t\t\t\t\n\t\t\t\t\t\t\t\t\t\t\n\t\t\t\t\t\t\t\t\t\n\t\t\t\t<\/div>\n\t\t\t\t<!-- \/row_inner -->\n\t\t\t<\/div>\n\t\t\t<!-- \/module_row -->\n\t\t\t\n\t\t\t\n\t\t\t<!-- module_row -->\n\t\t\t<div class=\"themify_builder_row module_row module_row_1 clearfix\" >\n\n\t\t\t\t<div class=\"row_inner\">\n\n\t\t\t\t\t\n\t\t\t\t\t\n\t\t\t\t\t\n\t\t\t\t\t\n\t\t\t\t\t\t\t\t<div class=\"col4-2 first tb-column\">\n\t\t\t\t\t\t\t\t\t\t\t\t\t\t\t\t\t\t\t\n\t\t\t\t\t\t\t\t\t\t\n<!-- module box -->\n<div id=\"box-2707-1-0-0\" class=\"module module-box box-2707-1-0-0 \">\n\t\t\n\t\t\n\t<div class=\"module-box-content ui rounded gradient default  \">\n\t\t<p><i><b>1. La cr\u00e9ation du Comit\u00e9 des Moins de Quarante.<\/b><\/i><br \/>\n<a href=\"\/wordpress\/compagnie-moins-de-40-1-la-creation\/\"><img loading=\"lazy\" decoding=\"async\" class=\" aligncenter\" src=\"\/wordpress\/wp-content\/uploads\/2017\/01\/3ducdalbe.jpg\" alt=\"1. La cr\u00e9ation du Comit\u00e9 des Moins de Quarante.\" width=\"374\" height=\"250\" \/><\/a><\/p>\n\t<\/div>\n\n\t<\/div>\n<!-- \/module box -->\n\t\t\t\t\t\t\t\t\t\n\t\t\t\t\t\t\t\t\t\t\t\t\t\t\t\t\t<\/div>\n\t\t\t\t\t\t\t\t<!-- \/col -->\n\t\t\t\t\t\t\n\t\t\t\t\t\t\t\t<div class=\"col4-2 last tb-column\">\n\t\t\t\t\t\t\t\t\t\t\t\t\t\t\t\t\t\t\t\n\t\t\t\t\t\t\t\t\t\t\n<!-- module box -->\n<div id=\"box-2707-1-1-0\" class=\"module module-box box-2707-1-1-0 \">\n\t\t\n\t\t\n\t<div class=\"module-box-content ui rounded gradient default  \">\n\t\t<p><i><b>2. Les festivit\u00e9s du 675\u00e8me anniversaire en 1985.<\/b><\/i><br \/>\n<a href=\"\/wordpress\/compagnie-moins-de-40-2-les-festivites-du-675eme-anniversaire-en-1985\/\"><img loading=\"lazy\" decoding=\"async\" class=\" aligncenter\" src=\"\/wordpress\/wp-content\/uploads\/2017\/01\/3ducdalbe.jpg\" alt=\"Les festivit\u00e9s du 675\u00e8me anniversaire en 1985\" width=\"374\" height=\"250\" \/><\/a><\/p>\n\t<\/div>\n\n\t<\/div>\n<!-- \/module box -->\n\t\t\t\t\t\t\t\t\t\n\t\t\t\t\t\t\t\t\t\t\t\t\t\t\t\t\t<\/div>\n\t\t\t\t\t\t\t\t<!-- \/col -->\n\t\t\t\t\t\t  \n\n\t\t\t\t\t\n\t\t\t\t\t\t\t\t\t\t\n\t\t\t\t\t\t\t\t\t\n\t\t\t\t<\/div>\n\t\t\t\t<!-- \/row_inner -->\n\t\t\t<\/div>\n\t\t\t<!-- \/module_row -->\n\t\t\t\n\t\t\t\n\t\t\t<!-- module_row -->\n\t\t\t<div class=\"themify_builder_row module_row module_row_2 clearfix\" >\n\n\t\t\t\t<div class=\"row_inner\">\n\n\t\t\t\t\t\n\t\t\t\t\t\n\t\t\t\t\t\n\t\t\t\t\t\n\t\t\t\t\t\t\t\t<div class=\"col4-2 first tb-column\">\n\t\t\t\t\t\t\t\t\t\t\t\t\t\t\t\t\t\t\t\n\t\t\t\t\t\t\t\t\t\t\n<!-- module box -->\n<div id=\"box-2707-2-0-0\" class=\"module module-box box-2707-2-0-0 \">\n\t\t\n\t\t\n\t<div class=\"module-box-content ui rounded gradient default  \">\n\t\t<p><i><b>3. La vie de la Section de 1986 \u00e0 nos jours.<\/b><\/i><br \/>\n<a href=\"\/wordpress\/compagnie-moins-de-40-3-la-vie-de-la-section-de-1986-a-nos-jours\/\"><img loading=\"lazy\" decoding=\"async\" class=\" aligncenter\" src=\"\/wordpress\/wp-content\/uploads\/2017\/01\/3ducdalbe.jpg\" alt=\"3. La vie de la Section de 1986 \u00e0 nos jours.\" width=\"374\" height=\"250\" \/><\/a><\/p>\n\t<\/div>\n\n\t<\/div>\n<!-- \/module box -->\n\t\t\t\t\t\t\t\t\t\n\t\t\t\t\t\t\t\t\t\t\t\t\t\t\t\t\t<\/div>\n\t\t\t\t\t\t\t\t<!-- \/col -->\n\t\t\t\t\t\t\n\t\t\t\t\t\t\t\t<div class=\"col4-2 last tb-column\">\n\t\t\t\t\t\t\t\t\t\t\t\t\t\t\t\t\t\t\t\n\t\t\t\t\t\t\t\t\t\t\n<!-- module box -->\n<div id=\"box-2707-2-1-0\" class=\"module module-box box-2707-2-1-0 \">\n\t\t\n\t\t\n\t<div class=\"module-box-content ui rounded gradient default  \">\n\t\t<p><i><b>4. Pr\u00e9sidents de la section depuis sa cr\u00e9ation.<\/b><\/i><br \/>\n<a href=\"\/wordpress\/compagnie-moins-de-40-4-presidents-de-la-section-depuis-sa-creation\/\"><img loading=\"lazy\" decoding=\"async\" class=\" aligncenter\" src=\"\/wordpress\/wp-content\/uploads\/2017\/01\/3ducdalbe.jpg\" alt=\"Annexes\" width=\"374\" height=\"250\" \/><\/a><\/p>\n\t<\/div>\n\n\t<\/div>\n<!-- \/module box -->\n\t\t\t\t\t\t\t\t\t\n\t\t\t\t\t\t\t\t\t\t\t\t\t\t\t\t\t<\/div>\n\t\t\t\t\t\t\t\t<!-- \/col -->\n\t\t\t\t\t\t  \n\n\t\t\t\t\t\n\t\t\t\t\t\t\t\t\t\t\n\t\t\t\t\t\t\t\t\t\n\t\t\t\t<\/div>\n\t\t\t\t<!-- \/row_inner -->\n\t\t\t<\/div>\n\t\t\t<!-- \/module_row -->\n\t\t\t\n<\/div>\n<!-- \/themify_builder_content -->","protected":false},"excerpt":{"rendered":"<p>Les Moins de Quarante 1. La cr\u00e9ation du Comit\u00e9 des Moins de Quarante. 2. Les festivit\u00e9s du 675\u00e8me anniversaire en 1985. 3. La vie de la Section de 1986 \u00e0 nos jours. 4. Pr\u00e9sidents de la section depuis sa cr\u00e9ation.<\/p>\n","protected":false},"author":1,"featured_media":0,"parent":0,"menu_order":0,"comment_status":"closed","ping_status":"closed","template":"","meta":{"footnotes":""},"class_list":["post-2707","page","type-page","status-publish","hentry"],"_links":{"self":[{"href":"https:\/\/www.arbaletriers.be\/wordpress\/wp-json\/wp\/v2\/pages\/2707"}],"collection":[{"href":"https:\/\/www.arbaletriers.be\/wordpress\/wp-json\/wp\/v2\/pages"}],"about":[{"href":"https:\/\/www.arbaletriers.be\/wordpress\/wp-json\/wp\/v2\/types\/page"}],"author":[{"embeddable":true,"href":"https:\/\/www.arbaletriers.be\/wordpress\/wp-json\/wp\/v2\/users\/1"}],"replies":[{"embeddable":true,"href":"https:\/\/www.arbaletriers.be\/wordpress\/wp-json\/wp\/v2\/comments?post=2707"}],"version-history":[{"count":1,"href":"https:\/\/www.arbaletriers.be\/wordpress\/wp-json\/wp\/v2\/pages\/2707\/revisions"}],"predecessor-version":[{"id":11923,"href":"https:\/\/www.arbaletriers.be\/wordpress\/wp-json\/wp\/v2\/pages\/2707\/revisions\/11923"}],"wp:attachment":[{"href":"https:\/\/www.arbaletriers.be\/wordpress\/wp-json\/wp\/v2\/media?parent=2707"}],"curies":[{"name":"wp","href":"https:\/\/api.w.org\/{rel}","templated":true}]}}