{"id":2709,"date":"2015-02-14T13:32:49","date_gmt":"2015-02-14T12:32:49","guid":{"rendered":"http:\/\/www.arbaletriers.be\/wordpress\/?page_id=2709"},"modified":"2025-08-06T15:39:52","modified_gmt":"2025-08-06T14:39:52","slug":"compagnie-conseil-du-musee","status":"publish","type":"page","link":"https:\/\/www.arbaletriers.be\/wordpress\/compagnie-conseil-du-musee\/","title":{"rendered":"Compagnie &#8211; Conseil du Mus\u00e9e"},"content":{"rendered":"<div id=\"themify_builder_content-2709\" data-postid=\"2709\" class=\"themify_builder_content themify_builder_content-2709 themify_builder themify_builder_front\">\n\t\t\t\t\n\t\t\t<!-- module_row -->\n\t\t\t<div class=\"themify_builder_row module_row module_row_0 clearfix\" >\n\n\t\t\t\t<div class=\"row_inner\">\n\n\t\t\t\t\t\n\t\t\t\t\t\n\t\t\t\t\t\n\t\t\t\t\t\n\t\t\t\t\t\t\t\t<div class=\"col-full first tb-column\">\n\t\t\t\t\t\t\t\t\t\t\t\t\t\t\t\t\t\t\t\n\t\t\t\t\t\t\t\t\t\t\n<!-- module box -->\n<div id=\"box-2709-0-0-0\" class=\"module module-box box-2709-0-0-0 \">\n\t\t\n\t\t\n\t<div class=\"module-box-content ui rounded gradient default  \">\n\t\t<h1>Le Conseil du Mus\u00e9e<\/h1>\n\t<\/div>\n\n\t<\/div>\n<!-- \/module box -->\n\n<!-- module box -->\n<div id=\"box-2709-0-0-1\" class=\"module module-box box-2709-0-0-1 \">\n\t\t\n\t\t\n\t<div class=\"module-box-content ui rounded gradient default  \">\n\t\t<p><em><strong><u>Le climat g\u00e9n\u00e9ral<\/u><\/strong><\/em><br \/>\nApr\u00e8s le 650\u00e8me anniversaire, la vie de la Compagnie se limitait \u00e0 un cheminement paisible. Les membres assistaient aux assembl\u00e9es calmes, r\u00e9p\u00e9titives et tranquilles o\u00f9 ils chantaient les vieux chants traditionnels. Les trois f\u00eates rassemblaient certes une nombreuse assistance, le tir d\u2019hiver \u00e9tait suivi par une poign\u00e9e d\u2019irr\u00e9ductibles mais rien ne devait perturber la r\u00e9p\u00e9tition du programme de l\u2019ann\u00e9e pr\u00e9c\u00e9dente&#8230;<\/p>\n\t<\/div>\n\n\t<\/div>\n<!-- \/module box -->\n\n<!-- module box -->\n<div id=\"box-2709-0-0-2\" class=\"module module-box box-2709-0-0-2 \">\n\t\t\n\t\t\n\t<div class=\"module-box-content ui rounded gradient default  \">\n\t\t<p><em><strong><u>Les pr\u00e9mices<\/u><\/strong><\/em><br \/>En 1961, Jean MASSIN, membre de l\u2019\u00e9tat-major du roy &#038; de la soci\u00e9t\u00e9 arch\u00e9o-historique de Vis\u00e9, grand chercheur &#038; fouilleur sur l\u2019histoire de sa ville propose de former un comit\u00e9 qui entourerait &#038; aiderait le colonel-conservateur.<br \/>Cette initiative resta sans suite.<\/p><p>Dans les ann\u00e9es 80, le colonel conservateur Joseph RONDAY s\u2019\u00e9tait fix\u00e9 l\u2019objectif de rafra\u00eechir le mus\u00e9e, en le repeignant, en nettoyant les armes &#038; en cr\u00e9ant une nouvelle pr\u00e9sentation g\u00e9n\u00e9rale des collections. Pour mener \u00e0 bien cette t\u00e2che, il s\u2019\u00e9tait entour\u00e9 d\u2019une \u00e9quipe mixte compos\u00e9e de jeunes officiers et de quelques arbal\u00e9tri\u00e8res parmi lesquels son fils Jojo, Mony DOSSIN, Raymond LHOEST, Joseph MASSIN, Georges &#038; Jeannine DOUIN et Jody MOONEN.<br \/>Le r\u00e9sultat d\u00e9passa les esp\u00e9rances, un nouveau mus\u00e9e \u00e9tait n\u00e9. Il \u00e9tait tr\u00e8s r\u00e9ussi.<br \/>Une fois le travail termin\u00e9, le conservateur se retrouva seul avec son mus\u00e9e.<\/p>\t<\/div>\n\n\t<\/div>\n<!-- \/module box -->\n\n<!-- module box -->\n<div id=\"box-2709-0-0-3\" class=\"module module-box box-2709-0-0-3 \">\n\t\t\n\t\t\n\t<div class=\"module-box-content ui rounded gradient default  \">\n\t\t<p><a href=\"\/wordpress\/wp-content\/uploads\/2018\/05\/Salle-du-mus\u00e9e.jpg\"><img loading=\"lazy\" decoding=\"async\" class=\"size-medium wp-image-6997 alignleft\" src=\"\/wordpress\/wp-content\/uploads\/2018\/05\/Salle-du-mus\u00e9e-300x245.jpg\" alt=\"\" width=\"300\" height=\"245\" srcset=\"https:\/\/www.arbaletriers.be\/wordpress\/wp-content\/uploads\/2018\/05\/Salle-du-mus\u00e9e-300x245.jpg 300w, https:\/\/www.arbaletriers.be\/wordpress\/wp-content\/uploads\/2018\/05\/Salle-du-mus\u00e9e.jpg 739w\" sizes=\"(max-width: 300px) 100vw, 300px\" \/><\/a><a href=\"\/wordpress\/wp-content\/uploads\/2018\/05\/Mus\u00e9e-assieste.jpg\"><img loading=\"lazy\" decoding=\"async\" class=\"size-medium wp-image-7001 alignright\" src=\"\/wordpress\/wp-content\/uploads\/2018\/05\/Mus\u00e9e-assieste-200x300.jpg\" alt=\"\" width=\"200\" height=\"300\" srcset=\"https:\/\/www.arbaletriers.be\/wordpress\/wp-content\/uploads\/2018\/05\/Mus\u00e9e-assieste-200x300.jpg 200w, https:\/\/www.arbaletriers.be\/wordpress\/wp-content\/uploads\/2018\/05\/Mus\u00e9e-assieste-768x1152.jpg 768w, https:\/\/www.arbaletriers.be\/wordpress\/wp-content\/uploads\/2018\/05\/Mus\u00e9e-assieste-683x1024.jpg 683w, https:\/\/www.arbaletriers.be\/wordpress\/wp-content\/uploads\/2018\/05\/Mus\u00e9e-assieste.jpg 1828w\" sizes=\"(max-width: 200px) 100vw, 200px\" \/><\/a><\/p>\n\t<\/div>\n\n\t<\/div>\n<!-- \/module box -->\n\n<!-- module box -->\n<div id=\"box-2709-0-0-4\" class=\"module module-box box-2709-0-0-4 \">\n\t\t\n\t\t\n\t<div class=\"module-box-content ui rounded gradient default  \">\n\t\t<p><strong><em><u>Le premier d\u00e9part<\/u><\/em><\/strong><br \/>\nSous la pr\u00e9sidence de <strong>Georges CLAESSENS<\/strong>, un groupe \u00a0de passionn\u00e9s par notre Histoire et par le mus\u00e9e, emmen\u00e9 par le major <strong>Daniel HUBERT<\/strong>\u00a0 se r\u00e9unit autour du colonel conservateur depuis 1990 <strong>Louis BELLEM<\/strong>, \u00a0dans le but d\u2019ouvrir les portes du mus\u00e9e chaque dimanche.<br \/>\nLe projet se r\u00e9alisa mais le manque de soutien et de publicit\u00e9 d\u00e9couragea. L\u2019exp\u00e9rience prit fin mais le feu sacr\u00e9 couvait dans les c\u0153urs\u00a0 opini\u00e2tres.<br \/>\nL\u2019\u00e9quipe continuait \u00e0 se r\u00e9unir pour seconder le colonel conservateur dans l\u2019entretien du mus\u00e9e, organiser des visites de celui-ci, \u00e9crire des articles historiques destin\u00e9s \u00e0 \u00ab\u00a0<em>L\u2019Arbal\u00e9trier\u00a0<\/em>\u00bb et \u00e0 \u00ab\u00a0<em>Vis\u00e9 Magasine<\/em>\u00a0\u00bb.<br \/>\nLes noms de ces braves\u00a0de la premi\u00e8re heure : <strong>Louis BELLEM<\/strong> colonel-conservateur, <strong>Daniel HUBERT<\/strong>, <strong>Joseph RONDAY<\/strong> junior, <strong>Vincent PAULUS<\/strong>, <strong>Alain BATY<\/strong>, <strong>Jean-Marie PRIEMEN<\/strong>, <strong>Jean-Pol NIHON &#038; Jos\u00e9 BOURDOUXHE<\/strong>.<\/p>\n\t<\/div>\n\n\t<\/div>\n<!-- \/module box -->\n\n<!-- module box -->\n<div id=\"box-2709-0-0-5\" class=\"module module-box box-2709-0-0-5 \">\n\t\t\n\t\t\n\t<div class=\"module-box-content ui rounded gradient default  \">\n\t\t<p><strong><em><u>Les premi\u00e8res r\u00e9alisations<\/u><\/em><\/strong><br \/>\nA la fin de l\u2019ann\u00e9e 1993, en collaboration avec le major <strong>Jean MALTUS<\/strong>, le\u00a0\u00ab\u00a0<em>comit\u00e9\u00a0<\/em>\u00bb r\u00e9alise une cassette vid\u00e9o afin d\u2019agr\u00e9menter les visites du mus\u00e9e.<br \/>\nEn 1997, le comit\u00e9 de la Compagnie d\u00e9cide que le fruit des collectes effectu\u00e9es le jour des F\u00eates serait destin\u00e9 \u00e0 l\u2019avenir, au mus\u00e9e. Le discours pr\u00e9c\u00e9dant la collecte en faveur du seul mus\u00e9e sera prononc\u00e9 par le major <strong>Daniel HUBERT, <\/strong>conservateur-adjoint, \u00e0 partir de f\u00e9vrier 2000, \u00a0avec l\u2019accord du colonel-conservateur. C\u2019est l\u2019origine de la caisse du mus\u00e9e.<br \/>\nEn 2002, le\u00a0\u00ab\u00a0<em>petit groupe<\/em>\u00a0\u00bb organise une exposition exceptionnelle d\u2019arbal\u00e8tes provenant du <em>Mus\u00e9e d\u2019Armes de la Ville de Li\u00e8ge<\/em> pr\u00e9c\u00e9d\u00e9e d\u2019une conf\u00e9rence de Monsieur <strong>Claude GAIER<\/strong>, conservateur honoraire de ce mus\u00e9e.<br \/>\nLa Compagnie pouvant garder d\u00e9finitivement les vitrines pr\u00eat\u00e9es lors de l\u2019exposition, il est d\u00e9cid\u00e9 d\u2019installer un mus\u00e9e sentimental au balcon de la salle des f\u00eates.<\/p>\n\t<\/div>\n\n\t<\/div>\n<!-- \/module box -->\n\n<!-- module box -->\n<div id=\"box-2709-0-0-6\" class=\"module module-box box-2709-0-0-6 \">\n\t\t\n\t\t\n\t<div class=\"module-box-content ui rounded gradient default  \">\n\t\t<p><a href=\"http:\/\/www.arbaletriers-vise.be\/images\/titre-musee.jpg\"><img decoding=\"async\" class=\"size-medium wp-image-6172 aligncenter\" src=\"http:\/\/www.arbaletriers-vise.be\/images\/titre-musee.jpg\" alt=\"\" \/><\/a><\/p>\t<\/div>\n\n\t<\/div>\n<!-- \/module box -->\n\n<!-- module box -->\n<div id=\"box-2709-0-0-7\" class=\"module module-box box-2709-0-0-7 \">\n\t\t\n\t\t\n\t<div class=\"module-box-content ui rounded gradient default  \">\n\t\t<p><strong><em><u>La naissance<\/u><\/em><\/strong><br \/>Le 28 octobre 2003, le G\u00e9n\u00e9ral- pr\u00e9sident <strong>Georges CLAESSENS<\/strong> convoque une r\u00e9union\u00a0 du\u00a0\u00ab\u00a0<em>Comit\u00e9 du mus\u00e9e<\/em>\u00a0\u00bb en pr\u00e9sence des colonels <strong>G. DOUIN<\/strong> &#038;\u00a0 <strong>P. HALLEUX<\/strong> pour finaliser les grandes lignes du futur Mus\u00e9e sentimental.<br \/>Le 22 janvier 2005\u00a0marque l\u2019inauguration du Mus\u00e9e sentimental. A cette occasion, le major <strong>D. HUBERT<\/strong> donne une conf\u00e9rence sur l\u2019\u00e9volution de notre Compagnie au cours des si\u00e8cles, tandis qu\u2019une exposition, d\u2019assiettes, de documents &#038; de photos anciens, organis\u00e9e par <strong>J-P. NIHON,<\/strong> \u00a0comble la moiti\u00e9 de la grande salle. Cette journ\u00e9e remporta un vif succ\u00e8s.<\/p>\t<\/div>\n\n\t<\/div>\n<!-- \/module box -->\n\n<!-- module box -->\n<div id=\"box-2709-0-0-8\" class=\"module module-box box-2709-0-0-8 \">\n\t\t\n\t\t\n\t<div class=\"module-box-content ui rounded gradient default  \">\n\t\t<p><strong><em><u>Le bapt\u00eame<\/u><\/em><\/strong><br \/>\nLors de la r\u00e9vision de Statuts de la Compagnie organis\u00e9e en 2011, \u00a0le comit\u00e9 du mus\u00e9e prit le nom officiel de \u00ab\u00a0CONSEIL DU MUSEE\u00a0\u00bb. Les statuts officiels ont \u00e9t\u00e9 r\u00e9dig\u00e9s et approuv\u00e9s.<\/p>\n<p><em>Extraits des statuts\u00a0:<\/em><br \/>\n<strong><em><u>Composition\u00a0<\/u><\/em><\/strong><em>: Le Conseil du mus\u00e9e de la CRAAV est compos\u00e9 de membres de la Compagnie int\u00e9ress\u00e9s par l\u2019\u00e9volution et la gestion du dit mus\u00e9e.<\/em><br \/>\n<strong><em><u>Admission\u00a0:<\/u><\/em><\/strong><em>Les nouveaux membres doivent \u00eatre propos\u00e9s par un des membres actifs, puis coopt\u00e9s au sein du Conseil pour y entrer.<\/em><br \/>\n<strong><em><u>R\u00f4le\u00a0: <\/u><\/em><\/strong><em>Le r\u00f4le du Conseil du mus\u00e9e est de seconder le Conservateur dans la gestion du mus\u00e9e au sens large du terme.<\/em><br \/>\n<em>Par exemple\u00a0: organisation de visites, publications, entretien et pr\u00e9sentation des collections, achats \u00e9ventuels, tenue de l\u2019inventaire \u2026<\/em><br \/>\n<strong><em><u>Fonctionnement\u00a0:<\/u><\/em><\/strong><br \/>\n<em>Le Conseil du mus\u00e9e se r\u00e9unit plusieurs fois chaque ann\u00e9e suivant n\u00e9cessit\u00e9.(minimum 4 fois)<\/em><br \/>\n<em>Le Conseil est <strong>pr\u00e9sid\u00e9<\/strong> par le <strong>Colonel Conservateur<\/strong>.<\/em><br \/>\n<em>Le Conseil se choisit un <strong>Secr\u00e9taire<\/strong> et un <strong>Tr\u00e9sorier.<\/strong><\/em><\/p>\n\t<\/div>\n\n\t<\/div>\n<!-- \/module box -->\n\n<!-- module box -->\n<div id=\"box-2709-0-0-9\" class=\"module module-box box-2709-0-0-9 \">\n\t\t\n\t\t\n\t<div class=\"module-box-content ui rounded gradient default  \">\n\t\t<p><a href=\"\/wordpress\/wp-content\/uploads\/2018\/05\/Mus\u00e9e-Arbal\u00e8tes.jpg\"><img loading=\"lazy\" decoding=\"async\" class=\"size-medium wp-image-7000 aligncenter\" src=\"\/wordpress\/wp-content\/uploads\/2018\/05\/Mus\u00e9e-Arbal\u00e8tes-208x300.jpg\" alt=\"\" width=\"208\" height=\"300\" srcset=\"https:\/\/www.arbaletriers.be\/wordpress\/wp-content\/uploads\/2018\/05\/Mus\u00e9e-Arbal\u00e8tes-208x300.jpg 208w, https:\/\/www.arbaletriers.be\/wordpress\/wp-content\/uploads\/2018\/05\/Mus\u00e9e-Arbal\u00e8tes-768x1107.jpg 768w, https:\/\/www.arbaletriers.be\/wordpress\/wp-content\/uploads\/2018\/05\/Mus\u00e9e-Arbal\u00e8tes-710x1024.jpg 710w\" sizes=\"(max-width: 208px) 100vw, 208px\" \/><\/a><\/p>\n\t<\/div>\n\n\t<\/div>\n<!-- \/module box -->\n\n<!-- module box -->\n<div id=\"box-2709-0-0-10\" class=\"module module-box box-2709-0-0-10 \">\n\t\t\n\t\t\n\t<div class=\"module-box-content ui rounded gradient default  \">\n\t\t<p><strong><em><u>Les r\u00e9alisations &#038; les objectifs<\/u><\/em><\/strong><br \/> Lors des festivit\u00e9s marquant le 700<sup>\u00e8me<\/sup> anniversaire de la gilde, le \u00ab\u00a0<em>Conseil du Mus\u00e9e<\/em>\u00a0\u00bb organisa une splendide <strong>exposition<\/strong> intitul\u00e9e \u00ab\u00a0Saint-Georges et l\u2019Arbal\u00e8te\u00a0\u00bb qui se tint \u00e0 la Chapelle de S\u00e9pulcrines, au centre culturel de Vis\u00e9. Cette exposition dura deux mois et re\u00e7u plusieurs milliers de visiteurs.<br \/> A cette occasion, un catalogue en quadrichromie &#038; en trois langues, a \u00e9t\u00e9 r\u00e9alis\u00e9 par le colonel <strong>Jean-Pol NIHON, <\/strong>animateur du conseil du mus\u00e9e.<br \/> A diff\u00e9rentes reprises, des pi\u00e8ces provenant des collections du mus\u00e9e sont pr\u00eat\u00e9es pour figurer dans diff\u00e9rentes expositions.<br \/> Toujours soucieux de <strong>compl\u00e9ter les collections<\/strong>, plusieurs conseillers fr\u00e9quentent le plus souvent possible les salons d\u2019antiquit\u00e9 en Belgique, France, Allemagne ou aux Pays-Bas ainsi que les salles de ventes o\u00f9 des armes anciennes sont annonc\u00e9es.<br \/> R\u00e9guli\u00e8rement, <strong>des visites du mus\u00e9e<\/strong>, coupl\u00e9es \u00e0 une initiation au tir \u00e0 l\u2019arbal\u00e8te traditionnelle sont organis\u00e9es en collaboration avec la section de tir.<br \/> La <strong>conservation du patrimoine<\/strong> est une pr\u00e9occupation constante du Conseil. Ainsi fera t-il- proc\u00e9der \u00e0 la restauration de quatre arbal\u00e8tes des 15<sup>\u00e8me<\/sup> &#038; 16<sup>\u00e8me<\/sup> si\u00e8cles par un sp\u00e9cialiste avec l\u2019appui financier de la <strong>Fondation Roi Baudouin<\/strong>.<br \/> Le major <strong>Ch. DE<\/strong> <strong>FLINES<\/strong> organisa la restauration d\u2019une banni\u00e8re du 19<sup>\u00e8me<\/sup> si\u00e8cle &#038; de la Cornette par une firme sp\u00e9cialis\u00e9e de Tournai.<br \/> On fit aussi proc\u00e9der au \u2019retoilage\u2019 d\u2019anciens drapeaux pour permettre de les exposer encore longtemps.<br \/> Le roy <strong>Joseph RONDAY<\/strong>, mit ses talents artistiques et ses comp\u00e9tences en h\u00e9raldique \u00e0 la disposition du Conseil &#038; de la Compagnie pour diriger la r\u00e9alisation d\u2019une nouvelle copie du grand drapeau de Saint-Georges.<br \/> Le Conseil du mus\u00e9e a r\u00e9alis\u00e9 de nombreuses <strong>publications.<\/strong><br \/> Citons\u00a0:<\/p><ul><li>deux \u00e9ditions d\u2019un livret en couleur de 12 puis14 pages, v\u00e9ritable carte de visite de la CRAAV,<\/li><li>un livre intitul\u00e9 la \u00ab\u00a0<em>Musique des Arbal\u00e9triers vis\u00e9tois<\/em>\u00bb par le major\u00a0<strong>Claude FLUCHARD<\/strong>, archiviste du Conseil du Mus\u00e9e,<\/li><li>un ouvrage de 300 pages intitul\u00e9 <em>\u00ab\u00a0Les Arbal\u00e9triers vis\u00e9tois\u00a0: un si\u00e8cle<\/em> <em>d\u2019Histoire 1910-2010<\/em>\u00bb par <strong>C. FLUCHARD \u00a0&#038; \u00a0J-P. NIHON, <\/strong><\/li><li>ainsi qu\u2019un bulletin annuel de belle pr\u00e9sentation \u00ab\u00a0<em>Le Balestrin<\/em>\u00a0\u00bb qui a vu le jour au printemps 2017.<\/li><\/ul>\t<\/div>\n\n\t<\/div>\n<!-- \/module box -->\n\n<!-- module box -->\n<div id=\"box-2709-0-0-11\" class=\"module module-box box-2709-0-0-11 \">\n\t\t\n\t\t\n\t<div class=\"module-box-content ui rounded gradient default  \">\n\t\t<p><a href=\"\/wordpress\/wp-content\/uploads\/2018\/05\/Mus\u00e9e-Lances.jpg\"><img loading=\"lazy\" decoding=\"async\" class=\"size-medium wp-image-6999 alignleft\" src=\"\/wordpress\/wp-content\/uploads\/2018\/05\/Mus\u00e9e-Lances-200x300.jpg\" alt=\"\" width=\"200\" height=\"300\" srcset=\"https:\/\/www.arbaletriers.be\/wordpress\/wp-content\/uploads\/2018\/05\/Mus\u00e9e-Lances-200x300.jpg 200w, https:\/\/www.arbaletriers.be\/wordpress\/wp-content\/uploads\/2018\/05\/Mus\u00e9e-Lances-768x1152.jpg 768w, https:\/\/www.arbaletriers.be\/wordpress\/wp-content\/uploads\/2018\/05\/Mus\u00e9e-Lances-683x1024.jpg 683w, https:\/\/www.arbaletriers.be\/wordpress\/wp-content\/uploads\/2018\/05\/Mus\u00e9e-Lances.jpg 1828w\" sizes=\"(max-width: 200px) 100vw, 200px\" \/><\/a><a href=\"\/wordpress\/wp-content\/uploads\/2018\/05\/Salle-du-conseil.jpg\"><img loading=\"lazy\" decoding=\"async\" class=\"size-medium wp-image-6998 alignright\" src=\"\/wordpress\/wp-content\/uploads\/2018\/05\/Salle-du-conseil-300x244.jpg\" alt=\"\" width=\"300\" height=\"244\" srcset=\"https:\/\/www.arbaletriers.be\/wordpress\/wp-content\/uploads\/2018\/05\/Salle-du-conseil-300x244.jpg 300w, https:\/\/www.arbaletriers.be\/wordpress\/wp-content\/uploads\/2018\/05\/Salle-du-conseil.jpg 743w\" sizes=\"(max-width: 300px) 100vw, 300px\" \/><\/a><\/p>\n\t<\/div>\n\n\t<\/div>\n<!-- \/module box -->\n\n<!-- module box -->\n<div id=\"box-2709-0-0-12\" class=\"module module-box box-2709-0-0-12 \">\n\t\t\n\t\t\n\t<div class=\"module-box-content ui rounded gradient default  \">\n\t\t<p><strong><em><u>L\u2019\u00e9volution<\/u><\/em><\/strong><br \/>Une publication \u00e0 usage interne des conseillers, destin\u00e9e \u00e0 initier ceux-ci \u00e0 la pr\u00e9sentation d\u2019une visite du mus\u00e9e est en cours d\u2019ach\u00e8vement. Ce travail, le\u00a0<em>\u00ab\u00a0Recueil du Mus\u00e9e\u00a0<\/em>\u00bb ainsi que l\u2019\u00e9dition d\u2019un <strong>inventaire <\/strong>complet des collections sont dus au d\u00e9vouement du major <strong>Charles DE FLINES,<\/strong> conseiller du mus\u00e9e.<br \/>Les conseillers r\u00e9digent aussi avec plaisir de nombreux articles pour la revue trimestrielle de la Compagnie\u00a0: <em>\u00ab\u00a0L\u2019Arbal\u00e9trier<\/em>\u00a0\u00bb<br \/>Notons que les auteurs sont particuli\u00e8rement aid\u00e9s par le major <strong>Raymond NIESTEN<\/strong> pour la mise en page des diff\u00e9rentes \u00e9ditions.<br \/>Le major <strong>Bruno NIESTEN, <\/strong>conseiller du mus\u00e9e a accept\u00e9 la mission de r\u00e9actualisation du <strong>site internet<\/strong> de la Compagnie. Cette entreprise qui ne s\u2019arr\u00eatera jamais, est d\u00e9j\u00e0 bien avanc\u00e9e.<br \/>A la demande de l\u2019Echevine de la Culture de la ville de Vis\u00e9, les conseillers se relayent, depuis trois ann\u00e9es, pour assurer l\u2019ouverture gratuite du mus\u00e9e chaque premier dimanche du mois de mars \u00e0 d\u00e9cembre.<\/p>\t<\/div>\n\n\t<\/div>\n<!-- \/module box -->\n\n<!-- module box -->\n<div id=\"box-2709-0-0-13\" class=\"module module-box box-2709-0-0-13 \">\n\t\t\n\t\t\n\t<div class=\"module-box-content ui rounded gradient default  \">\n\t\t<p><em><strong>Les Conseillers actuels<\/strong><\/em><br \/>\n<strong>Xavier HANNECART<\/strong>, colonel conservateur<br \/>\n<strong>Jean-Pol NIHON<\/strong>, g\u00e9n\u00e9ral-pr\u00e9sident conseiller<br \/>\n<strong>Jos\u00e9 BOURDOUXHE<\/strong>, colonel conseiller<br \/>\n<strong>Joseph RONDAY<\/strong>, roy conseiller<br \/>\n<strong>Pierrot LONGLE<\/strong>, colonel conseiller<br \/>\n<strong>Maurice DE SUTTER<\/strong>, colonel conseiller<br \/>\n<strong>Claude FLUCHARD<\/strong>, major conseiller, archiviste du mus\u00e9e<br \/>\n<strong>Charly DE FLINES<\/strong>, major conseiller<br \/>\n<strong>Raymond NIESTEN<\/strong>, colonel conseiller, tr\u00e9sorier du conseil<br \/>\n<strong>Vincent PAULUS<\/strong>, major conseiller<br \/>\n<strong>Joseph GHEUSE<\/strong>, major conseiller<br \/>\n<strong>Benjamin LIEGEOIS<\/strong>, major conseiller<br \/>\n<strong>Bruno NIESTEN<\/strong>, major conseiller, secr\u00e9taire du conseil<\/p>\n\t<\/div>\n\n\t<\/div>\n<!-- \/module box -->\n\n<!-- module box -->\n<div id=\"box-2709-0-0-14\" class=\"module module-box box-2709-0-0-14 \">\n\t\t\n\t\t\n\t<div class=\"module-box-content ui rounded gradient default  \">\n\t\t<p><a href=\"\/wordpress\/wp-content\/uploads\/2017\/11\/Photo-400.jpg\"><img decoding=\"async\" class=\"aligncenter\" src=\"\/wordpress\/wp-content\/uploads\/2017\/11\/Photo-400.jpg\" alt=\"\" \/><\/a><\/p>\n\t<\/div>\n\n\t<\/div>\n<!-- \/module box -->\n\t\t\t\t\t\t\t\t\t\n\t\t\t\t\t\t\t\t\t\t\t\t\t\t\t\t\t<\/div>\n\t\t\t\t\t\t\t\t<!-- \/col -->\n\t\t\t\t\t\t  \n\n\t\t\t\t\t\n\t\t\t\t\t\t\t\t\t\t\n\t\t\t\t\t\t\t\t\t\n\t\t\t\t<\/div>\n\t\t\t\t<!-- \/row_inner -->\n\t\t\t<\/div>\n\t\t\t<!-- \/module_row -->\n\t\t\t\n<\/div>\n<!-- \/themify_builder_content -->","protected":false},"excerpt":{"rendered":"<p>Le Conseil du Mus\u00e9e Le climat g\u00e9n\u00e9ral Apr\u00e8s le 650\u00e8me anniversaire, la vie de la Compagnie se limitait \u00e0 un cheminement paisible. Les membres assistaient aux assembl\u00e9es calmes, r\u00e9p\u00e9titives et tranquilles o\u00f9 ils chantaient les vieux chants traditionnels. Les trois f\u00eates rassemblaient certes une nombreuse assistance, le tir d\u2019hiver \u00e9tait suivi par une poign\u00e9e d\u2019irr\u00e9ductibles [&hellip;]<\/p>\n","protected":false},"author":1,"featured_media":0,"parent":0,"menu_order":0,"comment_status":"closed","ping_status":"closed","template":"","meta":{"footnotes":""},"class_list":["post-2709","page","type-page","status-publish","hentry"],"_links":{"self":[{"href":"https:\/\/www.arbaletriers.be\/wordpress\/wp-json\/wp\/v2\/pages\/2709"}],"collection":[{"href":"https:\/\/www.arbaletriers.be\/wordpress\/wp-json\/wp\/v2\/pages"}],"about":[{"href":"https:\/\/www.arbaletriers.be\/wordpress\/wp-json\/wp\/v2\/types\/page"}],"author":[{"embeddable":true,"href":"https:\/\/www.arbaletriers.be\/wordpress\/wp-json\/wp\/v2\/users\/1"}],"replies":[{"embeddable":true,"href":"https:\/\/www.arbaletriers.be\/wordpress\/wp-json\/wp\/v2\/comments?post=2709"}],"version-history":[{"count":1,"href":"https:\/\/www.arbaletriers.be\/wordpress\/wp-json\/wp\/v2\/pages\/2709\/revisions"}],"predecessor-version":[{"id":11477,"href":"https:\/\/www.arbaletriers.be\/wordpress\/wp-json\/wp\/v2\/pages\/2709\/revisions\/11477"}],"wp:attachment":[{"href":"https:\/\/www.arbaletriers.be\/wordpress\/wp-json\/wp\/v2\/media?parent=2709"}],"curies":[{"name":"wp","href":"https:\/\/api.w.org\/{rel}","templated":true}]}}