{"id":2721,"date":"2015-02-14T13:36:07","date_gmt":"2015-02-14T12:36:07","guid":{"rendered":"http:\/\/www.arbaletriers.be\/wordpress\/?page_id=2721"},"modified":"2024-02-20T13:54:31","modified_gmt":"2024-02-20T12:54:31","slug":"compagnie-section-de-tir","status":"publish","type":"page","link":"https:\/\/www.arbaletriers.be\/wordpress\/compagnie-section-de-tir\/","title":{"rendered":"Compagnie &#8211; Section de Tir"},"content":{"rendered":"<div id=\"themify_builder_content-2721\" data-postid=\"2721\" class=\"themify_builder_content themify_builder_content-2721 themify_builder themify_builder_front\">\n\t\t\t\t\n\t\t\t<!-- module_row -->\n\t\t\t<div class=\"themify_builder_row module_row module_row_0 clearfix\" >\n\n\t\t\t\t<div class=\"row_inner\">\n\n\t\t\t\t\t\n\t\t\t\t\t\n\t\t\t\t\t\n\t\t\t\t\t\n\t\t\t\t\t\t\t\t<div class=\"col-full first tb-column\">\n\t\t\t\t\t\t\t\t\t\t\t\t\t\t\t\t\t\t\t\n\t\t\t\t\t\t\t\t\t\t\n<!-- module box -->\n<div id=\"box-2721-0-0-0\" class=\"module module-box box-2721-0-0-0 \">\n\t\t\n\t\t\n\t<div class=\"module-box-content ui rounded gradient default  \">\n\t\t<h1>La Section de Tir<h1>\t<\/div>\n\n\t<\/div>\n<!-- \/module box -->\n<!-- .themify_builder .box-2721-0-0-0 Style -->\n<style>\n.themify_builder .box-2721-0-0-0.module-box {\n\ttext-align: justify\n}\n<\/style>\n<!-- End .themify_builder .box-2721-0-0-0 Style -->\n\n\n<!-- module box -->\n<div id=\"box-2721-0-0-1\" class=\"module module-box box-2721-0-0-1 \">\n\t\t\n\t\t\n\t<div class=\"module-box-content ui rounded gradient default  \">\n\t\t<p><span style=\"color: #000000;\">Elle constitue la plus ancienne et la plus prestigieuse section de la Compagnie, m\u00eame si elle ne date que de 1861, sous sa forme actuelle.<\/span><\/p>\t<\/div>\n\n\t<\/div>\n<!-- \/module box -->\n<!-- .themify_builder .box-2721-0-0-1 Style -->\n<style>\n.themify_builder .box-2721-0-0-1.module-box {\n\ttext-align: justify\n}\n<\/style>\n<!-- End .themify_builder .box-2721-0-0-1 Style -->\n\n\t\t\t\t\t\t\t\t\t\n\t\t\t\t\t\t\t\t\t\t\t\t\t\t\t\t\t<\/div>\n\t\t\t\t\t\t\t\t<!-- \/col -->\n\t\t\t\t\t\t  \n\n\t\t\t\t\t\n\t\t\t\t\t\t\t\t\t\t\n\t\t\t\t\t\t\t\t\t\n\t\t\t\t<\/div>\n\t\t\t\t<!-- \/row_inner -->\n\t\t\t<\/div>\n\t\t\t<!-- \/module_row -->\n\t\t\t\n\t\t\t\n\t\t\t<!-- module_row -->\n\t\t\t<div class=\"themify_builder_row module_row module_row_1 clearfix\" >\n\n\t\t\t\t<div class=\"row_inner\">\n\n\t\t\t\t\t\n\t\t\t\t\t\n\t\t\t\t\t\n\t\t\t\t\t\n\t\t\t\t\t\t\t\t<div class=\"col3-1 first tb-column\">\n\t\t\t\t\t\t\t\t\t\t\t\t\t\t\t\t\t\t\t\n\t\t\t\t\t\t\t\t\t\t\n<!-- module box -->\n<div id=\"box-2721-1-0-0\" class=\"module module-box box-2721-1-0-0 \">\n\t\t\n\t\t\n\t<div class=\"module-box-content ui rounded gradient default  \">\n\t\t<p><i><b>L&rsquo;arbal\u00e8te permet de d\u00e9fendre Vis\u00e9.<\/b><\/i><\/p>\n<p><a href=\"\/wordpress\/compagnie-section-de-tir-arbalete-defendre-vise\/\"><img loading=\"lazy\" decoding=\"async\" class=\" aligncenter\" src=\"\/wordpress\/wp-content\/uploads\/2017\/01\/1gravure.jpg\" alt=\"L'arbal\u00e8te permet de d\u00e9fendre Vis\u00e9.\" width=\"368\" height=\"250\" \/><\/a><\/p>\n\t<\/div>\n\n\t<\/div>\n<!-- \/module box -->\n<!-- .themify_builder .box-2721-1-0-0 Style -->\n<style>\n.themify_builder .box-2721-1-0-0.module-box {\n\ttext-align: justify\n}\n<\/style>\n<!-- End .themify_builder .box-2721-1-0-0 Style -->\n\n\t\t\t\t\t\t\t\t\t\n\t\t\t\t\t\t\t\t\t\t\t\t\t\t\t\t\t<\/div>\n\t\t\t\t\t\t\t\t<!-- \/col -->\n\t\t\t\t\t\t\n\t\t\t\t\t\t\t\t<div class=\"col3-1 middle tb-column\">\n\t\t\t\t\t\t\t\t\t\t\t\t\t\t\t\t\t\t\t\n\t\t\t\t\t\t\t\t\t\t\n<!-- module box -->\n<div id=\"box-2721-1-1-0\" class=\"module module-box box-2721-1-1-0 \">\n\t\t\n\t\t\n\t<div class=\"module-box-content ui rounded gradient default  \">\n\t\t<p><i><b>Cr\u00e9ation d&rsquo;une soci\u00e9t\u00e9 de tir.<\/b><\/i><\/p>\n<p><a href=\"\/wordpress\/compagnie-section-de-tir-creation-societe-tir\/\"><img loading=\"lazy\" decoding=\"async\" class=\" aligncenter\" src=\"\/wordpress\/wp-content\/uploads\/2017\/01\/6marguerite.jpg\" alt=\"Apr\u00e8s la r\u00e9volution belge, cr\u00e9ation d'une soci\u00e9t\u00e9 de tir.\" width=\"375\" height=\"250\" \/><\/a><\/p>\n\t<\/div>\n\n\t<\/div>\n<!-- \/module box -->\n<!-- .themify_builder .box-2721-1-1-0 Style -->\n<style>\n.themify_builder .box-2721-1-1-0.module-box {\n\ttext-align: justify\n}\n<\/style>\n<!-- End .themify_builder .box-2721-1-1-0 Style -->\n\n\t\t\t\t\t\t\t\t\t\n\t\t\t\t\t\t\t\t\t\t\t\t\t\t\t\t\t<\/div>\n\t\t\t\t\t\t\t\t<!-- \/col -->\n\t\t\t\t\t\t\n\t\t\t\t\t\t\t\t<div class=\"col3-1 last tb-column\">\n\t\t\t\t\t\t\t\t\t\t\t\t\t\t\t\t\t\t\t\n\t\t\t\t\t\t\t\t\t\t\n<!-- module box -->\n<div id=\"box-2721-1-2-0\" class=\"module module-box box-2721-1-2-0 \">\n\t\t\n\t\t\n\t<div class=\"module-box-content ui rounded gradient default  \">\n\t\t<p><i><b>Cr\u00e9ation de la Commission de Tir.<\/b><\/i><\/p>\n<p><a href=\"\/wordpress\/compagnie-section-de-tir-creation-commission--tir\/\"><img loading=\"lazy\" decoding=\"async\" class=\" aligncenter\" src=\"\/wordpress\/wp-content\/uploads\/2017\/01\/3ducdalbe.jpg\" alt=\"En 1922, cr\u00e9ation de la Commission de Tir.\" width=\"374\" height=\"250\" \/><\/a><\/p>\n\t<\/div>\n\n\t<\/div>\n<!-- \/module box -->\n<!-- .themify_builder .box-2721-1-2-0 Style -->\n<style>\n.themify_builder .box-2721-1-2-0.module-box {\n\ttext-align: justify\n}\n<\/style>\n<!-- End .themify_builder .box-2721-1-2-0 Style -->\n\n\t\t\t\t\t\t\t\t\t\n\t\t\t\t\t\t\t\t\t\t\t\t\t\t\t\t\t<\/div>\n\t\t\t\t\t\t\t\t<!-- \/col -->\n\t\t\t\t\t\t  \n\n\t\t\t\t\t\n\t\t\t\t\t\t\t\t\t\t\n\t\t\t\t\t\t\t\t\t\n\t\t\t\t<\/div>\n\t\t\t\t<!-- \/row_inner -->\n\t\t\t<\/div>\n\t\t\t<!-- \/module_row -->\n\t\t\t\n<\/div>\n<!-- \/themify_builder_content -->","protected":false},"excerpt":{"rendered":"<p>La Section de Tir Elle constitue la plus ancienne et la plus prestigieuse section de la Compagnie, m\u00eame si elle ne date que de 1861, sous sa forme actuelle. L&rsquo;arbal\u00e8te permet de d\u00e9fendre Vis\u00e9. Cr\u00e9ation d&rsquo;une soci\u00e9t\u00e9 de tir. Cr\u00e9ation de la Commission de Tir.<\/p>\n","protected":false},"author":1,"featured_media":0,"parent":0,"menu_order":0,"comment_status":"closed","ping_status":"closed","template":"","meta":{"footnotes":""},"class_list":["post-2721","page","type-page","status-publish","hentry"],"_links":{"self":[{"href":"https:\/\/www.arbaletriers.be\/wordpress\/wp-json\/wp\/v2\/pages\/2721"}],"collection":[{"href":"https:\/\/www.arbaletriers.be\/wordpress\/wp-json\/wp\/v2\/pages"}],"about":[{"href":"https:\/\/www.arbaletriers.be\/wordpress\/wp-json\/wp\/v2\/types\/page"}],"author":[{"embeddable":true,"href":"https:\/\/www.arbaletriers.be\/wordpress\/wp-json\/wp\/v2\/users\/1"}],"replies":[{"embeddable":true,"href":"https:\/\/www.arbaletriers.be\/wordpress\/wp-json\/wp\/v2\/comments?post=2721"}],"version-history":[{"count":1,"href":"https:\/\/www.arbaletriers.be\/wordpress\/wp-json\/wp\/v2\/pages\/2721\/revisions"}],"predecessor-version":[{"id":11921,"href":"https:\/\/www.arbaletriers.be\/wordpress\/wp-json\/wp\/v2\/pages\/2721\/revisions\/11921"}],"wp:attachment":[{"href":"https:\/\/www.arbaletriers.be\/wordpress\/wp-json\/wp\/v2\/media?parent=2721"}],"curies":[{"name":"wp","href":"https:\/\/api.w.org\/{rel}","templated":true}]}}