{"id":2724,"date":"2015-02-14T13:37:11","date_gmt":"2015-02-14T12:37:11","guid":{"rendered":"http:\/\/www.arbaletriers.be\/wordpress\/?page_id=2724"},"modified":"2024-02-21T11:18:09","modified_gmt":"2024-02-21T10:18:09","slug":"locations","status":"publish","type":"page","link":"https:\/\/www.arbaletriers.be\/wordpress\/locations\/","title":{"rendered":"Locations"},"content":{"rendered":"<div id=\"themify_builder_content-2724\" data-postid=\"2724\" class=\"themify_builder_content themify_builder_content-2724 themify_builder themify_builder_front\">\n\t\t\t\t\n\t\t\t<!-- module_row -->\n\t\t\t<div class=\"themify_builder_row module_row module_row_0 clearfix\" >\n\n\t\t\t\t<div class=\"row_inner\">\n\n\t\t\t\t\t\n\t\t\t\t\t\n\t\t\t\t\t\n\t\t\t\t\t\n\t\t\t\t\t\t\t\t<div class=\"col-full first tb-column\">\n\t\t\t\t\t\t\t\t\t\t\t\t\t\t\t\t\t\t\t\n\t\t\t\t\t\t\t\t\t\t\n<!-- module slider image -->\n<div id=\"slider-2724-0-0-0-loader\" class=\"themify_builder_slider_loader\" style=\"height:400px;\"><\/div>\n<div id=\"slider-2724-0-0-0\" class=\"module module-slider slider-2724-0-0-0 themify_builder_slider_wrap clearfix  slider-overlay \">\n\n\t\t\n\t<ul class=\"themify_builder_slider\" \n\t\tdata-id=\"slider-2724-0-0-0\" \n\t\tdata-visible=\"1\" \n\t\tdata-scroll=\"1\" \n\t\tdata-auto-scroll=\"2\"\n\t\tdata-speed=\"1\"\n\t\tdata-wrapper=\"yes\"\n\t\tdata-arrow=\"yes\"\n\t\tdata-pagination=\"yes\"\n\t\tdata-effect=\"scroll\" \n\t\tdata-pause-on-hover=\"resume\" >\n\t\t\n\t\t\t\t<li style=\" \">\n\t\t\t\t\t\t<div class=\"slide-image\">\n\t\t\t\t\t\t\t\t\t\t\t\t\t<img src='\/wordpress\/wp-content\/uploads\/2015\/02\/13682431_10210171074017186_13598297_o.jpg' alt='Locations'   width='998' height='400' \/>\t\t\t\t\t\t\t<\/div>\n\t\t\t<!-- \/slide-image -->\n\t\t\t\n\t\t\t\t\t<\/li>\n\t\t\t\t<li style=\" \">\n\t\t\t\t\t\t<div class=\"slide-image\">\n\t\t\t\t\t\t\t\t\t\t\t\t\t<img src='\/wordpress\/wp-content\/uploads\/2016\/12\/DSF7362.jpg' alt='Locations'   width='998' height='400' \/>\t\t\t\t\t\t\t<\/div>\n\t\t\t<!-- \/slide-image -->\n\t\t\t\n\t\t\t\t\t<\/li>\n\t\t\t\t<li style=\" \">\n\t\t\t\t\t\t<div class=\"slide-image\">\n\t\t\t\t\t\t\t\t\t\t\t\t\t<img src='\/wordpress\/wp-content\/uploads\/2016\/12\/DSF7359.jpg' alt='Locations'   width='998' height='400' \/>\t\t\t\t\t\t\t<\/div>\n\t\t\t<!-- \/slide-image -->\n\t\t\t\n\t\t\t\t\t<\/li>\n\t\t\t\t<li style=\" \">\n\t\t\t\t\t\t<div class=\"slide-image\">\n\t\t\t\t\t\t\t\t\t\t\t\t\t<img src='\/wordpress\/wp-content\/uploads\/2016\/12\/DSF7355.jpg' alt='Locations'   width='998' height='400' \/>\t\t\t\t\t\t\t<\/div>\n\t\t\t<!-- \/slide-image -->\n\t\t\t\n\t\t\t\t\t<\/li>\n\t\t\t\t<li style=\" \">\n\t\t\t\t\t\t<div class=\"slide-image\">\n\t\t\t\t\t\t\t\t\t\t\t\t\t<img src='\/wordpress\/wp-content\/uploads\/2016\/12\/DSF7352.jpg' alt='Locations'   width='998' height='400' \/>\t\t\t\t\t\t\t<\/div>\n\t\t\t<!-- \/slide-image -->\n\t\t\t\n\t\t\t\t\t<\/li>\n\t\t\t\t<li style=\" \">\n\t\t\t\t\t\t<div class=\"slide-image\">\n\t\t\t\t\t\t\t\t\t\t\t\t\t<img src='\/wordpress\/wp-content\/uploads\/2016\/12\/DSF7350.jpg' alt='Locations'   width='998' height='400' \/>\t\t\t\t\t\t\t<\/div>\n\t\t\t<!-- \/slide-image -->\n\t\t\t\n\t\t\t\t\t<\/li>\n\t\t\t\t<li style=\" \">\n\t\t\t\t\t\t<div class=\"slide-image\">\n\t\t\t\t\t\t\t\t\t\t\t\t\t<img src='\/wordpress\/wp-content\/uploads\/2016\/12\/DSF7345.jpg' alt='Locations'   width='998' height='400' \/>\t\t\t\t\t\t\t<\/div>\n\t\t\t<!-- \/slide-image -->\n\t\t\t\n\t\t\t\t\t<\/li>\n\t\t\t\t<li style=\" \">\n\t\t\t\t\t\t<div class=\"slide-image\">\n\t\t\t\t\t\t\t\t\t\t\t\t\t<img src='\/wordpress\/wp-content\/uploads\/2016\/12\/DSF7342.jpg' alt='Locations'   width='998' height='400' \/>\t\t\t\t\t\t\t<\/div>\n\t\t\t<!-- \/slide-image -->\n\t\t\t\n\t\t\t\t\t<\/li>\n\t\t\t\t<li style=\" \">\n\t\t\t\t\t\t<div class=\"slide-image\">\n\t\t\t\t\t\t\t\t\t\t\t\t\t<img src='\/wordpress\/wp-content\/uploads\/2016\/12\/DSF7327.jpg' alt='Locations'   width='998' height='400' \/>\t\t\t\t\t\t\t<\/div>\n\t\t\t<!-- \/slide-image -->\n\t\t\t\n\t\t\t\t\t<\/li>\n\t\t\t\t<li style=\" \">\n\t\t\t\t\t\t<div class=\"slide-image\">\n\t\t\t\t\t\t\t\t\t\t\t\t\t<img src='\/wordpress\/wp-content\/uploads\/2016\/12\/DSF7324.jpg' alt='Locations'   width='998' height='400' \/>\t\t\t\t\t\t\t<\/div>\n\t\t\t<!-- \/slide-image -->\n\t\t\t\n\t\t\t\t\t<\/li>\n\t\t\t<\/ul>\n\t<!-- \/themify_builder_slider -->\n\n<\/div>\n<!-- \/module slider image -->\n\n<!-- module box -->\n<div id=\"box-2724-0-0-1\" class=\"module module-box box-2724-0-0-1 \">\n\t\t\n\t\t\n\t<div class=\"module-box-content ui rounded gradient default  \">\n\t\t<p><img decoding=\"async\" class=\" alignright\" src=\"\/photos\/pt-lito-cafe.jpg\" alt=\"La fa\u00e7ade prestigieuse cache un mus\u00e9e, un stand de tir et deux salles polyvalentes\" border=\"0\" hspace=\"30\" vspace=\"15\" \/><\/p>\n<p>Un lieu fa\u00e7onn\u00e9 par la tradition et l\u2019histoire<\/p>\n<p>Accessibilit\u00e9 facile par l\u2019autoroute du soleil E25, \u00e0 260m de la sortie n\u00b02.A proximit\u00e9 des parkings de la Coll\u00e9giale, 90 places.<\/p>\n<p>La Soci\u00e9t\u00e9 Coop\u00e9rative \u00ab les Anciens Arbal\u00e9triers Vis\u00e9tois \u00bb propose en location :<\/p>\n<p>* La grande salle des f\u00eates : 260 m2, plus la sc\u00e8ne et le bar. Murs garnis d\u2019armoiries, plafond cintr\u00e9, d\u00e9cor 1900, ambiance typique et exceptionnelle.<\/p>\n<p>* La salle du fond de cale : avec le jardin et son double bar&#8230;<\/p>\n<p>Ces salles aux usages multiples conviennent pour l\u2019organisation d\u2019\u00e9v\u00e8nements, qu\u2019ils soient culturels (th\u00e9\u00e2traux, musicaux, expositions artistiques) familiaux (mariage, communion, anniversaire) ou d\u2019entreprises (s\u00e9minaire ou grands \u00e9v\u00e8nements, f\u00eate du personnel,&#8230;)<\/p>\n<p>Possibilit\u00e9 de cumuler votre r\u00e9union avec une visite du mus\u00e9e et\/ou une initiation au tir \u00e0 l\u2019arbal\u00e8te traditionnelle.<\/p>\n<p><b>Renseignements &#038; r\u00e9servations :<\/b><\/p>\n<p>Monsieur P. Del\u00e9pine au 0494\/68.06.19<br \/>\nMonsieur M. Nihon au 0477\/47.62.98<\/p>\n\t<\/div>\n\n\t<\/div>\n<!-- \/module box -->\n<!-- .themify_builder .box-2724-0-0-1 Style -->\n<style>\n.themify_builder .box-2724-0-0-1.module-box {\n\ttext-align: justify\n}\n<\/style>\n<!-- End .themify_builder .box-2724-0-0-1 Style -->\n\n\n<!-- module slider image -->\n<div id=\"slider-2724-0-0-2-loader\" class=\"themify_builder_slider_loader\" style=\"height:400px;\"><\/div>\n<div id=\"slider-2724-0-0-2\" class=\"module module-slider slider-2724-0-0-2 themify_builder_slider_wrap clearfix  slider-overlay \">\n\n\t\t\n\t<ul class=\"themify_builder_slider\" \n\t\tdata-id=\"slider-2724-0-0-2\" \n\t\tdata-visible=\"1\" \n\t\tdata-scroll=\"1\" \n\t\tdata-auto-scroll=\"2\"\n\t\tdata-speed=\"1\"\n\t\tdata-wrapper=\"yes\"\n\t\tdata-arrow=\"yes\"\n\t\tdata-pagination=\"yes\"\n\t\tdata-effect=\"scroll\" \n\t\tdata-pause-on-hover=\"resume\" >\n\t\t\n\t\t\t\t<li style=\" \">\n\t\t\t\t\t\t<div class=\"slide-image\">\n\t\t\t\t\t\t\t\t\t\t\t\t\t<img src='\/wordpress\/wp-content\/uploads\/2015\/02\/13867047_10210171073337169_989958873_n.jpg' alt='Locations'   width='998' height='400' \/>\t\t\t\t\t\t\t<\/div>\n\t\t\t<!-- \/slide-image -->\n\t\t\t\n\t\t\t\t\t<\/li>\n\t\t\t\t<li style=\" \">\n\t\t\t\t\t\t<div class=\"slide-image\">\n\t\t\t\t\t\t\t\t\t\t\t\t\t<img src='\/wordpress\/wp-content\/uploads\/2016\/08\/Salle-6.jpg' alt='Locations'   width='998' height='400' \/>\t\t\t\t\t\t\t<\/div>\n\t\t\t<!-- \/slide-image -->\n\t\t\t\n\t\t\t\t\t<\/li>\n\t\t\t\t<li style=\" \">\n\t\t\t\t\t\t<div class=\"slide-image\">\n\t\t\t\t\t\t\t\t\t\t\t\t\t<img src='\/wordpress\/wp-content\/uploads\/2016\/08\/Salle-5.jpg' alt='Locations'   width='998' height='400' \/>\t\t\t\t\t\t\t<\/div>\n\t\t\t<!-- \/slide-image -->\n\t\t\t\n\t\t\t\t\t<\/li>\n\t\t\t\t<li style=\" \">\n\t\t\t\t\t\t<div class=\"slide-image\">\n\t\t\t\t\t\t\t\t\t\t\t\t\t<img src='\/wordpress\/wp-content\/uploads\/2016\/08\/Salle-4.jpg' alt='Locations'   width='998' height='400' \/>\t\t\t\t\t\t\t<\/div>\n\t\t\t<!-- \/slide-image -->\n\t\t\t\n\t\t\t\t\t<\/li>\n\t\t\t\t<li style=\" \">\n\t\t\t\t\t\t<div class=\"slide-image\">\n\t\t\t\t\t\t\t\t\t\t\t\t\t<img src='\/wordpress\/wp-content\/uploads\/2016\/08\/Salle-3.jpg' alt='Locations'   width='998' height='400' \/>\t\t\t\t\t\t\t<\/div>\n\t\t\t<!-- \/slide-image -->\n\t\t\t\n\t\t\t\t\t<\/li>\n\t\t\t\t<li style=\" \">\n\t\t\t\t\t\t<div class=\"slide-image\">\n\t\t\t\t\t\t\t\t\t\t\t\t\t<img src='\/wordpress\/wp-content\/uploads\/2016\/08\/Salle-2.jpg' alt='Locations'   width='998' height='400' \/>\t\t\t\t\t\t\t<\/div>\n\t\t\t<!-- \/slide-image -->\n\t\t\t\n\t\t\t\t\t<\/li>\n\t\t\t\t<li style=\" \">\n\t\t\t\t\t\t<div class=\"slide-image\">\n\t\t\t\t\t\t\t\t\t\t\t\t\t<img src='\/wordpress\/wp-content\/uploads\/2016\/08\/Salle-1.jpg' alt='Locations'   width='998' height='400' \/>\t\t\t\t\t\t\t<\/div>\n\t\t\t<!-- \/slide-image -->\n\t\t\t\n\t\t\t\t\t<\/li>\n\t\t\t\t<li style=\" \">\n\t\t\t\t\t\t<div class=\"slide-image\">\n\t\t\t\t\t\t\t\t\t\t\t\t\t<img src='\/wordpress\/wp-content\/uploads\/2015\/02\/13682431_10210171074017186_13598297_o.jpg' alt='Locations'   width='998' height='400' \/>\t\t\t\t\t\t\t<\/div>\n\t\t\t<!-- \/slide-image -->\n\t\t\t\n\t\t\t\t\t<\/li>\n\t\t\t<\/ul>\n\t<!-- \/themify_builder_slider -->\n\n<\/div>\n<!-- \/module slider image -->\n\t\t\t\t\t\t\t\t\t\n\t\t\t\t\t\t\t\t\t\t\t\t\t\t\t\t\t<\/div>\n\t\t\t\t\t\t\t\t<!-- \/col -->\n\t\t\t\t\t\t  \n\n\t\t\t\t\t\n\t\t\t\t\t\t\t\t\t\t\n\t\t\t\t\t\t\t\t\t\n\t\t\t\t<\/div>\n\t\t\t\t<!-- \/row_inner -->\n\t\t\t<\/div>\n\t\t\t<!-- \/module_row -->\n\t\t\t\n<\/div>\n<!-- \/themify_builder_content -->","protected":false},"excerpt":{"rendered":"<p>Un lieu fa\u00e7onn\u00e9 par la tradition et l\u2019histoire Accessibilit\u00e9 facile par l\u2019autoroute du soleil E25, \u00e0 260m de la sortie n\u00b02.A proximit\u00e9 des parkings de la Coll\u00e9giale, 90 places. La Soci\u00e9t\u00e9 Coop\u00e9rative \u00ab les Anciens Arbal\u00e9triers Vis\u00e9tois \u00bb propose en location : * La grande salle des f\u00eates : 260 m2, plus la sc\u00e8ne et [&hellip;]<\/p>\n","protected":false},"author":1,"featured_media":0,"parent":0,"menu_order":0,"comment_status":"closed","ping_status":"closed","template":"","meta":{"footnotes":""},"class_list":["post-2724","page","type-page","status-publish","hentry"],"_links":{"self":[{"href":"https:\/\/www.arbaletriers.be\/wordpress\/wp-json\/wp\/v2\/pages\/2724"}],"collection":[{"href":"https:\/\/www.arbaletriers.be\/wordpress\/wp-json\/wp\/v2\/pages"}],"about":[{"href":"https:\/\/www.arbaletriers.be\/wordpress\/wp-json\/wp\/v2\/types\/page"}],"author":[{"embeddable":true,"href":"https:\/\/www.arbaletriers.be\/wordpress\/wp-json\/wp\/v2\/users\/1"}],"replies":[{"embeddable":true,"href":"https:\/\/www.arbaletriers.be\/wordpress\/wp-json\/wp\/v2\/comments?post=2724"}],"version-history":[{"count":1,"href":"https:\/\/www.arbaletriers.be\/wordpress\/wp-json\/wp\/v2\/pages\/2724\/revisions"}],"predecessor-version":[{"id":11934,"href":"https:\/\/www.arbaletriers.be\/wordpress\/wp-json\/wp\/v2\/pages\/2724\/revisions\/11934"}],"wp:attachment":[{"href":"https:\/\/www.arbaletriers.be\/wordpress\/wp-json\/wp\/v2\/media?parent=2724"}],"curies":[{"name":"wp","href":"https:\/\/api.w.org\/{rel}","templated":true}]}}