{"id":2730,"date":"2015-02-14T13:38:11","date_gmt":"2015-02-14T12:38:11","guid":{"rendered":"http:\/\/www.arbaletriers.be\/wordpress\/?page_id=2730"},"modified":"2026-04-17T13:16:11","modified_gmt":"2026-04-17T12:16:11","slug":"arba-shop","status":"publish","type":"page","link":"https:\/\/www.arbaletriers.be\/wordpress\/arba-shop\/","title":{"rendered":"Arba-Shop"},"content":{"rendered":"<div id=\"themify_builder_content-2730\" data-postid=\"2730\" class=\"themify_builder_content themify_builder_content-2730 themify_builder themify_builder_front\">\n\t\t\t\t\n\t\t\t<!-- module_row -->\n\t\t\t<div class=\"themify_builder_row module_row module_row_0 clearfix\" >\n\n\t\t\t\t<div class=\"row_inner\">\n\n\t\t\t\t\t\n\t\t\t\t\t\n\t\t\t\t\t\n\t\t\t\t\t\n\t\t\t\t\t\t\t\t<div class=\"col-full first tb-column\">\n\t\t\t\t\t\t\t\t\t\t\t\t\t\t\t\t\t\t\t\n\t\t\t\t\t\t\t\t\t\t\n<!-- module box -->\n<div id=\"box-2730-0-0-0\" class=\"module module-box box-2730-0-0-0 \">\n\t\t\n\t\t\n\t<div class=\"module-box-content ui rounded gradient default  \">\n\t\t<p><a href=\"http:\/\/www.arbaletriers.be\/wordpress\/arba-shop-manuel-arbalete\/\"><strong><img loading=\"lazy\" decoding=\"async\" class=\" alignleft\" title=\"Le Balestrin 5\" src=\"http:\/\/www.arbaletriers.be\/wordpress\/wp-content\/uploads\/2026\/03\/Construction-dune-arbalete-2.jpg\" alt=\"Construction d\u2019une Arbal\u00e8te pour tir \u00e0 6 et 10 m\u00e8tres\" width=\"217\" height=\"294\" \/><span style=\"color: #0000ff;\">Construction d\u2019une Arbal\u00e8te pour tir \u00e0 6 et 10 m\u00e8tres \u00bb :<\/span><\/strong><\/a><\/p>\n<p>Publi\u00e9 en 2021 format A4. Nouvelle \u00e9dition publi\u00e9e en 2026 comprenant la fabrication des carreaux<\/p>\n<p>Description de la construction d\u2019une arbal\u00e8te dans les d\u00e9tails.<br \/>\n\u2013 L&rsquo;Arbrier et le Levier d&rsquo;Armement<br \/>\n\u2013 Arc et Ressorts<br \/>\n\u2013 La Corde<br \/>\n\u2013 Les Pi\u00e8ces M\u00e9talliques<br \/>\n\u2013 R\u00e9glages<br \/>\n\u2013 Autres R\u00e9alisations et Projet Futur<br \/>\n\u2013 Les Carreaux<\/p>\n<p>Prix : 20 \u20ac.<\/p>\n\t<\/div>\n\n\t<\/div>\n<!-- \/module box -->\n\n<!-- module box -->\n<div id=\"box-2730-0-0-1\" class=\"module module-box box-2730-0-0-1 \">\n\t\t\n\t\t\n\t<div class=\"module-box-content ui rounded gradient default  \">\n\t\t<p><strong><img loading=\"lazy\" decoding=\"async\" class=\" alignleft\" title=\"Les Arbal\u00e9triers Vis\u00e9tois durant le long 19\u00e8me si\u00e8cle (1789 - 1910)\" src=\"\/wordpress\/wp-content\/uploads\/2026\/04\/Le-Long-Siecle1.jpg\" alt=\"Les Arbal\u00e9triers Vis\u00e9tois durant le long 19\u00e8me si\u00e8cle (1789 - 1910) \" width=\"190\" height=\"265\" \/><span style=\"color: #0000ff;\"><a style=\"color: #0000ff;\" href=\"\/wordpress\/wp-content\/uploads\/2026\/04\/Le-Long-Siecle1.jpg\">Les Arbal\u00e9triers Vis\u00e9tois durant le long 19\u00e8me si\u00e8cle (1789 &#8211; 1910) :<\/a><\/span><\/strong><\/p>\n<p>Publi\u00e9 en 2025, format A4.<\/p>\n<p>Prix : 20 \u20ac. Disponible au mus\u00e9e ou chez Vis\u00e9 Flor. (musee@arbaletriers.be)<\/p>\n<div id=\"gtx-trans\" style=\"position: absolute; left: 203px; top: 38px;\">\n<div class=\"gtx-trans-icon\"><\/div>\n<\/div>\n\t<\/div>\n\n\t<\/div>\n<!-- \/module box -->\n\n<!-- module box -->\n<div id=\"box-2730-0-0-2\" class=\"module module-box box-2730-0-0-2 \">\n\t\t\n\t\t\n\t<div class=\"module-box-content ui rounded gradient default  \">\n\t\t<p><strong><img loading=\"lazy\" decoding=\"async\" class=\" alignleft\" title=\"La Musique des Arbal\u00e9triers Vis\u00e9tois\" src=\"\/wordpress\/wp-content\/uploads\/2026\/04\/Le-livre-de-la-Musique-2eme-edition.jpg\" alt=\"La Musique des Arbal\u00e9triers Vis\u00e9tois\" width=\"190\" height=\"265\" \/><span style=\"color: #0000ff;\"><a style=\"color: #0000ff;\" href=\"\/wordpress\/wp-content\/uploads\/2026\/04\/Le-livre-de-la-Musique-2eme-edition.jpg\">La Musique des Arbal\u00e9triers Vis\u00e9tois :<\/a><\/span><\/strong><\/p>\n<p>Publi\u00e9 en 2026 (2\u00e8me \u00e9dition, revue et augment\u00e9e) format A4.<\/p>\n<p>Prix : 20 \u20ac. Disponible au mus\u00e9e ou chez Vis\u00e9 Flor. (musee@arbaletriers.be)<\/p>\n<div id=\"gtx-trans\" style=\"position: absolute; left: 203px; top: 38px;\">\n<div class=\"gtx-trans-icon\"><\/div>\n<\/div>\n\t<\/div>\n\n\t<\/div>\n<!-- \/module box -->\n\n<!-- module box -->\n<div id=\"box-2730-0-0-3\" class=\"module module-box box-2730-0-0-3 \">\n\t\t\n\t\t\n\t<div class=\"module-box-content ui rounded gradient default  \">\n\t\t<p><strong><img loading=\"lazy\" decoding=\"async\" class=\" alignleft\" title=\"Le Balestrin 10\" src=\"\/wordpress\/wp-content\/uploads\/2026\/04\/1001.jpg\" alt=\"Le Balestrin 10\" width=\"190\" height=\"265\" \/><span style=\"color: #0000ff;\"><a style=\"color: #0000ff;\" href=\"\/wordpress\/le-balestrin-10\/\">Le Balestrin 10 :<\/a><\/span><\/strong><\/p>\n<p>Publi\u00e9 en 2026 format A4.<\/p>\n<p>\u2013 Le Reliquaire de St Georges. Salle du tr\u00e9sor de la r\u00e9sidence &#8211; Munich<br \/>\n\u2013 L&rsquo;ancienne Compagnie des Arbal\u00e9triers de Vis\u00e9 en 1786<br \/>\n\u2013 Po\u00e8mes Wallons<br \/>\n\u2013 La f\u00eate de la Descente, des origines \u00e0 nos jours<br \/>\n\u2013 Etude Comparative d&rsquo;un drapeau. \u00ab\u00a0Le Grand Dame\u00a0\u00bb ou Drapeau de St Georges 1982 et 2017<br \/>\n\u2013 A la table du d\u00e9but du XX\u00e8me si\u00e8cle &#8230;<\/p>\n<p>Prix : 10 \u20ac. Disponible au mus\u00e9e ou chez Vis\u00e9 Flor. (musee@arbaletriers.be)<\/p>\n<div id=\"gtx-trans\" style=\"position: absolute; left: 203px; top: 38px;\">\n<div class=\"gtx-trans-icon\"><\/div>\n<\/div>\n\t<\/div>\n\n\t<\/div>\n<!-- \/module box -->\n\n<!-- module box -->\n<div id=\"box-2730-0-0-4\" class=\"module module-box box-2730-0-0-4 \">\n\t\t\n\t\t\n\t<div class=\"module-box-content ui rounded gradient default  \">\n\t\t<p><strong><img loading=\"lazy\" decoding=\"async\" class=\" alignleft\" title=\"Le Balestrin 8\" src=\"\/wordpress\/wp-content\/uploads\/2025\/03\/0901.jpg\" alt=\"Le Balestrin 9\" width=\"190\" height=\"265\" \/><span style=\"color: #0000ff;\"><a style=\"color: #0000ff;\" href=\"\/wordpress\/le-balestrin-09\/\">Le Balestrin 9 :<\/a><\/span><\/strong><\/p>\n<p>Publi\u00e9 en 2025 format A4.<\/p>\n<p>\u2013 Le 3\u00e8me \u00e9tage du Mus\u00e9e d&rsquo;armes<br \/>\n\u2013 Description d&rsquo;un drapeau: Le drapeau des Cadets<br \/>\n\u2013 La cr\u00e9ation de la f\u00e9d\u00e9ration des Arbal\u00e9triers de la Province de Li\u00e8ge en 1898<br \/>\n\u2013 A la table du jubil\u00e9 de 1910<br \/>\n\u2013 Arbal\u00e8te sportive belge traditionnelle. Arbal\u00e8tes \u00e0 hure de sanglier<br \/>\n\u2013 TAMBOURS: histoire d&rsquo;un uniforme<\/p>\n<p>Prix : 10 \u20ac. Disponible au mus\u00e9e ou chez Vis\u00e9 Flor. (musee@arbaletriers.be)<\/p>\n<div id=\"gtx-trans\" style=\"position: absolute; left: 203px; top: 38px;\">\n<div class=\"gtx-trans-icon\"><\/div>\n<\/div>\n\t<\/div>\n\n\t<\/div>\n<!-- \/module box -->\n\n<!-- module box -->\n<div id=\"box-2730-0-0-5\" class=\"module module-box box-2730-0-0-5 \">\n\t\t\n\t\t\n\t<div class=\"module-box-content ui rounded gradient default  \">\n\t\t<p><strong><img loading=\"lazy\" decoding=\"async\" class=\" alignleft\" title=\"Le Balestrin 8\" src=\"\/wordpress\/wp-content\/uploads\/2024\/02\/0801.jpg\" alt=\"Le Balestrin 8\" width=\"190\" height=\"265\" \/><span style=\"color: #0000ff;\"><a style=\"color: #0000ff;\" href=\"\/wordpress\/le-balestrin-08\/\">Le Balestrin 8 :<\/a><\/span><\/strong><\/p>\n<p>Publi\u00e9 en 2024 format A4.<\/p>\n<p>\u2013 Le Mus\u00e9e des Arbal\u00e9triers vis\u00e9tois et ses conservateurs<br \/>\n\u2013 Evolution de l&rsquo;arbal\u00e8te \u00e0 travers les si\u00e8cles<br \/>\n\u2013 Exposition d&rsquo;arbal\u00e8tes &#8211; 100 ans du mus\u00e9e<\/p>\n<p>Prix : 10 \u20ac. Disponible au mus\u00e9e ou chez Vis\u00e9 Flor. (musee@arbaletriers.be)<\/p>\n<div id=\"gtx-trans\" style=\"position: absolute; left: 329px; top: -10px;\">\n<div class=\"gtx-trans-icon\"><\/div>\n<\/div>\n\t<\/div>\n\n\t<\/div>\n<!-- \/module box -->\n\n<!-- module box -->\n<div id=\"box-2730-0-0-6\" class=\"module module-box box-2730-0-0-6 \">\n\t\t\n\t\t\n\t<div class=\"module-box-content ui rounded gradient default  \">\n\t\t<p><strong><img loading=\"lazy\" decoding=\"async\" class=\" alignleft\" title=\"Le Balestrin 7\" src=\"\/wordpress\/wp-content\/uploads\/2024\/02\/0701.jpg\" alt=\"Le Balestrin 7\" width=\"190\" height=\"265\" \/><span style=\"color: #0000ff;\"><a style=\"color: #0000ff;\" href=\"\/wordpress\/le-balestrin-07\/\">Le Balestrin 7 :<\/a><\/span><\/strong><\/p>\n<p>Publi\u00e9 en 2023 format A4.<\/p>\n<p>\u2013 El\u00e9ments architecturaux des fortifications du XI\u00e8me au d\u00e9but du XV\u00e8me si\u00e8cle<br \/>\n\u2013 L&rsquo;arbal\u00e8te \u2026 chez Virgile<br \/>\n\u2013 \u00ab\u00a0La Mathen\u00a0\u00bb, arbal\u00e8te exceptionnelle du XIX\u00e8me si\u00e8cle expos\u00e9e au mus\u00e9e de la Compagnie<br \/>\n\u2013 Description d\u2019un drapeau : le drapeau des Albastries<br \/>\n\u2013 Les Arbal\u00e9triers vis\u00e9tois de 1893 \u00e0 1910<\/p>\n<p>Prix : 8 \u20ac. Disponible au mus\u00e9e ou chez Vis\u00e9 Flor. (musee@arbaletriers.be)<\/p>\n<div id=\"gtx-trans\" style=\"position: absolute; left: 200px; top: 38px;\">\n<div class=\"gtx-trans-icon\"><\/div>\n<\/div>\n\t<\/div>\n\n\t<\/div>\n<!-- \/module box -->\n\n<!-- module box -->\n<div id=\"box-2730-0-0-7\" class=\"module module-box box-2730-0-0-7 \">\n\t\t\n\t\t\n\t<div class=\"module-box-content ui rounded gradient default  \">\n\t\t<p><strong><img loading=\"lazy\" decoding=\"async\" class=\" alignleft\" title=\"Le Balestrin 6\" src=\"\/wordpress\/wp-content\/uploads\/2022\/03\/balestrin0601.jpg\" alt=\"Le Balestrin 6\" width=\"190\" height=\"265\" \/><\/strong><span style=\"text-decoration: underline; color: #0000ff;\"><a style=\"color: #0000ff;\" href=\"\/wordpress\/le-balestrin-06\"><strong>Le Balestrin 6 :<\/strong><\/a><\/span><\/p>\n<p>Publi\u00e9 en 2022 format A4.<\/p>\n<p>\u2013 Le retable de saint Georges, son histoire et celle de sa restauration<br \/>\n\u2013 Arbal\u00e8te allemande de 1642<br \/>\n\u2013 Arbal\u00e8te chinoise \u00e0 jalet<br \/>\n\u2013 Les arbal\u00e9triers vis\u00e9tois de 1880 \u00e0 1893<br \/>\n\u2013 Arbal\u00e9triers du XIV\u00e8me si\u00e8cle : choix d\u2019un uniforme<br \/>\n\u2013 La verri\u00e8re de Saint-Georges illuminant la Coll\u00e9giale de Vis\u00e9<\/p>\n<p>Prix : 5 \u20ac. Disponible au mus\u00e9e ou chez Vis\u00e9 Flor. (musee@arbaletriers.be)<\/p>\n<div id=\"gtx-trans\" style=\"position: absolute; left: 200px; top: 38px;\">\n<div class=\"gtx-trans-icon\"><\/div>\n<\/div>\n\t<\/div>\n\n\t<\/div>\n<!-- \/module box -->\n<!-- .themify_builder .box-2730-0-0-7 Style -->\n<style>\n.themify_builder .box-2730-0-0-7.module-box {\n\ttext-align: justify\n}\n<\/style>\n<!-- End .themify_builder .box-2730-0-0-7 Style -->\n\n\n<!-- module box -->\n<div id=\"box-2730-0-0-8\" class=\"module module-box box-2730-0-0-8 \">\n\t\t\n\t\t\n\t<div class=\"module-box-content ui rounded gradient default  \">\n\t\t<p><strong><img loading=\"lazy\" decoding=\"async\" class=\" alignleft\" title=\"Le Balestrin 5\" src=\"\/wordpress\/wp-content\/uploads\/2021\/05\/balestrin0501.jpg\" alt=\"Le Balestrin 5\" width=\"190\" height=\"265\" \/><span style=\"color: #0000ff;\"><a style=\"color: #0000ff;\" href=\"\/wordpress\/le-balestrin-05\/\">Le Balestrin 5 :<\/a><\/span><\/strong><\/p><p>Publi\u00e9 en 2021 format A4.<\/p><p>\u2013 Int\u00e9ressante arbal\u00e8te de gilde fran\u00e7aise, provenant de la collection du ch\u00e2teau de Grandson (Suisse)<br \/>\u2013 Saint Georges vit-il toujours en nos coeurs ?<br \/>\u2013 L\u00e9onard da Vinci, l\u2019homme de guerre et son arbal\u00e8te g\u00e9ante<br \/>\u2013 Les Arbal\u00e9triers vis\u00e9tois de 1866 \u00e0 1880<br \/>\u2013 Tambour-Major\u2026 histoire d&rsquo;un uniforme<br \/>\u2013 Arbal\u00e8te \u00e0 canon en bois<br \/>\u2013 Les fr\u00e8res Jean et Joseph Cambresier de Lixhe<\/p><p>Prix : 5 \u20ac. Disponible au mus\u00e9e ou chez Vis\u00e9 Flor. (musee@arbaletriers.be)<\/p><div id=\"gtx-trans\" style=\"position: absolute; left: 193px; top: 38px;\"><div class=\"gtx-trans-icon\">\u00a0<\/div><\/div>\t<\/div>\n\n\t<\/div>\n<!-- \/module box -->\n<!-- .themify_builder .box-2730-0-0-8 Style -->\n<style>\n.themify_builder .box-2730-0-0-8.module-box {\n\ttext-align: justify\n}\n<\/style>\n<!-- End .themify_builder .box-2730-0-0-8 Style -->\n\n\n<!-- module box -->\n<div id=\"box-2730-0-0-9\" class=\"module module-box box-2730-0-0-9 \">\n\t\t\n\t\t\n\t<div class=\"module-box-content ui rounded gradient default  \">\n\t\t<p><strong><img loading=\"lazy\" decoding=\"async\" class=\" alignleft\" title=\"Le Balestrin 5\" src=\"\/wordpress\/wp-content\/uploads\/2021\/05\/balestrin0501.jpg\" alt=\"Le Balestrin 5\" width=\"190\" height=\"265\" \/><span style=\"color: #0000ff;\"><a style=\"color: #0000ff;\" href=\"\/wordpress\/le-balestrin-05\/\">Le Balestrin 5 :<\/a><\/span><\/strong><\/p><p>Publi\u00e9 en 2021 format A4.<\/p><p>\u2013 Int\u00e9ressante arbal\u00e8te de gilde fran\u00e7aise, provenant de la collection du ch\u00e2teau de Grandson (Suisse)<br \/>\u2013 Saint Georges vit-il toujours en nos coeurs ?<br \/>\u2013 L\u00e9onard da Vinci, l\u2019homme de guerre et son arbal\u00e8te g\u00e9ante<br \/>\u2013 Les Arbal\u00e9triers vis\u00e9tois de 1866 \u00e0 1880<br \/>\u2013 Tambour-Major\u2026 histoire d&rsquo;un uniforme<br \/>\u2013 Arbal\u00e8te \u00e0 canon en bois<br \/>\u2013 Les fr\u00e8res Jean et Joseph Cambresier de Lixhe<\/p><p>Prix : 5 \u20ac. Disponible au mus\u00e9e ou chez Vis\u00e9 Flor. (musee@arbaletriers.be)<\/p><div id=\"gtx-trans\" style=\"position: absolute; left: 193px; top: 38px;\"><div class=\"gtx-trans-icon\">\u00a0<\/div><\/div>\t<\/div>\n\n\t<\/div>\n<!-- \/module box -->\n<!-- .themify_builder .box-2730-0-0-9 Style -->\n<style>\n.themify_builder .box-2730-0-0-9.module-box {\n\ttext-align: justify\n}\n<\/style>\n<!-- End .themify_builder .box-2730-0-0-9 Style -->\n\n\n<!-- module box -->\n<div id=\"box-2730-0-0-10\" class=\"module module-box box-2730-0-0-10 \">\n\t\t\n\t\t\n\t<div class=\"module-box-content ui rounded gradient default  \">\n\t\t<p><strong><img loading=\"lazy\" decoding=\"async\" class=\" alignleft\" title=\"Le Balestrin 3\" src=\"\/wordpress\/wp-content\/uploads\/2019\/04\/01.jpg\" alt=\"Le Balestrin 3\" width=\"190\" height=\"265\" \/><span style=\"color: #0000ff;\"><a style=\"color: #0000ff;\" href=\"\/wordpress\/le-balestrin-03\"><span style=\"text-decoration: underline;\">Le Balestrin 3 :<\/span><\/a><\/span><\/strong><\/p><p>Publi\u00e9 en 2019 format A4.<\/p><p>\u2013 L&rsquo;arbal\u00e8te saxonne (Schnepper)<br \/>\u2013 Bleu, Histoire d&rsquo;une couleur<br \/>\u2013 Evolution de notre uniforme<br \/>\u2013 Les Arbal\u00e9triers Vis\u00e9tois de 1789 \u00e0 1830<br \/>\u2013 Vis\u00e9 et l&rsquo;Oie<\/p><p>Prix : 5 \u20ac. Disponible au mus\u00e9e. (musee@arbaletriers.be)<\/p>\t<\/div>\n\n\t<\/div>\n<!-- \/module box -->\n<!-- .themify_builder .box-2730-0-0-10 Style -->\n<style>\n.themify_builder .box-2730-0-0-10.module-box {\n\ttext-align: justify\n}\n<\/style>\n<!-- End .themify_builder .box-2730-0-0-10 Style -->\n\n\n<!-- module box -->\n<div id=\"box-2730-0-0-11\" class=\"module module-box box-2730-0-0-11 \">\n\t\t\n\t\t\n\t<div class=\"module-box-content ui rounded gradient default  \">\n\t\t<p><strong><img loading=\"lazy\" decoding=\"async\" class=\"wp-image-6545 alignleft\" src=\"\/wordpress\/wp-content\/uploads\/2018\/02\/Couv_Page_1.jpeg\" alt=\"\" width=\"190\" height=\"268\" srcset=\"https:\/\/www.arbaletriers.be\/wordpress\/wp-content\/uploads\/2018\/02\/Couv_Page_1.jpeg 596w, https:\/\/www.arbaletriers.be\/wordpress\/wp-content\/uploads\/2018\/02\/Couv_Page_1-212x300.jpeg 212w\" sizes=\"(max-width: 190px) 100vw, 190px\" \/><span style=\"color: #0000ff;\"><a style=\"color: #0000ff;\" href=\"\/wordpress\/le-balestrin-02\"><span style=\"text-decoration: underline;\">Le Balestrin 2 :<\/span><\/a><\/span><\/strong><\/p><p>Publi\u00e9 en 2019 format A4.<\/p><p>\u2013 Le si\u00e8ge du ch\u00e2teau d&rsquo;Argenteau de 1347 et son contexte politico-militaire<br \/>\u2013 Sansepolcro, ses Arbal\u00e9triers et son Palio della Balestra<br \/>\u2013 Origine du tir sportif \u00e0 l&rsquo;arbal\u00e8te<br \/>\u2013 R\u00e8glement de la Compagnie des Anciens Arbal\u00e9triers Vis\u00e9tois en 1611<br \/>\u2013 de Hoboken \u00e0 Vis\u00e9: deux f\u00eates arbal\u00e9tri\u00e8res<br \/>\u2013 Les princes-\u00e9v\u00eaques de Li\u00e8ge et les arbal\u00e9triers vis\u00e9tois<\/p><p>Prix : 5 \u20ac. Disponible au mus\u00e9e. (musee@arbaletriers.be)<\/p><div id=\"gtx-trans\" style=\"position: absolute; left: 190px; top: 38px;\"><div class=\"gtx-trans-icon\">\u00a0<\/div><\/div>\t<\/div>\n\n\t<\/div>\n<!-- \/module box -->\n<!-- .themify_builder .box-2730-0-0-11 Style -->\n<style>\n.themify_builder .box-2730-0-0-11.module-box {\n\ttext-align: justify\n}\n<\/style>\n<!-- End .themify_builder .box-2730-0-0-11 Style -->\n\n\n<!-- module box -->\n<div id=\"box-2730-0-0-12\" class=\"module module-box box-2730-0-0-12 \">\n\t\t\n\t\t\n\t<div class=\"module-box-content ui rounded gradient default  \">\n\t\t<p><strong><img loading=\"lazy\" decoding=\"async\" class=\" alignleft\" title=\"Le Balestrin 1\" src=\"\/wordpress\/wp-content\/uploads\/2017\/03\/Balestrin_mep1.jpg\" alt=\"Le Balestrin 1\" width=\"190\" height=\"265\" \/><span style=\"color: #0000ff;\"><a style=\"color: #0000ff;\" href=\"\/wordpress\/le-balestrin-01\"><span style=\"text-decoration: underline;\">Le Balestrin 1 :<\/span><\/a><\/span><\/strong><\/p><p>Publi\u00e9 en 2017 format A4.<\/p><p>\u2013 Le Mus\u00e9e des Arbal\u00e9triers Vis\u00e9tois avant la Grande Guerre<br \/>\u2013 Renier Delcommune sculpteur de la statue de saint Georges et artiste li\u00e9geois m\u00e9connu<br \/>\u2013 \u00ab\u00a0Ouverture de cuisine\u00a0\u00bb de Lancelot de Casteau, cuisinier de trois Princes-\u00c9v\u00eaques de Li\u00e8ge<br \/>\u2013 Arbal\u00e9triers \u00e0 cheval, \u00e0 Vis\u00e9<br \/>\u2013 Sansepolcro des origines \u00e0 nos jours<br \/>\u2013 La petite arbal\u00e8te anglaise<\/p><p>Prix : 5 \u20ac. Disponible au mus\u00e9e. (musee@arbaletriers.be)<\/p><div id=\"gtx-trans\" style=\"position: absolute; left: 198px; top: -10px;\"><div class=\"gtx-trans-icon\">\u00a0<\/div><\/div>\t<\/div>\n\n\t<\/div>\n<!-- \/module box -->\n<!-- .themify_builder .box-2730-0-0-12 Style -->\n<style>\n.themify_builder .box-2730-0-0-12.module-box {\n\ttext-align: justify\n}\n<\/style>\n<!-- End .themify_builder .box-2730-0-0-12 Style -->\n\n\n<!-- module box -->\n<div id=\"box-2730-0-0-13\" class=\"module module-box box-2730-0-0-13 \">\n\t\t\n\t\t\n\t<div class=\"module-box-content ui rounded gradient default  \">\n\t\t<p><a href=\"http:\/\/www.arbaletriers.be\/wordpress\/wp-content\/uploads\/2024\/12\/Couverture-1910-2010_0001.jpg\"><strong><img loading=\"lazy\" decoding=\"async\" class=\" alignleft\" title=\"Les Arbal\u00e9triers vis\u00e9tois, Un Si\u00e8cle d\u2019Histoire 1910-2010\" src=\"http:\/\/www.arbaletriers.be\/wordpress\/wp-content\/uploads\/2024\/12\/Couverture-1910-2010_0001.jpg\" alt=\"Les Arbal\u00e9triers vis\u00e9tois, Un Si\u00e8cle d\u2019Histoire 1910-2010\" width=\"190\" height=\"265\" \/><span style=\"color: #0000ff;\">Les Arbal\u00e9triers vis\u00e9tois, Un Si\u00e8cle d\u2019Histoire 1910-2010<\/span><\/strong><\/a><\/p>\n<p>Publi\u00e9 en 2015 format A4.<\/p>\n<p>\u2013 Les festivit\u00e9s du 600\u00e8me anniversaire des Arbal\u00e9triers en 1910..<br \/>\n\u2013 L&rsquo;\u00e9pisode des Enfants de Bavi\u00e8re.<br \/>\n\u2013 La vie arbal\u00e9tri\u00e8re durant la guerre 14 \u2013 18<br \/>\n\u2013 L&rsquo;entre-deux-guerres : une \u00e9poque de reconstruction.<br \/>\n\u2013 La deuxi\u00e8me guerre mondiale et ses suites.<br \/>\n\u2013 Les festivit\u00e9s du 650\u00e8me anniversaire des Arbal\u00e9triers en 1960<br \/>\n\u2013 D&rsquo;une f\u00eate jubilaire \u00e0 l&rsquo;autre.<br \/>\n&#8211; En route pour le 21\u00e8me si\u00e8cle : une \u00e8re de changements.<br \/>\n&#8211; L&rsquo;apoth\u00e9ose : les festivit\u00e9s du 700\u00e8me anniversaire.<\/p>\n<p>Prix : 30 \u20ac.<\/p>\n\t<\/div>\n\n\t<\/div>\n<!-- \/module box -->\n\n<!-- module box -->\n<div id=\"box-2730-0-0-14\" class=\"module module-box box-2730-0-0-14 \">\n\t\t\n\t\t\n\t<div class=\"module-box-content ui rounded gradient default  \">\n\t\t<p><strong><img decoding=\"async\" class=\" alignleft\" title=\"Notice Historique des Arbal\u00e9triers de Vis\u00e9\" src=\"\/images\/notice.jpg\" alt=\"Notice Historique des Arbal\u00e9triers de Vis\u00e9\" \/>Notice Historique :<\/strong><br \/>\nLivret \u00e9dit\u00e9 en 1960 et r\u00e9\u00e9dit\u00e9 en 1985.<br \/>\nFormat A5. 57 pages 6 photos en noir et blanc<\/p>\n<p>Contenu :<\/p>\n<p>\u2013 l\u2019histoire de la Compagnie.<\/p>\n<p>Les deux \u00e9ditions sont encore disponibles au Mus\u00e9e. Prix : 7 \u20ac<\/p>\n\t<\/div>\n\n\t<\/div>\n<!-- \/module box -->\n<!-- .themify_builder .box-2730-0-0-14 Style -->\n<style>\n.themify_builder .box-2730-0-0-14.module-box {\n\ttext-align: justify\n}\n<\/style>\n<!-- End .themify_builder .box-2730-0-0-14 Style -->\n\n\n<!-- module box -->\n<div id=\"box-2730-0-0-15\" class=\"module module-box box-2730-0-0-15 \">\n\t\t\n\t\t\n\t<div class=\"module-box-content ui rounded gradient default  \">\n\t\t<p><strong><img decoding=\"async\" class=\" alignright\" title=\"A titre d\u2019exemple, la page 36 - Saint Georges &#038; l\u2019Arbal\u00e8te\" src=\"\/images\/stgeorges2.jpg\" alt=\"A titre d\u2019exemple, la page 36 - Saint Georges &#038; l\u2019Arbal\u00e8te\" \/><img decoding=\"async\" class=\" alignleft\" title=\"Saint Georges &#038; l\u2019Arbal\u00e8te\" src=\"\/images\/stgeorges.jpg\" alt=\"Saint Georges &#038; l\u2019Arbal\u00e8te\" \/>Saint Georges &#038; l\u2019Arbal\u00e8te :<\/strong><br \/>\nPubli\u00e9 en 2010 format A4.<br \/>\n71 pages, toutes illustr\u00e9es en couleurs.<br \/>\nContenu :<\/p>\n<p>\u2013 br\u00e8ve histoire de l\u2019arbal\u00e8te,<br \/>\n\u2013 description de trente arbal\u00e8tes de types diff\u00e9rents, en Fran\u00e7ais, en N\u00e9erlandais et en Italien,<br \/>\n\u2013 histoire de Saint-Georges<br \/>\n\u2013 les f\u00eates du 700\u00e8me.<\/p>\n<p>Prix : 20 \u20ac. Disponible au mus\u00e9e. (musee@arbaletriers.be)<\/p>\n\t<\/div>\n\n\t<\/div>\n<!-- \/module box -->\n<!-- .themify_builder .box-2730-0-0-15 Style -->\n<style>\n.themify_builder .box-2730-0-0-15.module-box {\n\ttext-align: justify\n}\n<\/style>\n<!-- End .themify_builder .box-2730-0-0-15 Style -->\n\n\t\t\t\t\t\t\t\t\t\n\t\t\t\t\t\t\t\t\t\t\t\t\t\t\t\t\t<\/div>\n\t\t\t\t\t\t\t\t<!-- \/col -->\n\t\t\t\t\t\t  \n\n\t\t\t\t\t\n\t\t\t\t\t\t\t\t\t\t\n\t\t\t\t\t\t\t\t\t\n\t\t\t\t<\/div>\n\t\t\t\t<!-- \/row_inner -->\n\t\t\t<\/div>\n\t\t\t<!-- \/module_row -->\n\t\t\t\n<\/div>\n<!-- \/themify_builder_content -->","protected":false},"excerpt":{"rendered":"<p>Construction d\u2019une Arbal\u00e8te pour tir \u00e0 6 et 10 m\u00e8tres \u00bb : Publi\u00e9 en 2021 format A4. Nouvelle \u00e9dition publi\u00e9e en 2026 comprenant la fabrication des carreaux Description de la construction d\u2019une arbal\u00e8te dans les d\u00e9tails. \u2013 L&rsquo;Arbrier et le Levier d&rsquo;Armement \u2013 Arc et Ressorts \u2013 La Corde \u2013 Les Pi\u00e8ces M\u00e9talliques \u2013 R\u00e9glages [&hellip;]<\/p>\n","protected":false},"author":1,"featured_media":0,"parent":0,"menu_order":0,"comment_status":"closed","ping_status":"closed","template":"","meta":{"footnotes":""},"class_list":["post-2730","page","type-page","status-publish","hentry"],"_links":{"self":[{"href":"https:\/\/www.arbaletriers.be\/wordpress\/wp-json\/wp\/v2\/pages\/2730"}],"collection":[{"href":"https:\/\/www.arbaletriers.be\/wordpress\/wp-json\/wp\/v2\/pages"}],"about":[{"href":"https:\/\/www.arbaletriers.be\/wordpress\/wp-json\/wp\/v2\/types\/page"}],"author":[{"embeddable":true,"href":"https:\/\/www.arbaletriers.be\/wordpress\/wp-json\/wp\/v2\/users\/1"}],"replies":[{"embeddable":true,"href":"https:\/\/www.arbaletriers.be\/wordpress\/wp-json\/wp\/v2\/comments?post=2730"}],"version-history":[{"count":1,"href":"https:\/\/www.arbaletriers.be\/wordpress\/wp-json\/wp\/v2\/pages\/2730\/revisions"}],"predecessor-version":[{"id":11308,"href":"https:\/\/www.arbaletriers.be\/wordpress\/wp-json\/wp\/v2\/pages\/2730\/revisions\/11308"}],"wp:attachment":[{"href":"https:\/\/www.arbaletriers.be\/wordpress\/wp-json\/wp\/v2\/media?parent=2730"}],"curies":[{"name":"wp","href":"https:\/\/api.w.org\/{rel}","templated":true}]}}