{"id":2748,"date":"2015-02-14T13:42:23","date_gmt":"2015-02-14T12:42:23","guid":{"rendered":"http:\/\/www.arbaletriers.be\/wordpress\/?page_id=2748"},"modified":"2021-04-01T09:51:28","modified_gmt":"2021-04-01T08:51:28","slug":"liens","status":"publish","type":"page","link":"https:\/\/www.arbaletriers.be\/wordpress\/liens\/","title":{"rendered":"Liens"},"content":{"rendered":"<div id=\"themify_builder_content-2748\" data-postid=\"2748\" class=\"themify_builder_content themify_builder_content-2748 themify_builder themify_builder_front\">\n\t\t\t\t\n\t\t\t<!-- module_row -->\n\t\t\t<div class=\"themify_builder_row module_row module_row_0 clearfix\" >\n\n\t\t\t\t<div class=\"row_inner\">\n\n\t\t\t\t\t\n\t\t\t\t\t\n\t\t\t\t\t\n\t\t\t\t\t\n\t\t\t\t\t\t\t\t<div class=\"col-full first tb-column\">\n\t\t\t\t\t\t\t\t\t\t\t\t\t\t\t\t\t\t\t\n\t\t\t\t\t\t\t\t\t\t\n<!-- module box -->\n<div id=\"box-2748-0-0-0\" class=\"module module-box box-2748-0-0-0 \">\n\t\t\n\t\t\n\t<div class=\"module-box-content ui rounded gradient default  \">\n\t\t<p><a class=\"texte\" href=\"http:\/\/www.arquebusiers.eu\/\" target=\"_blank\" rel=\"noopener\">Les Arquebusiers de Vis\u00e9<\/a><\/p>\n<p><a class=\"texte\" href=\"http:\/\/www.arquebusiers.be\/\" target=\"_blank\" rel=\"noopener\">Les Francs-Arquebusiers de Vis\u00e9<\/a><\/p>\n<p><a class=\"texte\" href=\"http:\/\/www.sint-rochus.be\/\" target=\"_blank\" rel=\"noopener\">Oude Koninklijke Gilde Sint-Rochus Gent<\/a><\/p>\n<p><a class=\"texte\" href=\"http:\/\/www.arbaletrier.be\/\" target=\"_blank\" rel=\"noopener\">Les Arbal\u00e9triers de Saint-Georges de Grez-Doiceau<\/a><\/p>\n<p><a class=\"texte\" href=\"http:\/\/users.pandora.be\/sint-joris.gent\/index.htm\" target=\"_blank\" rel=\"noopener\">Koninklijke en Souvereine Hoofdgilde Sint-Joris \u2013 Gent<\/a><\/p>\n<p><a class=\"texte\" href=\"http:\/\/www.arbaletrierssablon.be\/\" target=\"_blank\" rel=\"noopener\">Ancien Grand Serment Royal et Noble des Arbal\u00e9triers de Notre-Dame au Sablon<\/a><\/p>\n<p><a class=\"texte\" href=\"http:\/\/www.balestrierisansepolcro.it\/\" target=\"_blank\" rel=\"noopener\">Societ\u00e0 Balestrieri Sansepolcro<\/a><\/p>\n<p><a class=\"texte\" href=\"http:\/\/www.membres.lycos.fr\/arbaletrierbruxelles\/\" target=\"_blank\" rel=\"noopener\">Grand Serment Royal et de Saint-Georges des Arbal\u00e9triers de Bruxelles<\/a><\/p>\n<p><a class=\"texte\" href=\"http:\/\/www.arbaletriers-saintgeorges.be\/\" target=\"_blank\" rel=\"noopener\">Saint Georges Bruxelles<\/a><\/p>\n<p><a class=\"texte\" href=\"http:\/\/www.vise.be\/\" target=\"_blank\" rel=\"noopener\">Ville de Vis\u00e9<\/a><\/p>\n<p><a class=\"texte\" href=\"http:\/\/www.arbalete-hesdinoise.com\/\" target=\"_blank\" rel=\"noopener\">Arbalete de l\u2019Hesdinoise<\/a><\/p>\n<p><a class=\"texte\" href=\"http:\/\/www.arbaletriers.fr\/\" target=\"_blank\" rel=\"noopener\">Confr\u00e8rie des Arbal\u00e9triers de St Georges \u00e0 Bousbecque<\/a><\/p>\n<p><a class=\"texte\" href=\"https:\/\/urarbaletriers.be\/\" target=\"_blank\" rel=\"noopener\">Union R\u00e9gionale des Arbal\u00e9triers<\/a><\/p>\n<p><a class=\"texte\" href=https:\/\/www.paysdeherve.be\/\" target=\"_blank\" rel=\"noopener\">Maison du Tourisme du Pays de Herve<\/a><\/p>\n\t<\/div>\n\n\t<\/div>\n<!-- \/module box -->\n<!-- .themify_builder .box-2748-0-0-0 Style -->\n<style>\n.themify_builder .box-2748-0-0-0.module-box {\n\ttext-align: center\n}\n.themify_builder .box-2748-0-0-0.module-box a {\n\tcolor: #6453b8;\n}\n<\/style>\n<!-- End .themify_builder .box-2748-0-0-0 Style -->\n\n\t\t\t\t\t\t\t\t\t\n\t\t\t\t\t\t\t\t\t\t\t\t\t\t\t\t\t<\/div>\n\t\t\t\t\t\t\t\t<!-- \/col -->\n\t\t\t\t\t\t  \n\n\t\t\t\t\t\n\t\t\t\t\t\t\t\t\t\t\n\t\t\t\t\t\t\t\t\t\n\t\t\t\t<\/div>\n\t\t\t\t<!-- \/row_inner -->\n\t\t\t<\/div>\n\t\t\t<!-- \/module_row -->\n\t\t\t\n<\/div>\n<!-- \/themify_builder_content -->","protected":false},"excerpt":{"rendered":"<p>Les Arquebusiers de Vis\u00e9 Les Francs-Arquebusiers de Vis\u00e9 Oude Koninklijke Gilde Sint-Rochus Gent Les Arbal\u00e9triers de Saint-Georges de Grez-Doiceau Koninklijke en Souvereine Hoofdgilde Sint-Joris \u2013 Gent Ancien Grand Serment Royal et Noble des Arbal\u00e9triers de Notre-Dame au Sablon Societ\u00e0 Balestrieri Sansepolcro Grand Serment Royal et de Saint-Georges des Arbal\u00e9triers de Bruxelles Saint Georges Bruxelles Ville [&hellip;]<\/p>\n","protected":false},"author":1,"featured_media":0,"parent":0,"menu_order":0,"comment_status":"closed","ping_status":"closed","template":"","meta":{"footnotes":""},"class_list":["post-2748","page","type-page","status-publish","hentry"],"_links":{"self":[{"href":"https:\/\/www.arbaletriers.be\/wordpress\/wp-json\/wp\/v2\/pages\/2748"}],"collection":[{"href":"https:\/\/www.arbaletriers.be\/wordpress\/wp-json\/wp\/v2\/pages"}],"about":[{"href":"https:\/\/www.arbaletriers.be\/wordpress\/wp-json\/wp\/v2\/types\/page"}],"author":[{"embeddable":true,"href":"https:\/\/www.arbaletriers.be\/wordpress\/wp-json\/wp\/v2\/users\/1"}],"replies":[{"embeddable":true,"href":"https:\/\/www.arbaletriers.be\/wordpress\/wp-json\/wp\/v2\/comments?post=2748"}],"version-history":[{"count":1,"href":"https:\/\/www.arbaletriers.be\/wordpress\/wp-json\/wp\/v2\/pages\/2748\/revisions"}],"predecessor-version":[{"id":11488,"href":"https:\/\/www.arbaletriers.be\/wordpress\/wp-json\/wp\/v2\/pages\/2748\/revisions\/11488"}],"wp:attachment":[{"href":"https:\/\/www.arbaletriers.be\/wordpress\/wp-json\/wp\/v2\/media?parent=2748"}],"curies":[{"name":"wp","href":"https:\/\/api.w.org\/{rel}","templated":true}]}}