{"id":3020,"date":"2016-03-07T16:37:06","date_gmt":"2016-03-07T15:37:06","guid":{"rendered":"http:\/\/www.arbaletriers.be\/wordpress\/?page_id=3020"},"modified":"2024-02-19T15:45:15","modified_gmt":"2024-02-19T14:45:15","slug":"histoire-18eme","status":"publish","type":"page","link":"https:\/\/www.arbaletriers.be\/wordpress\/histoire-18eme\/","title":{"rendered":"histoire du 18\u00e8me si\u00e8cle"},"content":{"rendered":"<div id=\"themify_builder_content-3020\" data-postid=\"3020\" class=\"themify_builder_content themify_builder_content-3020 themify_builder themify_builder_front\">\n\t\t\t\t\n\t\t\t<!-- module_row -->\n\t\t\t<div class=\"themify_builder_row module_row module_row_0 clearfix\" >\n\n\t\t\t\t<div class=\"row_inner\">\n\n\t\t\t\t\t\n\t\t\t\t\t\n\t\t\t\t\t\n\t\t\t\t\t\n\t\t\t\t\t\t\t\t<div class=\"col-full first tb-column\">\n\t\t\t\t\t\t\t\t\t\t\t\t\t\t\t\t\t\t\t\n\t\t\t\t\t\t\t\t\t\t\n<!-- module box -->\n<div id=\"box-3020-0-0-0\" class=\"module module-box box-3020-0-0-0 \">\n\t\t\n\t\t\n\t<div class=\"module-box-content ui rounded gradient default  \">\n\t\t<p><img decoding=\"async\" class=\"alignright\" src=\"\/wordpress\/wp-content\/uploads\/2017\/02\/gravure-.jpg\" alt=\"Gravure Vise 1744\" align=\"center\" hspace=\"30\" vspace=\"15\" \/><\/p>\n<hr \/>\n<p><em>Gravure tir\u00e9e de \u00ab\u00a0Les D\u00e9lices du Pays de Li\u00e8ge\u00a0\u00bb publi\u00e9 en 1744 par Remacle Leloup (1708-1770).<\/em><\/p>\n\t<\/div>\n\n\t<\/div>\n<!-- \/module box -->\n\t\t\t\t\t\t\t\t\t\n\t\t\t\t\t\t\t\t\t\t\t\t\t\t\t\t\t<\/div>\n\t\t\t\t\t\t\t\t<!-- \/col -->\n\t\t\t\t\t\t  \n\n\t\t\t\t\t\n\t\t\t\t\t\t\t\t\t\t\n\t\t\t\t\t\t\t\t\t\n\t\t\t\t<\/div>\n\t\t\t\t<!-- \/row_inner -->\n\t\t\t<\/div>\n\t\t\t<!-- \/module_row -->\n\t\t\t\n\t\t\t\n\t\t\t<!-- module_row -->\n\t\t\t<div class=\"themify_builder_row module_row module_row_1 clearfix\" >\n\n\t\t\t\t<div class=\"row_inner\">\n\n\t\t\t\t\t\n\t\t\t\t\t\n\t\t\t\t\t\n\t\t\t\t\t\n\t\t\t\t\t\t\t\t<div class=\"col-full first tb-column\">\n\t\t\t\t\t\t\t\t\t\t\t\t\t\t\t\t\t\t\t\n\t\t\t\t\t\t\t\t\t\t\n<!-- module box -->\n<div id=\"box-3020-1-0-0\" class=\"module module-box box-3020-1-0-0 \">\n\t\t\n\t\t\n\t<div class=\"module-box-content ui rounded gradient default  \">\n\t\t<p><img decoding=\"async\" class=\"alignright\" src=\"\/photos\/eglise.jpg\" alt=\"Collegiale\" align=\"right\" hspace=\"30\" vspace=\"15\" \/>Au dix-huiti\u00e8me si\u00e8cle, on trouve une appellation nouvelle pour d\u00e9signer la gilde. A c\u00f4t\u00e9 des termes traditionnels compagnie ou confr\u00e9rie, apparait le mot chambre (chambre Saint-Georges).<\/p>\n<p>A cette \u00e9poque, le terme chambre d\u00e9signe une soci\u00e9t\u00e9 : une chambre de rh\u00e9torique est une soci\u00e9t\u00e9 litt\u00e9raire. C\u2019est sans doute \u00e0 cette date que la gilde a perdu son caract\u00e8re militaire.<br \/>\nD\u00e9sormais soci\u00e9t\u00e9 d\u2019agr\u00e9ment, elle s\u2019effor\u00e7a de prolonger son histoire en respectant scrupuleusement ses traditions ancestrales : les archives nous donnent un compte rendu fid\u00e8le de son activit\u00e9.<\/p>\n<p>Les confr\u00e8res devaient assister \u00e0 la Messe de la f\u00eate de Saint-Georges, le 23 avril, d\u00e9filer dans la procession de la F\u00eate Dieu et participer aux exercices de tir.<br \/>\nJadis, on c\u00e9l\u00e9brait la F\u00eate-Dieu le jeudi apr\u00e8s la Pentec\u00f4te, et la procession \u00e9tait organis\u00e9e ce m\u00eame jeudi. Le tir \u00e0 l\u2019oiseau royal avait lieu le lundi pr\u00e9c\u00e9dant cette date.<br \/>\nDepuis la Saint- Georges jusqu\u2019\u00e0 la Pentec\u00f4te, les Arbal\u00e9triers devaient, chaque dimanche, tirer au moins deux parchons (coups).<\/p>\n\t<\/div>\n\n\t<\/div>\n<!-- \/module box -->\n\t\t\t\t\t\t\t\t\t\n\t\t\t\t\t\t\t\t\t\t\t\t\t\t\t\t\t<\/div>\n\t\t\t\t\t\t\t\t<!-- \/col -->\n\t\t\t\t\t\t  \n\n\t\t\t\t\t\n\t\t\t\t\t\t\t\t\t\t\n\t\t\t\t\t\t\t\t\t\n\t\t\t\t<\/div>\n\t\t\t\t<!-- \/row_inner -->\n\t\t\t<\/div>\n\t\t\t<!-- \/module_row -->\n\t\t\t\n\t\t\t\n\t\t\t<!-- module_row -->\n\t\t\t<div class=\"themify_builder_row module_row module_row_2 clearfix\" >\n\n\t\t\t\t<div class=\"row_inner\">\n\n\t\t\t\t\t\n\t\t\t\t\t\n\t\t\t\t\t\n\t\t\t\t\t\n\t\t\t\t\t\t\t\t<div class=\"col-full first tb-column\">\n\t\t\t\t\t\t\t\t\t\t\t\t\t\t\t\t\t\t\t\n\t\t\t\t\t\t\t\t\t\t\n<!-- module box -->\n<div id=\"box-3020-2-0-0\" class=\"module module-box box-3020-2-0-0 \">\n\t\t\n\t\t\n\t<div class=\"module-box-content ui rounded gradient default  \">\n\t\t<p><img decoding=\"async\" class=\"alignleft\" src=\"\/wordpress\/wp-content\/uploads\/2016\/03\/collier.jpg\" alt=\"collier\" align=\"right\" hspace=\"30\" vspace=\"15\" \/>L\u2019autorit\u00e9 supr\u00eame \u00e9tait exerc\u00e9e par le Capitaine et par l\u2019ensemble des officiers.<br \/>\nLa police \u00e9tait assur\u00e9e par les dignitaires, notamment par les deux Mayeurs.<br \/>\nSi c\u2019\u00e9tait n\u00e9cessaire, on constituait un conseil de guerre ou guemine.<br \/>\nLe tribunal dut parfois se prononcer \u00e0 propos d\u2019actes criminels.<\/p>\n<p>Le 15 juin 1686 les Mayeurs de la compagnie enqu\u00eat\u00e8rent au sujet d\u2019un coup de feu qui avait bless\u00e9 un Empereur du nom de van Houten.<\/p>\n<p>Lors de sa cons\u00e9cration, le Roy recevait le collier ou garlande (\u00ab guirlande \u00bb) que 1\u2019on confiait habituellement au vainqueur du tir.<br \/>\nVu la valeur de l\u2019objet, le Roy devait fournir deux confr\u00e8res plesges (cautionnaires) qui se portaient garants pour lui.<br \/>\nSi le Roy devenait Empereur, le collier lui appartenait, mais la compagnie pouvait le lui racheter.<\/p>\n<p>\u00c9tait proclam\u00e9 empereur, l\u2019habile tireur qui avait r\u00e9ussi \u00e0 \u00eatre roi, trois fois cons\u00e9cutivement.<br \/>\nA la fin du dix-huiti\u00e8me si\u00e8cle, lors de la F\u00eate-Dieu (Sacremint), les compagnies se rendaient apr\u00e8s la messe, \u00e0 l&rsquo;h\u00f4tel de ville o\u00f9 elles r\u00e9galaient les bourgmestres, les autorit\u00e9s communales et les officiers de la soci\u00e9t\u00e9 rivale avec du brandevin (eau de vie) et des gaufres. A cette occasion, les Arbal\u00e9triers et les Arquebusiers fraternisaient et le magistrat offrait un vin d&rsquo;honneur aux deux soci\u00e9t\u00e9s.<\/p>\n\t<\/div>\n\n\t<\/div>\n<!-- \/module box -->\n\t\t\t\t\t\t\t\t\t\n\t\t\t\t\t\t\t\t\t\t\t\t\t\t\t\t\t<\/div>\n\t\t\t\t\t\t\t\t<!-- \/col -->\n\t\t\t\t\t\t  \n\n\t\t\t\t\t\n\t\t\t\t\t\t\t\t\t\t\n\t\t\t\t\t\t\t\t\t\n\t\t\t\t<\/div>\n\t\t\t\t<!-- \/row_inner -->\n\t\t\t<\/div>\n\t\t\t<!-- \/module_row -->\n\t\t\t\n\t\t\t\n\t\t\t<!-- module_row -->\n\t\t\t<div class=\"themify_builder_row module_row module_row_3 clearfix\" >\n\n\t\t\t\t<div class=\"row_inner\">\n\n\t\t\t\t\t\n\t\t\t\t\t\n\t\t\t\t\t\n\t\t\t\t\t\n\t\t\t\t\t\t\t\t<div class=\"col-full first tb-column\">\n\t\t\t\t\t\t\t\t\t\t\t\t\t\t\t\t\t\t\t\n\t\t\t\t\t\t\t\t\t\t\n<!-- module box -->\n<div id=\"box-3020-3-0-0\" class=\"module module-box box-3020-3-0-0 \">\n\t\t\n\t\t\n\t<div class=\"module-box-content ui rounded gradient default  \">\n\t\t<p><img decoding=\"async\" class=\"alignright\" src=\"\/wordpress\/wp-content\/uploads\/2014\/10\/tableau.jpg\" alt=\"cornette a cheval\" align=\"right\" hspace=\"30\" vspace=\"15\" \/>Un droit d\u2019a\u00eenesse \u00e9tait reconnu aux Arbal\u00e9triers qui avaient la priorit\u00e9 dans toutes les c\u00e9r\u00e9monies.<br \/>\nLors de la procession, ils d\u00e9filaient en premiers : leur Cornette, \u00e0 cheval, ouvrait la marche.<br \/>\nA chaque reposoir, le m\u00eame Cornette, \u00e9tendard en main, traversait toute la procession et allait saluer le Saint-Sacrement lors de la b\u00e9n\u00e9diction.<br \/>\nIl regagnait ensuite sa place.<br \/>\nLors de la b\u00e9n\u00e9diction, les compagnies l\u00e2chaient une salve sous le commandement du Capitaine des Arbal\u00e9triers.<br \/>\nSeuls les Arbal\u00e9triers pouvaient occuper le Ch\u0153ur de la coll\u00e9giale.<br \/>\nL\u2019apr\u00e8s-midi, les confr\u00e8res allaient tirer l\u2019oiseau. Les Arquebusiers se r\u00e9unissaient dans la rue Haute et les Arbal\u00e9triers dans la rue Basse.<\/p>\n<hr \/>\n<p><em>Cornette \u00e0 cheval avec les armoiries de Velbruck.<\/em><\/p>\n\t<\/div>\n\n\t<\/div>\n<!-- \/module box -->\n\t\t\t\t\t\t\t\t\t\n\t\t\t\t\t\t\t\t\t\t\t\t\t\t\t\t\t<\/div>\n\t\t\t\t\t\t\t\t<!-- \/col -->\n\t\t\t\t\t\t  \n\n\t\t\t\t\t\n\t\t\t\t\t\t\t\t\t\t\n\t\t\t\t\t\t\t\t\t\n\t\t\t\t<\/div>\n\t\t\t\t<!-- \/row_inner -->\n\t\t\t<\/div>\n\t\t\t<!-- \/module_row -->\n\t\t\t\n\t\t\t\n\t\t\t<!-- module_row -->\n\t\t\t<div class=\"themify_builder_row module_row module_row_4 clearfix\" >\n\n\t\t\t\t<div class=\"row_inner\">\n\n\t\t\t\t\t\n\t\t\t\t\t\n\t\t\t\t\t\n\t\t\t\t\t\n\t\t\t\t\t\t\t\t<div class=\"col-full first tb-column\">\n\t\t\t\t\t\t\t\t\t\t\t\t\t\t\t\t\t\t\t\n\t\t\t\t\t\t\t\t\t\t\n<!-- module box -->\n<div id=\"box-3020-4-0-0\" class=\"module module-box box-3020-4-0-0 \">\n\t\t\n\t\t\n\t<div class=\"module-box-content ui rounded gradient default  \">\n\t\t<p><img decoding=\"async\" class=\"alignright\" src=\"\/wordpress\/wp-content\/uploads\/2014\/10\/armoir2.jpg\" alt=\"Fran\u00e7ois-Charles de Velbruck\" align=\"right\" hspace=\"30\" vspace=\"15\" \/><img decoding=\"async\" class=\"alignleft\" src=\"\/wordpress\/wp-content\/uploads\/2016\/03\/francoischarles-de-velbruck.jpg\" alt=\"Fran\u00e7ois-Charles de Velbruck\" align=\"left\" hspace=\"30\" vspace=\"15\" \/>En 1775, la ville de Vis\u00e9, en raison du mauvais \u00e9tat de ses finances, n\u00e9gligea de payer ses redevances \u00e0 la compagnie.<br \/>\nLe prince de Velbruck intervint dans le proc\u00e8s qui s\u2019ensuivit.<br \/>\nIl parvint \u00e0 amener les parties \u00e0 une transaction qui fut confirm\u00e9e par son mandement du 29 avril de cette ann\u00e9e (voir archives de la compagnie).<\/p>\n<hr \/>\n<p><em>Fran\u00e7ois-Charles de Velbruck, 1772-1784.<\/em><br \/>\n<em>Armoiries ornant la salle des f\u00eates des Arbal\u00e9triers r\u00e9alis\u00e9es par J. Ronday Jr.<\/em><\/p>\n\t<\/div>\n\n\t<\/div>\n<!-- \/module box -->\n\t\t\t\t\t\t\t\t\t\n\t\t\t\t\t\t\t\t\t\t\t\t\t\t\t\t\t<\/div>\n\t\t\t\t\t\t\t\t<!-- \/col -->\n\t\t\t\t\t\t  \n\n\t\t\t\t\t\n\t\t\t\t\t\t\t\t\t\t\n\t\t\t\t\t\t\t\t\t\n\t\t\t\t<\/div>\n\t\t\t\t<!-- \/row_inner -->\n\t\t\t<\/div>\n\t\t\t<!-- \/module_row -->\n\t\t\t\n\t\t\t\n\t\t\t<!-- module_row -->\n\t\t\t<div class=\"themify_builder_row module_row module_row_5 clearfix\" >\n\n\t\t\t\t<div class=\"row_inner\">\n\n\t\t\t\t\t\n\t\t\t\t\t\n\t\t\t\t\t\n\t\t\t\t\t\n\t\t\t\t\t\t\t\t<div class=\"col-full first tb-column\">\n\t\t\t\t\t\t\t\t\t\t\t\t\t\t\t\t\t\t\t\n\t\t\t\t\t\t\t\t\t\t\n<!-- module box -->\n<div id=\"box-3020-5-0-0\" class=\"module module-box box-3020-5-0-0 \">\n\t\t\n\t\t\n\t<div class=\"module-box-content ui rounded gradient default  \">\n\t\t<p>L\u2019ann\u00e9e suivante, la compagnie fit ex\u00e9cuter par le sculpteur Delcommune la statue \u00e9questre de Saint-Georges terrassant le dragon qui est expos\u00e9e dans notre mus\u00e9e. Une copie de cette statue, en bois de tilleul, polychrome a \u00e9t\u00e9 r\u00e9alis\u00e9e pour figurer dans nos cort\u00e8ges o\u00f9 elle tient une place d\u2019honneur port\u00e9e par de jeunes arbal\u00e9triers et entour\u00e9e de quatre \u00e9tendards en soie bleue brod\u00e9e.<\/p>\n<p>La disparition de la principaut\u00e9 de Li\u00e8ge allait ouvrir une \u00e8re nouvelle.<\/p>\n<p>D\u00e9sormais, l\u2019histoire de ces communiers de jadis qui constituaient nos gildes se limita \u00e0 des faits mineurs : les compagnies connurent succ\u00e8s et d\u00e9boires, leurs activit\u00e9s se r\u00e9duisirent \u00e0 des concours de tir, \u00e0 des cort\u00e8ges<br \/>\nhistoriques de toutes sortes, et \u00e0 des d\u00e9fil\u00e9s dans les plus grandes villes du Pays.<\/p>\n\t<\/div>\n\n\t<\/div>\n<!-- \/module box -->\n\t\t\t\t\t\t\t\t\t\n\t\t\t\t\t\t\t\t\t\t\t\t\t\t\t\t\t<\/div>\n\t\t\t\t\t\t\t\t<!-- \/col -->\n\t\t\t\t\t\t  \n\n\t\t\t\t\t\n\t\t\t\t\t\t\t\t\t\t\n\t\t\t\t\t\t\t\t\t\n\t\t\t\t<\/div>\n\t\t\t\t<!-- \/row_inner -->\n\t\t\t<\/div>\n\t\t\t<!-- \/module_row -->\n\t\t\t\n\t\t\t\n\t\t\t<!-- module_row -->\n\t\t\t<div class=\"themify_builder_row module_row module_row_6 clearfix\" >\n\n\t\t\t\t<div class=\"row_inner\">\n\n\t\t\t\t\t\n\t\t\t\t\t\n\t\t\t\t\t\n\t\t\t\t\t\n\t\t\t\t\t\t\t\t<div class=\"col-full first tb-column\">\n\t\t\t\t\t\t\t\t\t\t\t\t\t\t\t\t\t\t\t\n\t\t\t\t\t\t\t\t\t\t\n<!-- module box -->\n<div id=\"box-3020-6-0-0\" class=\"module module-box box-3020-6-0-0 \">\n\t\t\n\t\t\n\t<div class=\"module-box-content ui rounded gradient default  \">\n\t\t<p><img decoding=\"async\" class=\"aligncenter\" src=\"\/wordpress\/wp-content\/uploads\/2016\/03\/Statue-saint-georges.jpg\" alt=\"Statue\" align=\"center\" hspace=\"30\" vspace=\"15\" \/><\/p>\n\t<\/div>\n\n\t<\/div>\n<!-- \/module box -->\n\t\t\t\t\t\t\t\t\t\n\t\t\t\t\t\t\t\t\t\t\t\t\t\t\t\t\t<\/div>\n\t\t\t\t\t\t\t\t<!-- \/col -->\n\t\t\t\t\t\t  \n\n\t\t\t\t\t\n\t\t\t\t\t\t\t\t\t\t\n\t\t\t\t\t\t\t\t\t\n\t\t\t\t<\/div>\n\t\t\t\t<!-- \/row_inner -->\n\t\t\t<\/div>\n\t\t\t<!-- \/module_row -->\n\t\t\t\n<\/div>\n<!-- \/themify_builder_content -->","protected":false},"excerpt":{"rendered":"<p>Gravure tir\u00e9e de \u00ab\u00a0Les D\u00e9lices du Pays de Li\u00e8ge\u00a0\u00bb publi\u00e9 en 1744 par Remacle Leloup (1708-1770). Au dix-huiti\u00e8me si\u00e8cle, on trouve une appellation nouvelle pour d\u00e9signer la gilde. A c\u00f4t\u00e9 des termes traditionnels compagnie ou confr\u00e9rie, apparait le mot chambre (chambre Saint-Georges). A cette \u00e9poque, le terme chambre d\u00e9signe une soci\u00e9t\u00e9 : une chambre de [&hellip;]<\/p>\n","protected":false},"author":1,"featured_media":0,"parent":0,"menu_order":0,"comment_status":"closed","ping_status":"closed","template":"","meta":{"footnotes":""},"class_list":["post-3020","page","type-page","status-publish","hentry"],"_links":{"self":[{"href":"https:\/\/www.arbaletriers.be\/wordpress\/wp-json\/wp\/v2\/pages\/3020"}],"collection":[{"href":"https:\/\/www.arbaletriers.be\/wordpress\/wp-json\/wp\/v2\/pages"}],"about":[{"href":"https:\/\/www.arbaletriers.be\/wordpress\/wp-json\/wp\/v2\/types\/page"}],"author":[{"embeddable":true,"href":"https:\/\/www.arbaletriers.be\/wordpress\/wp-json\/wp\/v2\/users\/1"}],"replies":[{"embeddable":true,"href":"https:\/\/www.arbaletriers.be\/wordpress\/wp-json\/wp\/v2\/comments?post=3020"}],"version-history":[{"count":1,"href":"https:\/\/www.arbaletriers.be\/wordpress\/wp-json\/wp\/v2\/pages\/3020\/revisions"}],"predecessor-version":[{"id":11898,"href":"https:\/\/www.arbaletriers.be\/wordpress\/wp-json\/wp\/v2\/pages\/3020\/revisions\/11898"}],"wp:attachment":[{"href":"https:\/\/www.arbaletriers.be\/wordpress\/wp-json\/wp\/v2\/media?parent=3020"}],"curies":[{"name":"wp","href":"https:\/\/api.w.org\/{rel}","templated":true}]}}