{"id":3101,"date":"2016-05-20T11:49:44","date_gmt":"2016-05-20T10:49:44","guid":{"rendered":"http:\/\/www.arbaletriers.be\/wordpress\/?page_id=3101"},"modified":"2024-02-20T10:21:03","modified_gmt":"2024-02-20T09:21:03","slug":"histoire-2010","status":"publish","type":"page","link":"https:\/\/www.arbaletriers.be\/wordpress\/histoire-2010\/","title":{"rendered":"Histoire Les F\u00eates de 2010"},"content":{"rendered":"<div id=\"themify_builder_content-3101\" data-postid=\"3101\" class=\"themify_builder_content themify_builder_content-3101 themify_builder themify_builder_front\">\n\t\t\t\t\n\t\t\t<!-- module_row -->\n\t\t\t<div class=\"themify_builder_row module_row module_row_0 clearfix\" >\n\n\t\t\t\t<div class=\"row_inner\">\n\n\t\t\t\t\t\n\t\t\t\t\t\n\t\t\t\t\t\n\t\t\t\t\t\n\t\t\t\t\t\t\t\t<div class=\"col-full first tb-column\">\n\t\t\t\t\t\t\t\t\t\t\t\t\t\t\t\t\t\t\t\n\t\t\t\t\t\t\t\t\t\t\n<!-- module box -->\n<div id=\"box-3101-0-0-0\" class=\"module module-box box-3101-0-0-0 \">\n\t\t\n\t\t\n\t<div class=\"module-box-content ui rounded gradient default  \">\n\t\t<p><img loading=\"lazy\" decoding=\"async\" class=\"aligncenter\" src=\"\/wordpress\/wp-content\/uploads\/2016\/05\/700eme-logo.jpg\" alt=\"\" width=\"522\" height=\"248\" \/><\/p>\n\t<\/div>\n\n\t<\/div>\n<!-- \/module box -->\n<!-- .themify_builder .box-3101-0-0-0 Style -->\n<style>\n.themify_builder .box-3101-0-0-0.module-box {\n\ttext-align: justify\n}\n<\/style>\n<!-- End .themify_builder .box-3101-0-0-0 Style -->\n\n\t\t\t\t\t\t\t\t\t\n\t\t\t\t\t\t\t\t\t\t\t\t\t\t\t\t\t<\/div>\n\t\t\t\t\t\t\t\t<!-- \/col -->\n\t\t\t\t\t\t  \n\n\t\t\t\t\t\n\t\t\t\t\t\t\t\t\t\t\n\t\t\t\t\t\t\t\t\t\n\t\t\t\t<\/div>\n\t\t\t\t<!-- \/row_inner -->\n\t\t\t<\/div>\n\t\t\t<!-- \/module_row -->\n\t\t\t\n\t\t\t\n\t\t\t<!-- module_row -->\n\t\t\t<div class=\"themify_builder_row module_row module_row_1 clearfix\" >\n\n\t\t\t\t<div class=\"row_inner\">\n\n\t\t\t\t\t\n\t\t\t\t\t\n\t\t\t\t\t\n\t\t\t\t\t\n\t\t\t\t\t\t\t\t<div class=\"col-full first tb-column\">\n\t\t\t\t\t\t\t\t\t\t\t\t\t\t\t\t\t\t\t\n\t\t\t\t\t\t\t\t\t\t\n<!-- module box -->\n<div id=\"box-3101-1-0-0\" class=\"module module-box box-3101-1-0-0 \">\n\t\t\n\t\t\n\t<div class=\"module-box-content ui rounded gradient default  \">\n\t\t<p>Les festivit\u00e9s se d\u00e9roulent principalement durant trois journ\u00e9es au mois d\u2019avril et tout au long du mois d\u2019ao\u00fbt.<br \/>\nNotre cort\u00e8ge s\u2019est fortement enrichi avec la cr\u00e9ation du corps des albastries, les nouvelles tenues du corps des tambours, de l\u2019harmonie et des cadets, sans oublier le peloton des banni\u00e8res armori\u00e9es, pr\u00e9c\u00e9d\u00e9 du nouveau drapeau \u00e0 l\u2019aigle bic\u00e9phale.<br \/>\n<img loading=\"lazy\" decoding=\"async\" class=\"aligncenter\" src=\"\/wordpress\/wp-content\/uploads\/2016\/05\/700eme1.jpg\" width=\"496\" height=\"330\" \/><\/p>\n<hr \/>\n<p><em>Les albastries<\/em><\/p>\n\t<\/div>\n\n\t<\/div>\n<!-- \/module box -->\n<!-- .themify_builder .box-3101-1-0-0 Style -->\n<style>\n.themify_builder .box-3101-1-0-0.module-box {\n\ttext-align: justify\n}\n<\/style>\n<!-- End .themify_builder .box-3101-1-0-0 Style -->\n\n\t\t\t\t\t\t\t\t\t\n\t\t\t\t\t\t\t\t\t\t\t\t\t\t\t\t\t<\/div>\n\t\t\t\t\t\t\t\t<!-- \/col -->\n\t\t\t\t\t\t  \n\n\t\t\t\t\t\n\t\t\t\t\t\t\t\t\t\t\n\t\t\t\t\t\t\t\t\t\n\t\t\t\t<\/div>\n\t\t\t\t<!-- \/row_inner -->\n\t\t\t<\/div>\n\t\t\t<!-- \/module_row -->\n\t\t\t\n\t\t\t\n\t\t\t<!-- module_row -->\n\t\t\t<div class=\"themify_builder_row module_row module_row_2 clearfix\" >\n\n\t\t\t\t<div class=\"row_inner\">\n\n\t\t\t\t\t\n\t\t\t\t\t\n\t\t\t\t\t\n\t\t\t\t\t\n\t\t\t\t\t\t\t\t<div class=\"col-full first tb-column\">\n\t\t\t\t\t\t\t\t\t\t\t\t\t\t\t\t\t\t\t\n\t\t\t\t\t\t\t\t\t\t\n<!-- module box -->\n<div id=\"box-3101-2-0-0\" class=\"module module-box box-3101-2-0-0 \">\n\t\t\n\t\t\n\t<div class=\"module-box-content ui rounded gradient default  \">\n\t\t<p><img loading=\"lazy\" decoding=\"async\" class=\"aligncenter\" src=\"\/wordpress\/wp-content\/uploads\/2016\/05\/700eme2.jpg\" width=\"496\" height=\"330\" \/><\/p>\n<hr \/>\n<p><em>Les Cadets dans leur nouvelle tenue<\/em><\/p>\n\t<\/div>\n\n\t<\/div>\n<!-- \/module box -->\n<!-- .themify_builder .box-3101-2-0-0 Style -->\n<style>\n.themify_builder .box-3101-2-0-0.module-box {\n\ttext-align: justify\n}\n<\/style>\n<!-- End .themify_builder .box-3101-2-0-0 Style -->\n\n\t\t\t\t\t\t\t\t\t\n\t\t\t\t\t\t\t\t\t\t\t\t\t\t\t\t\t<\/div>\n\t\t\t\t\t\t\t\t<!-- \/col -->\n\t\t\t\t\t\t  \n\n\t\t\t\t\t\n\t\t\t\t\t\t\t\t\t\t\n\t\t\t\t\t\t\t\t\t\n\t\t\t\t<\/div>\n\t\t\t\t<!-- \/row_inner -->\n\t\t\t<\/div>\n\t\t\t<!-- \/module_row -->\n\t\t\t\n\t\t\t\n\t\t\t<!-- module_row -->\n\t\t\t<div class=\"themify_builder_row module_row module_row_3 clearfix\" >\n\n\t\t\t\t<div class=\"row_inner\">\n\n\t\t\t\t\t\n\t\t\t\t\t\n\t\t\t\t\t\n\t\t\t\t\t\n\t\t\t\t\t\t\t\t<div class=\"col-full first tb-column\">\n\t\t\t\t\t\t\t\t\t\t\t\t\t\t\t\t\t\t\t\n\t\t\t\t\t\t\t\t\t\t\n<!-- module box -->\n<div id=\"box-3101-3-0-0\" class=\"module module-box box-3101-3-0-0 \">\n\t\t\n\t\t\n\t<div class=\"module-box-content ui rounded gradient default  \">\n\t\t<p><strong>Dimanche 18 avril &#8211; C\u00e9l\u00e9brations de la \u00ab Gloire \u00bb &#038; de la \u00ab Descente \u00bb<\/strong><\/p>\n<p><img loading=\"lazy\" decoding=\"async\" class=\" alignleft\" src=\"\/wordpress\/wp-content\/uploads\/2016\/05\/700eme3.jpg\" alt=\"\" width=\"332\" height=\"332\" \/><\/p>\n<p>Trois activit\u00e9s se d\u00e9roulent durant la journ\u00e9e :<\/p>\n<p>&#8211; La matin\u00e9e, consacr\u00e9e \u00e0 un grand cort\u00e8ge dans notre ville, permet aux Vis\u00e9tois de d\u00e9couvrir en primeur les nouveaux pelotons et les nouvelles tenues.<br \/>\nEn t\u00eate du cort\u00e8ge figure le nouveau peloton constitu\u00e9 d\u2019arbal\u00e9triers en costume du 14\u00e8me si\u00e8cle, les \u00ab Albastries \u00bb, lui-m\u00eame pr\u00e9c\u00e9d\u00e9 d\u2019une banni\u00e8re de Saint-Georges.<br \/>\nLa fin du cort\u00e8ge est rehauss\u00e9e par la pr\u00e9sence d\u2019un second nouveau peloton emmen\u00e9 par le Drapeau \u00e0 l\u2019aigle bic\u00e9phale, copie conforme de notre ancien embl\u00e8me dat\u00e9 de 1581.<br \/>\nCe peloton est constitu\u00e9 de huit officiers, porteurs des banni\u00e8res aux armoiries des Princes-\u00e9v\u00eaques de Li\u00e8ge qui ont marqu\u00e9 l\u2019histoire des arbal\u00e9triers de Vis\u00e9. Ceux-ci encadrent quatre porteurs d\u2019arbal\u00e8tes.<\/p>\n<p>&#8211; L\u2019apr\u00e8s-midi, la compagnie en grand uniforme, d\u00e9file dans les rues de la Cit\u00e9 Ardente pour comm\u00e9morer son attachement \u00e0 l\u2019ancienne principaut\u00e9 qui l\u2019a vue na\u00eetre.<br \/>\nLe cort\u00e8ge fait une premi\u00e8re halte \u00e0 la Cath\u00e9drale Saint-Paul o\u00f9 Monseigneur Aloys Jousten, Ev\u00eaque de Li\u00e8ge, nouveau drapeau \u00e0 l\u2019aigle bic\u00e9phale b\u00e9nit les nouveaux drapeaux et les nouvelles banni\u00e8res.<br \/>\nLe d\u00e9fil\u00e9 se rend ensuite pour une seconde halte au palais provincial, ancienne r\u00e9sidence officielle des Princes-\u00e9v\u00eaques, o\u00f9 M. Michel Foret, gouverneur de la Province, offre une r\u00e9ception grandiose.<\/p>\n<p>&#8211; Le soir, la compagnie revient \u00e0 Vis\u00e9 en bateau, escort\u00e9e par de nombreuses embarcations illumin\u00e9es provenant du port de plaisance.<br \/>\nUne fois d\u00e9barqu\u00e9s, les arbal\u00e9triers et un nombreux public assistent \u00e0 un spectacle son &#038; lumi\u00e8re organis\u00e9 par la section des \u00ab Jeunes Bleus \u00bb conjointement avec notre harmonie et l\u2019artificier habituel.<br \/>\nJamais un spectacle d\u2019une telle qualit\u00e9 musicale et pyrotechnique n\u2019avait \u00e9t\u00e9 organis\u00e9 \u00e0 Vis\u00e9<\/p>\n\t<\/div>\n\n\t<\/div>\n<!-- \/module box -->\n<!-- .themify_builder .box-3101-3-0-0 Style -->\n<style>\n.themify_builder .box-3101-3-0-0.module-box {\n\ttext-align: justify\n}\n<\/style>\n<!-- End .themify_builder .box-3101-3-0-0 Style -->\n\n\t\t\t\t\t\t\t\t\t\n\t\t\t\t\t\t\t\t\t\t\t\t\t\t\t\t\t<\/div>\n\t\t\t\t\t\t\t\t<!-- \/col -->\n\t\t\t\t\t\t  \n\n\t\t\t\t\t\n\t\t\t\t\t\t\t\t\t\t\n\t\t\t\t\t\t\t\t\t\n\t\t\t\t<\/div>\n\t\t\t\t<!-- \/row_inner -->\n\t\t\t<\/div>\n\t\t\t<!-- \/module_row -->\n\t\t\t\n\t\t\t\n\t\t\t<!-- module_row -->\n\t\t\t<div class=\"themify_builder_row module_row module_row_4 clearfix\" >\n\n\t\t\t\t<div class=\"row_inner\">\n\n\t\t\t\t\t\n\t\t\t\t\t\n\t\t\t\t\t\n\t\t\t\t\t\n\t\t\t\t\t\t\t\t<div class=\"col-full first tb-column\">\n\t\t\t\t\t\t\t\t\t\t\t\t\t\t\t\t\t\t\t\n\t\t\t\t\t\t\t\t\t\t\n<!-- module box -->\n<div id=\"box-3101-4-0-0\" class=\"module module-box box-3101-4-0-0 \">\n\t\t\n\t\t\n\t<div class=\"module-box-content ui rounded gradient default  \">\n\t\t<p><em><b>Jeudi 22 avril &#8211; La VISITE ROYALE.<\/b><\/em><\/p>\n<p>Sa Majest\u00e9 la Reine Paola participe, seule \u00e0 la visite officielle \u00e0 Vis\u00e9 \u00e0 l\u2019occasion de notre 700\u00e8me anniversaire. Elle est re\u00e7ue \u00e0 l\u2019h\u00f4tel de ville avant de visiter notre local.<\/p>\n<p><img loading=\"lazy\" decoding=\"async\" class=\"aligncenter\" src=\"\/wordpress\/wp-content\/uploads\/2016\/05\/700eme4.jpg\" width=\"570\" height=\"380\" \/><br \/>\nAu passage, les d\u00e9l\u00e9gations des deux gildes d\u2019arquebusiers lui sont pr\u00e9sent\u00e9es.<br \/>\nDans nos murs, apr\u00e8s la pr\u00e9sentation des dignitaires de la gilde, sa Majest\u00e9 visite notre mus\u00e9e.<br \/>\nElle y signe le livre d\u2019or.<br \/>\nElle est applaudie par toute la compagnie dans notre salle des f\u00eates avant d\u2019aller tirer deux fl\u00e8ches dans le stand de tir.<br \/>\nSous les acclamations d\u2019une foule nombreuse, la visite royale se termine par l\u2019inauguration de la statue \u00e9questre d\u2019un arbal\u00e9trier du 14\u00e8me si\u00e8cle.<br \/>\nCelle-ci, \u0153uvre du sculpteur Jan Dieusart de Koksijde, \u00e9tait compl\u00e8tement ceintur\u00e9e par les Albastries en costume du 14\u00e8me que la Reine salua \u00e9galement.<\/p>\n<p><img loading=\"lazy\" decoding=\"async\" class=\"aligncenter\" src=\"\/wordpress\/wp-content\/uploads\/2016\/05\/700eme5.jpg\" width=\"551\" height=\"368\" \/><\/p>\n<hr \/>\n<p><em><b>Inauguration de la statue \u00e9questre d\u2019un arbal\u00e9trier.<\/b><br \/>\nDe gauche \u00e0 droite : le Gouverneur M. For\u00eat,S.M. la Reine Paola, J. Dieusart (sculpteur), le Bourgmestre M. Neven, son \u00e9pouse, l\u2019Echevin St. Kariger, le 1er Echevin L. Lejeune, les Colonels Fr. Malmendier &#038; Ch. Paulissen, l\u2019Echevin Th. Martin , l\u2019Echevine V. Dessart, Mad. X ?, l\u2019Echevin X. Malmendier, la Pr\u00e9sidente du CPAS P. Cahay.<\/em><\/p>\n\t<\/div>\n\n\t<\/div>\n<!-- \/module box -->\n<!-- .themify_builder .box-3101-4-0-0 Style -->\n<style>\n.themify_builder .box-3101-4-0-0.module-box {\n\ttext-align: justify\n}\n<\/style>\n<!-- End .themify_builder .box-3101-4-0-0 Style -->\n\n\t\t\t\t\t\t\t\t\t\n\t\t\t\t\t\t\t\t\t\t\t\t\t\t\t\t\t<\/div>\n\t\t\t\t\t\t\t\t<!-- \/col -->\n\t\t\t\t\t\t  \n\n\t\t\t\t\t\n\t\t\t\t\t\t\t\t\t\t\n\t\t\t\t\t\t\t\t\t\n\t\t\t\t<\/div>\n\t\t\t\t<!-- \/row_inner -->\n\t\t\t<\/div>\n\t\t\t<!-- \/module_row -->\n\t\t\t\n\t\t\t\n\t\t\t<!-- module_row -->\n\t\t\t<div class=\"themify_builder_row module_row module_row_5 clearfix\" >\n\n\t\t\t\t<div class=\"row_inner\">\n\n\t\t\t\t\t\n\t\t\t\t\t\n\t\t\t\t\t\n\t\t\t\t\t\n\t\t\t\t\t\t\t\t<div class=\"col-full first tb-column\">\n\t\t\t\t\t\t\t\t\t\t\t\t\t\t\t\t\t\t\t\n\t\t\t\t\t\t\t\t\t\t\n<!-- module box -->\n<div id=\"box-3101-5-0-0\" class=\"module module-box box-3101-5-0-0 \">\n\t\t\n\t\t\n\t<div class=\"module-box-content ui rounded gradient default  \">\n\t\t<p><em><b>Dimanche 25 avril 2010 &#8211; La f\u00eate patronale.<\/b><\/em><\/p>\n<p>Les repr\u00e9sentants de douze soci\u00e9t\u00e9s belges et \u00e9trang\u00e8res d\u2019Arbal\u00e9triers avaient honor\u00e9 notre invitation \u00e0 comm\u00e9morer ensemble notre 700\u00e8me f\u00eate de Saint Georges.<br \/>\nIls particip\u00e8rent \u00e0 la messe dans la coll\u00e9giale fra\u00eechement r\u00e9nov\u00e9e.<br \/>\nLa nouvelle marche d\u2019offrande cr\u00e9\u00e9e par notre major chef d\u2019harmonie, Pierre Depuis fut interpr\u00e9t\u00e9e avec brio tandis que les officiers ex\u00e9cut\u00e8rent une chor\u00e9graphie adapt\u00e9e.<br \/>\nApr\u00e8s les v\u00eapres, M. le doyen Desonay a b\u00e9ni le bas- relief de Saint Georges qui venait d\u2019\u00eatre install\u00e9 dans la coll\u00e9giale Saint-Martin et Saint- Hadelin.<\/p>\n<p><img decoding=\"async\" class=\"aligncenter\" src=\"\/wordpress\/wp-content\/uploads\/2016\/05\/700eme6.jpg\" \/><\/p>\n\t<\/div>\n\n\t<\/div>\n<!-- \/module box -->\n<!-- .themify_builder .box-3101-5-0-0 Style -->\n<style>\n.themify_builder .box-3101-5-0-0.module-box {\n\ttext-align: justify\n}\n<\/style>\n<!-- End .themify_builder .box-3101-5-0-0 Style -->\n\n\t\t\t\t\t\t\t\t\t\n\t\t\t\t\t\t\t\t\t\t\t\t\t\t\t\t\t<\/div>\n\t\t\t\t\t\t\t\t<!-- \/col -->\n\t\t\t\t\t\t  \n\n\t\t\t\t\t\n\t\t\t\t\t\t\t\t\t\t\n\t\t\t\t\t\t\t\t\t\n\t\t\t\t<\/div>\n\t\t\t\t<!-- \/row_inner -->\n\t\t\t<\/div>\n\t\t\t<!-- \/module_row -->\n\t\t\t\n\t\t\t\n\t\t\t<!-- module_row -->\n\t\t\t<div class=\"themify_builder_row module_row module_row_6 clearfix\" >\n\n\t\t\t\t<div class=\"row_inner\">\n\n\t\t\t\t\t\n\t\t\t\t\t\n\t\t\t\t\t\n\t\t\t\t\t\n\t\t\t\t\t\t\t\t<div class=\"col-full first tb-column\">\n\t\t\t\t\t\t\t\t\t\t\t\t\t\t\t\t\t\t\t\n\t\t\t\t\t\t\t\t\t\t\n<!-- module box -->\n<div id=\"box-3101-6-0-0\" class=\"module module-box box-3101-6-0-0 \">\n\t\t\n\t\t\n\t<div class=\"module-box-content ui rounded gradient default  \">\n\t\t<p><em><b>Les 7 &#038; 8 Ao\u00fbt 2010 &#8211; La grande f\u00eate d\u2019\u00e9t\u00e9.<\/b><\/em><\/p>\n<p><em>\u00abVis\u00e9, capitale europ\u00e9enne de l\u2019arbal\u00e8te &#038; des arbal\u00e9triers. \u00bb<\/em><\/p>\n<p>Le programme de notre f\u00eate d\u2019\u00e9t\u00e9 traditionnelle est quelque peu modifi\u00e9 pour la circonstance.<br \/>\nApr\u00e8s la messe solennelle c\u00e9l\u00e9br\u00e9e par Monseigneur Jousten, trois cort\u00e8ges successifs parcourent notre bonne ville.<br \/>\nLe premier cort\u00e8ge est identique \u00e0 celui du mois d\u2019avril, le deuxi\u00e8me ouvert par l\u2019harmonie d\u2019Hombourg, est compos\u00e9 des d\u00e9l\u00e9gations des nombreuses soci\u00e9t\u00e9s belges et \u00e9trang\u00e8res invit\u00e9es \u00e0 participer au grand d\u00e9fil\u00e9 des gildes en costume historique et le dernier est form\u00e9 par les \u00ab Sbandieratori de Sansepolcro et leurs trompettes th\u00e9baines \u00bb.<br \/>\nCitons quelques d\u00e9l\u00e9gations pr\u00e9sentes : les deux Serments bruxellois, les arbal\u00e9triers de Weert (NL), ceux de Beaumont, de Ciney, de Dinant de Bousbecques (F), d\u2019Hesdin (F), de Sansepolcro (I) &#038; la soci\u00e9t\u00e9 de tir d\u2019Hombourg.<br \/>\nL\u2019apog\u00e9e des festivit\u00e9s se d\u00e9roule dans les cours : pour la premi\u00e8re fois en Europe sont organis\u00e9s, en un m\u00eame lieu, des comp\u00e9titions reprenant toutes les disciplines de tir \u00e0 l\u2019arbal\u00e8te ancienne encore pratiqu\u00e9es au 21\u00e8me si\u00e8cle.<br \/>\nEn cette ann\u00e9e jubilaire, le Comit\u00e9 a d\u00e9cid\u00e9 de cr\u00e9er trois colliers qui seront port\u00e9s par le roy du tir (collier d\u2019or), l\u2019auteur du meilleur deuxi\u00e8me tir (collier d\u2019argent) et celui de la troisi\u00e8me meilleure fl\u00e8che (collier de bronze). C\u2019est un retour \u00e0 la tradition selon laquelle le meilleur tireur porte cette distinction pendant une ann\u00e9e, cela stimule aussi les participants.<br \/>\nChaque ann\u00e9e, une m\u00e9daille de ces colliers sera grav\u00e9e au nom de son d\u00e9tenteur.<\/p>\n\t<\/div>\n\n\t<\/div>\n<!-- \/module box -->\n<!-- .themify_builder .box-3101-6-0-0 Style -->\n<style>\n.themify_builder .box-3101-6-0-0.module-box {\n\ttext-align: justify\n}\n<\/style>\n<!-- End .themify_builder .box-3101-6-0-0 Style -->\n\n\t\t\t\t\t\t\t\t\t\n\t\t\t\t\t\t\t\t\t\t\t\t\t\t\t\t\t<\/div>\n\t\t\t\t\t\t\t\t<!-- \/col -->\n\t\t\t\t\t\t  \n\n\t\t\t\t\t\n\t\t\t\t\t\t\t\t\t\t\n\t\t\t\t\t\t\t\t\t\n\t\t\t\t<\/div>\n\t\t\t\t<!-- \/row_inner -->\n\t\t\t<\/div>\n\t\t\t<!-- \/module_row -->\n\t\t\t\n\t\t\t\n\t\t\t<!-- module_row -->\n\t\t\t<div class=\"themify_builder_row module_row module_row_7 clearfix\" >\n\n\t\t\t\t<div class=\"row_inner\">\n\n\t\t\t\t\t\n\t\t\t\t\t\n\t\t\t\t\t\n\t\t\t\t\t\n\t\t\t\t\t\t\t\t<div class=\"col-full first tb-column\">\n\t\t\t\t\t\t\t\t\t\t\t\t\t\t\t\t\t\t\t\n\t\t\t\t\t\t\t\t\t\t\n<!-- module box -->\n<div id=\"box-3101-7-0-0\" class=\"module module-box box-3101-7-0-0 \">\n\t\t\n\t\t\n\t<div class=\"module-box-content ui rounded gradient default  \">\n\t\t<p><em><b>Du 16 juillet au 15 ao\u00fbt &#8211; L\u2019EXPOSITION.<\/b><\/em><\/p>\n<p><img decoding=\"async\" class=\"alignright\" src=\"\/wordpress\/wp-content\/uploads\/2016\/05\/700eme7.jpg\" \/><\/p>\n<p>Au Centre culturel de Vis\u00e9, une grande exposition intitul\u00e9e : \u00ab Saint Georges &#038; l\u2019Arbal\u00e8te \u00bb \u00e9tait ouverte au public durant un mois.<br \/>\nLa qualit\u00e9 des pi\u00e8ces expos\u00e9es ainsi que leur raret\u00e9 ont \u00e9t\u00e9 remarqu\u00e9es par beaucoup.<br \/>\nNous avons entre autres pu exposer le remarquable collier des \u00ab Jeunes Arbal\u00e9tiers Li\u00e9geois \u00bb, la plus ancienne pi\u00e8ce d\u2019orf\u00e8vrerie civile li\u00e9geoise \u2013 premi\u00e8re moiti\u00e9 du 16\u00e8me si\u00e8cle- r\u00e9cemment red\u00e9couverte.<br \/>\nLe pr\u00e9texte \u00e9tait tout trouv\u00e9 pour enfin r\u00e9aliser un ouvrage consacr\u00e9 \u00e0 notre mus\u00e9e, ses plus belles armes &#038; notre exceptionnel collier du Roy.<br \/>\nC\u2019est maintenant chose faite, la description des armes est traduite en n\u00e9erlandais et en italien, langues des principaux pays pratiquant encore le tir \u00e0 l\u2019arbal\u00e8te traditionnelle.<br \/>\nOn y trouve aussi une int\u00e9ressante \u00e9tude sur notre patron Saint- Georges et un aper\u00e7u des f\u00eates de 2010, le tout richement illustr\u00e9 en quadrichromie.<\/p>\n<hr \/>\n<p><em>Le catalogue.<\/em><\/p>\n\t<\/div>\n\n\t<\/div>\n<!-- \/module box -->\n<!-- .themify_builder .box-3101-7-0-0 Style -->\n<style>\n.themify_builder .box-3101-7-0-0.module-box {\n\ttext-align: justify\n}\n<\/style>\n<!-- End .themify_builder .box-3101-7-0-0 Style -->\n\n\t\t\t\t\t\t\t\t\t\n\t\t\t\t\t\t\t\t\t\t\t\t\t\t\t\t\t<\/div>\n\t\t\t\t\t\t\t\t<!-- \/col -->\n\t\t\t\t\t\t  \n\n\t\t\t\t\t\n\t\t\t\t\t\t\t\t\t\t\n\t\t\t\t\t\t\t\t\t\n\t\t\t\t<\/div>\n\t\t\t\t<!-- \/row_inner -->\n\t\t\t<\/div>\n\t\t\t<!-- \/module_row -->\n\t\t\t\n\t\t\t\n\t\t\t<!-- module_row -->\n\t\t\t<div class=\"themify_builder_row module_row module_row_8 clearfix\" >\n\n\t\t\t\t<div class=\"row_inner\">\n\n\t\t\t\t\t\n\t\t\t\t\t\n\t\t\t\t\t\n\t\t\t\t\t\n\t\t\t\t\t\t\t\t<div class=\"col-full first tb-column\">\n\t\t\t\t\t\t\t\t\t\t\t\t\t\t\t\t\t\t\t\n\t\t\t\t\t\t\t\t\t\t\n<!-- module box -->\n<div id=\"box-3101-8-0-0\" class=\"module module-box box-3101-8-0-0 \">\n\t\t\n\t\t\n\t<div class=\"module-box-content ui rounded gradient default  \">\n\t\t<p>N\u2019ayant pu r\u00e9pondre \u00e0 notre invitation du mois d\u2019avril en raison de la situation politique du pays, Sa Majest\u00e9 le Roi a tenu \u00e0 inviter au palais de Laeken, Monsieur le Bourgmestre Marcel Neven &#038; le G\u00e9n\u00e9ral-Pr\u00e9sident Pierre Halleux ainsi que leurs \u00e9pouses.<br \/>\nIls ont ainsi pu assister au concert de No\u00ebl interpr\u00e9t\u00e9 par l\u2019orchestre philarmonique de Li\u00e8ge &#038; de la Communaut\u00e9 Wallonie-Bruxelles.<\/p>\n<p><img loading=\"lazy\" decoding=\"async\" class=\"aligncenter\" src=\"\/wordpress\/wp-content\/uploads\/2016\/05\/700eme8.jpg\" width=\"633\" height=\"422\" \/><\/p>\n\t<\/div>\n\n\t<\/div>\n<!-- \/module box -->\n<!-- .themify_builder .box-3101-8-0-0 Style -->\n<style>\n.themify_builder .box-3101-8-0-0.module-box {\n\ttext-align: justify\n}\n<\/style>\n<!-- End .themify_builder .box-3101-8-0-0 Style -->\n\n\t\t\t\t\t\t\t\t\t\n\t\t\t\t\t\t\t\t\t\t\t\t\t\t\t\t\t<\/div>\n\t\t\t\t\t\t\t\t<!-- \/col -->\n\t\t\t\t\t\t  \n\n\t\t\t\t\t\n\t\t\t\t\t\t\t\t\t\t\n\t\t\t\t\t\t\t\t\t\n\t\t\t\t<\/div>\n\t\t\t\t<!-- \/row_inner -->\n\t\t\t<\/div>\n\t\t\t<!-- \/module_row -->\n\t\t\t\n<\/div>\n<!-- \/themify_builder_content -->","protected":false},"excerpt":{"rendered":"<p>Les festivit\u00e9s se d\u00e9roulent principalement durant trois journ\u00e9es au mois d\u2019avril et tout au long du mois d\u2019ao\u00fbt. Notre cort\u00e8ge s\u2019est fortement enrichi avec la cr\u00e9ation du corps des albastries, les nouvelles tenues du corps des tambours, de l\u2019harmonie et des cadets, sans oublier le peloton des banni\u00e8res armori\u00e9es, pr\u00e9c\u00e9d\u00e9 du nouveau drapeau \u00e0 l\u2019aigle [&hellip;]<\/p>\n","protected":false},"author":1,"featured_media":0,"parent":0,"menu_order":0,"comment_status":"closed","ping_status":"closed","template":"","meta":{"footnotes":""},"class_list":["post-3101","page","type-page","status-publish","hentry"],"_links":{"self":[{"href":"https:\/\/www.arbaletriers.be\/wordpress\/wp-json\/wp\/v2\/pages\/3101"}],"collection":[{"href":"https:\/\/www.arbaletriers.be\/wordpress\/wp-json\/wp\/v2\/pages"}],"about":[{"href":"https:\/\/www.arbaletriers.be\/wordpress\/wp-json\/wp\/v2\/types\/page"}],"author":[{"embeddable":true,"href":"https:\/\/www.arbaletriers.be\/wordpress\/wp-json\/wp\/v2\/users\/1"}],"replies":[{"embeddable":true,"href":"https:\/\/www.arbaletriers.be\/wordpress\/wp-json\/wp\/v2\/comments?post=3101"}],"version-history":[{"count":1,"href":"https:\/\/www.arbaletriers.be\/wordpress\/wp-json\/wp\/v2\/pages\/3101\/revisions"}],"predecessor-version":[{"id":11905,"href":"https:\/\/www.arbaletriers.be\/wordpress\/wp-json\/wp\/v2\/pages\/3101\/revisions\/11905"}],"wp:attachment":[{"href":"https:\/\/www.arbaletriers.be\/wordpress\/wp-json\/wp\/v2\/media?parent=3101"}],"curies":[{"name":"wp","href":"https:\/\/api.w.org\/{rel}","templated":true}]}}