{"id":4678,"date":"2017-01-12T14:50:02","date_gmt":"2017-01-12T13:50:02","guid":{"rendered":"http:\/\/www.arbaletriers.be\/wordpress\/?page_id=4678"},"modified":"2024-02-20T14:42:47","modified_gmt":"2024-02-20T13:42:47","slug":"compagnie-section-de-tir-creation-societe-tir","status":"publish","type":"page","link":"https:\/\/www.arbaletriers.be\/wordpress\/compagnie-section-de-tir-creation-societe-tir\/","title":{"rendered":"Compagnie &#8211; Section de Tir &#8211; 2. Apr\u00e8s la r\u00e9volution belge, cr\u00e9ation d&rsquo;une soci\u00e9t\u00e9 de tir."},"content":{"rendered":"<div id=\"themify_builder_content-4678\" data-postid=\"4678\" class=\"themify_builder_content themify_builder_content-4678 themify_builder themify_builder_front\">\n\t\t\t\t\n\t\t\t<!-- module_row -->\n\t\t\t<div class=\"themify_builder_row module_row module_row_0 clearfix\" >\n\n\t\t\t\t<div class=\"row_inner\">\n\n\t\t\t\t\t\n\t\t\t\t\t\n\t\t\t\t\t\n\t\t\t\t\t\n\t\t\t\t\t\t\t\t<div class=\"col-full first tb-column\">\n\t\t\t\t\t\t\t\t\t\t\t\t\t\t\t\t\t\t\t\n\t\t\t\t\t\t\t\t\t\t\n<!-- module box -->\n<div id=\"box-4678-0-0-0\" class=\"module module-box box-4678-0-0-0 \">\n\t\t\n\t\t\n\t<div class=\"module-box-content ui rounded gradient default  \">\n\t\t<i><b>2. Apr\u00e8s la r\u00e9volution belge, cr\u00e9ation d&rsquo;une soci\u00e9t\u00e9 de tir.<\/b><\/i>\t<\/div>\n\n\t<\/div>\n<!-- \/module box -->\n<!-- .themify_builder .box-4678-0-0-0 Style -->\n<style>\n.themify_builder .box-4678-0-0-0.module-box {\n\ttext-align: justify\n}\n<\/style>\n<!-- End .themify_builder .box-4678-0-0-0 Style -->\n\n\n<!-- module box -->\n<div id=\"box-4678-0-0-1\" class=\"module module-box box-4678-0-0-1 \">\n\t\t\n\t\t\n\t<div class=\"module-box-content ui rounded gradient default  \">\n\t\t<p>Apr\u00e8s l\u2019Ere des R\u00e9volutions (1789 et 1830), les Arbal\u00e9triers durent se r\u00e9organiser sous de nouvelles formes. En 1861, dans plusieurs villes de Belgique, des corporations d\u2019arbal\u00e9triers \u00e9tablirent des tirs au but \u00e0 la petite arbal\u00e8te et organis\u00e8rent entre elles des concours.<br \/>\nLa Compagnie des Arbal\u00e9triers vis\u00e9tois voulant, elle aussi, faire revivre l\u2019arme de ses anc\u00eatres, \u00e9tablit dans son local un tir du m\u00eame genre, ayant le m\u00eame but et le corps des officiers se reconstitua en soci\u00e9t\u00e9 sous la d\u00e9nomination de Soci\u00e9t\u00e9 de Tir \u00e0 l\u2019Arbal\u00e8te annex\u00e9e \u00e0 la Compagnie des Anciens Arbal\u00e9triers Vis\u00e9tois. Des membres honoraires, en dehors de tout parti, purent sous certaines r\u00e9serves, en faire partie. La nouvelle institution fut accueillie avec joie, dit Victor HORION, dans la Notice historique de 1910\u00a0: \u00ab\u00a0Ses partisans y trouv\u00e8rent une r\u00e9cr\u00e9ation des plus agr\u00e9ables et l\u2019on vit bient\u00f4t un grand nombre d\u2019adroits tireurs se signaler dans les concours auxquels ils prirent part\u00a0\u00bb.<br \/>\nLa Soci\u00e9t\u00e9 de Tir vis\u00e9toise s\u2019est alors inscrite \u00e0 la F\u00e9d\u00e9ration des Arbal\u00e9triers de la province de Li\u00e8ge et a entretenu d\u00e8s lors des relations avec les Gildes d\u2019Arbal\u00e9triers du pays (Bruxelles, Anvers, Louvain, Malines, Diest, Gand, Bruges), en les invitant toujours \u00e0 leurs concours.<br \/>\nAinsi le Journal de Vis\u00e9 signale dans son num\u00e9ro du 14 ao\u00fbt 1874 que \u00ab\u00a0la Compagnie des Arbal\u00e9triers Vis\u00e9tois organise pour samedi et dimanche (15 et 16 ao\u00fbt) un concours de tir \u00e0 l\u2019arbal\u00e8te auquel toutes les soci\u00e9t\u00e9s arbal\u00e9tri\u00e8res de notre province ont promis leur concours\u00a0\u00bb.<\/p>\n\t<\/div>\n\n\t<\/div>\n<!-- \/module box -->\n<!-- .themify_builder .box-4678-0-0-1 Style -->\n<style>\n.themify_builder .box-4678-0-0-1.module-box {\n\ttext-align: justify\n}\n<\/style>\n<!-- End .themify_builder .box-4678-0-0-1 Style -->\n\n\n<!-- module box -->\n<div id=\"box-4678-0-0-2\" class=\"module module-box box-4678-0-0-2 \">\n\t\t\n\t\t\n\t<div class=\"module-box-content ui rounded gradient default  \">\n\t\t<p>Il faut encore mentionner que les inventaires \u00e9tablis au d\u00e9but du XX\u00e8me si\u00e8cle et que divers articles de journaux, mentionnent un drapeau du Tir datant de 1848.<\/p>\n<p>Un personnage important m\u00e9rite d\u2019\u00eatre cit\u00e9 ici\u00a0: le colonel Achille GREGOIRE. Ce pharmacien de Herstal, pr\u00e9sident de la Section de Tir avait, en octobre 1901, re\u00e7u les f\u00e9licitations de la Commission \u00ab\u00a0pour l\u2019activit\u00e9 qu\u2019il d\u00e9ploie pour la prosp\u00e9rit\u00e9 de la Soci\u00e9t\u00e9 de Tir, pour avoir r\u00e9veill\u00e9 le go\u00fbt du tir et pour avoir enrichi la Section de Tir de 13 nouvelles arbal\u00e8tes\u00a0\u00bb.<br \/>\nIl est alors octroy\u00e9 un subside \u00e0 la Soci\u00e9t\u00e9 de Tir pour organiser un grand concours f\u00e9d\u00e9ral \u2013 donc \u00e0 l\u2019\u00e9chelle provinciale \u2013 de tir \u00e0 l\u2019arbal\u00e8te.<br \/>\nLors de la f\u00eate de la Saint-Georges du 29 avril 1906, le colonel Achille GREGOIRE, devenu pr\u00e9sident des Arbal\u00e9triers de la province, fait inaugurer le nouveau drapeau f\u00e9d\u00e9ral.<\/p>\n\t<\/div>\n\n\t<\/div>\n<!-- \/module box -->\n<!-- .themify_builder .box-4678-0-0-2 Style -->\n<style>\n.themify_builder .box-4678-0-0-2.module-box {\n\ttext-align: justify\n}\n<\/style>\n<!-- End .themify_builder .box-4678-0-0-2 Style -->\n\n\n<!-- module box -->\n<div id=\"box-4678-0-0-3\" class=\"module module-box box-4678-0-0-3 \">\n\t\t\n\t\t\n\t<div class=\"module-box-content ui rounded gradient default  \">\n\t\t<p><img loading=\"lazy\" decoding=\"async\" class=\"aligncenter\" src=\"\/wordpress\/wp-content\/uploads\/2017\/01\/4-Comit\u00e9.jpg\" alt=\"\" width=\"564\" height=\"384\" \/><\/p>\n<hr \/>\n<p><em>Comit\u00e9 f\u00e9d\u00e9ral\u00a0: Achille GREGOIRE est assis au centre, entour\u00e9 des soci\u00e9t\u00e9s d\u2019Arbal\u00e9triers de la province de Li\u00e8ge.<\/em><\/p>\n\t<\/div>\n\n\t<\/div>\n<!-- \/module box -->\n<!-- .themify_builder .box-4678-0-0-3 Style -->\n<style>\n.themify_builder .box-4678-0-0-3.module-box {\n\ttext-align: justify\n}\n<\/style>\n<!-- End .themify_builder .box-4678-0-0-3 Style -->\n\n\n<!-- module box -->\n<div id=\"box-4678-0-0-4\" class=\"module module-box box-4678-0-0-4 \">\n\t\t\n\t\t\n\t<div class=\"module-box-content ui rounded gradient default  \">\n\t\t<p><span style=\"color: #000000;\">C\u2019est \u00e0 cette m\u00eame \u00e9poque qu\u2019un arbal\u00e9trier vis\u00e9tois obtint une distinction excessivement rare en qualit\u00e9 de tireur. Le colonel Jean LENOIR-COLSON remporta en effet le titre d\u2019<i>Empereur f\u00e9d\u00e9ral<\/i>, en vertu du r\u00e8glement qui l\u2019accordait au tireur ayant conserv\u00e9 pendant trois ann\u00e9es cons\u00e9cutives, le titre de <i>Roi f\u00e9d\u00e9ral<\/i>.<\/span><\/p><p><span style=\"color: #000000;\">Cela lui fut attribu\u00e9 le 29 juin 1908 \u00e0 Li\u00e8ge, en l\u2019h\u00f4tel des comtes de M\u00e9an, o\u00f9 il fut proclam\u00e9 \u00ab\u00a0<i>Empereur\u00a0des Arbal\u00e9triers de la province de Li\u00e8ge<\/i>\u00a0\u00bb.<\/span><\/p>\t<\/div>\n\n\t<\/div>\n<!-- \/module box -->\n<!-- .themify_builder .box-4678-0-0-4 Style -->\n<style>\n.themify_builder .box-4678-0-0-4.module-box {\n\ttext-align: justify\n}\n<\/style>\n<!-- End .themify_builder .box-4678-0-0-4 Style -->\n\n\n<!-- module box -->\n<div id=\"box-4678-0-0-5\" class=\"module module-box box-4678-0-0-5 \">\n\t\t\n\t\t\n\t<div class=\"module-box-content ui rounded gradient default  \">\n\t\t<p><img loading=\"lazy\" decoding=\"async\" class=\"aligncenter\" src=\"\/wordpress\/wp-content\/uploads\/2017\/01\/5Jean-LEnoir.jpg\" alt=\"\" width=\"368\" height=\"465\" \/><\/p>\n<hr \/>\n<p><em>Colonel en chef Jean LENOIR.<\/em><\/p>\n\t<\/div>\n\n\t<\/div>\n<!-- \/module box -->\n<!-- .themify_builder .box-4678-0-0-5 Style -->\n<style>\n.themify_builder .box-4678-0-0-5.module-box {\n\ttext-align: justify\n}\n<\/style>\n<!-- End .themify_builder .box-4678-0-0-5 Style -->\n\n\n<!-- module box -->\n<div id=\"box-4678-0-0-6\" class=\"module module-box box-4678-0-0-6 \">\n\t\t\n\t\t\n\t<div class=\"module-box-content ui rounded gradient default  \">\n\t\t<p>La pr\u00e9paration du concours de tir des festivit\u00e9s du 6\u00e8me centenaire ne se fit pas sans mal. Des dissensions se font jour au sein du comit\u00e9\u00a0: c\u2019est ainsi que le 21 juin, \u00e0 un peu plus d\u2019un mois des festivit\u00e9s, le major Jules PETRY adresse au pr\u00e9sident de la Section de Tir, une lettre par laquelle il remet sa d\u00e9mission de membre du comit\u00e9 de tir charg\u00e9 de pr\u00e9parer le concours des f\u00eates jubilaires, de vice-pr\u00e9sident et de membre de la Commission de Tir. Il justifie cette d\u00e9cision \u00ab\u00a0suite au vote de la derni\u00e8re r\u00e9union de commission\u00a0\u00bb.<br \/>Il semblerait que l\u2019int\u00e9ress\u00e9 ait \u00e9t\u00e9 d\u00e9\u00e7u de ne pas \u00eatre promu au grade de colonel, alors qu\u2019il \u00e9tait d\u00e9j\u00e0 membre de la Commission administrative.<br \/>Finalement, le Comit\u00e9 organisateur du concours de tir est le suivant\u00a0:<\/p><p>Pr\u00e9sident\u00a0: Achille GREGOIRE\u00a0;<br \/>Secr\u00e9taire\u00a0: Fernand MARTIN p\u00e8re\u00a0;<br \/>Membres\u00a0: J. ALBERT, Joseph BROUHA-BOVY, Jean BROUHA, Jean LENOIR et<br \/>Fernand MARTIN fils.<\/p><p>Il est pr\u00e9vu un \u00ab\u00a0grand concours de tir \u00e0 la petite arbal\u00e8te (distance de 10 m\u00e8tres, blason rond, rose 12 mm)\u00a0\u00bb, dot\u00e9 de 500 francs de prix ainsi que d\u2019un magnifique chronom\u00e8tre en or, don du Roi des Belges, Albert Ier.<br \/>Ce concours devait se d\u00e9rouler en 5 \u00e9tapes, les 7-8-21-22 et 28 ao\u00fbt.<br \/>Par ailleurs, un grand concours de tir \u00e0 l\u2019arc au berceau \u00e9tait pr\u00e9vu le 15 ao\u00fbt \u00e0 10 heures, dans la cour de l\u2019Ecole Moyenne. Le \u00ab\u00a0tir au bersault\u00a0\u00bb (d\u00e9nomination d\u2019origine), un tir horizontal, se distingue du \u00ab\u00a0tir \u00e0 la perche\u00a0\u00bb, tir vertical.<br \/>Ce tir d\u00e9signe aussi bien le tir \u00e0 l\u2019arbal\u00e8te que le tir \u00e0 l\u2019arc. Selon les types d\u2019armes, les distances s\u2019\u00e9chelonnent entre 4,5 m et 90 m. Il a lieu en plein air accompagn\u00e9 de panneaux de protection.<br \/>Ce concours \u00e9tait organis\u00e9 sous la direction de la Soci\u00e9t\u00e9 \u00ab\u00a0Les disciples de Saint-Hubert\u00a0\u00bb, d\u2019Eijsden (Pays-Bas).<\/p>\t<\/div>\n\n\t<\/div>\n<!-- \/module box -->\n<!-- .themify_builder .box-4678-0-0-6 Style -->\n<style>\n.themify_builder .box-4678-0-0-6.module-box {\n\ttext-align: justify\n}\n<\/style>\n<!-- End .themify_builder .box-4678-0-0-6 Style -->\n\n\n<!-- module box -->\n<div id=\"box-4678-0-0-7\" class=\"module module-box box-4678-0-0-7 \">\n\t\t\n\t\t\n\t<div class=\"module-box-content ui rounded gradient default  \">\n\t\t<p>Une semaine avant le d\u00e9but des manifestations entourant le 600\u00e8me anniversaire, les Arbal\u00e9triers vis\u00e9tois prennent encore le temps de participer \u00e0 Li\u00e8ge, au quartier de l\u2019Ouest (actuel quartier Saint-L\u00e9onard), \u00e0 un cort\u00e8ge form\u00e9 \u00ab\u00a0des d\u00e9l\u00e9gations nombreuses des cinq soci\u00e9t\u00e9s f\u00e9d\u00e9r\u00e9es de la province de Li\u00e8ge\u00a0: la Compagnie royale et la Soci\u00e9t\u00e9 de tir de Vis\u00e9 (elles comptent bizarrement comme deux soci\u00e9t\u00e9s distinctes, alors que ce n\u2019est pas le cas, ndlr), les Vrais Arbal\u00e9triers, l\u2019Esp\u00e9rance et les Disciples de Guillaume Tell, de Li\u00e8ge. On remarquait aussi la Soci\u00e9t\u00e9 royale La Fid\u00e9lit\u00e9, de Bruxelles. Chacune de ces soci\u00e9t\u00e9s \u00e9tait pr\u00e9c\u00e9d\u00e9e de son drapeau, cartel ou fanion\u00a0\u00bb, La Meuse, 25 juillet 1910.<br \/>A trois heures de l\u2019apr\u00e8s-midi, un concours de tir \u00e9tait organis\u00e9 dans les salons d\u2019\u00e9tage de l\u2019h\u00f4tel des comtes de M\u00e9an.<\/p>\t<\/div>\n\n\t<\/div>\n<!-- \/module box -->\n<!-- .themify_builder .box-4678-0-0-7 Style -->\n<style>\n.themify_builder .box-4678-0-0-7.module-box {\n\ttext-align: justify\n}\n<\/style>\n<!-- End .themify_builder .box-4678-0-0-7 Style -->\n\n\n<!-- module box -->\n<div id=\"box-4678-0-0-8\" class=\"module module-box box-4678-0-0-8 \">\n\t\t\n\t\t\n\t<div class=\"module-box-content ui rounded gradient default  \">\n\t\t<p>Les concours du 600\u00e8me anniversaire donnent lieu \u00e0 de belles joutes sportives. Seule ombre au tableau, une altercation survient entre le pr\u00e9sident GREGOIRE et le tenancier du local, G\u00e9rard Perot, le 8 ao\u00fbt, deuxi\u00e8me jour des comp\u00e9titions. Le pr\u00e9sident du Comit\u00e9 de Tir adresse une lettre de d\u00e9mission au g\u00e9n\u00e9ral-pr\u00e9sident qui, dans de telles circonstances, ne peut \u00e9videmment accepter ce qu\u2019il consid\u00e8re comme un mouvement d\u2019humeur.<br \/>\nL\u2019affaire ne va pas en rester l\u00e0.  Apr\u00e8s les festivit\u00e9s, la Section de Tir ne reprend pas ses activit\u00e9s, preuve que le malaise est profond.<br \/>\nLe 2 avril 1911, la Commission administrative de la Compagnie prend une mesure radicale\u00a0: \u00ab\u00a0en pr\u00e9sence de l\u2019inaction constat\u00e9e de la Commission de Tir depuis plus d\u2019un an, et l\u2019absence de ses membres m\u00eame apr\u00e8s plusieurs convocations, la Commission administrative de la Compagnie Royale propose de la dissoudre et de nommer un comit\u00e9 provisoire charg\u00e9 de r\u00e9organiser une nouvelle commission mieux dispos\u00e9e \u00e0 soigner les int\u00e9r\u00eats de la Soci\u00e9t\u00e9 de Tir\u00a0\u00bb. Il est compos\u00e9 des personnes suivantes\u00a0: messieurs Pierre PEROT-FRENS, Gr\u00e9goire NELISSEN, Jean LENOIR, Thomas DOSSIN, Henri DOUIN, Nicolas DUMOULIN et Joseph BROUHA.<br \/>\nTous, \u00e0 l\u2019exception de Gr\u00e9goire NELISSEN, sont membres de la Commission administrative et fid\u00e8les \u00e0 la direction de la Compagnie. De surcro\u00eet, tous demeurent \u00e0 Vis\u00e9 et Thomas DOSSIN sait qu\u2019il peut compter sur eux. Ce rejet des \u00e9trangers \u00e0 la ville se marque de la m\u00eame mani\u00e8re dans les nouveaux statuts de la Compagnie, adapt\u00e9s l\u2019ann\u00e9e suivante.<br \/>\nCette politique constitue, selon toute vraisemblance, une des cons\u00e9quences de la tentative de dissidence des \u00ab\u00a0Enfants de Bavi\u00e8re\u00a0\u00bb, au d\u00e9but de l\u2019ann\u00e9e 1910\u00a0: il \u00e9tait d\u00e9sormais important d\u2019affirmer l\u2019identit\u00e9 vis\u00e9toise.<\/p>\n\t<\/div>\n\n\t<\/div>\n<!-- \/module box -->\n<!-- .themify_builder .box-4678-0-0-8 Style -->\n<style>\n.themify_builder .box-4678-0-0-8.module-box {\n\ttext-align: justify\n}\n<\/style>\n<!-- End .themify_builder .box-4678-0-0-8 Style -->\n\n\n<!-- module box -->\n<div id=\"box-4678-0-0-9\" class=\"module module-box box-4678-0-0-9 \">\n\t\t\n\t\t\n\t<div class=\"module-box-content ui rounded gradient default  \">\n\t\t<p>La Premi\u00e8re guerre mondiale va mettre un frein \u00e0 toutes les activit\u00e9s arbal\u00e9tri\u00e8res, qui vont \u00eatre suspendues durant six ann\u00e9es. Une grande partie du patrimoine de la Compagnie (notamment les deux Cornettes et les drapeaux) dispara\u00eet dans l\u2019incendie des 15 et 16 ao\u00fbt 1914.<br \/>\nHeureusement, tout ne fut pas perdu\u00a0: Henri DOUIN, le premier conservateur du Mus\u00e9e et le colonel Henri WATHELET se rendent au local du tir dans la soir\u00e9e du 10 ao\u00fbt, jour o\u00f9 les Allemands ont incendi\u00e9 la tour et la plus grande partie de la coll\u00e9giale. L\u00e0, ils d\u00e9cident d\u2019agir et r\u00e9ussissent \u00e0 enlever les quatre arbal\u00e8tes anciennes\u00a0: La Marguerite, La Duc d\u2019Albe, L\u2019Horloge sins W\u00e8ne et La Reute Latte.<br \/>\nIls parviennent, au p\u00e9ril de leur vie, \u00e0 les transporter (dans une brouette, selon certains) et \u00e0 les enterrer dans le jardin de Maximilien Lambert. En octobre, le tambour-major Nicolas DUMOULIN, qui \u00e9tait vitrier, va les d\u00e9terrer et r\u00e9ussit \u00e0 les faire passer aux Pays-Bas, dissimul\u00e9es dans des caisses. Elles y furent pr\u00e9cieusement conserv\u00e9es par la famille DOSSIN, r\u00e9fugi\u00e9e dans ce pays.<br \/>\nBeaucoup d\u2019autres arbal\u00e8tes \u2013 except\u00e9 celles que les membres conservaient \u00e0 leur domicile finirent dans l\u2019incendie.<\/p>\n\t<\/div>\n\n\t<\/div>\n<!-- \/module box -->\n<!-- .themify_builder .box-4678-0-0-9 Style -->\n<style>\n.themify_builder .box-4678-0-0-9.module-box {\n\ttext-align: justify\n}\n<\/style>\n<!-- End .themify_builder .box-4678-0-0-9 Style -->\n\n\t\t\t\t\t\t\t\t\t\n\t\t\t\t\t\t\t\t\t\t\t\t\t\t\t\t\t<\/div>\n\t\t\t\t\t\t\t\t<!-- \/col -->\n\t\t\t\t\t\t  \n\n\t\t\t\t\t\n\t\t\t\t\t\t\t\t\t\t\n\t\t\t\t\t\t\t\t\t\n\t\t\t\t<\/div>\n\t\t\t\t<!-- \/row_inner -->\n\t\t\t<\/div>\n\t\t\t<!-- \/module_row -->\n\t\t\t\n<\/div>\n<!-- \/themify_builder_content -->","protected":false},"excerpt":{"rendered":"<p>2. Apr\u00e8s la r\u00e9volution belge, cr\u00e9ation d&rsquo;une soci\u00e9t\u00e9 de tir. Apr\u00e8s l\u2019Ere des R\u00e9volutions (1789 et 1830), les Arbal\u00e9triers durent se r\u00e9organiser sous de nouvelles formes. En 1861, dans plusieurs villes de Belgique, des corporations d\u2019arbal\u00e9triers \u00e9tablirent des tirs au but \u00e0 la petite arbal\u00e8te et organis\u00e8rent entre elles des concours. La Compagnie des Arbal\u00e9triers [&hellip;]<\/p>\n","protected":false},"author":1,"featured_media":0,"parent":0,"menu_order":0,"comment_status":"closed","ping_status":"closed","template":"","meta":{"footnotes":""},"class_list":["post-4678","page","type-page","status-publish","hentry"],"_links":{"self":[{"href":"https:\/\/www.arbaletriers.be\/wordpress\/wp-json\/wp\/v2\/pages\/4678"}],"collection":[{"href":"https:\/\/www.arbaletriers.be\/wordpress\/wp-json\/wp\/v2\/pages"}],"about":[{"href":"https:\/\/www.arbaletriers.be\/wordpress\/wp-json\/wp\/v2\/types\/page"}],"author":[{"embeddable":true,"href":"https:\/\/www.arbaletriers.be\/wordpress\/wp-json\/wp\/v2\/users\/1"}],"replies":[{"embeddable":true,"href":"https:\/\/www.arbaletriers.be\/wordpress\/wp-json\/wp\/v2\/comments?post=4678"}],"version-history":[{"count":1,"href":"https:\/\/www.arbaletriers.be\/wordpress\/wp-json\/wp\/v2\/pages\/4678\/revisions"}],"predecessor-version":[{"id":11926,"href":"https:\/\/www.arbaletriers.be\/wordpress\/wp-json\/wp\/v2\/pages\/4678\/revisions\/11926"}],"wp:attachment":[{"href":"https:\/\/www.arbaletriers.be\/wordpress\/wp-json\/wp\/v2\/media?parent=4678"}],"curies":[{"name":"wp","href":"https:\/\/api.w.org\/{rel}","templated":true}]}}