{"id":4708,"date":"2017-01-13T16:42:04","date_gmt":"2017-01-13T15:42:04","guid":{"rendered":"http:\/\/www.arbaletriers.be\/wordpress\/?page_id=4708"},"modified":"2024-02-20T14:36:11","modified_gmt":"2024-02-20T13:36:11","slug":"compagnie-tambours-1","status":"publish","type":"page","link":"https:\/\/www.arbaletriers.be\/wordpress\/compagnie-tambours-1\/","title":{"rendered":"Compagnie &#8211; Tambours &#8211; 1 &#8211; Historique"},"content":{"rendered":"<div id=\"themify_builder_content-4708\" data-postid=\"4708\" class=\"themify_builder_content themify_builder_content-4708 themify_builder themify_builder_front\">\n\t\t\t\t\n\t\t\t<!-- module_row -->\n\t\t\t<div class=\"themify_builder_row module_row module_row_0 clearfix\" >\n\n\t\t\t\t<div class=\"row_inner\">\n\n\t\t\t\t\t\n\t\t\t\t\t\n\t\t\t\t\t\n\t\t\t\t\t\n\t\t\t\t\t\t\t\t<div class=\"col-full first tb-column\">\n\t\t\t\t\t\t\t\t\t\t\t\t\t\t\t\t\t\t\t\n\t\t\t\t\t\t\t\t\t\t\n<!-- module box -->\n<div id=\"box-4708-0-0-0\" class=\"module module-box box-4708-0-0-0 \">\n\t\t\n\t\t\n\t<div class=\"module-box-content ui rounded gradient default  \">\n\t\t<i><b>1. Historique.<\/b><\/i>\t<\/div>\n\n\t<\/div>\n<!-- \/module box -->\n<!-- .themify_builder .box-4708-0-0-0 Style -->\n<style>\n.themify_builder .box-4708-0-0-0.module-box {\n\ttext-align: justify\n}\n<\/style>\n<!-- End .themify_builder .box-4708-0-0-0 Style -->\n\n\n<!-- module box -->\n<div id=\"box-4708-0-0-1\" class=\"module module-box box-4708-0-0-1 \">\n\t\t\n\t\t\n\t<div class=\"module-box-content ui rounded gradient default  \">\n\t\t<p>Sous l&rsquo;Ancien R\u00e9gime, le corps des tambours n&rsquo;\u00e9tait pas compos\u00e9 de membres de la Compagnie mais de personnes pay\u00e9es comme le sont les musiciens actuellement.<br \/>\n Le premier tambour-major dont il soit fait mention dans les Archives de la Compagnie est Henri FASTRE junior, nomm\u00e9 par le Comit\u00e9 en 1804 lors de la reprise des f\u00eates \u00e0 l&rsquo;\u00e9poque napol\u00e9onienne. <\/p>\n\t<\/div>\n\n\t<\/div>\n<!-- \/module box -->\n<!-- .themify_builder .box-4708-0-0-1 Style -->\n<style>\n.themify_builder .box-4708-0-0-1.module-box {\n\ttext-align: justify\n}\n<\/style>\n<!-- End .themify_builder .box-4708-0-0-1 Style -->\n\n\n<!-- module box -->\n<div id=\"box-4708-0-0-2\" class=\"module module-box box-4708-0-0-2 \">\n\t\t\n\t\t\n\t<div class=\"module-box-content ui rounded gradient default  \">\n\t\t<p>En 1818, apr\u00e8s les guerres napol\u00e9oniennes, la Compagnie se r\u00e9organise tout \u00e0 fait militairement. Son personnel se composait de 25 officiers et sous-officiers, de 13 confr\u00e8res, plus un tambour-major et 3 tambours. Chacun devait s&rsquo;habiller \u00e0 ses frais et se munir d&rsquo;un sabre de cavalerie, \u00e0 l&rsquo;exception du tambour-major dont la tenue et l&rsquo;ornementation de l&rsquo;\u00e9quipement furent faites aux frais des officiers. Le tambour-major portait alors le claque avec panache bleu et blanc, surmont\u00e9 d&rsquo;un haut plumet.<br \/>\nA cette occasion, le corps des tambours commence \u00e0 se structurer: Henri FASTRE, le tambour-major est nomm\u00e9 sous-officier, son adjoint, le soldat Louis DOUIN devient ma\u00eetre tambour et les deux autres membres du corps, Fran\u00e7ois GALERE et Arnold DOUIN, sont soldats. <\/p>\n\t<\/div>\n\n\t<\/div>\n<!-- \/module box -->\n<!-- .themify_builder .box-4708-0-0-2 Style -->\n<style>\n.themify_builder .box-4708-0-0-2.module-box {\n\ttext-align: justify\n}\n<\/style>\n<!-- End .themify_builder .box-4708-0-0-2 Style -->\n\n\n<!-- module box -->\n<div id=\"box-4708-0-0-3\" class=\"module module-box box-4708-0-0-3 \">\n\t\t\n\t\t\n\t<div class=\"module-box-content ui rounded gradient default  \">\n\t\t<p>En 1836, l&rsquo;habit militaire est remplac\u00e9 par l&rsquo;habit bourgeois, aussi bien pour les officiers que pour les confr\u00e8res, dont les tambours officiant \u00e0 cette \u00e9poque.<br \/>\nL&rsquo;ann\u00e9e suivante &#8211; en 1837 &#8211; le Conseil d&rsquo;Administration d\u00e9cide qu&rsquo;il y aura d\u00e9sormais quatre tambours, issus des soldats, d\u00e9pendant du tambour-major (confr\u00e8re). L&rsquo;un de ces tambours sera nomm\u00e9 ma\u00eetre tambour. Le tambour-major devra d\u00e9signer les deux tambours qui iront chercher les officiers et confr\u00e8res habitant sur la rive gauche de la Meuse, \u00e0 Devant-le-Pont et Basse Hermalle. <\/p>\n\t<\/div>\n\n\t<\/div>\n<!-- \/module box -->\n<!-- .themify_builder .box-4708-0-0-3 Style -->\n<style>\n.themify_builder .box-4708-0-0-3.module-box {\n\ttext-align: justify\n}\n<\/style>\n<!-- End .themify_builder .box-4708-0-0-3 Style -->\n\n\n<!-- module box -->\n<div id=\"box-4708-0-0-4\" class=\"module module-box box-4708-0-0-4 \">\n\t\t\n\t\t\n\t<div class=\"module-box-content ui rounded gradient default  \">\n\t\tEn 1847, le mat\u00e9riel des tambours est en d\u00e9p\u00f4t chez le tambour-major Henri DUMOULIN. Il se compose de 5 tambours en cuivre avec 5 baudriers, d&rsquo;un habit de tambour-major, d&rsquo;une bandouli\u00e8re avec plaque d&rsquo;argent et d&rsquo;une canne de tambour-major, enfin d&rsquo;un tr\u00e9pied pour placer la repr\u00e9sentation de Saint-Georges devant l&rsquo;autel. \t<\/div>\n\n\t<\/div>\n<!-- \/module box -->\n<!-- .themify_builder .box-4708-0-0-4 Style -->\n<style>\n.themify_builder .box-4708-0-0-4.module-box {\n\ttext-align: justify\n}\n<\/style>\n<!-- End .themify_builder .box-4708-0-0-4 Style -->\n\n\n<!-- module box -->\n<div id=\"box-4708-0-0-5\" class=\"module module-box box-4708-0-0-5 \">\n\t\t\n\t\t\n\t<div class=\"module-box-content ui rounded gradient default  \">\n\t\tEn 1856, le Conseil d&rsquo;Administration \u00e9dicte un premier r\u00e8glement: il y aura d\u00e9sormais trois tambours effectifs pour la Compagnie, qui auront \u00e9t\u00e9 agr\u00e9\u00e9s par le corps des officiers et jouissent d&rsquo;un traitement annuel de 5 francs, pay\u00e9 \u00e0 la reddition des comptes. Lorsque la caisse de la Compagnie ne se trouvera pas en fonds pour subvenir \u00e0 leur payement, le corps des officiers devra intervenir. En outre, les tambours jouissent de leur caisse avec le consentement du tambour-major mais \u00e0 la cl\u00f4ture des f\u00eates, ils devront remettre leurs tambour et accessoires \u00e0 ce dernier. On pourra accepter en renfort d&rsquo;autres tambours consid\u00e9r\u00e9s comme aspirants, mais sans traitement. Ceux-ci jouiront de leur caisse comme effectifs. Cependant toute d\u00e9t\u00e9rioration aux caisses en dehors du service sera \u00e0 charge du tambour. Le ma\u00eetre tambour sera choisi par le tambour-major. Enfin, en cas de faits graves (manquements \u00e0 la discipline et\/ou aux r\u00e8glements), la destitution d&rsquo;un tambour pourra \u00eatre prononc\u00e9e par le Chef de la Compagnie. \t<\/div>\n\n\t<\/div>\n<!-- \/module box -->\n<!-- .themify_builder .box-4708-0-0-5 Style -->\n<style>\n.themify_builder .box-4708-0-0-5.module-box {\n\ttext-align: justify\n}\n<\/style>\n<!-- End .themify_builder .box-4708-0-0-5 Style -->\n\n\n<!-- module box -->\n<div id=\"box-4708-0-0-6\" class=\"module module-box box-4708-0-0-6 \">\n\t\t\n\t\t\n\t<div class=\"module-box-content ui rounded gradient default  \">\n\t\t<p><img loading=\"lazy\" decoding=\"async\" class=\"aligncenter\" src=\"\/wordpress\/wp-content\/uploads\/2017\/02\/tchotcho.png\" width=\"332\" height=\"465\" \/><\/p>\n<hr \/>\n<p><em>Guillaume Gal\u00e8re dit \u00ab\u00a0Tchotcho\u00a0\u00bb en tenue bourgeoise au 19\u00e8me si\u00e8cle.<\/em><\/p>\n\t<\/div>\n\n\t<\/div>\n<!-- \/module box -->\n<!-- .themify_builder .box-4708-0-0-6 Style -->\n<style>\n.themify_builder .box-4708-0-0-6.module-box {\n\ttext-align: justify\n}\n<\/style>\n<!-- End .themify_builder .box-4708-0-0-6 Style -->\n\n\n<!-- module box -->\n<div id=\"box-4708-0-0-7\" class=\"module module-box box-4708-0-0-7 \">\n\t\t\n\t\t\n\t<div class=\"module-box-content ui rounded gradient default  \">\n\t\t<p>La Compagnie a conserv\u00e9 le souvenir d&rsquo;un de ses plus illustres membres, Guillaume GALERE (1830 &#8211; 1914) dit \u00ab\u00a0Tchotcho\u00a0\u00bb, qui battit le tambour d\u00e8s l&rsquo;\u00e2ge de 12 ans, pr\u00eata ensuite serment et accomplit sa t\u00e2che durant 72 ans ! Il \u00e9tait mari\u00e9 \u00e0 Marie-Catherine WALTER avec laquelle il eut six enfants. Il exer\u00e7a successivement les m\u00e9tiers de cordonnier, journalier puis ouvrier de carri\u00e8re. Il fit preuve de beaucoup d&rsquo;assiduit\u00e9 au sein de la Gilde et participa notamment \u00e0 ses sorties \u00e0 Anvers (1895), Li\u00e8ge (1900), et Bruxelles (1905). Il avait alors 74 ans.<\/p><p><br \/> Il faut mettre en exergue le fait qu&rsquo;il avait \u00e9t\u00e9 nomm\u00e9 en 1900 officier honoraire de la Compagnie. Cette distinction \u00e9tait alors exceptionnelle pour un tambour, m\u00eame si plus tard tous les tambours-majors honoraires deviendront membres de l&rsquo;\u00e9tat-major du g\u00e9n\u00e9ral avec le grade de colonel.<\/p><p><br \/> C&rsquo;\u00e9tait un homme de conviction et d&rsquo;une robustesse exceptionnelle comme en t\u00e9moigne ce texte du \u00ab\u00a0Petit Populaire\u00a0\u00bb, du 15 juillet 1912\u00a0: \u00ab\u00a0Monsieur Lenoir a rendu hommage au d\u00e9vouement des tambours si bien conduits par Monsieur Nicolas Dumoulin et, \u00e0 ce propos, il fit ovationner Monsieur Guillaume Gal\u00e8re, aujourd&rsquo;hui octog\u00e9naire, il a 83 ans, et qui sans se lasser jamais, battit le tambour pendant 72 ans\u00a0\u00bb. Sa petite-fille, Catherine GALERE, \u00e9pousera en 1924 le chef d&rsquo;harmonie richellois Lambert PURNOTTE.<\/p>\t<\/div>\n\n\t<\/div>\n<!-- \/module box -->\n<!-- .themify_builder .box-4708-0-0-7 Style -->\n<style>\n.themify_builder .box-4708-0-0-7.module-box {\n\ttext-align: justify\n}\n<\/style>\n<!-- End .themify_builder .box-4708-0-0-7 Style -->\n\n\n<!-- module box -->\n<div id=\"box-4708-0-0-8\" class=\"module module-box box-4708-0-0-8 \">\n\t\t\n\t\t\n\t<div class=\"module-box-content ui rounded gradient default  \">\n\t\t<p><img loading=\"lazy\" decoding=\"async\" class=\"aligncenter\" src=\"\/wordpress\/wp-content\/uploads\/2017\/02\/tchotcho2.png\" width=\"332\" height=\"465\" \/><\/p>\n<hr \/>\n<p><em>\u00ab\u00a0Vix Tchotcho\u00a0\u00bb en nouvelle tenue vers 1910<\/em><\/p>\n\t<\/div>\n\n\t<\/div>\n<!-- \/module box -->\n<!-- .themify_builder .box-4708-0-0-8 Style -->\n<style>\n.themify_builder .box-4708-0-0-8.module-box {\n\ttext-align: justify\n}\n<\/style>\n<!-- End .themify_builder .box-4708-0-0-8 Style -->\n\n\n<!-- module box -->\n<div id=\"box-4708-0-0-9\" class=\"module module-box box-4708-0-0-9 \">\n\t\t\n\t\t\n\t<div class=\"module-box-content ui rounded gradient default  \">\n\t\t<p>Les deux photos qui pr\u00e9c\u00e8dent montrent bien l&rsquo;\u00e9volution du costume au sein du corps des tambours et comment l&rsquo;on est pass\u00e9 de l&rsquo;habit bourgeois, avec un chapeau haut de forme, \u00e0 une tenue plus militaire consistant en une veste \u00e0 brandebourgs avec k\u00e9pi surmont\u00e9 d&rsquo;un plumet en guise de coiffure.<\/p><p>Ce changement a d\u00fb s&rsquo;effectuer selon toute vraisemblance aux alentours de 1910, \u00e9poque \u00e0 laquelle le corps s&rsquo;\u00e9tait \u00e9toff\u00e9 en accueillant de nouveaux membres, pour la plupart originaires du quartier de Souvr\u00e9, parfois d&rsquo;origine modeste. Ils \u00e9taient donc exempt\u00e9s de cotisation et avaient droit \u00e0 un certain nombre de boissons gratuites, eu \u00e9gard aux services rendus \u00e0 la Compagnie le jour des f\u00eates.<\/p>\t<\/div>\n\n\t<\/div>\n<!-- \/module box -->\n<!-- .themify_builder .box-4708-0-0-9 Style -->\n<style>\n.themify_builder .box-4708-0-0-9.module-box {\n\ttext-align: justify\n}\n<\/style>\n<!-- End .themify_builder .box-4708-0-0-9 Style -->\n\n\n<!-- module box -->\n<div id=\"box-4708-0-0-10\" class=\"module module-box box-4708-0-0-10 \">\n\t\t\n\t\t\n\t<div class=\"module-box-content ui rounded gradient default  \">\n\t\t<p>L&rsquo;adoption de nouveaux statuts, applicables au 1<sup>er<\/sup> janvier 2012, a supprim\u00e9 cette exception, les diff\u00e9rents corps d&rsquo;officiers \u00e9tant d\u00e9sormais tous mis sur le m\u00eame pied.<\/p><p>A l&rsquo;Exposition &#8211; Concours des Anciennes Gildes, Corporations et Chambres de Rh\u00e9torique \u00e0 Li\u00e8ge, en 1900, les Arbal\u00e9triers vis\u00e9tois sont 180 \u00e0 d\u00e9filer, r\u00e9partis en 5 groupes, dont un corps de tambours pr\u00e9c\u00e9d\u00e9 de son tambour-major. Ils constituaient donc, d\u00e9j\u00e0 \u00e0 cette \u00e9poque, un groupe cons\u00e9quent et bien organis\u00e9.<\/p><p>Apr\u00e8s la premi\u00e8re guerre mondiale, l&rsquo;uniforme \u00e0 brandebourgs, qui rappelait des souvenirs douloureux, est remplac\u00e9 par une nouvelle tenue d&rsquo;apparat ressemblant \u00e0 celle des r\u00e9giments de Guides. Le 12 juillet 1925, le corps des tambours inaugure les nouveaux uniformes. Ils portent sur la t\u00eate un impressionnant bonnet en poils d&rsquo;ours appel\u00e9 \u00ab\u00a0Colback\u00a0\u00bb.<\/p><p>En 1937, le Comit\u00e9 d\u00e9cide de revoir la tenue des tambours de la mani\u00e8re suivante:<\/p><ol><li><p>Fourrag\u00e8res supprim\u00e9es,<\/p><\/li><li><p>Port d&rsquo;une buffleterie blanche, suppression de la bande blanche,<\/p><\/li><li><p>Plumet de kolbacks (sic): rigide \u00e0 plumes courtes, compactes et fris\u00e9es,<\/p><\/li><li><p>Pantalon bleu ou noir galonn\u00e9 de bleu.<\/p><\/li><\/ol><p>Les tambours qui participent au Gast remplacent le colback, lourd \u00e0 porter en fin de journ\u00e9e, par un b\u00e9ret de police plus seyant et surtout moins impressionnant pour la cavali\u00e8re. L&rsquo;ensemble du corps porte \u00e9galement ce b\u00e9ret de police lors du cort\u00e8ge de la Descente.<\/p>\t<\/div>\n\n\t<\/div>\n<!-- \/module box -->\n<!-- .themify_builder .box-4708-0-0-10 Style -->\n<style>\n.themify_builder .box-4708-0-0-10.module-box {\n\ttext-align: justify\n}\n<\/style>\n<!-- End .themify_builder .box-4708-0-0-10 Style -->\n\n\t\t\t\t\t\t\t\t\t\n\t\t\t\t\t\t\t\t\t\t\t\t\t\t\t\t\t<\/div>\n\t\t\t\t\t\t\t\t<!-- \/col -->\n\t\t\t\t\t\t  \n\n\t\t\t\t\t\n\t\t\t\t\t\t\t\t\t\t\n\t\t\t\t\t\t\t\t\t\n\t\t\t\t<\/div>\n\t\t\t\t<!-- \/row_inner -->\n\t\t\t<\/div>\n\t\t\t<!-- \/module_row -->\n\t\t\t\n<\/div>\n<!-- \/themify_builder_content -->","protected":false},"excerpt":{"rendered":"<p>1. Historique. Sous l&rsquo;Ancien R\u00e9gime, le corps des tambours n&rsquo;\u00e9tait pas compos\u00e9 de membres de la Compagnie mais de personnes pay\u00e9es comme le sont les musiciens actuellement. Le premier tambour-major dont il soit fait mention dans les Archives de la Compagnie est Henri FASTRE junior, nomm\u00e9 par le Comit\u00e9 en 1804 lors de la reprise [&hellip;]<\/p>\n","protected":false},"author":1,"featured_media":0,"parent":0,"menu_order":0,"comment_status":"closed","ping_status":"closed","template":"","meta":{"footnotes":""},"class_list":["post-4708","page","type-page","status-publish","hentry"],"_links":{"self":[{"href":"https:\/\/www.arbaletriers.be\/wordpress\/wp-json\/wp\/v2\/pages\/4708"}],"collection":[{"href":"https:\/\/www.arbaletriers.be\/wordpress\/wp-json\/wp\/v2\/pages"}],"about":[{"href":"https:\/\/www.arbaletriers.be\/wordpress\/wp-json\/wp\/v2\/types\/page"}],"author":[{"embeddable":true,"href":"https:\/\/www.arbaletriers.be\/wordpress\/wp-json\/wp\/v2\/users\/1"}],"replies":[{"embeddable":true,"href":"https:\/\/www.arbaletriers.be\/wordpress\/wp-json\/wp\/v2\/comments?post=4708"}],"version-history":[{"count":1,"href":"https:\/\/www.arbaletriers.be\/wordpress\/wp-json\/wp\/v2\/pages\/4708\/revisions"}],"predecessor-version":[{"id":11925,"href":"https:\/\/www.arbaletriers.be\/wordpress\/wp-json\/wp\/v2\/pages\/4708\/revisions\/11925"}],"wp:attachment":[{"href":"https:\/\/www.arbaletriers.be\/wordpress\/wp-json\/wp\/v2\/media?parent=4708"}],"curies":[{"name":"wp","href":"https:\/\/api.w.org\/{rel}","templated":true}]}}