{"id":4716,"date":"2017-01-13T17:13:57","date_gmt":"2017-01-13T16:13:57","guid":{"rendered":"http:\/\/www.arbaletriers.be\/wordpress\/?page_id=4716"},"modified":"2024-02-20T13:41:31","modified_gmt":"2024-02-20T12:41:31","slug":"compagnie-jeunes-bleus-2","status":"publish","type":"page","link":"https:\/\/www.arbaletriers.be\/wordpress\/compagnie-jeunes-bleus-2\/","title":{"rendered":"Compagnie &#8211; Jeunes Bleus &#8211; 2 &#8211; L\u2019apr\u00e8s-guerre"},"content":{"rendered":"<div id=\"themify_builder_content-4716\" data-postid=\"4716\" class=\"themify_builder_content themify_builder_content-4716 themify_builder themify_builder_front\">\n\t\t\t\t\n\t\t\t<!-- module_row -->\n\t\t\t<div class=\"themify_builder_row module_row module_row_0 clearfix\" >\n\n\t\t\t\t<div class=\"row_inner\">\n\n\t\t\t\t\t\n\t\t\t\t\t\n\t\t\t\t\t\n\t\t\t\t\t\n\t\t\t\t\t\t\t\t<div class=\"col-full first tb-column\">\n\t\t\t\t\t\t\t\t\t\t\t\t\t\t\t\t\t\t\t\n\t\t\t\t\t\t\t\t\t\t\n<!-- module box -->\n<div id=\"box-4716-0-0-0\" class=\"module module-box box-4716-0-0-0 \">\n\t\t\n\t\t\n\t<div class=\"module-box-content ui rounded gradient default  \">\n\t\t<i><b>2. L\u2019apr\u00e8s-guerre.<\/b><\/i>\t<\/div>\n\n\t<\/div>\n<!-- \/module box -->\n<!-- .themify_builder .box-4716-0-0-0 Style -->\n<style>\n.themify_builder .box-4716-0-0-0.module-box {\n\ttext-align: justify\n}\n<\/style>\n<!-- End .themify_builder .box-4716-0-0-0 Style -->\n\n\n<!-- module box -->\n<div id=\"box-4716-0-0-1\" class=\"module module-box box-4716-0-0-1 \">\n\t\t\n\t\t\n\t<div class=\"module-box-content ui rounded gradient default  \">\n\t\t<p>Apr\u00e8s la Grande Guerre, le Cercle reprend ses activit\u00e9s, comme l\u2019ensemble de la Compagnie. Il se structure en cr\u00e9ant un comit\u00e9 dirig\u00e9 par Victor PEROT (d\u00e9j\u00e0 pr\u00e9sident en 1913), Maurice PINCKAERS (vice-pr\u00e9sident) et Martin GALERE (tr\u00e9sorier).<\/p>\t<\/div>\n\n\t<\/div>\n<!-- \/module box -->\n<!-- .themify_builder .box-4716-0-0-1 Style -->\n<style>\n.themify_builder .box-4716-0-0-1.module-box {\n\ttext-align: justify\n}\n<\/style>\n<!-- End .themify_builder .box-4716-0-0-1 Style -->\n\n\n<!-- module box -->\n<div id=\"box-4716-0-0-2\" class=\"module module-box box-4716-0-0-2 \">\n\t\t\n\t\t\n\t<div class=\"module-box-content ui rounded gradient default  \">\n\t\t<p><i><b>Annexe 4\u00a0: Comit\u00e9s des Jeunes Bleus<\/b><\/i><\/p><p><u>1920 \u00e0 1922<\/u>\u00a0:<\/p><p>Pr\u00e9sident\u00a0: Victor PEROT<br \/> Vice-pr\u00e9sident\u00a0: Maurice PINCKAERS<br \/> Tr\u00e9sorier\u00a0: Martin GALERE<br \/> Membres du Comit\u00e9\u00a0: Charles HERMANS, Pierre BELLEM, Georges NELISSEN, Armand STRANG, Jacques DUCHESNE<\/p>\t<\/div>\n\n\t<\/div>\n<!-- \/module box -->\n<!-- .themify_builder .box-4716-0-0-2 Style -->\n<style>\n.themify_builder .box-4716-0-0-2.module-box {\n\ttext-align: justify\n}\n<\/style>\n<!-- End .themify_builder .box-4716-0-0-2 Style -->\n\n\n<!-- module box -->\n<div id=\"box-4716-0-0-3\" class=\"module module-box box-4716-0-0-3 \">\n\t\t\n\t\t\n\t<div class=\"module-box-content ui rounded gradient default  \">\n\t\t<p><span style=\"color: #000000;\">On sait que tous les drapeaux et la Cornette ont disparu lors du tragique incendie des 15 et 16 ao\u00fbt 1914, qui a ravag\u00e9 la majeure partie de la ville.<\/span><\/p><p><span style=\"color: #000000;\">Des listes de souscription circulent dans la Compagnie, afin de commander de nouvelles banni\u00e8res. Les Jeunes Bleus ne sont pas en reste et parviennent \u00e0 rassembler la somme de 294 francs, sur un total de 450 francs, co\u00fbt d\u2019un nouvel embl\u00e8me. Le solde est fourni par les cotisations.<\/span><\/p><p><span style=\"color: #000000;\">Ils font confectionner un petit drapeau reproduisant l\u2019ancien drapeau des Dames. Il est remis par le major Victor PEROT, pr\u00e9sident de la section, lors de la f\u00eate des drapeaux, le 17 octobre 1920. Quelques semaines auparavant, lors d\u2019une assembl\u00e9e g\u00e9n\u00e9rale, la Compagnie avait appel\u00e9 six nouveaux membres dans la commission administrative afin de l\u2019\u00e9toffer et de rajeunir les cadres.<br \/>Parmi eux figuraient quatre Jeunes Bleus\u00a0: Victor PEROT, Joseph PAULUS, Maurice PINCKAERS et Fran\u00e7ois KICKEN.<\/span><\/p><p><span style=\"color: #000000;\">Ce dernier est d\u2019ailleurs nomm\u00e9 porte-drapeau, en charge de la nouvelle banni\u00e8re.<\/span><\/p><p><span style=\"color: #000000;\">Ces promotions constituent un bel exemple de la confiance accord\u00e9e aux Jeunes Bleus et r\u00e9compensent leur dynamisme.<\/span><\/p><p><span style=\"color: #000000;\">Il n\u2019est pas inutile de reproduire ici la liste des souscripteurs qui ont donn\u00e9 leurs deniers, en fonction de leurs moyens. Les versements vont de deux \u00e0 soixante francs, pour les plus g\u00e9n\u00e9reux (ou les mieux nantis). Selon l\u2019ordre de la liste de l\u2019\u00e9poque, citons\u00a0:<\/span><\/p><p><span style=\"color: #000000;\">Victor PEROT, Jean LENOIR, Maurice DOSSIN, Maurice PINCKAERS, Maurice ROSA, Arthur EVRARD, Joseph PAULUS, Pierre BELLEM, Martin GALERE, Fran\u00e7ois KICKEN, Fran\u00e7ois PEROT, Georges ROENEN (grand-p\u00e8re de Freddy et de Georges), Oscar CORBUGY, Martin VILOUR, G\u00e9rardine PEROT (tenanci\u00e8re du caf\u00e9, rue du Pont, o\u00f9 les Arbal\u00e9triers se r\u00e9unissaient alors), les fr\u00e8res Henri, Antoine et Nicolas WALTER (des jeunes tambours), Jacques DUCHESNE, Auguste LIEUTENANT (architecte, originaire d\u2019Argenteau), Henri BRIMBOIS, Charles HERMANS et Henri THYS.<\/span><\/p>\t<\/div>\n\n\t<\/div>\n<!-- \/module box -->\n<!-- .themify_builder .box-4716-0-0-3 Style -->\n<style>\n.themify_builder .box-4716-0-0-3.module-box {\n\ttext-align: justify\n}\n<\/style>\n<!-- End .themify_builder .box-4716-0-0-3 Style -->\n\n\n<!-- module box -->\n<div id=\"box-4716-0-0-4\" class=\"module module-box box-4716-0-0-4 \">\n\t\t\n\t\t\n\t<div class=\"module-box-content ui rounded gradient default  \">\n\t\t<p><img decoding=\"async\" class=\"aligncenter\" src=\"\/wordpress\/wp-content\/uploads\/2017\/11\/jb1.png\" alt=\"\" \/><\/p>\n\t<\/div>\n\n\t<\/div>\n<!-- \/module box -->\n<!-- .themify_builder .box-4716-0-0-4 Style -->\n<style>\n.themify_builder .box-4716-0-0-4.module-box {\n\ttext-align: justify\n}\n<\/style>\n<!-- End .themify_builder .box-4716-0-0-4 Style -->\n\n\n<!-- module box -->\n<div id=\"box-4716-0-0-5\" class=\"module module-box box-4716-0-0-5 \">\n\t\t\n\t\t\n\t<div class=\"module-box-content ui rounded gradient default  \">\n\t\t<p><span style=\"color: #000000;\"><b>Recettes et d\u00e9penses<\/b><\/span><\/p><p><span style=\"color: #000000;\"><br \/>Pour la p\u00e9riode allant du red\u00e9marrage des activit\u00e9s en septembre 1920 jusqu\u2019\u00e0 la fin de l\u2019ann\u00e9e 1922, les Jeunes Bleus d\u00e9gagent un exc\u00e9dent de 654,84 francs. Le compte \u00ab\u00a0<i>recettes\u00a0<\/i>\u00bb laisse cependant appara\u00eetre un subside de la Compagnie de 500 francs et un autre du m\u00eame montant de la toute jeune coop\u00e9rative, subsides sans lesquels ce compte aurait \u00e9t\u00e9 d\u00e9ficitaire.<\/span><\/p><p><span style=\"color: #000000;\">Les principales rentr\u00e9es durant ce court laps de temps proviennent de la vente de deux actions du Cr\u00e9dit Communal (222,70 francs), des b\u00e9n\u00e9fices du bal du 17 octobre 1920 (66,26 francs) lors de la soir\u00e9e d\u2019inauguration des drapeaux, de la soir\u00e9e du 31 d\u00e9cembre 1922. Il s\u2019agit de la fameuse revue \u00ab\u00a0<i>Saint-Djor \u00e0 Vis\u00e9<\/i>\u00a0\u00bb pour laquelle Fernand MARTIN fils a compos\u00e9 six chants, faisant parfois des emprunts \u00e0 des compositeurs ext\u00e9rieurs (cf. livre consacr\u00e9 \u00e0 <i><u>La Musique des Anciens Arbal\u00e9triers Vis\u00e9tois<\/u><\/i>).<\/span><\/p><p><span style=\"color: #000000;\">C\u2019est \u00e0 cette occasion que la d\u00e9sormais fameuse \u00ab\u00a0<i>Marche des Jeunes Bleus<\/i>\u00a0\u00bb fut ex\u00e9cut\u00e9e pour la premi\u00e8re fois. Fernand MARTIN a compos\u00e9 les paroles de cet hymne en reprenant une musique d\u2019un compositeur c\u00e9l\u00e8bre, Vincent Scotto, qui avait \u00e9crit la \u00ab\u00a0<i>Marche des Hommes Bleus<\/i>\u00a0\u00bb, en hommage aux Poilus de la Grande Guerre.<\/span><\/p><p><span style=\"color: #000000;\">Cette soir\u00e9e a connu un grand succ\u00e8s et a surtout beaucoup rapport\u00e9 \u00e0 la section\u00a0: 124 francs pour une liste de souscription, 370 francs donn\u00e9s par les membres honoraires, 284 francs pour la vente de programmes et 200 francs pour celle des chansons.<\/span><\/p><p><span style=\"color: #000000;\">Par ailleurs, il faut ajouter les cotisations de membres qui sont, au nombre jamais atteint de 65, cotisations payables d\u00e9sormais tous les mois \u00e0 raison de 50 centimes, soit 6 francs l\u2019ann\u00e9e. Le total pour l\u2019ann\u00e9e 1922 n\u2019est donc pas loin de 400 francs\u00a0!<\/span><\/p>\t<\/div>\n\n\t<\/div>\n<!-- \/module box -->\n<!-- .themify_builder .box-4716-0-0-5 Style -->\n<style>\n.themify_builder .box-4716-0-0-5.module-box {\n\ttext-align: justify\n}\n<\/style>\n<!-- End .themify_builder .box-4716-0-0-5 Style -->\n\n\n<!-- module box -->\n<div id=\"box-4716-0-0-6\" class=\"module module-box box-4716-0-0-6 \">\n\t\t\n\t\t\n\t<div class=\"module-box-content ui rounded gradient default  \">\n\t\t<p><span style=\"color: #000000;\">Les principales d\u00e9penses concernent l\u2019harmonie PURNOTTE (406 francs), le paiement des artistes (150 francs), une facture de l\u2019imprimerie Joskin (276,50 francs), des frais de timbre, de transport, de location de mat\u00e9riel, etc.<\/span><\/p><p><span style=\"color: #000000;\">Enfin, la solidarit\u00e9 n\u2019\u00e9tant pas un vain mot pour les Jeunes Bleus, l\u2019on d\u00e9couvre \u00e9galement un versement de 150 francs pour une famille malheureuse. Ce geste concerne la famille, sans ressource, d\u2019un jeune et brillant officier d\u00e9c\u00e9d\u00e9 pr\u00e9matur\u00e9ment \u00e0 l\u2019\u00e2ge de trente-cinq ans. Son statut d\u2019ind\u00e9pendant laissait en effet ses proches tout \u00e0 fait d\u00e9munis.<\/span><\/p><p><span style=\"color: #000000;\">Parmi les soixante-cinq membres de 1922, on compte nombre de nouvelles figures. Nous ne pouvons citer tout le monde, mais \u00e9num\u00e9rons quand m\u00eame quelques noms connus des plus \u00e2g\u00e9s d\u2019entre nous\u00a0: Nicolas et Mathieu DEMOULIN, Pierre et Michel HALLET, Louis et Jean MASSIN, Achille VAN WOLPUT, Marcel VANBENEDEN, Emile PERA, Edouard DOUIN, Joseph et Georges MORDANT, Nicolas NELISSEN, Joseph et F\u00e9lix DANTHISNE, \u2026<\/span><\/p><p><span style=\"color: #000000;\">Inutile de pr\u00e9ciser que la rel\u00e8ve \u00e9tait assur\u00e9e.<\/span><\/p><p><span style=\"color: #000000;\">Par ailleurs, vingt et une personnes avaient particip\u00e9 \u00e0 la souscription pour la soir\u00e9e-r\u00e9veillon du 31 d\u00e9cembre 1922. En plus, les Jeunes Bleus b\u00e9n\u00e9ficiaient du soutien de trente-six membres honoraires dont un certain nombre de dames qu\u2019il nous para\u00eet int\u00e9ressant de mentionner\u00a0: madame Veuve Pierre PEROT-FRENS, les s\u0153urs CLOES, madame Veuve G. NELISSEN, madame Veuve Jean LENOIR-COLSON, madame Veuve LEHAEN.<\/span><\/p><p><span style=\"color: #000000;\">Parmi les membres masculins figurent le notaire Victor HORION et L\u00e9on PEROT-SCAFF qui avait, durant quelques ann\u00e9es, eu des sympathies franc-arquebusi\u00e8res, peut-\u00eatre en raison de son mariage avec une demoiselle SCAFF.<\/span><br \/><br \/><\/p>\t<\/div>\n\n\t<\/div>\n<!-- \/module box -->\n<!-- .themify_builder .box-4716-0-0-6 Style -->\n<style>\n.themify_builder .box-4716-0-0-6.module-box {\n\ttext-align: justify\n}\n<\/style>\n<!-- End .themify_builder .box-4716-0-0-6 Style -->\n\n\n<!-- module box -->\n<div id=\"box-4716-0-0-7\" class=\"module module-box box-4716-0-0-7 \">\n\t\t\n\t\t\n\t<div class=\"module-box-content ui rounded gradient default  \">\n\t\t<p><u>Assembl\u00e9e g\u00e9n\u00e9rale du 7 octobre 1923<\/u> :<\/p>\n<p>Pr\u00e9sident d\u2019honneur : Fran\u00e7ois PEROT<br \/>\nPr\u00e9sident : Maurice PINCKAERS<br \/>\nVice-pr\u00e9sident : Edouard DOUIN<br \/>\nPierre BELLEM (adjoint)<br \/>\nTr\u00e9soriers : Martin GALERE<br \/>\nRaoul PEROT (adjoint)<br \/>\nSecr\u00e9taires : Charles HERMANS<br \/>\nJacques BELLEM (adjoint)<\/p>\n<p>Commissaires :<br \/>\nJacques DUCHESNE<br \/>\nMathieu DUMOULIN<br \/>\nCharles SAROLEA<br \/>\nGeorges NELISSEN<br \/>\nAchille VAN WOLPUT<br \/>\nMarcel VANBENEDEN<br \/>\nGeorges MORDANT<br \/>\nMichel HALLET<br \/>\nPierre WALTER<br \/>\nL\u00e9opold APPELIANE<\/p>\n\t<\/div>\n\n\t<\/div>\n<!-- \/module box -->\n<!-- .themify_builder .box-4716-0-0-7 Style -->\n<style>\n.themify_builder .box-4716-0-0-7.module-box {\n\ttext-align: justify\n}\n<\/style>\n<!-- End .themify_builder .box-4716-0-0-7 Style -->\n\n\n<!-- module box -->\n<div id=\"box-4716-0-0-8\" class=\"module module-box box-4716-0-0-8 \">\n\t\t\n\t\t\n\t<div class=\"module-box-content ui rounded gradient default  \">\n\t\t<p><span style=\"color: #000000;\">En moins d\u2019un quart de si\u00e8cle, les Jeunes Bleus se sont affirm\u00e9s comme une section tr\u00e8s dynamique de la Compagnie, faisant notamment preuve dans les moments difficiles, d\u2019initiative et de solidarit\u00e9.<\/span><\/p><p><span style=\"color: #000000;\">Ils ont durant cette p\u00e9riode initiale b\u00e9n\u00e9fici\u00e9 du soutien mat\u00e9riel de leurs a\u00een\u00e9s pour leurs organisations. Ces derniers \u00e9taient conscients qu\u2019ils investissaient pour l\u2019avenir et que ce capital humain \u00e9tait irrempla\u00e7able. Pour preuve, les membres du Bureau, en 1930, \u00e9taient \u00e0 l\u2019exception du g\u00e9n\u00e9ral-pr\u00e9sident Thomas DOSSIN, d\u2019anciens responsables du Cercle des Jeunes Bleus\u00a0: Fran\u00e7ois PEROT \u00e9tait colonel en chef, Jean LENOIR-HENROTAY colonel-secr\u00e9taire, Joseph PAULUS colonel-tr\u00e9sorier.<br \/>A la mort de Thomas DOSSIN, en 1938, tous les postes sont occup\u00e9s par d\u2019anciens Jeunes Bleus\u00a0: Joseph PAULUS est pr\u00e9sident, Maurice DOSSIN vice-pr\u00e9sident, Jean LENOIR secr\u00e9taire, Florent VLIEGEN tr\u00e9sorier, tandis que Fran\u00e7ois PEROT a, pour des raisons professionnelles, endoss\u00e9 le titre honorifique de mayeur.<\/span><\/p>\t<\/div>\n\n\t<\/div>\n<!-- \/module box -->\n<!-- .themify_builder .box-4716-0-0-8 Style -->\n<style>\n.themify_builder .box-4716-0-0-8.module-box {\n\ttext-align: justify\n}\n<\/style>\n<!-- End .themify_builder .box-4716-0-0-8 Style -->\n\n\t\t\t\t\t\t\t\t\t\n\t\t\t\t\t\t\t\t\t\t\t\t\t\t\t\t\t<\/div>\n\t\t\t\t\t\t\t\t<!-- \/col -->\n\t\t\t\t\t\t  \n\n\t\t\t\t\t\n\t\t\t\t\t\t\t\t\t\t\n\t\t\t\t\t\t\t\t\t\n\t\t\t\t<\/div>\n\t\t\t\t<!-- \/row_inner -->\n\t\t\t<\/div>\n\t\t\t<!-- \/module_row -->\n\t\t\t\n<\/div>\n<!-- \/themify_builder_content -->","protected":false},"excerpt":{"rendered":"<p>2. L\u2019apr\u00e8s-guerre. Apr\u00e8s la Grande Guerre, le Cercle reprend ses activit\u00e9s, comme l\u2019ensemble de la Compagnie. Il se structure en cr\u00e9ant un comit\u00e9 dirig\u00e9 par Victor PEROT (d\u00e9j\u00e0 pr\u00e9sident en 1913), Maurice PINCKAERS (vice-pr\u00e9sident) et Martin GALERE (tr\u00e9sorier). Annexe 4\u00a0: Comit\u00e9s des Jeunes Bleus1920 \u00e0 1922\u00a0:Pr\u00e9sident\u00a0: Victor PEROT Vice-pr\u00e9sident\u00a0: Maurice PINCKAERS Tr\u00e9sorier\u00a0: Martin GALERE Membres [&hellip;]<\/p>\n","protected":false},"author":1,"featured_media":0,"parent":0,"menu_order":0,"comment_status":"closed","ping_status":"closed","template":"","meta":{"footnotes":""},"class_list":["post-4716","page","type-page","status-publish","hentry"],"_links":{"self":[{"href":"https:\/\/www.arbaletriers.be\/wordpress\/wp-json\/wp\/v2\/pages\/4716"}],"collection":[{"href":"https:\/\/www.arbaletriers.be\/wordpress\/wp-json\/wp\/v2\/pages"}],"about":[{"href":"https:\/\/www.arbaletriers.be\/wordpress\/wp-json\/wp\/v2\/types\/page"}],"author":[{"embeddable":true,"href":"https:\/\/www.arbaletriers.be\/wordpress\/wp-json\/wp\/v2\/users\/1"}],"replies":[{"embeddable":true,"href":"https:\/\/www.arbaletriers.be\/wordpress\/wp-json\/wp\/v2\/comments?post=4716"}],"version-history":[{"count":1,"href":"https:\/\/www.arbaletriers.be\/wordpress\/wp-json\/wp\/v2\/pages\/4716\/revisions"}],"predecessor-version":[{"id":11917,"href":"https:\/\/www.arbaletriers.be\/wordpress\/wp-json\/wp\/v2\/pages\/4716\/revisions\/11917"}],"wp:attachment":[{"href":"https:\/\/www.arbaletriers.be\/wordpress\/wp-json\/wp\/v2\/media?parent=4716"}],"curies":[{"name":"wp","href":"https:\/\/api.w.org\/{rel}","templated":true}]}}