{"id":4719,"date":"2017-01-13T17:20:24","date_gmt":"2017-01-13T16:20:24","guid":{"rendered":"http:\/\/www.arbaletriers.be\/wordpress\/?page_id=4719"},"modified":"2024-02-20T13:44:04","modified_gmt":"2024-02-20T12:44:04","slug":"compagnie-jeunes-bleus-3","status":"publish","type":"page","link":"https:\/\/www.arbaletriers.be\/wordpress\/compagnie-jeunes-bleus-3\/","title":{"rendered":"Compagnie &#8211; Jeunes Bleus &#8211; 3 &#8211; De 1945 \u00e0 nos jours"},"content":{"rendered":"<div id=\"themify_builder_content-4719\" data-postid=\"4719\" class=\"themify_builder_content themify_builder_content-4719 themify_builder themify_builder_front\">\n\t\t\t\t\n\t\t\t<!-- module_row -->\n\t\t\t<div class=\"themify_builder_row module_row module_row_0 clearfix\" >\n\n\t\t\t\t<div class=\"row_inner\">\n\n\t\t\t\t\t\n\t\t\t\t\t\n\t\t\t\t\t\n\t\t\t\t\t\n\t\t\t\t\t\t\t\t<div class=\"col-full first tb-column\">\n\t\t\t\t\t\t\t\t\t\t\t\t\t\t\t\t\t\t\t\n\t\t\t\t\t\t\t\t\t\t\n<!-- module box -->\n<div id=\"box-4719-0-0-0\" class=\"module module-box box-4719-0-0-0 \">\n\t\t\n\t\t\n\t<div class=\"module-box-content ui rounded gradient default  \">\n\t\t<i><b>3. De 1945 \u00e0 nos jours.<\/b><\/i>\t<\/div>\n\n\t<\/div>\n<!-- \/module box -->\n<!-- .themify_builder .box-4719-0-0-0 Style -->\n<style>\n.themify_builder .box-4719-0-0-0.module-box {\n\ttext-align: justify\n}\n<\/style>\n<!-- End .themify_builder .box-4719-0-0-0 Style -->\n\n\n<!-- module box -->\n<div id=\"box-4719-0-0-1\" class=\"module module-box box-4719-0-0-1 \">\n\t\t\n\t\t\n\t<div class=\"module-box-content ui rounded gradient default  \">\n\t\t<p><i><b>Annexe 5\u00a0: Comit\u00e9 <\/b><\/i><\/p><p><u>Comit\u00e9 compos\u00e9 le 4 novembre 1945<\/u>\u00a0:<br \/> Pr\u00e9sident\u00a0: Achille VAN WOLPUT<br \/> Vice-pr\u00e9sident\u00a0: Dieudonn\u00e9 GOFFARD<br \/> Tr\u00e9sorier\u00a0: Marcel VANBENEDEN<br \/> Tr\u00e9sorier adjoint\u00a0: Albert MOONEN<br \/> Secr\u00e9taire\u00a0: Albert ANDRIEN<br \/> Secr\u00e9taire adjoint\u00a0: Raymond DOSSIN<br \/> Commissaires\u00a0: Georges MORDANT<\/p><p>Jean MASSIN<br \/> L. BOULANGER<br \/> M. MEECKERS<br \/> Charles PEROT<br \/> Jean-Pierre PEROT<br \/> Laurent NIHON<br \/> C. LONGLE<br \/> Th\u00e9o COLLETTE<br \/> Pierre ROSA<\/p><p>Ont rejoint le comit\u00e9\u00a0:<br \/> en 1946, Willy MOSER<br \/> en 1947, Pierre DUCHESNE, L\u00e9on GERMAIN, Edouard MARCHAND<br \/> en 1948, Georges CLAESSENS<\/p>\t<\/div>\n\n\t<\/div>\n<!-- \/module box -->\n<!-- .themify_builder .box-4719-0-0-1 Style -->\n<style>\n.themify_builder .box-4719-0-0-1.module-box {\n\ttext-align: justify\n}\n<\/style>\n<!-- End .themify_builder .box-4719-0-0-1 Style -->\n\n\n<!-- module box -->\n<div id=\"box-4719-0-0-2\" class=\"module module-box box-4719-0-0-2 \">\n\t\t\n\t\t\n\t<div class=\"module-box-content ui rounded gradient default  \">\n\t\t<p><img loading=\"lazy\" decoding=\"async\" class=\"aligncenter\" src=\"\/wordpress\/wp-content\/uploads\/2017\/02\/jb2.jpg\" alt=\"\" width=\"571\" height=\"429\" \/><\/p>\n\t<\/div>\n\n\t<\/div>\n<!-- \/module box -->\n<!-- .themify_builder .box-4719-0-0-2 Style -->\n<style>\n.themify_builder .box-4719-0-0-2.module-box {\n\ttext-align: justify\n}\n<\/style>\n<!-- End .themify_builder .box-4719-0-0-2 Style -->\n\n\n<!-- module box -->\n<div id=\"box-4719-0-0-3\" class=\"module module-box box-4719-0-0-3 \">\n\t\t\n\t\t\n\t<div class=\"module-box-content ui rounded gradient default  \">\n\t\t<p><span style=\"color: #000000;\">Lors de la Saint-Georges 1949, Achille VAN WOLPUT, pr\u00e9sident de la Section des Jeunes Bleus, remet \u00e0 la Compagnie un drapeau offert \u00e0 l\u2019occasion des cinquante ans d\u2019existence de cette section. Ce drapeau \u00ab\u00a0riche et somptueux\u00a0\u00bb a \u00e9t\u00e9 confectionn\u00e9 par une c\u00e9l\u00e8bre maison brugeoise qui l\u2019a ex\u00e9cut\u00e9 d\u2019apr\u00e8s un dessin original de l\u2019artiste-peintre Marcel Jaspar, de Li\u00e8ge\u00a0: \u00ab\u00a0<i>Il repr\u00e9sente un arbal\u00e9trier du XIV\u00e8me si\u00e8cle clamant la victoire sur les remparts de notre bonne ville, en brandissant son arme vers le ciel et en appelant notre bon peuple aux joies et r\u00e9jouissances<\/i>\u00a0\u00bb.<\/span><\/p><p><span style=\"color: #000000;\">Durant les ann\u00e9es 1950 et 1960, le bal des Jeunes Bleus qui se d\u00e9roule le dernier dimanche de d\u00e9cembre, puis au r\u00e9veillon, rencontre un succ\u00e8s certain. Un orchestre, parfois jug\u00e9 trop moderne (sic\u00a0!) par les plus anciens, l\u2019anime souvent jusqu\u2019\u00e0 l\u2019aube. Son attrait va cependant diminuer en raison de l\u2019\u00e9volution de la soci\u00e9t\u00e9 et des multiples distractions qu\u2019elle offre d\u00e9sormais.<\/span><\/p><p><span style=\"color: #000000;\">En 1956, le major Marcel VANBENEDEN insiste beaucoup pour que les jeunes gens de 14 \u00e0 17 ans \u00ab\u00a0<i>trouvent une place dans nos cort\u00e8ges car ils sont trop grands pour marcher dans le corps des cadets et trop petits pour l\u2019Etat-Major du Roy \u2026 On pourrait m\u00eame leur donner un titre par exemple Aspirant major et former un groupe de tous ces aspirants<\/i>\u00a0\u00bb.<\/span><\/p><p><span style=\"color: #000000;\">Cette suggestion est accueillie avec enthousiasme et le groupe des \u00ab\u00a0<i>Aspirants majors<\/i> \u00bb est form\u00e9 pour la premi\u00e8re fois \u00e0 la Saint-Georges 1956. Il est plac\u00e9 \u00e0 la fin du cort\u00e8ge et est pr\u00e9c\u00e9d\u00e9 d\u2019un nouveau drapeau bleu, jaune et blanc avec franges argent\u00e9es, port\u00e9 par un aspirant major.<\/span><\/p><p><span style=\"color: #000000;\">Le groupe est ferm\u00e9 par trois porteurs d\u2019arbal\u00e8tes. Le Conseil g\u00e9n\u00e9ral charge le major VANBENEDEN de la confection du nouveau drapeau. Les choses vont vite\u00a0: le 29 avril, un nouvel \u00e9tendard dessin\u00e9 par la major RONDAY \u00ab\u00a0<i>nous a \u00e9t\u00e9 g\u00e9n\u00e9reusement offert par notre d\u00e9vou\u00e9 major Georges DOSSIN. Ce drapeau pr\u00e9sent\u00e9 au nom du donateur par son filleul, le major Georges CLAESSENS, prendra rang dans nos cort\u00e8ges en t\u00eate du nouveau groupe des aspirants majors et il constituera un t\u00e9moignage de la g\u00e9n\u00e9rosit\u00e9 de la famille DOSSIN-LENOIR<\/i>\u00a0\u00bb.<\/span><\/p><p><span style=\"color: #000000;\">Pour le commun des mortels, ce drapeau devient l\u2019enseigne des Jeunes Bleus.<\/span><\/p>\t<\/div>\n\n\t<\/div>\n<!-- \/module box -->\n<!-- .themify_builder .box-4719-0-0-3 Style -->\n<style>\n.themify_builder .box-4719-0-0-3.module-box {\n\ttext-align: justify\n}\n<\/style>\n<!-- End .themify_builder .box-4719-0-0-3 Style -->\n\n\n<!-- module box -->\n<div id=\"box-4719-0-0-4\" class=\"module module-box box-4719-0-0-4 \">\n\t\t\n\t\t\n\t<div class=\"module-box-content ui rounded gradient default  \">\n\t\t<p><img loading=\"lazy\" decoding=\"async\" class=\"aligncenter\" src=\"\/wordpress\/wp-content\/uploads\/2017\/02\/jb1.jpg\" alt=\"\" width=\"571\" height=\"429\" \/><\/p>\n\t<\/div>\n\n\t<\/div>\n<!-- \/module box -->\n<!-- .themify_builder .box-4719-0-0-4 Style -->\n<style>\n.themify_builder .box-4719-0-0-4.module-box {\n\ttext-align: justify\n}\n<\/style>\n<!-- End .themify_builder .box-4719-0-0-4 Style -->\n\n\n<!-- module box -->\n<div id=\"box-4719-0-0-5\" class=\"module module-box box-4719-0-0-5 \">\n\t\t\n\t\t\n\t<div class=\"module-box-content ui rounded gradient default  \">\n\t\t<p>En mars 1960, les cadets Maurice DOSSIN et Ren\u00e9 PAULISSEN posent la premi\u00e8re pierre du perron \u00e9rig\u00e9 place du March\u00e9, offert \u00e0 la ville de Vis\u00e9 \u00e0 l\u2019occasion des f\u00eates du 650<sup>\u00e8me<\/sup> anniversaire de la Compagnie.<\/p><p><span style=\"color: #000000;\"><br \/>Dans les ann\u00e9es 1960, 1970 et 1980, les Jeunes Bleus organisent un <i>Oberbayern<\/i> qui rencontre un grand succ\u00e8s. La qualit\u00e9 de l\u2019orchestre prestataire ainsi que celle de la bi\u00e8re offerte aux f\u00eatards y \u00e9taient pour beaucoup\u00a0!<\/span><\/p><p><span style=\"color: #000000;\">Par ailleurs, \u00e0 partir des ann\u00e9es 1980, une soir\u00e9e <i>brochettes<\/i> a lieu fin ao\u00fbt ou d\u00e9but septembre, selon un th\u00e8me qui varie d\u2019ann\u00e9e en ann\u00e9e. En fonction de celui-ci, les Jeunes Bleus re\u00e7oivent les nombreux convives, rev\u00eatus du d\u00e9guisement appropri\u00e9.<\/span><\/p><p><span style=\"color: #000000;\">Pour les f\u00eates du 675<sup>\u00e8me<\/sup> anniversaire, en 1985, la section prend en charge la confection d\u2019une banni\u00e8re qui remplace le \u00ab\u00a0drapeau des Dames\u00a0\u00bb (motif central\u00a0: saint Georges terrassant le Dragon), en tr\u00e8s mauvais \u00e9tat.<\/span><\/p><p><span style=\"color: #000000;\">Commande est pass\u00e9e aupr\u00e8s d\u2019une firme de Charleroi pour un drapeau en soie, co\u00fbtant 37.000 francs.<\/span><\/p><p><span style=\"color: #000000;\">Les Jeunes Bleus se chargent \u00e9galement de l\u2019organisation du bal de gala et r\u00e9alisent un film sur les festivit\u00e9s de 1985. C\u2019est ce film que l\u2019on a pu visionner lors des <i>Journ\u00e9es souvenirs<\/i> de juin 2015.<\/span><\/p><p><span style=\"color: #000000;\"><br \/>En 2000, la Compagnie c\u00e9l\u00e8bre le centenaire de la Section. <\/span><\/p><p><span style=\"color: #000000;\">Le colonel L\u00e9on GERMAIN est d\u00e9sign\u00e9 en qualit\u00e9 de coordinateur de l\u2019\u00e9v\u00e9nement qui se d\u00e9roulera, en raison des circonstances (incendie du local en octobre 1997), dans les locaux du Centre culturel.<\/span><\/p><p><span style=\"color: #000000;\">Celui-ci accueillera une exposition, une initiation au tir \u00e0 l\u2019arbal\u00e8te est pr\u00e9vue ainsi que la projection d\u2019une cassette vid\u00e9o, un petit livret reprenant les points forts de l\u2019histoire des Arbal\u00e9triers est \u00e9dit\u00e9 \u00e0 cette occasion, mais il ne retrace malheureusement pas l\u2019histoire de cette section.<\/span><\/p><p><span style=\"color: #000000;\">Beaucoup de personnalit\u00e9s participent au vernissage de l\u2019exposition qui remporte un franc succ\u00e8s\u00a0: de nombreux visiteurs et dix-sept classes scolaires vont la parcourir.<\/span><\/p>\t<\/div>\n\n\t<\/div>\n<!-- \/module box -->\n<!-- .themify_builder .box-4719-0-0-5 Style -->\n<style>\n.themify_builder .box-4719-0-0-5.module-box {\n\ttext-align: justify\n}\n<\/style>\n<!-- End .themify_builder .box-4719-0-0-5 Style -->\n\n\n<!-- module slider image -->\n<div id=\"slider-4719-0-0-6-loader\" class=\"themify_builder_slider_loader\" style=\"height:50px;\"><\/div>\n<div id=\"slider-4719-0-0-6\" class=\"module module-slider slider-4719-0-0-6 themify_builder_slider_wrap clearfix  slider-overlay \">\n\n\t\t\n\t<ul class=\"themify_builder_slider\" \n\t\tdata-id=\"slider-4719-0-0-6\" \n\t\tdata-visible=\"1\" \n\t\tdata-scroll=\"1\" \n\t\tdata-auto-scroll=\"4\"\n\t\tdata-speed=\"1\"\n\t\tdata-wrapper=\"yes\"\n\t\tdata-arrow=\"yes\"\n\t\tdata-pagination=\"yes\"\n\t\tdata-effect=\"scroll\" \n\t\tdata-pause-on-hover=\"resume\" >\n\t\t\n\t\t\t\t<li style=\" \">\n\t\t\t\t\t\t<div class=\"slide-image\">\n\t\t\t\t\t\t\t\t\t\t\t\t\t<img src='\/wordpress\/wp-content\/uploads\/2018\/02\/Jeune-Bleus-comite-19991-Copie.jpg' alt='Comit\u00e9 1991'     \/>\t\t\t\t\t\t\t<\/div>\n\t\t\t<!-- \/slide-image -->\n\t\t\t\n\t\t\t\t\t\t<div class=\"slide-content\">\n\t\t\t\t\t\t\t\t<h3 class=\"slide-title\">\n\t\t\t\t\t\t\t\t\t\tComit\u00e9 1991\t\t\t\t\t\t\t\t\t<\/h3>\n\t\t\t\t\t\t\t\t\n\t\t\t\t\t\t\t<\/div>\n\t\t\t<!-- \/slide-content -->\n\t\t\t\t\t<\/li>\n\t\t\t\t<li style=\" \">\n\t\t\t\t\t\t<div class=\"slide-image\">\n\t\t\t\t\t\t\t\t\t\t\t\t\t<img src='\/wordpress\/wp-content\/uploads\/2018\/02\/goutercadet197726012018.jpg' alt='Go\u00fbter cadets 1977'     \/>\t\t\t\t\t\t\t<\/div>\n\t\t\t<!-- \/slide-image -->\n\t\t\t\n\t\t\t\t\t\t<div class=\"slide-content\">\n\t\t\t\t\t\t\t\t<h3 class=\"slide-title\">\n\t\t\t\t\t\t\t\t\t\tGo\u00fbter cadets 1977\t\t\t\t\t\t\t\t\t<\/h3>\n\t\t\t\t\t\t\t\t\n\t\t\t\t\t\t\t<\/div>\n\t\t\t<!-- \/slide-content -->\n\t\t\t\t\t<\/li>\n\t\t\t\t<li style=\" \">\n\t\t\t\t\t\t<div class=\"slide-image\">\n\t\t\t\t\t\t\t\t\t\t\t\t\t<img src='\/wordpress\/wp-content\/uploads\/2018\/02\/gouter-cadets-1977.jpg' alt='Go\u00fbter cadets 1977 - 2'     \/>\t\t\t\t\t\t\t<\/div>\n\t\t\t<!-- \/slide-image -->\n\t\t\t\n\t\t\t\t\t\t<div class=\"slide-content\">\n\t\t\t\t\t\t\t\t<h3 class=\"slide-title\">\n\t\t\t\t\t\t\t\t\t\tGo\u00fbter cadets 1977 - 2\t\t\t\t\t\t\t\t\t<\/h3>\n\t\t\t\t\t\t\t\t\n\t\t\t\t\t\t\t<\/div>\n\t\t\t<!-- \/slide-content -->\n\t\t\t\t\t<\/li>\n\t\t\t\t<li style=\" \">\n\t\t\t\t\t\t<div class=\"slide-image\">\n\t\t\t\t\t\t\t\t\t\t\t\t\t<img src='\/wordpress\/wp-content\/uploads\/2018\/02\/expo-jb-01042000.jpg' alt='Expo Jeunes Bleus 2000 - 1'     \/>\t\t\t\t\t\t\t<\/div>\n\t\t\t<!-- \/slide-image -->\n\t\t\t\n\t\t\t\t\t\t<div class=\"slide-content\">\n\t\t\t\t\t\t\t\t<h3 class=\"slide-title\">\n\t\t\t\t\t\t\t\t\t\tExpo Jeunes Bleus 2000 - 1\t\t\t\t\t\t\t\t\t<\/h3>\n\t\t\t\t\t\t\t\t\n\t\t\t\t\t\t\t<\/div>\n\t\t\t<!-- \/slide-content -->\n\t\t\t\t\t<\/li>\n\t\t\t\t<li style=\" \">\n\t\t\t\t\t\t<div class=\"slide-image\">\n\t\t\t\t\t\t\t\t\t\t\t\t\t<img src='\/wordpress\/wp-content\/uploads\/2018\/02\/expo-jb-01042000-3.jpg' alt='Expo Jeunes Bleus 2000 - 2'     \/>\t\t\t\t\t\t\t<\/div>\n\t\t\t<!-- \/slide-image -->\n\t\t\t\n\t\t\t\t\t\t<div class=\"slide-content\">\n\t\t\t\t\t\t\t\t<h3 class=\"slide-title\">\n\t\t\t\t\t\t\t\t\t\tExpo Jeunes Bleus 2000 - 2\t\t\t\t\t\t\t\t\t<\/h3>\n\t\t\t\t\t\t\t\t\n\t\t\t\t\t\t\t<\/div>\n\t\t\t<!-- \/slide-content -->\n\t\t\t\t\t<\/li>\n\t\t\t\t<li style=\" \">\n\t\t\t\t\t\t<div class=\"slide-image\">\n\t\t\t\t\t\t\t\t\t\t\t\t\t<img src='\/wordpress\/wp-content\/uploads\/2018\/02\/expo-jb-01042000-2.jpg' alt='Expo Jeunes Bleus 2000 - 3'     \/>\t\t\t\t\t\t\t<\/div>\n\t\t\t<!-- \/slide-image -->\n\t\t\t\n\t\t\t\t\t\t<div class=\"slide-content\">\n\t\t\t\t\t\t\t\t<h3 class=\"slide-title\">\n\t\t\t\t\t\t\t\t\t\tExpo Jeunes Bleus 2000 - 3\t\t\t\t\t\t\t\t\t<\/h3>\n\t\t\t\t\t\t\t\t\n\t\t\t\t\t\t\t<\/div>\n\t\t\t<!-- \/slide-content -->\n\t\t\t\t\t<\/li>\n\t\t\t<\/ul>\n\t<!-- \/themify_builder_slider -->\n\n<\/div>\n<!-- \/module slider image -->\n\t\t\t\t\t\t\t\t\t\n\t\t\t\t\t\t\t\t\t\t\t\t\t\t\t\t\t<\/div>\n\t\t\t\t\t\t\t\t<!-- \/col -->\n\t\t\t\t\t\t  \n\n\t\t\t\t\t\n\t\t\t\t\t\t\t\t\t\t\n\t\t\t\t\t\t\t\t\t\n\t\t\t\t<\/div>\n\t\t\t\t<!-- \/row_inner -->\n\t\t\t<\/div>\n\t\t\t<!-- \/module_row -->\n\t\t\t\n<\/div>\n<!-- \/themify_builder_content -->","protected":false},"excerpt":{"rendered":"<p>3. De 1945 \u00e0 nos jours. Annexe 5\u00a0: Comit\u00e9 Comit\u00e9 compos\u00e9 le 4 novembre 1945\u00a0: Pr\u00e9sident\u00a0: Achille VAN WOLPUT Vice-pr\u00e9sident\u00a0: Dieudonn\u00e9 GOFFARD Tr\u00e9sorier\u00a0: Marcel VANBENEDEN Tr\u00e9sorier adjoint\u00a0: Albert MOONEN Secr\u00e9taire\u00a0: Albert ANDRIEN Secr\u00e9taire adjoint\u00a0: Raymond DOSSIN Commissaires\u00a0: Georges MORDANTJean MASSIN L. BOULANGER M. MEECKERS Charles PEROT Jean-Pierre PEROT Laurent NIHON C. LONGLE Th\u00e9o COLLETTE Pierre [&hellip;]<\/p>\n","protected":false},"author":1,"featured_media":0,"parent":0,"menu_order":0,"comment_status":"closed","ping_status":"closed","template":"","meta":{"footnotes":""},"class_list":["post-4719","page","type-page","status-publish","hentry"],"_links":{"self":[{"href":"https:\/\/www.arbaletriers.be\/wordpress\/wp-json\/wp\/v2\/pages\/4719"}],"collection":[{"href":"https:\/\/www.arbaletriers.be\/wordpress\/wp-json\/wp\/v2\/pages"}],"about":[{"href":"https:\/\/www.arbaletriers.be\/wordpress\/wp-json\/wp\/v2\/types\/page"}],"author":[{"embeddable":true,"href":"https:\/\/www.arbaletriers.be\/wordpress\/wp-json\/wp\/v2\/users\/1"}],"replies":[{"embeddable":true,"href":"https:\/\/www.arbaletriers.be\/wordpress\/wp-json\/wp\/v2\/comments?post=4719"}],"version-history":[{"count":1,"href":"https:\/\/www.arbaletriers.be\/wordpress\/wp-json\/wp\/v2\/pages\/4719\/revisions"}],"predecessor-version":[{"id":11918,"href":"https:\/\/www.arbaletriers.be\/wordpress\/wp-json\/wp\/v2\/pages\/4719\/revisions\/11918"}],"wp:attachment":[{"href":"https:\/\/www.arbaletriers.be\/wordpress\/wp-json\/wp\/v2\/media?parent=4719"}],"curies":[{"name":"wp","href":"https:\/\/api.w.org\/{rel}","templated":true}]}}