{"id":4738,"date":"2017-01-19T16:32:49","date_gmt":"2017-01-19T15:32:49","guid":{"rendered":"http:\/\/www.arbaletriers.be\/wordpress\/?page_id=4738"},"modified":"2017-01-19T16:33:07","modified_gmt":"2017-01-19T15:33:07","slug":"compagnie-tambours-3","status":"publish","type":"page","link":"https:\/\/www.arbaletriers.be\/wordpress\/compagnie-tambours-3\/","title":{"rendered":"Compagnie &#8211; Tambours &#8211; 3 &#8211; Organisation et r\u00e8glement."},"content":{"rendered":"<div id=\"themify_builder_content-4738\" data-postid=\"4738\" class=\"themify_builder_content themify_builder_content-4738 themify_builder themify_builder_front\">\n\t\t\t\t\n\t\t\t<!-- module_row -->\n\t\t\t<div class=\"themify_builder_row module_row module_row_0 clearfix\" >\n\n\t\t\t\t<div class=\"row_inner\">\n\n\t\t\t\t\t\n\t\t\t\t\t\n\t\t\t\t\t\n\t\t\t\t\t\n\t\t\t\t\t\t\t\t<div class=\"col-full first tb-column\">\n\t\t\t\t\t\t\t\t\t\t\t\t\t\t\t\t\t\t\t\n\t\t\t\t\t\t\t\t\t\t\n<!-- module box -->\n<div id=\"box-4738-0-0-0\" class=\"module module-box box-4738-0-0-0 \">\n\t\t\n\t\t\n\t<div class=\"module-box-content ui rounded gradient default  \">\n\t\t<i><b>3. Organisation et r\u00e8glement. <\/b><\/i>\t<\/div>\n\n\t<\/div>\n<!-- \/module box -->\n<!-- .themify_builder .box-4738-0-0-0 Style -->\n<style>\n.themify_builder .box-4738-0-0-0.module-box {\n\ttext-align: justify\n}\n<\/style>\n<!-- End .themify_builder .box-4738-0-0-0 Style -->\n\n\n<!-- module box -->\n<div id=\"box-4738-0-0-1\" class=\"module module-box box-4738-0-0-1 \">\n\t\t\n\t\t\n\t<div class=\"module-box-content ui rounded gradient default  \">\n\t\t<p>Le nombre des tambours est fix\u00e9 \u00e0 16 plus un tambour-major. Ils d\u00e9filent par rang de 4: il y a donc toujours 4 rangs pr\u00e9c\u00e9d\u00e9s du tambour-major. Lorsque l&rsquo;un d&rsquo;entre-eux d\u00e9cide d&rsquo;arr\u00eater de battre tambour, soit atteint par la limite d&rsquo;\u00e2ge, soit pour donner une autre direction \u00e0 sa vie arbal\u00e9tri\u00e8re, il est remplac\u00e9 par la plus ancienne des r\u00e9serves. Cependant, s&rsquo;il n&rsquo;a pas 18 ans au moment o\u00f9 il \u00e9trenne le grand uniforme, il lui faudra patienter jusqu&rsquo;\u00e0 sa majorit\u00e9 avant de pr\u00eater serment dans l&rsquo;Etat-major du G\u00e9n\u00e9ral.<\/p><p>Parmi les 16, l&rsquo;on d\u00e9signe un chef-tambour et un chef-tambour adjoint d&rsquo;apr\u00e8s l&rsquo;anciennet\u00e9 et les qualit\u00e9s musicales, ainsi que parfois des caporaux ou des sergents. Ceux qui s&rsquo;engagent savent qu&rsquo;ils le font pour la vie et qu&rsquo;ils devront prester, ann\u00e9e apr\u00e8s ann\u00e9e, en observant des r\u00e8gles strictes et une discipline rigoureuse d&rsquo;o\u00f9 la solidarit\u00e9 qui les unit tout au long de leur vie arbal\u00e9tri\u00e8re. Le tambour-major doit veiller \u00e0 la bonne entente au sein du corps mais \u00e9galement avoir des exigences au niveau de la fr\u00e9quentation des r\u00e9p\u00e9titions, de la temp\u00e9rance lors des f\u00eates, de l&rsquo;alignement dans les cort\u00e8ges, de la qualit\u00e9 de la tenue: propret\u00e9 de l&rsquo;uniforme et autres attributs (m\u00e9dailles, fourrag\u00e8res, \u00e9paulettes). Il fallait selon l&rsquo;expression de Ren\u00e9 VERSTRAETEN Sr. veiller \u00e0 tout et \u00ab\u00a0avoir une main de fer dans un gant de velours\u00a0\u00bb.<\/p>\t<\/div>\n\n\t<\/div>\n<!-- \/module box -->\n<!-- .themify_builder .box-4738-0-0-1 Style -->\n<style>\n.themify_builder .box-4738-0-0-1.module-box {\n\ttext-align: justify\n}\n<\/style>\n<!-- End .themify_builder .box-4738-0-0-1 Style -->\n\n\n<!-- module box -->\n<div id=\"box-4738-0-0-2\" class=\"module module-box box-4738-0-0-2 \">\n\t\t\n\t\t\n\t<div class=\"module-box-content ui rounded gradient default  \">\n\t\t<p>A notre connaissance, Fran\u00e7ois KICKEN est le premier \u00e0 avoir formalis\u00e9 toutes les r\u00e8gles applicables au corps des tambours. Il a r\u00e9dig\u00e9 un petit document d&rsquo;une vingtaine de pages qu&rsquo;il a dat\u00e9 du 1<sup>er<\/sup> mai 1946, intitul\u00e9 \u00ab\u00a0Mon guide\u00a0\u00bb.<\/p><p>Cet opuscule reprend le corps des tambours en ordre de marche, avec une num\u00e9rotation individuelle \u00e9tablie par ordre chronologique d&rsquo;entr\u00e9e en fonction.<\/p><p>Viennent ensuite les noms, adresses, grades, ann\u00e9es de chaque tambourinaire ainsi que l&rsquo;inventaire du mat\u00e9riel et des pi\u00e8ces d&rsquo;habillage.<\/p><p>Suivent les r\u00e8gles relatives \u00e0 la pr\u00e9paration g\u00e9n\u00e9rale, des observations et recommandations, enfin le d\u00e9roulement point par point des diff\u00e9rentes manifestations, avec l&rsquo;itin\u00e9raire des cort\u00e8ges et le r\u00f4le \u00e0 remplir par les tambours dans les diff\u00e9rentes circonstances.<\/p>\t<\/div>\n\n\t<\/div>\n<!-- \/module box -->\n<!-- .themify_builder .box-4738-0-0-2 Style -->\n<style>\n.themify_builder .box-4738-0-0-2.module-box {\n\ttext-align: justify\n}\n<\/style>\n<!-- End .themify_builder .box-4738-0-0-2 Style -->\n\n\n<!-- module box -->\n<div id=\"box-4738-0-0-3\" class=\"module module-box box-4738-0-0-3 \">\n\t\t\n\t\t\n\t<div class=\"module-box-content ui rounded gradient default  \">\n\t\t<p>Pour illustrer notre propos, il convient de citer les recommandations \u00e0 faire lors de la derni\u00e8re r\u00e9p\u00e9tition avant la f\u00eate:<\/p><ul><li>Astiquer les boutons, cuivre et nickel\u00e9. Nettoyer les mentonni\u00e8res \u00e0 sec. Cirer les cuirs (ceinturons et baudriers). Laver les gants.<\/li><li>Repasser les pantalons.<\/li><li>Si possible, mettre des souliers noirs et des bas fonc\u00e9s.<\/li><li>Faire la toilette du colback, qui doit \u00eatre bien enfonc\u00e9 dans la t\u00eate.<\/li><li>Mentonni\u00e8re sous le menton et la fourrag\u00e8re bien ajust\u00e9e.<\/li><li>Se ganter au rassemblement pour sortir avec l&rsquo;harmonie seulement.<\/li><li>S&rsquo;abstenir de boire de trop, avant le tour d&rsquo;apr\u00e8s messe.<\/li><li>Ne pas parler, ne pas se retourner inutilement dans les rangs.<\/li><li>Les grad\u00e9s doivent faire respecter l&rsquo;ordre et le silence.<\/li><li>Bien observer les ordres et les signes du tambour-major, pour les mouvements; oblique \u00e0 gauche ou \u00e0 droite, section \u00e0 gauche ou \u00e0 droite, demi-tour, etc.<\/li><li>Arriver \u00e0 l&rsquo;heure fix\u00e9e pour les diff\u00e9rents d\u00e9parts.<\/li><\/ul>\t<\/div>\n\n\t<\/div>\n<!-- \/module box -->\n<!-- .themify_builder .box-4738-0-0-3 Style -->\n<style>\n.themify_builder .box-4738-0-0-3.module-box {\n\ttext-align: justify\n}\n<\/style>\n<!-- End .themify_builder .box-4738-0-0-3 Style -->\n\n\n<!-- module box -->\n<div id=\"box-4738-0-0-4\" class=\"module module-box box-4738-0-0-4 \">\n\t\t\n\t\t\n\t<div class=\"module-box-content ui rounded gradient default  \">\n\t\t<p><strong><\/strong>Les connaissances musicales de la plupart des tambours sont limit\u00e9es: seuls 2 ou 3 d&rsquo;entre-eux sont dipl\u00f4m\u00e9s d&rsquo;une Acad\u00e9mie musicale mais beaucoup ont des dispositions inn\u00e9es pour la percussion. Ils n&rsquo;ont pas de partitions, tout est en m\u00e9moire d&rsquo;o\u00f9 l&rsquo;importance des r\u00e9p\u00e9titions qui commencent quelques semaines avant chaque f\u00eate.<\/p><p>L&rsquo;on compte g\u00e9n\u00e9ralement six r\u00e9p\u00e9titions tambours et deux r\u00e9p\u00e9titions tambours et harmonie qui rassemblent les titulaires mais aussi les plus jeunes d\u00e9sireux d&rsquo;apprendre. L&rsquo;\u00e2ge id\u00e9al pour commencer \u00e0 t\u00e2ter des baguettes se situe autour de 10 ans mais il n&rsquo;est pas rare de voir des plus jeunes particuli\u00e8rement motiv\u00e9s, commencer \u00e0 jouer d\u00e8s 6 ans. A premi\u00e8re vue, la technique du tambourinaire para\u00eet simple. En r\u00e9alit\u00e9, l&rsquo;apprentissage de l&rsquo;instrument n\u00e9cessite plusieurs ann\u00e9es d&rsquo;exercices r\u00e9guliers. Si les coups habituels sont assez vite connus, les roulements et les battements redoubl\u00e9s ne sont r\u00e9ussis qu&rsquo;apr\u00e8s une longue pratique.<\/p>\t<\/div>\n\n\t<\/div>\n<!-- \/module box -->\n<!-- .themify_builder .box-4738-0-0-4 Style -->\n<style>\n.themify_builder .box-4738-0-0-4.module-box {\n\ttext-align: justify\n}\n<\/style>\n<!-- End .themify_builder .box-4738-0-0-4 Style -->\n\n\n<!-- module box -->\n<div id=\"box-4738-0-0-5\" class=\"module module-box box-4738-0-0-5 \">\n\t\t\n\t\t\n\t<div class=\"module-box-content ui rounded gradient default  \">\n\t\t<p>Une semaine avant chaque f\u00eate, le tambour-major accompagn\u00e9 du chef-tambour prend rendez-vous avec le chef d&rsquo;harmonie pour mettre au point le programme des diff\u00e9rentes marches \u00e0 ex\u00e9cuter tout au long de la journ\u00e9e, particuli\u00e8rement au d\u00e9part de la coll\u00e9giale pour le grand tour en ville. Il y a quelques ann\u00e9es, un nouveau tambour-major et un nouveau chef d&rsquo;harmonie ont \u00e9t\u00e9 d\u00e9sign\u00e9s quasi simultan\u00e9ment si bien qu&rsquo;ils entretiennent une collaboration tr\u00e8s \u00e9troite et l&rsquo;on peut discerner entre eux une vraie complicit\u00e9 en mati\u00e8re artistique.<\/p>\t<\/div>\n\n\t<\/div>\n<!-- \/module box -->\n<!-- .themify_builder .box-4738-0-0-5 Style -->\n<style>\n.themify_builder .box-4738-0-0-5.module-box {\n\ttext-align: justify\n}\n<\/style>\n<!-- End .themify_builder .box-4738-0-0-5 Style -->\n\n\n<!-- module box -->\n<div id=\"box-4738-0-0-6\" class=\"module module-box box-4738-0-0-6 \">\n\t\t\n\t\t\n\t<div class=\"module-box-content ui rounded gradient default  \">\n\t\t\t<\/div>\n\n\t<\/div>\n<!-- \/module box -->\n<!-- .themify_builder .box-4738-0-0-6 Style -->\n<style>\n.themify_builder .box-4738-0-0-6.module-box {\n\ttext-align: justify\n}\n<\/style>\n<!-- End .themify_builder .box-4738-0-0-6 Style -->\n\n\t\t\t\t\t\t\t\t\t\n\t\t\t\t\t\t\t\t\t\t\t\t\t\t\t\t\t<\/div>\n\t\t\t\t\t\t\t\t<!-- \/col -->\n\t\t\t\t\t\t  \n\n\t\t\t\t\t\n\t\t\t\t\t\t\t\t\t\t\n\t\t\t\t\t\t\t\t\t\n\t\t\t\t<\/div>\n\t\t\t\t<!-- \/row_inner -->\n\t\t\t<\/div>\n\t\t\t<!-- \/module_row -->\n\t\t\t\n<\/div>\n<!-- \/themify_builder_content -->","protected":false},"excerpt":{"rendered":"<p>3. Organisation et r\u00e8glement. Le nombre des tambours est fix\u00e9 \u00e0 16 plus un tambour-major. Ils d\u00e9filent par rang de 4: il y a donc toujours 4 rangs pr\u00e9c\u00e9d\u00e9s du tambour-major. Lorsque l&rsquo;un d&rsquo;entre-eux d\u00e9cide d&rsquo;arr\u00eater de battre tambour, soit atteint par la limite d&rsquo;\u00e2ge, soit pour donner une autre direction \u00e0 sa vie arbal\u00e9tri\u00e8re, [&hellip;]<\/p>\n","protected":false},"author":1,"featured_media":0,"parent":0,"menu_order":0,"comment_status":"closed","ping_status":"closed","template":"","meta":{"footnotes":""},"class_list":["post-4738","page","type-page","status-publish","hentry"],"_links":{"self":[{"href":"https:\/\/www.arbaletriers.be\/wordpress\/wp-json\/wp\/v2\/pages\/4738"}],"collection":[{"href":"https:\/\/www.arbaletriers.be\/wordpress\/wp-json\/wp\/v2\/pages"}],"about":[{"href":"https:\/\/www.arbaletriers.be\/wordpress\/wp-json\/wp\/v2\/types\/page"}],"author":[{"embeddable":true,"href":"https:\/\/www.arbaletriers.be\/wordpress\/wp-json\/wp\/v2\/users\/1"}],"replies":[{"embeddable":true,"href":"https:\/\/www.arbaletriers.be\/wordpress\/wp-json\/wp\/v2\/comments?post=4738"}],"version-history":[{"count":0,"href":"https:\/\/www.arbaletriers.be\/wordpress\/wp-json\/wp\/v2\/pages\/4738\/revisions"}],"wp:attachment":[{"href":"https:\/\/www.arbaletriers.be\/wordpress\/wp-json\/wp\/v2\/media?parent=4738"}],"curies":[{"name":"wp","href":"https:\/\/api.w.org\/{rel}","templated":true}]}}