{"id":4847,"date":"2017-02-22T17:33:11","date_gmt":"2017-02-22T16:33:11","guid":{"rendered":"http:\/\/www.arbaletriers.be\/wordpress\/?page_id=4847"},"modified":"2024-02-20T13:49:46","modified_gmt":"2024-02-20T12:49:46","slug":"compagnie-jeunes-bleus-1-les-debuts","status":"publish","type":"page","link":"https:\/\/www.arbaletriers.be\/wordpress\/compagnie-jeunes-bleus-1-les-debuts\/","title":{"rendered":"Compagnie &#8211; Jeunes Bleus &#8211; 1 &#8211; Les d\u00e9buts"},"content":{"rendered":"<div id=\"themify_builder_content-4847\" data-postid=\"4847\" class=\"themify_builder_content themify_builder_content-4847 themify_builder themify_builder_front\">\n\t\t\t\t\n\t\t\t<!-- module_row -->\n\t\t\t<div class=\"themify_builder_row module_row module_row_0 clearfix\" >\n\n\t\t\t\t<div class=\"row_inner\">\n\n\t\t\t\t\t\n\t\t\t\t\t\n\t\t\t\t\t\n\t\t\t\t\t\n\t\t\t\t\t\t\t\t<div class=\"col-full first tb-column\">\n\t\t\t\t\t\t\t\t\t\t\t\t\t\t\t\t\t\t\t\n\t\t\t\t\t\t\t\t\t\t\n<!-- module box -->\n<div id=\"box-4847-0-0-0\" class=\"module module-box box-4847-0-0-0 \">\n\t\t\n\t\t\n\t<div class=\"module-box-content ui rounded gradient default  \">\n\t\t<i><b>1.\tLes d\u00e9buts (1900-1914)<\/b><\/i>\t<\/div>\n\n\t<\/div>\n<!-- \/module box -->\n<!-- .themify_builder .box-4847-0-0-0 Style -->\n<style>\n.themify_builder .box-4847-0-0-0.module-box {\n\ttext-align: justify\n}\n<\/style>\n<!-- End .themify_builder .box-4847-0-0-0 Style -->\n\n\n<!-- module box -->\n<div id=\"box-4847-0-0-1\" class=\"module module-box box-4847-0-0-1 \">\n\t\t\n\t\t\n\t<div class=\"module-box-content ui rounded gradient default  \">\n\t\t<p>La Section ou plut\u00f4t \u00ab Le Cercle des Jeunes Bleus \u00bb a \u00e9t\u00e9 cr\u00e9\u00e9 en 1900. Les Archives de la Compagnie en font peu \u00e9cho.<\/p>\n<p>Le carnet pr\u00e9cit\u00e9 nous livre la liste des membres versant une cotisation en 1902. A peu de chose pr\u00e8s, il s\u2019agit des fondateurs qui sont au nombre de vingt-six. Nous les citons par ordre alphab\u00e9tique avec, entre parenth\u00e8ses, la date de leur prestation de serment en qualit\u00e9 de cadets de Saint-Georges, pour les plus anciens, de confr\u00e8res pour les plus r\u00e9cents :<\/p>\n<p>Louis BROUHA (1902), Joseph BROUHA (1895), Ren\u00e9 CHOUFFART (1890), Eug\u00e8ne DEGREEF (1903), Joseph DELVAUX (1902), Edmond DOSSIN (1892), Alphonse EVRARD (1886), Victor EVRARD (1888), Martin GALERE (1903), Fernand HALLET (1895), Paul HARDY (1900), A. JANS, Auguste JOSKIN (1899), Louis MAES (1895), G\u00e9rard MATHOUL (1902), Gustave MOONEN (1899), Joseph PAULUS (1895), Fran\u00e7ois PEROT-PAULUS (1903), Fran\u00e7ois PEROT-DOSSIN (1901), Th\u00e9odore PEROT (1900), Philippe QUADEN (1888), L\u00e9onard RION, Henri ROUJOB (1890), Michel WARNOTTE (1898), Jacques WATHELET (1895).<\/p>\n\t<\/div>\n\n\t<\/div>\n<!-- \/module box -->\n<!-- .themify_builder .box-4847-0-0-1 Style -->\n<style>\n.themify_builder .box-4847-0-0-1.module-box {\n\ttext-align: justify\n}\n<\/style>\n<!-- End .themify_builder .box-4847-0-0-1 Style -->\n\n\n<!-- module box -->\n<div id=\"box-4847-0-0-2\" class=\"module module-box box-4847-0-0-2 \">\n\t\t\n\t\t\n\t<div class=\"module-box-content ui rounded gradient default  \">\n\t\t<p>Comme on peut le constater, il n\u2019\u00e9tait pas n\u00e9cessaire d\u2019avoir pr\u00eat\u00e9 serment pour int\u00e9grer le cercle : certains le font en 1902, d\u2019autres \u00e0 une date post\u00e9rieure. Cette liste comprend nombre de dignitaires futurs de la Compagnie, notamment Joseph PAULUS (g\u00e9n\u00e9ral-pr\u00e9sident de 1938 \u00e0 1958) et Fran\u00e7ois PEROT-DOSSIN (colonel en chef en 1925, puis mayeur en 1936, enfin pr\u00e9sident d\u2019honneur en 1949). Trois de ces Jeunes Bleus connurent un destin tragique, en ao\u00fbt 1914 : deux furent massacr\u00e9s par les troupes allemandes, Joseph BROUHA (major porte-cornette) et L\u00e9onard RION, tandis qu\u2019Adolphe EVRARD mourut en combattant pour la d\u00e9fense d\u2019Anvers, en septembre 1914.<br \/>\nDans un autre registre, citons le cas de Louis MAES qui ne resta membre que deux ans (1902-1903), avant de cr\u00e9er une harmonie r\u00e9put\u00e9e qui devint en 1910, la fanfare des Francs Arquebusiers qu\u2019il avait alors rejoints.<br \/>\nDe nouveaux membres se sont inscrits dans les ann\u00e9es ult\u00e9rieures, alors que certains quittaient le cercle, atteints par la limite d\u2019\u00e2ge ou parce qu\u2019ils devenaient officiers.<br \/>\nOn compte six nouveaux membres en 1904 (dont Florent VLIEGEN), cinq l\u2019ann\u00e9e suivante, treize en 1906 (dont Maurice DOSSIN, Maurice PINCKAERS et le chef d\u2019harmonie adjoint, Lambert PURNOTTE), cinq inscriptions en 1907 et 1908 (Alfred PEROT, futur Roy) et Jean LENOIR (futur colonel secr\u00e9taire, puis mayeur en 1959), trois en 1909, 1 en 1910, trois en 1911, quatre en 1912 et 1913 (dont Fran\u00e7ois KICKEN, futur tambour-major). Le total g\u00e9n\u00e9ral fait \u00e9tat de septante-cinq membres entre 1902 et 1914.<br \/>\nLe nombre des membres, ann\u00e9e par ann\u00e9e, est toujours sup\u00e9rieur \u00e0 vingt-cinq, avec un maximum de quarante en 1907. Le total fl\u00e9chit \u00e0 partir de 1910, \u00e0 la suite de l\u2019\u00e9pisode des Enfants de Bavi\u00e8re qui entra\u00eene quelques d\u00e9sistements, de l\u2019ordre de 20 % de l\u2019effectif, comme pour l\u2019ensemble de la Compagnie (cf. annexe 1).<\/p>\n\t<\/div>\n\n\t<\/div>\n<!-- \/module box -->\n<!-- .themify_builder .box-4847-0-0-2 Style -->\n<style>\n.themify_builder .box-4847-0-0-2.module-box {\n\ttext-align: justify\n}\n<\/style>\n<!-- End .themify_builder .box-4847-0-0-2 Style -->\n\n\n<!-- module box -->\n<div id=\"box-4847-0-0-3\" class=\"module module-box box-4847-0-0-3 \">\n\t\t\n\t\t\n\t<div class=\"module-box-content ui rounded gradient default  \">\n\t\t<p><i><b>Annexe 1 : Nombre de membres du Cercle des Jeunes Bleus<\/b><\/i><\/p>\n<table border=\"1\" cellpadding=\"5\">\n<tr>\n<td>Ann\u00e9e<\/td>\n<td>Membres effectifs<\/td>\n<td>Membres protecteurs<\/td>\n<td>Membres honoraires<\/td>\n<\/tr>\n<tr>\n<td>1902<\/td>\n<td>26<\/td>\n<td>46<\/td>\n<td><\/td>\n<\/tr>\n<tr>\n<td>1903<\/td>\n<td>26<\/td>\n<td>39<\/td>\n<td><\/td>\n<\/tr>\n<tr>\n<td>1904<\/td>\n<td>29<\/td>\n<td>28<\/td>\n<td><\/td>\n<\/tr>\n<tr>\n<td>1905<\/td>\n<td>32<\/td>\n<td>31<\/td>\n<td><\/td>\n<\/tr>\n<tr>\n<td>1906<\/td>\n<td>39<\/td>\n<td>40<\/td>\n<td><\/td>\n<\/tr>\n<tr>\n<td>1907<\/td>\n<td>40<\/td>\n<td>20<\/td>\n<td>19<\/td>\n<\/tr>\n<tr>\n<td>1908<\/td>\n<td>35<\/td>\n<td>16<\/td>\n<td>25<\/td>\n<\/tr>\n<tr>\n<td>1909<\/td>\n<td>35<\/td>\n<td>23<\/td>\n<td>21<\/td>\n<\/tr>\n<tr>\n<td>1910<\/td>\n<td>28<\/td>\n<td>16<\/td>\n<td>21<\/td>\n<\/tr>\n<tr>\n<td>1911<\/td>\n<td>25<\/td>\n<td>18<\/td>\n<td>23<\/td>\n<\/tr>\n<tr>\n<td>1912<\/td>\n<td>27<\/td>\n<td>21<\/td>\n<td>25<\/td>\n<\/tr>\n<tr>\n<td>1913<\/td>\n<td>28<\/td>\n<td>20<\/td>\n<td>25<\/td>\n<\/tr>\n<tr>\n<td>1920<\/td>\n<td>23<\/td>\n<td><\/td>\n<td><\/td>\n<\/tr>\n<tr>\n<td>1922<\/td>\n<td>66<\/td>\n<td>21<\/td>\n<td>36<\/td>\n<\/tr>\n<\/table>\n\t<\/div>\n\n\t<\/div>\n<!-- \/module box -->\n<!-- .themify_builder .box-4847-0-0-3 Style -->\n<style>\n.themify_builder .box-4847-0-0-3.module-box {\n\ttext-align: justify\n}\n<\/style>\n<!-- End .themify_builder .box-4847-0-0-3 Style -->\n\n\n<!-- module box -->\n<div id=\"box-4847-0-0-4\" class=\"module module-box box-4847-0-0-4 \">\n\t\t\n\t\t\n\t<div class=\"module-box-content ui rounded gradient default  \">\n\t\tLes principaux dirigeants (cf. annexe 2) sont tout naturellement choisis parmi les plus anciens prestataires de serment. On peut \u00e9galement noter une grande stabilit\u00e9 car le premier pr\u00e9sident du Cercle, Philippe QUADEN, reste durant huit ans \u00e0 sa t\u00eate, le tr\u00e9sorier Joseph PAULUS neuf ans. Puis, une nouvelle g\u00e9n\u00e9ration succ\u00e8de aux fondateurs qui font d\u00e9sormais partie des officiers de la Compagnie.\t<\/div>\n\n\t<\/div>\n<!-- \/module box -->\n<!-- .themify_builder .box-4847-0-0-4 Style -->\n<style>\n.themify_builder .box-4847-0-0-4.module-box {\n\ttext-align: justify\n}\n<\/style>\n<!-- End .themify_builder .box-4847-0-0-4 Style -->\n\n\n<!-- module box -->\n<div id=\"box-4847-0-0-5\" class=\"module module-box box-4847-0-0-5 \">\n\t\t\n\t\t\n\t<div class=\"module-box-content ui rounded gradient default  \">\n\t\t<p><i><b>Annexe 2 : Principaux dirigeants du Cercle des Jeunes Bleus<\/b><\/i><\/p>\n<table border=\"1\" cellpadding=\"5\">\n<tbody>\n<tr>\n<td>Ann\u00e9e<\/td>\n<td>Pr\u00e9sident<\/td>\n<td>Tr\u00e9sorier<\/td>\n<td>Commissaire aux comptes<\/td>\n<\/tr>\n<tr>\n<td>1902<\/td>\n<td>Philippe QUADEN<\/td>\n<td>Joseph PAULUS<\/td>\n<td><\/td>\n<\/tr>\n<tr>\n<td>1903<\/td>\n<td>Philippe QUADEN<\/td>\n<td>Joseph PAULUS<\/td>\n<td><\/td>\n<\/tr>\n<tr>\n<td>1904<\/td>\n<td>Philippe QUADEN<\/td>\n<td>Joseph PAULUS<\/td>\n<td><\/td>\n<\/tr>\n<tr>\n<td>1905<\/td>\n<td>Philippe QUADEN<\/td>\n<td>Joseph PAULUS<\/td>\n<td><\/td>\n<\/tr>\n<tr>\n<td>1906<\/td>\n<td>Philippe QUADEN<\/td>\n<td>Joseph PAULUS<\/td>\n<td><\/td>\n<\/tr>\n<tr>\n<td>1907<\/td>\n<td>Philippe QUADEN<\/td>\n<td>Joseph PAULUS<\/td>\n<td><\/td>\n<\/tr>\n<tr>\n<td>1908<\/td>\n<td>Georges DOSSIN<\/td>\n<td>Joseph PAULUS<\/td>\n<td><\/td>\n<\/tr>\n<tr>\n<td>1909<\/td>\n<td>Fernand MARTIN<\/td>\n<td>Maurice DOSSIN<\/td>\n<td><\/td>\n<\/tr>\n<tr>\n<td>1910<\/td>\n<td>Paul HARDY<\/td>\n<td>Maurice DOSSIN<\/td>\n<td><\/td>\n<\/tr>\n<tr>\n<td>1911<\/td>\n<td>Paul HARDY<\/td>\n<td>Maurice DOSSIN<\/td>\n<td>Maurice PINCKAERS<\/td>\n<\/tr>\n<tr>\n<td>1912<\/td>\n<td>Paul HARDY<\/td>\n<td>Maurice DOSSIN<\/td>\n<td>Victor PEROT<\/td>\n<\/tr>\n<tr>\n<td>1913<\/td>\n<td>Victor PEROT<\/td>\n<td>Jean LENOIR fils<\/td>\n<td>Armand STRANG<\/td>\n<\/tr>\n<tr>\n<td>1914<\/td>\n<td>Victor PEROT<\/td>\n<td>Jean LENOIR fils<\/td>\n<td>Armand STRANG<\/td>\n<\/tr>\n<\/tbody>\n<\/table>\n\t<\/div>\n\n\t<\/div>\n<!-- \/module box -->\n<!-- .themify_builder .box-4847-0-0-5 Style -->\n<style>\n.themify_builder .box-4847-0-0-5.module-box {\n\ttext-align: justify\n}\n<\/style>\n<!-- End .themify_builder .box-4847-0-0-5 Style -->\n\n\n<!-- module box -->\n<div id=\"box-4847-0-0-6\" class=\"module module-box box-4847-0-0-6 \">\n\t\t\n\t\t\n\t<div class=\"module-box-content ui rounded gradient default  \">\n\t\t<p><strong>Les activit\u00e9s<\/strong><\/p><p>L\u2019essentiel des activit\u00e9s des Jeunes Bleus consiste \u00e0 organiser un bal de fin d\u2019ann\u00e9e. En 1902 cependant, une facture de 71,55 francs d\u2019un h\u00f4telier laisse supposer qu\u2019un banquet a eu lieu dans un \u00e9tablissement de la ville. Cette initiative ne sera pas renouvel\u00e9e.<br \/> La presse fait \u00e9cho de l\u2019organisation de ce bal annuel ; ainsi Le Petit Populaire des 21 et 22 d\u00e9cembre 1907 cite : \u00ab C\u2019est au dimanche 29 d\u00e9cembre qu\u2019est fix\u00e9e la soir\u00e9e intime du Vaillant Cercle les Jeunes Bleus (section de la Gilde Royale des Anciens Arbal\u00e9triers Vis\u00e9tois). On sait combien est grand le succ\u00e8s obtenu chaque ann\u00e9e par cette s\u00e9ance qui se donne par invitations et \u00e0 laquelle prendront part \u2026 violoniste, (\u2026). La soir\u00e9e se terminera par une partie de danse \u00bb.<br \/> Cet article nous apporte divers \u00e9l\u00e9ments concrets : la soir\u00e9e a lieu le dimanche avant le r\u00e9veillon et non lors de celui-ci ; par ailleurs, il s\u2019agit d\u2019une manifestation sur invitation comme le terme \u00ab intime \u00bb le laisse sous-entendre.<br \/> Elle comporte deux parties : tout d\u2019abord une r\u00e9cr\u00e9ation musicale avec des artistes, ensuite un bal anim\u00e9 par un orchestre local, celui de Lambert PURNOTTE \u00e0 partir de 1909. Peut-\u00eatre auparavant d\u2019ailleurs, \u00e9tant donn\u00e9 qu\u2019il avait remplac\u00e9 Arnold JAMINET comme chef d\u2019harmonie en 1907.<\/p><p>L\u2019ann\u00e9e suivante, le notaire honoraire Victor HORION, compose un chant \u00ab Le Cantique du Bleu \u00bb, qu\u2019il d\u00e9die aux Jeunes Bleus de Vis\u00e9, en souvenir de la belle soir\u00e9e du 27 d\u00e9cembre 1908.<\/p>\t<\/div>\n\n\t<\/div>\n<!-- \/module box -->\n<!-- .themify_builder .box-4847-0-0-6 Style -->\n<style>\n.themify_builder .box-4847-0-0-6.module-box {\n\ttext-align: justify\n}\n<\/style>\n<!-- End .themify_builder .box-4847-0-0-6 Style -->\n\n\n<!-- module box -->\n<div id=\"box-4847-0-0-7\" class=\"module module-box box-4847-0-0-7 \">\n\t\t\n\t\t\n\t<div class=\"module-box-content ui rounded gradient default  \">\n\t\t<p><a href=\"\/wordpress\/wp-content\/uploads\/2017\/11\/jb4.png\"><img loading=\"lazy\" decoding=\"async\" class=\"alignnone size-medium wp-image-6311\" src=\"\/wordpress\/wp-content\/uploads\/2017\/11\/jb4-215x300.png\" alt=\"\" width=\"215\" height=\"300\" srcset=\"https:\/\/www.arbaletriers.be\/wordpress\/wp-content\/uploads\/2017\/11\/jb4-215x300.png 215w, https:\/\/www.arbaletriers.be\/wordpress\/wp-content\/uploads\/2017\/11\/jb4.png 605w\" sizes=\"(max-width: 215px) 100vw, 215px\" \/><\/a><\/p>\n\t<\/div>\n\n\t<\/div>\n<!-- \/module box -->\n<!-- .themify_builder .box-4847-0-0-7 Style -->\n<style>\n.themify_builder .box-4847-0-0-7.module-box {\n\ttext-align: justify\n}\n<\/style>\n<!-- End .themify_builder .box-4847-0-0-7 Style -->\n\n\n<!-- module box -->\n<div id=\"box-4847-0-0-8\" class=\"module module-box box-4847-0-0-8 \">\n\t\t\n\t\t\n\t<div class=\"module-box-content ui rounded gradient default  \">\n\t\t<p><strong>Recettes et d\u00e9penses <\/strong><em>(cf. annexe 3)<\/em><\/p><p>Le poste \u00ab recettes \u00bb est en constante augmentation, allant de 179,22 francs en 1902 \u00e0 533 francs en 1912. Il faut noter qu\u2019en 1910, les Jeunes Bleus ont vers\u00e9 100 francs \u00e0 la Compagnie comme souscription aux grandes f\u00eates jubilaires.<br \/> L\u2019essentiel de ces recettes provient des cotisations des membres du Cercle, des souscriptions de membres de la Compagnie et \u00e0 partir de 1907, des dons effectu\u00e9s par les membres honoraires. Ceux-ci sont le plus souvent d\u2019anciens Jeunes Bleus qui portent l\u2019uniforme de l\u2019Etat-Major du G\u00e9n\u00e9ral et qui continuent \u00e0 soutenir la Section.<br \/> Les cotisations annuelles sont de 3 francs, mais certains (probablement les cadets) ne paient que 1,50 franc.<br \/> Cette partie des recettes s\u2019\u00e9l\u00e8ve \u00e0 58 francs en 1902, 315,50 francs en 1908, 275 francs en 1913.<br \/> En 1908, ann\u00e9e record, on a quasi trois parts \u00e9gales :<br \/> 115,50 francs pour les cotisations, 105 francs pour les souscriptions et 95 francs pour les membres honoraires.<\/p>\t<\/div>\n\n\t<\/div>\n<!-- \/module box -->\n<!-- .themify_builder .box-4847-0-0-8 Style -->\n<style>\n.themify_builder .box-4847-0-0-8.module-box {\n\ttext-align: justify\n}\n<\/style>\n<!-- End .themify_builder .box-4847-0-0-8 Style -->\n\n\n<!-- module box -->\n<div id=\"box-4847-0-0-9\" class=\"module module-box box-4847-0-0-9 \">\n\t\t\n\t\t\n\t<div class=\"module-box-content ui rounded gradient default  \">\n\t\t<p><i><b>Annexe 3 : Comptes du Cercles Les Jeunes Bleus \u2013 Etat des recettes et d\u00e9penses\u00a0<\/b>(en francs)<\/i><\/p>\n<table border=\"1\" cellpadding=\"5\">\n<tbody>\n<tr>\n<td>Ann\u00e9e<\/td>\n<td>Recettes<\/td>\n<td>D\u00e9penses<\/td>\n<td>Balance<\/td>\n<\/tr>\n<tr>\n<td>1902<\/td>\n<td>179,22<\/td>\n<td>179,22<\/td>\n<td>0<\/td>\n<\/tr>\n<tr>\n<td>1903<\/td>\n<td>342,50<\/td>\n<td>286,50<\/td>\n<td>56,00<\/td>\n<\/tr>\n<tr>\n<td>1904<\/td>\n<td>362,10<\/td>\n<td>340,55<\/td>\n<td>21,55<\/td>\n<\/tr>\n<tr>\n<td>1905<\/td>\n<td>325,40<\/td>\n<td>316,45<\/td>\n<td>8,95<\/td>\n<\/tr>\n<tr>\n<td>1906<\/td>\n<td>554,15<\/td>\n<td>540,48<\/td>\n<td>13,67<\/td>\n<\/tr>\n<tr>\n<td>1907<\/td>\n<td>532,87<\/td>\n<td>529,07<\/td>\n<td>3,80<\/td>\n<\/tr>\n<tr>\n<td>1908<\/td>\n<td>483,80<\/td>\n<td>425,00<\/td>\n<td>58,80<\/td>\n<\/tr>\n<tr>\n<td>1909<\/td>\n<td>515,85<\/td>\n<td>435,15<\/td>\n<td>80,70<\/td>\n<\/tr>\n<tr>\n<td>1910<\/td>\n<td>515,75<\/td>\n<td>476,20<\/td>\n<td>39,55<\/td>\n<\/tr>\n<tr>\n<td>1911<\/td>\n<td>468,45<\/td>\n<td>441,57<\/td>\n<td>26,88<\/td>\n<\/tr>\n<tr>\n<td>1912<\/td>\n<td>533,00<\/td>\n<td>460,30<\/td>\n<td>72,70<\/td>\n<\/tr>\n<tr>\n<td>1913<\/td>\n<td>492,90<\/td>\n<td>417,85<\/td>\n<td>75,05<\/td>\n<\/tr>\n<\/tbody>\n<\/table>\n\t<\/div>\n\n\t<\/div>\n<!-- \/module box -->\n<!-- .themify_builder .box-4847-0-0-9 Style -->\n<style>\n.themify_builder .box-4847-0-0-9.module-box {\n\ttext-align: justify\n}\n<\/style>\n<!-- End .themify_builder .box-4847-0-0-9 Style -->\n\n\n<!-- module box -->\n<div id=\"box-4847-0-0-10\" class=\"module module-box box-4847-0-0-10 \">\n\t\t\n\t\t\n\t<div class=\"module-box-content ui rounded gradient default  \">\n\t\t<p>Mais les Jeunes Bleus ne pouvaient boucler leur budget sans l\u2019aide de la Compagnie et celle du tenancier du local, qui est \u00e9galement mis \u00e0 contribution en raison des b\u00e9n\u00e9fices qu\u2019il retire d\u2019une telle soir\u00e9e.<br \/>\nLe subside de la Compagnie passe de 40 francs en 1902 \u00e0 100 francs en 1906 (curieusement, il n\u2019y a pas de dons pour les ann\u00e9es 1903, 1904 et 1905), 150 francs en 1910, 125 francs en 1911 et en 1912, 100 francs en 1913.<br \/>\nLe tenancier est mis \u00e0 contribution pour 79,66 francs en 1902, puis pour 75 francs durant le reste de la p\u00e9riode.<br \/>\nEnfin, un fait remarquable m\u00e9rite d\u2019\u00eatre signal\u00e9 : lors de cette soir\u00e9e, les Jeunes Bleus organisent \u00e0 partir de 1910, une collecte pour le Mus\u00e9e de la Compagnie ; elle rapporte 54 francs, puis 50 francs l\u2019ann\u00e9e suivante, 36,50 francs en 1912, 37,10 francs en 1913.<br \/>\nPeut-\u00eatre faut-il y voir l\u2019origine de la collecte organis\u00e9e \u00e0 l\u2019heure actuelle, lors de la s\u00e9ance acad\u00e9mique de nos f\u00eates ?<br \/>\nLe lien entre les deux para\u00eet assez \u00e9vident.<\/p>\n\t<\/div>\n\n\t<\/div>\n<!-- \/module box -->\n<!-- .themify_builder .box-4847-0-0-10 Style -->\n<style>\n.themify_builder .box-4847-0-0-10.module-box {\n\ttext-align: justify\n}\n<\/style>\n<!-- End .themify_builder .box-4847-0-0-10 Style -->\n\n\n<!-- module box -->\n<div id=\"box-4847-0-0-11\" class=\"module module-box box-4847-0-0-11 \">\n\t\t\n\t\t\n\t<div class=\"module-box-content ui rounded gradient default  \">\n\t\t<p>Les d\u00e9penses suivent la m\u00eame courbe ascendante, passant de 179,22 francs en 1902 \u00e0 550,48 francs en 1906, pour diminuer les ann\u00e9es suivantes (417,85 francs en 1913).<br \/>\nDeux postes sont importants : l\u2019orchestre et les artistes. Au d\u00e9part, l\u2019orchestre ne co\u00fbte que 40 francs, puis 55 francs en 1903, 67 francs en 1904, 77 francs en 1906, 84 francs en 1907, 94 francs de 1909 \u00e0 1913. Le nom du chef d\u2019orchestre, Lambert PURNOTTE, est mentionn\u00e9 \u00e0 partir de 1909.<br \/>\nOn engage pour la premi\u00e8re fois des artistes en 1903 pour un montant de 70 francs, puis 91 francs l\u2019ann\u00e9e suivante, 85 francs en 1905, mais 247 francs en 1906, 222,50 francs en 1907, 160 francs en 1908, 156 francs en 1909 et des montants allant de 150 \u00e0 200 francs jusqu\u2019en 1913.<\/p>\n<p>A partir de 1909, les noms des artistes prestataires sont mentionn\u00e9s dans les comptes. Si ces noms ne nous disent plus grand-chose, on peut voir ceux qui ont le plus de succ\u00e8s, c\u2019est-\u00e0-dire ceux qui reviennent chaque ann\u00e9e et ceux qui co\u00fbtent le plus cher.<br \/>\nEpinglons pour cette derni\u00e8re cat\u00e9gorie, mademoiselle GILIS (60 francs), mademoiselle Louise FORGEUR dite Fanny LEGRAND (50 francs) et mademoiselle KISSELSTEIN (40 francs). Remarquons qu\u2019il s\u2019agissait de trois demoiselles qui, sans conteste, devaient poss\u00e9der une voix d\u2019or !<\/p>\n<p>Parmi les habitu\u00e9s, relevons messieurs MOLDERS, L\u00e9on MAX et HENRION, dont les tarifs sont nettement inf\u00e9rieurs \u00e0 ceux des demoiselles pr\u00e9cit\u00e9es \u2026<\/p>\n<p>Les comptes sont tout juste en \u00e9quilibre en 1902, puis les Jeunes Bleus d\u00e9gagent un l\u00e9ger b\u00e9n\u00e9fice de 1903 \u00e0 1907, b\u00e9n\u00e9fice qui va en s\u2019accroissant \u00e0 partir de 1908.<br \/>\nIl faut n\u00e9anmoins reconna\u00eetre que sans l\u2019aide du tenancier et de la Compagnie (175 francs en cumulant les deux), la balance serait en d\u00e9s\u00e9quilibre. Mais, pour parler simple, le jeu n\u2019en valait-il pas la chandelle ?<br \/>\nCette nouvelle section de la Compagnie constitue un vivier de choix dans laquelle celle-ci va pouvoir recruter de nouveaux officiers.<\/p>\n\t<\/div>\n\n\t<\/div>\n<!-- \/module box -->\n<!-- .themify_builder .box-4847-0-0-11 Style -->\n<style>\n.themify_builder .box-4847-0-0-11.module-box {\n\ttext-align: justify\n}\n<\/style>\n<!-- End .themify_builder .box-4847-0-0-11 Style -->\n\n\n<!-- module box -->\n<div id=\"box-4847-0-0-12\" class=\"module module-box box-4847-0-0-12 \">\n\t\t\n\t\t\n\t<div class=\"module-box-content ui rounded gradient default  \">\n\t\t<p><img loading=\"lazy\" decoding=\"async\" class=\"aligncenter\" src=\"\/wordpress\/wp-content\/uploads\/2017\/11\/jb2-300x217.png\" alt=\"\" width=\"300\" height=\"217\" \/><\/p>\n\t<\/div>\n\n\t<\/div>\n<!-- \/module box -->\n<!-- .themify_builder .box-4847-0-0-12 Style -->\n<style>\n.themify_builder .box-4847-0-0-12.module-box {\n\ttext-align: justify\n}\n<\/style>\n<!-- End .themify_builder .box-4847-0-0-12 Style -->\n\n\t\t\t\t\t\t\t\t\t\n\t\t\t\t\t\t\t\t\t\t\t\t\t\t\t\t\t<\/div>\n\t\t\t\t\t\t\t\t<!-- \/col -->\n\t\t\t\t\t\t  \n\n\t\t\t\t\t\n\t\t\t\t\t\t\t\t\t\t\n\t\t\t\t\t\t\t\t\t\n\t\t\t\t<\/div>\n\t\t\t\t<!-- \/row_inner -->\n\t\t\t<\/div>\n\t\t\t<!-- \/module_row -->\n\t\t\t\n<\/div>\n<!-- \/themify_builder_content -->","protected":false},"excerpt":{"rendered":"<p>1. Les d\u00e9buts (1900-1914) La Section ou plut\u00f4t \u00ab Le Cercle des Jeunes Bleus \u00bb a \u00e9t\u00e9 cr\u00e9\u00e9 en 1900. Les Archives de la Compagnie en font peu \u00e9cho. Le carnet pr\u00e9cit\u00e9 nous livre la liste des membres versant une cotisation en 1902. A peu de chose pr\u00e8s, il s\u2019agit des fondateurs qui sont au [&hellip;]<\/p>\n","protected":false},"author":1,"featured_media":0,"parent":0,"menu_order":0,"comment_status":"closed","ping_status":"closed","template":"","meta":{"footnotes":""},"class_list":["post-4847","page","type-page","status-publish","hentry"],"_links":{"self":[{"href":"https:\/\/www.arbaletriers.be\/wordpress\/wp-json\/wp\/v2\/pages\/4847"}],"collection":[{"href":"https:\/\/www.arbaletriers.be\/wordpress\/wp-json\/wp\/v2\/pages"}],"about":[{"href":"https:\/\/www.arbaletriers.be\/wordpress\/wp-json\/wp\/v2\/types\/page"}],"author":[{"embeddable":true,"href":"https:\/\/www.arbaletriers.be\/wordpress\/wp-json\/wp\/v2\/users\/1"}],"replies":[{"embeddable":true,"href":"https:\/\/www.arbaletriers.be\/wordpress\/wp-json\/wp\/v2\/comments?post=4847"}],"version-history":[{"count":1,"href":"https:\/\/www.arbaletriers.be\/wordpress\/wp-json\/wp\/v2\/pages\/4847\/revisions"}],"predecessor-version":[{"id":11920,"href":"https:\/\/www.arbaletriers.be\/wordpress\/wp-json\/wp\/v2\/pages\/4847\/revisions\/11920"}],"wp:attachment":[{"href":"https:\/\/www.arbaletriers.be\/wordpress\/wp-json\/wp\/v2\/media?parent=4847"}],"curies":[{"name":"wp","href":"https:\/\/api.w.org\/{rel}","templated":true}]}}