{"id":4860,"date":"2017-02-23T14:53:54","date_gmt":"2017-02-23T13:53:54","guid":{"rendered":"http:\/\/www.arbaletriers.be\/wordpress\/?page_id=4860"},"modified":"2024-02-20T13:45:28","modified_gmt":"2024-02-20T12:45:28","slug":"compagnie-jeunes-bleus-4-annexes","status":"publish","type":"page","link":"https:\/\/www.arbaletriers.be\/wordpress\/compagnie-jeunes-bleus-4-annexes\/","title":{"rendered":"Compagnie &#8211; Jeunes Bleus &#8211; 4 &#8211; Annexes"},"content":{"rendered":"<div id=\"themify_builder_content-4860\" data-postid=\"4860\" class=\"themify_builder_content themify_builder_content-4860 themify_builder themify_builder_front\">\n\t\t\t\t\n\t\t\t<!-- module_row -->\n\t\t\t<div class=\"themify_builder_row module_row module_row_0 clearfix\" >\n\n\t\t\t\t<div class=\"row_inner\">\n\n\t\t\t\t\t\n\t\t\t\t\t\n\t\t\t\t\t\n\t\t\t\t\t\n\t\t\t\t\t\t\t\t<div class=\"col-full first tb-column\">\n\t\t\t\t\t\t\t\t\t\t\t\t\t\t\t\t\t\t\t\n\t\t\t\t\t\t\t\t\t\t\n<!-- module box -->\n<div id=\"box-4860-0-0-0\" class=\"module module-box box-4860-0-0-0 \">\n\t\t\n\t\t\n\t<div class=\"module-box-content ui rounded gradient default  \">\n\t\t<h1>Annexe: Quelques comit\u00e9s \u00e0 travers les \u00e2ges<\/h1>\t<\/div>\n\n\t<\/div>\n<!-- \/module box -->\n<!-- .themify_builder .box-4860-0-0-0 Style -->\n<style>\n.themify_builder .box-4860-0-0-0.module-box {\n\ttext-align: justify\n}\n<\/style>\n<!-- End .themify_builder .box-4860-0-0-0 Style -->\n\n\n<!-- module box -->\n<div id=\"box-4860-0-0-1\" class=\"module module-box box-4860-0-0-1 \">\n\t\t\n\t\t\n\t<div class=\"module-box-content ui rounded gradient default  \">\n\t\t<p><i><b>1. Assembl\u00e9e g\u00e9n\u00e9rale du 7 octobre 1923<\/b><\/i><\/p><p>Pr\u00e9sident d&rsquo;honneur:<\/p><ul><li>Perot Fran\u00e7ois<\/li><\/ul><p>Pr\u00e9sident:<\/p><ul><li>Pinckaers Maurice<\/li><\/ul><p>Vice-Pr\u00e9sidents:<\/p><ul><li>Douin Edouard<\/li><li>\u00a0Bellem Pierre (adjoint)<\/li><\/ul><p>Tr\u00e9soriers:<\/p><ul><li>Gal\u00e8re Martin<\/li><li>Perot Raoul (adjoint)<\/li><\/ul><p>Secr\u00e9taires:<\/p><ul><li>Hermans Charles<\/li><li>Bellem Jacques (adjoint)<\/li><\/ul><p>Commissaires:<\/p><ul><li>Duchesne Jacques<\/li><li>Dumoulin Mathieu<\/li><li>Sarol\u00e9a Charles<\/li><li>N\u00e9lissen Georges<\/li><li>Van Wolput Achille<\/li><li>Van Beneden Marcel<\/li><li>Mordant Georges<\/li><li>Hallet Michel<\/li><li>Walter Pierre<\/li><li>Appeliane L\u00e9opold<\/li><\/ul>\t<\/div>\n\n\t<\/div>\n<!-- \/module box -->\n<!-- .themify_builder .box-4860-0-0-1 Style -->\n<style>\n.themify_builder .box-4860-0-0-1.module-box {\n\ttext-align: justify\n}\n<\/style>\n<!-- End .themify_builder .box-4860-0-0-1 Style -->\n\n\n<!-- module box -->\n<div id=\"box-4860-0-0-2\" class=\"module module-box box-4860-0-0-2 \">\n\t\t\n\t\t\n\t<div class=\"module-box-content ui rounded gradient default  \">\n\t\t<p><i><b>2.Comit\u00e9 compos\u00e9 le 4 novembre 1945<\/b><\/i><\/p>\n<p>Pr\u00e9sident:<\/p>\n<ul>\n<li>Achille Van Wolput<\/li>\n<\/ul>\n<p>Vice-Pr\u00e9sident:<\/p>\n<ul>\n<li>Dieudonn\u00e9 Goffard<\/li>\n<\/ul>\n<p>Tr\u00e9soriers:<\/p>\n<ul>\n<li>Marcel Van Beneden<\/li>\n<li>Albert Moonen (adjoint)<\/li>\n<\/ul>\n<p>Secr\u00e9taires:<\/p>\n<ul>\n<li>Georges Andrien<\/li>\n<li>Raymond Dossin\u00a0(adjoint)<\/li>\n<\/ul>\n<p>Commissaires:<\/p>\n<ul>\n<li>Georges Mordant<\/li>\n<li>Jean Massin<\/li>\n<li>L. Boulanger<\/li>\n<li>M. Meeckers<\/li>\n<li>Charles Perot<\/li>\n<li>Jean-Pierre Perot<\/li>\n<li>Laurent Nihon<\/li>\n<li>C. Longle<\/li>\n<li>Th\u00e9o Colette<\/li>\n<li>Pierre Rosa<\/li>\n<\/ul>\n<p>Entr\u00e9 en 1946:<\/p>\n<ul>\n<li>Willy Moser<\/li>\n<\/ul>\n<p>Entr\u00e9s en 1947:<\/p>\n<ul>\n<li>Pierre Duchesne<\/li>\n<li>L\u00e9on Germain<\/li>\n<li>Edouard Marchand<\/li>\n<\/ul>\n<p>Entr\u00e9 en 1948:<\/p>\n<ul>\n<li>Georges Claessens<\/li>\n<\/ul>\n\t<\/div>\n\n\t<\/div>\n<!-- \/module box -->\n<!-- .themify_builder .box-4860-0-0-2 Style -->\n<style>\n.themify_builder .box-4860-0-0-2.module-box {\n\ttext-align: justify\n}\n<\/style>\n<!-- End .themify_builder .box-4860-0-0-2 Style -->\n\n\n<!-- module box -->\n<div id=\"box-4860-0-0-3\" class=\"module module-box box-4860-0-0-3 \">\n\t\t\n\t\t\n\t<div class=\"module-box-content ui rounded gradient default  \">\n\t\t<p><i><b>3.Comit\u00e9 des Jeunes Bleus en 1960<\/b><\/i><\/p>\n<p>Pr\u00e9sident:<\/p>\n<ul>\n<li>Georges Claessens<\/li>\n<\/ul>\n<p>Vice-Pr\u00e9sident:<\/p>\n<ul>\n<li>Francis Gal\u00e8re<\/li>\n<\/ul>\n<p>Tr\u00e9soriers:<\/p>\n<ul>\n<li>Pierre Duchesne<\/li>\n<li>No\u00ebl Teheux<\/li>\n<\/ul>\n<p>Secr\u00e9taires:<\/p>\n<ul>\n<li>Georges Douin<\/li>\n<li>Olivier Davister<\/li>\n<\/ul>\n<p>Commissaires:<\/p>\n<ul>\n<li>Joseph Massin<\/li>\n<li>Guy Rion<\/li>\n<li>Georges Wesphal<\/li>\n<li>Jean-Pierre Stulens<\/li>\n<li>Emile Bellem<\/li>\n<li>Albert Collinet<\/li>\n<\/ul>\n\t<\/div>\n\n\t<\/div>\n<!-- \/module box -->\n<!-- .themify_builder .box-4860-0-0-3 Style -->\n<style>\n.themify_builder .box-4860-0-0-3.module-box {\n\ttext-align: justify\n}\n<\/style>\n<!-- End .themify_builder .box-4860-0-0-3 Style -->\n\n\n<!-- module box -->\n<div id=\"box-4860-0-0-4\" class=\"module module-box box-4860-0-0-4 \">\n\t\t\n\t\t\n\t<div class=\"module-box-content ui rounded gradient default  \">\n\t\t<p><img decoding=\"async\" class=\"aligncenter\" src=\"\/wordpress\/wp-content\/uploads\/2017\/11\/jb3.png\" alt=\"\" \/><\/p>\n\t<\/div>\n\n\t<\/div>\n<!-- \/module box -->\n<!-- .themify_builder .box-4860-0-0-4 Style -->\n<style>\n.themify_builder .box-4860-0-0-4.module-box {\n\ttext-align: justify\n}\n<\/style>\n<!-- End .themify_builder .box-4860-0-0-4 Style -->\n\n\n<!-- module box -->\n<div id=\"box-4860-0-0-5\" class=\"module module-box box-4860-0-0-5 \">\n\t\t\n\t\t\n\t<div class=\"module-box-content ui rounded gradient default  \">\n\t\t<p><i><b>4.Les activit\u00e9s r\u00e9centes des Jeunes Bleus.<\/b><\/i><\/p>\n<p>Elles sont diverses comme le montre ce qui suit:<br \/>\n&#8211; la plus ancienne est le bal de gala, organis\u00e9 au moment du r\u00e9veillon de fin d&rsquo;ann\u00e9e ou le soir du r\u00e9veillon; mais il a rencontr\u00e9 de moins en moins de succ\u00e8s dans les ann\u00e9es 1970, \u00e9poque durant laquelle il fut organis\u00e9 en mars. Le dernier bal de gala eut lieu en mars 1985;<br \/>\n&#8211; le bal fut petit \u00e0 petit remplac\u00e9 par la brochette des Jeunes Bleus, \u00e9v\u00e9nement \u00e0 th\u00e8me plus convivial qui permettait de se d\u00e9guiser en fonction du d\u00e9cor choisi et de \u00ab\u00a0s&rsquo;\u00e9clater\u00a0\u00bb. La 1\u00e8re brochette eut lieu en septembre 1978 et nous en sommes en 2016) \u00e0 la 39\u00e8me. Elle se d\u00e9roule d\u00e9sormais le dernier samedi du mois d&rsquo;ao\u00fbt;<br \/>\n&#8211; le go\u00fbter des cadets constitue \u00e9galement un grand moment de la vie de la Compagnie. Initialement, il \u00e9tait organis\u00e9 au local et il \u00e9tait agr\u00e9ment\u00e9 par la projection de films. Mais la salle de cin\u00e9ma a disparu et il donne d\u00e9sormais lieu a des excursions dans des endroits r\u00e9cr\u00e9atifs, des parcs d&rsquo;attraction, des sites naturels;<br \/>\n&#8211; la descente sur la Meuse est une r\u00e9miniscence des nefs marchandes qui circulaient jadis sur le fleuve, certaines au b\u00e9n\u00e9fice de la Compagnie. Cette f\u00eate fut instaur\u00e9e en 1786 puis supprim\u00e9e en 1874, en raison d&rsquo;un grave accident survenu lors d&rsquo;une f\u00eate nautique \u00e0 Argenteau. Elle fut n\u00e9anmoins r\u00e9tablie au moment des f\u00eates du 6\u00e8me centenaire, le 15 ao\u00fbt 1910 et les Jeunes Bleus prirent une part active \u00e0 la confection de grands feux sur les berges et dans les carri\u00e8res de Souvr\u00e9; \u00e0 l&rsquo;heure actuelle ceux-ci se font sur l&rsquo;\u00eele Robinson. De nombreuses embarcations, garnies de lampions v\u00e9nitiens ont, \u00e0 certaines \u00e9poques, circul\u00e9 sur la Meuse.<br \/>\nEnfin, cette f\u00eate qui se d\u00e9roule le dimanche avant la Saint-Georges se termine \u2013si le temps le permet- par un grand feu d&rsquo;artifice tir\u00e9 sur les berges de la Meuse \u00e0 Devant-le-Pont.<\/p>\n\t<\/div>\n\n\t<\/div>\n<!-- \/module box -->\n<!-- .themify_builder .box-4860-0-0-5 Style -->\n<style>\n.themify_builder .box-4860-0-0-5.module-box {\n\ttext-align: justify\n}\n<\/style>\n<!-- End .themify_builder .box-4860-0-0-5 Style -->\n\n\t\t\t\t\t\t\t\t\t\n\t\t\t\t\t\t\t\t\t\t\t\t\t\t\t\t\t<\/div>\n\t\t\t\t\t\t\t\t<!-- \/col -->\n\t\t\t\t\t\t  \n\n\t\t\t\t\t\n\t\t\t\t\t\t\t\t\t\t\n\t\t\t\t\t\t\t\t\t\n\t\t\t\t<\/div>\n\t\t\t\t<!-- \/row_inner -->\n\t\t\t<\/div>\n\t\t\t<!-- \/module_row -->\n\t\t\t\n<\/div>\n<!-- \/themify_builder_content -->","protected":false},"excerpt":{"rendered":"<p>Annexe: Quelques comit\u00e9s \u00e0 travers les \u00e2ges 1. Assembl\u00e9e g\u00e9n\u00e9rale du 7 octobre 1923Pr\u00e9sident d&rsquo;honneur:Perot Fran\u00e7oisPr\u00e9sident:Pinckaers MauriceVice-Pr\u00e9sidents:Douin Edouard\u00a0Bellem Pierre (adjoint)Tr\u00e9soriers:Gal\u00e8re MartinPerot Raoul (adjoint)Secr\u00e9taires:Hermans CharlesBellem Jacques (adjoint)Commissaires:Duchesne JacquesDumoulin MathieuSarol\u00e9a CharlesN\u00e9lissen GeorgesVan Wolput AchilleVan Beneden MarcelMordant GeorgesHallet MichelWalter PierreAppeliane L\u00e9opold 2.Comit\u00e9 compos\u00e9 le 4 novembre 1945 Pr\u00e9sident: Achille Van Wolput Vice-Pr\u00e9sident: Dieudonn\u00e9 Goffard Tr\u00e9soriers: Marcel Van Beneden [&hellip;]<\/p>\n","protected":false},"author":1,"featured_media":0,"parent":0,"menu_order":0,"comment_status":"closed","ping_status":"closed","template":"","meta":{"footnotes":""},"class_list":["post-4860","page","type-page","status-publish","hentry"],"_links":{"self":[{"href":"https:\/\/www.arbaletriers.be\/wordpress\/wp-json\/wp\/v2\/pages\/4860"}],"collection":[{"href":"https:\/\/www.arbaletriers.be\/wordpress\/wp-json\/wp\/v2\/pages"}],"about":[{"href":"https:\/\/www.arbaletriers.be\/wordpress\/wp-json\/wp\/v2\/types\/page"}],"author":[{"embeddable":true,"href":"https:\/\/www.arbaletriers.be\/wordpress\/wp-json\/wp\/v2\/users\/1"}],"replies":[{"embeddable":true,"href":"https:\/\/www.arbaletriers.be\/wordpress\/wp-json\/wp\/v2\/comments?post=4860"}],"version-history":[{"count":1,"href":"https:\/\/www.arbaletriers.be\/wordpress\/wp-json\/wp\/v2\/pages\/4860\/revisions"}],"predecessor-version":[{"id":11919,"href":"https:\/\/www.arbaletriers.be\/wordpress\/wp-json\/wp\/v2\/pages\/4860\/revisions\/11919"}],"wp:attachment":[{"href":"https:\/\/www.arbaletriers.be\/wordpress\/wp-json\/wp\/v2\/media?parent=4860"}],"curies":[{"name":"wp","href":"https:\/\/api.w.org\/{rel}","templated":true}]}}