{"id":5961,"date":"2017-11-03T16:47:12","date_gmt":"2017-11-03T15:47:12","guid":{"rendered":"http:\/\/www.arbaletriers.be\/wordpress\/?page_id=5961"},"modified":"2017-11-08T17:18:57","modified_gmt":"2017-11-08T16:18:57","slug":"compagnie-section-de-tir-4-annexes","status":"publish","type":"page","link":"https:\/\/www.arbaletriers.be\/wordpress\/compagnie-section-de-tir-4-annexes\/","title":{"rendered":"Compagnie &#8211; Section de Tir &#8211; 4. Annexes"},"content":{"rendered":"<div id=\"themify_builder_content-5961\" data-postid=\"5961\" class=\"themify_builder_content themify_builder_content-5961 themify_builder themify_builder_front\">\n\t\t\t\t\n\t\t\t<!-- module_row -->\n\t\t\t<div class=\"themify_builder_row module_row module_row_0 clearfix\" >\n\n\t\t\t\t<div class=\"row_inner\">\n\n\t\t\t\t\t\n\t\t\t\t\t\n\t\t\t\t\t\n\t\t\t\t\t\n\t\t\t\t\t\t\t\t<div class=\"col-full first tb-column\">\n\t\t\t\t\t\t\t\t\t\t\t\t\t\t\t\t\t\t\t\n\t\t\t\t\t\t\t\t\t\t\n<!-- module box -->\n<div id=\"box-5961-0-0-0\" class=\"module module-box box-5961-0-0-0 \">\n\t\t\n\t\t\n\t<div class=\"module-box-content ui rounded gradient default  \">\n\t\t<p><i><b>1. Comit\u00e9 de tir en 1961.<\/b><\/i><\/p>\n<p>Pr\u00e9sident:<\/p>\n<ul>\n<li>Achille Van Wolput<\/li>\n<\/ul>\n<p>Tr\u00e9sorier:<\/p>\n<ul>\n<li>Georges Douin<\/li>\n<\/ul>\n<p>Secr\u00e9taire:<\/p>\n<ul>\n<li>Georges Claessens<\/li>\n<\/ul>\n\t<\/div>\n\n\t<\/div>\n<!-- \/module box -->\n<!-- .themify_builder .box-5961-0-0-0 Style -->\n<style>\n.themify_builder .box-5961-0-0-0.module-box {\n\ttext-align: justify\n}\n<\/style>\n<!-- End .themify_builder .box-5961-0-0-0 Style -->\n\n\t\t\t\t\t\t\t\t\t\n\t\t\t\t\t\t\t\t\t\t\t\t\t\t\t\t\t<\/div>\n\t\t\t\t\t\t\t\t<!-- \/col -->\n\t\t\t\t\t\t  \n\n\t\t\t\t\t\n\t\t\t\t\t\t\t\t\t\t\n\t\t\t\t\t\t\t\t\t\n\t\t\t\t<\/div>\n\t\t\t\t<!-- \/row_inner -->\n\t\t\t<\/div>\n\t\t\t<!-- \/module_row -->\n\t\t\t\n<\/div>\n<!-- \/themify_builder_content -->","protected":false},"excerpt":{"rendered":"<p>1. Comit\u00e9 de tir en 1961. Pr\u00e9sident: Achille Van Wolput Tr\u00e9sorier: Georges Douin Secr\u00e9taire: Georges Claessens<\/p>\n","protected":false},"author":1,"featured_media":0,"parent":0,"menu_order":0,"comment_status":"closed","ping_status":"closed","template":"","meta":{"footnotes":""},"class_list":["post-5961","page","type-page","status-publish","hentry"],"_links":{"self":[{"href":"https:\/\/www.arbaletriers.be\/wordpress\/wp-json\/wp\/v2\/pages\/5961"}],"collection":[{"href":"https:\/\/www.arbaletriers.be\/wordpress\/wp-json\/wp\/v2\/pages"}],"about":[{"href":"https:\/\/www.arbaletriers.be\/wordpress\/wp-json\/wp\/v2\/types\/page"}],"author":[{"embeddable":true,"href":"https:\/\/www.arbaletriers.be\/wordpress\/wp-json\/wp\/v2\/users\/1"}],"replies":[{"embeddable":true,"href":"https:\/\/www.arbaletriers.be\/wordpress\/wp-json\/wp\/v2\/comments?post=5961"}],"version-history":[{"count":0,"href":"https:\/\/www.arbaletriers.be\/wordpress\/wp-json\/wp\/v2\/pages\/5961\/revisions"}],"wp:attachment":[{"href":"https:\/\/www.arbaletriers.be\/wordpress\/wp-json\/wp\/v2\/media?parent=5961"}],"curies":[{"name":"wp","href":"https:\/\/api.w.org\/{rel}","templated":true}]}}