{"id":5966,"date":"2017-11-03T17:02:34","date_gmt":"2017-11-03T16:02:34","guid":{"rendered":"http:\/\/www.arbaletriers.be\/wordpress\/?page_id=5966"},"modified":"2024-02-20T12:11:21","modified_gmt":"2024-02-20T11:11:21","slug":"compagnie-moins-de-40-1-la-creation","status":"publish","type":"page","link":"https:\/\/www.arbaletriers.be\/wordpress\/compagnie-moins-de-40-1-la-creation\/","title":{"rendered":"Compagnie &#8211; Moins de 40 &#8211; 1 &#8211; La cr\u00e9ation du Comit\u00e9 des Moins de Quarante"},"content":{"rendered":"<div id=\"themify_builder_content-5966\" data-postid=\"5966\" class=\"themify_builder_content themify_builder_content-5966 themify_builder themify_builder_front\">\n\t\t\t\t\n\t\t\t<!-- module_row -->\n\t\t\t<div class=\"themify_builder_row module_row module_row_0 clearfix\" >\n\n\t\t\t\t<div class=\"row_inner\">\n\n\t\t\t\t\t\n\t\t\t\t\t\n\t\t\t\t\t\n\t\t\t\t\t\n\t\t\t\t\t\t\t\t<div class=\"col-full first tb-column\">\n\t\t\t\t\t\t\t\t\t\t\t\t\t\t\t\t\t\t\t\n\t\t\t\t\t\t\t\t\t\t\n<!-- module box -->\n<div id=\"box-5966-0-0-0\" class=\"module module-box box-5966-0-0-0 \">\n\t\t\n\t\t\n\t<div class=\"module-box-content ui rounded gradient default  \">\n\t\t<i><b>1. La cr\u00e9ation du Comit\u00e9 des Moins de Quarante.<\/b><\/i>\t<\/div>\n\n\t<\/div>\n<!-- \/module box -->\n<!-- .themify_builder .box-5966-0-0-0 Style -->\n<style>\n.themify_builder .box-5966-0-0-0.module-box {\n\ttext-align: justify\n}\n<\/style>\n<!-- End .themify_builder .box-5966-0-0-0 Style -->\n\n\n<!-- module box -->\n<div id=\"box-5966-0-0-1\" class=\"module module-box box-5966-0-0-1 \">\n\t\t\n\t\t\n\t<div class=\"module-box-content ui rounded gradient default  \">\n\t\t<p>Entre les Jeunes Bleus \u00e2g\u00e9s de moins de 28 ans et le Comit\u00e9 comptant bon nombre d&rsquo;anciens, il n&rsquo;y avait que le Comit\u00e9 des F\u00eates pour canaliser les \u00e9nergies.<br \/>\nCelui-ci organise essentiellement le Banquet des Dames et les bals qui cl\u00f4turent les jours de f\u00eate. Les autres manifestations sont organis\u00e9es par les sections: bal des Jeunes Bleus, souper du tir, etc. <\/p>\n\t<\/div>\n\n\t<\/div>\n<!-- \/module box -->\n<!-- .themify_builder .box-5966-0-0-1 Style -->\n<style>\n.themify_builder .box-5966-0-0-1.module-box {\n\ttext-align: justify\n}\n<\/style>\n<!-- End .themify_builder .box-5966-0-0-1 Style -->\n\n\n<!-- module box -->\n<div id=\"box-5966-0-0-2\" class=\"module module-box box-5966-0-0-2 \">\n\t\t\n\t\t\n\t<div class=\"module-box-content ui rounded gradient default  \">\n\t\t<p>Mais dans les ann\u00e9es 1960 et 1970, les bals ne font plus recette et le Banquet des Dames rencontre de moins en moins de succ\u00e8s comme en 1972 o\u00f9 l&rsquo;on ne compte qu&rsquo;une soixantaine de convives.<br \/>\nLe colonel GALERE, pr\u00e9sident de ce comit\u00e9, ne veut plus organiser ce repas et souhaite que ce soit fait par le Comit\u00e9 de Compagnie.<br \/>\nLe pr\u00e9sident n&rsquo;est pas d&rsquo;accord car cela \u00e9quivaudrait \u00e0 supprimer le Comit\u00e9 des F\u00eates.<br \/>\nLe secr\u00e9taire fait alors la suggestion suivante : la Compagnie compte un grand nombre d&rsquo;officiers de moins de quarante ans qui ne participent en g\u00e9n\u00e9ral pas aux manifestations du Comit\u00e9 des F\u00eates et qui, de plus, ne sont charg\u00e9s d&rsquo;aucune mission particuli\u00e8re au sein de la Compagnie. On pourrait les r\u00e9unir pour un \u00e9change de vue sur les organisations du Comit\u00e9 des F\u00eates et sp\u00e9cialement sur le Banquet des Dames et leur en confier la responsabilit\u00e9.<br \/>\nL&rsquo;id\u00e9e est approuv\u00e9e et une r\u00e9union est fix\u00e9e au jeudi suivant. Mais cela ne d\u00e9bouche sur rien de concret car les esprits ne sont pas encore m\u00fbrs.<br \/>\nL&rsquo;ann\u00e9e suivante un Comit\u00e9 des F\u00eates renforc\u00e9 est \u00e9lu. <\/p>\n\t<\/div>\n\n\t<\/div>\n<!-- \/module box -->\n<!-- .themify_builder .box-5966-0-0-2 Style -->\n<style>\n.themify_builder .box-5966-0-0-2.module-box {\n\ttext-align: justify\n}\n<\/style>\n<!-- End .themify_builder .box-5966-0-0-2 Style -->\n\n\n<!-- module box -->\n<div id=\"box-5966-0-0-3\" class=\"module module-box box-5966-0-0-3 \">\n\t\t\n\t\t\n\t<div class=\"module-box-content ui rounded gradient default  \">\n\t\t<p>En 1975, le pr\u00e9sident Raymond Dossin fait part de son souci de voir les Moins de Quarante participer plus \u00e0 la vie de la Compagnie et il \u00e9met quelques suggestions: organiser une conf\u00e9rence avec le major Daniel HUBERT portant sur l&rsquo;histoire de la Compagnie, d\u00e9velopper la chorale sous la direction du major THOMSIN, participer \u00e0 l&rsquo;organisation pr\u00e9vue dans le cadre du 75\u00e8me anniversaire des Jeunes Bleus.<br \/>\nLes choses commencent \u00e0 bouger en 1980 avec la proposition de d\u00e9mission du Comit\u00e9 des F\u00eates et l&rsquo;organisation d&rsquo;une r\u00e9union \u00e0 laquelle seraient convi\u00e9s tous les moins de quarante ans. <\/p>\n\t<\/div>\n\n\t<\/div>\n<!-- \/module box -->\n<!-- .themify_builder .box-5966-0-0-3 Style -->\n<style>\n.themify_builder .box-5966-0-0-3.module-box {\n\ttext-align: justify\n}\n<\/style>\n<!-- End .themify_builder .box-5966-0-0-3 Style -->\n\n\n<!-- module box -->\n<div id=\"box-5966-0-0-4\" class=\"module module-box box-5966-0-0-4 \">\n\t\t\n\t\t\n\t<div class=\"module-box-content ui rounded gradient default  \">\n\t\t<p>La premi\u00e8re r\u00e9union a lieu en septembre sous l&rsquo;impulsion du major Georges MOONEN.<br \/>\nCe groupe propose de reprendre l&rsquo;organisation du Banquet des Dames et la cr\u00e9ation d&rsquo;un petit p\u00e9riodique qui \u00ab\u00a0donnerait \u00e0 tous les membres des informations sur la Compagnie, son histoire, ses coutumes et ses organisations\u00a0\u00bb.<br \/>\nL&rsquo;Arbal\u00e9trier va voir le jour avec le soutien mat\u00e9riel et technique du major Walth\u00e8re MATHOT (Technophoto).<br \/>\nLe Comit\u00e9 des Moins de Quarante est officiellement instaur\u00e9 en 1981. Il est pr\u00e9vu qu&rsquo;un de ses membres soit d\u00e9sign\u00e9 en qualit\u00e9 de d\u00e9l\u00e9gu\u00e9 aupr\u00e8s du Comit\u00e9 de Compagnie. <\/p>\n\t<\/div>\n\n\t<\/div>\n<!-- \/module box -->\n<!-- .themify_builder .box-5966-0-0-4 Style -->\n<style>\n.themify_builder .box-5966-0-0-4.module-box {\n\ttext-align: justify\n}\n<\/style>\n<!-- End .themify_builder .box-5966-0-0-4 Style -->\n\n\n<!-- module box -->\n<div id=\"box-5966-0-0-5\" class=\"module module-box box-5966-0-0-5 \">\n\t\t\n\t\t\n\t<div class=\"module-box-content ui rounded gradient default  \">\n\t\t<p><a href=\"\/wordpress\/wp-content\/uploads\/2017\/11\/40-creation.jpg\"><img decoding=\"async\" class=\"aligncenter\" src=\"\/wordpress\/wp-content\/uploads\/2017\/11\/40-creation.jpg\" alt=\"\" width=\"100%\" height=\"100%\" \/><\/a><\/p>\n\t<\/div>\n\n\t<\/div>\n<!-- \/module box -->\n<!-- .themify_builder .box-5966-0-0-5 Style -->\n<style>\n.themify_builder .box-5966-0-0-5.module-box {\n\ttext-align: justify\n}\n<\/style>\n<!-- End .themify_builder .box-5966-0-0-5 Style -->\n\n\n<!-- module box -->\n<div id=\"box-5966-0-0-6\" class=\"module module-box box-5966-0-0-6 \">\n\t\t\n\t\t\n\t<div class=\"module-box-content ui rounded gradient default  \">\n\t\t<p>Au premier rang: Serge DOUIN, Jos\u00e9 BASTIN, Jos\u00e9 BRUN, Nicolas RONDAY, Joseph BROUHA, Jean-Pierre STULENS, Francis MALMENDIER, Joseph RONDAY Jr, Edmond DE FLINES, Maurice DOSSIN, Raymond LHOEST;<br \/>Au deuxi\u00e8me rang: Pierre HANNECART, Jody MOONEN, Alain PILLE, Jean-Pol NIHON, Luc LIEGEOIS, Ren\u00e9 JAMIN, No\u00ebl MERTENS, Henri PAULISSEN, Christian LANQUART, Marc RUMFELS.<\/p>\t<\/div>\n\n\t<\/div>\n<!-- \/module box -->\n<!-- .themify_builder .box-5966-0-0-6 Style -->\n<style>\n.themify_builder .box-5966-0-0-6.module-box {\n\ttext-align: justify\n}\n<\/style>\n<!-- End .themify_builder .box-5966-0-0-6 Style -->\n\n\n<!-- module box -->\n<div id=\"box-5966-0-0-7\" class=\"module module-box box-5966-0-0-7 \">\n\t\t\n\t\t\n\t<div class=\"module-box-content ui rounded gradient default  \">\n\t\t<p>Une heureuse initiative est prise par l&rsquo;assembl\u00e9e g\u00e9n\u00e9rale statutaire de f\u00e9vrier 1983: elle d\u00e9cide sur proposition du Comit\u00e9 de l&rsquo;\u00e9largir \u00e0 trois membres des Moins de Quarante qui deviennent conseillers, sans voix d\u00e9lib\u00e9rative, pour une dur\u00e9e de 2 ans.<\/p><p>D\u00e9cision judicieuse car les trois \u00e9lus sont \u00e0 l&rsquo;aube d&rsquo;une belle carri\u00e8re arbal\u00e9tri\u00e8re : ce sont les majors Jean-Pol NIHON, Francis MALMENDIER et Guy BELLEM.<\/p><p>C&rsquo;est donc \u00e0 partir du d\u00e9but des ann\u00e9es 1980 qu&rsquo;ils organisent le Banquet des Dames. La manifestation rev\u00eat un lustre nouveau comme en t\u00e9moigne la photo suivante.<\/p>\t<\/div>\n\n\t<\/div>\n<!-- \/module box -->\n<!-- .themify_builder .box-5966-0-0-7 Style -->\n<style>\n.themify_builder .box-5966-0-0-7.module-box {\n\ttext-align: justify\n}\n<\/style>\n<!-- End .themify_builder .box-5966-0-0-7 Style -->\n\n\n<!-- module box -->\n<div id=\"box-5966-0-0-8\" class=\"module module-box box-5966-0-0-8 \">\n\t\t\n\t\t\n\t<div class=\"module-box-content ui rounded gradient default  \">\n\t\t<p><a href=\"\/wordpress\/wp-content\/uploads\/2017\/11\/40-salle.png\"><img decoding=\"async\" class=\"aligncenter\" src=\"\/wordpress\/wp-content\/uploads\/2017\/11\/40-salle.png\" alt=\"\" width=\"100%\" height=\"100%\" \/><\/a><\/p>\n\t<\/div>\n\n\t<\/div>\n<!-- \/module box -->\n<!-- .themify_builder .box-5966-0-0-8 Style -->\n<style>\n.themify_builder .box-5966-0-0-8.module-box {\n\ttext-align: justify\n}\n<\/style>\n<!-- End .themify_builder .box-5966-0-0-8 Style -->\n\n\t\t\t\t\t\t\t\t\t\n\t\t\t\t\t\t\t\t\t\t\t\t\t\t\t\t\t<\/div>\n\t\t\t\t\t\t\t\t<!-- \/col -->\n\t\t\t\t\t\t  \n\n\t\t\t\t\t\n\t\t\t\t\t\t\t\t\t\t\n\t\t\t\t\t\t\t\t\t\n\t\t\t\t<\/div>\n\t\t\t\t<!-- \/row_inner -->\n\t\t\t<\/div>\n\t\t\t<!-- \/module_row -->\n\t\t\t\n<\/div>\n<!-- \/themify_builder_content -->","protected":false},"excerpt":{"rendered":"<p>1. La cr\u00e9ation du Comit\u00e9 des Moins de Quarante. Entre les Jeunes Bleus \u00e2g\u00e9s de moins de 28 ans et le Comit\u00e9 comptant bon nombre d&rsquo;anciens, il n&rsquo;y avait que le Comit\u00e9 des F\u00eates pour canaliser les \u00e9nergies. Celui-ci organise essentiellement le Banquet des Dames et les bals qui cl\u00f4turent les jours de f\u00eate. Les [&hellip;]<\/p>\n","protected":false},"author":1,"featured_media":0,"parent":0,"menu_order":0,"comment_status":"closed","ping_status":"closed","template":"","meta":{"footnotes":""},"class_list":["post-5966","page","type-page","status-publish","hentry"],"_links":{"self":[{"href":"https:\/\/www.arbaletriers.be\/wordpress\/wp-json\/wp\/v2\/pages\/5966"}],"collection":[{"href":"https:\/\/www.arbaletriers.be\/wordpress\/wp-json\/wp\/v2\/pages"}],"about":[{"href":"https:\/\/www.arbaletriers.be\/wordpress\/wp-json\/wp\/v2\/types\/page"}],"author":[{"embeddable":true,"href":"https:\/\/www.arbaletriers.be\/wordpress\/wp-json\/wp\/v2\/users\/1"}],"replies":[{"embeddable":true,"href":"https:\/\/www.arbaletriers.be\/wordpress\/wp-json\/wp\/v2\/comments?post=5966"}],"version-history":[{"count":1,"href":"https:\/\/www.arbaletriers.be\/wordpress\/wp-json\/wp\/v2\/pages\/5966\/revisions"}],"predecessor-version":[{"id":11916,"href":"https:\/\/www.arbaletriers.be\/wordpress\/wp-json\/wp\/v2\/pages\/5966\/revisions\/11916"}],"wp:attachment":[{"href":"https:\/\/www.arbaletriers.be\/wordpress\/wp-json\/wp\/v2\/media?parent=5966"}],"curies":[{"name":"wp","href":"https:\/\/api.w.org\/{rel}","templated":true}]}}