{"id":5972,"date":"2017-11-03T17:14:54","date_gmt":"2017-11-03T16:14:54","guid":{"rendered":"http:\/\/www.arbaletriers.be\/wordpress\/?page_id=5972"},"modified":"2024-02-20T12:07:35","modified_gmt":"2024-02-20T11:07:35","slug":"compagnie-moins-de-40-2-les-festivites-du-675eme-anniversaire-en-1985","status":"publish","type":"page","link":"https:\/\/www.arbaletriers.be\/wordpress\/compagnie-moins-de-40-2-les-festivites-du-675eme-anniversaire-en-1985\/","title":{"rendered":"Compagnie &#8211; Moins de 40 &#8211; 2 &#8211; Les festivit\u00e9s du 675\u00e8me anniversaire en 1985."},"content":{"rendered":"<div id=\"themify_builder_content-5972\" data-postid=\"5972\" class=\"themify_builder_content themify_builder_content-5972 themify_builder themify_builder_front\">\n\t\t\t\t\n\t\t\t<!-- module_row -->\n\t\t\t<div class=\"themify_builder_row module_row module_row_0 clearfix\" >\n\n\t\t\t\t<div class=\"row_inner\">\n\n\t\t\t\t\t\n\t\t\t\t\t\n\t\t\t\t\t\n\t\t\t\t\t\n\t\t\t\t\t\t\t\t<div class=\"col-full first tb-column\">\n\t\t\t\t\t\t\t\t\t\t\t\t\t\t\t\t\t\t\t\n\t\t\t\t\t\t\t\t\t\t\n<!-- module box -->\n<div id=\"box-5972-0-0-0\" class=\"module module-box box-5972-0-0-0 \">\n\t\t\n\t\t\n\t<div class=\"module-box-content ui rounded gradient default  \">\n\t\t<i><b>2. Les festivit\u00e9s du 675\u00e8me anniversaire en 1985.<\/b><\/i>\t<\/div>\n\n\t<\/div>\n<!-- \/module box -->\n<!-- .themify_builder .box-5972-0-0-0 Style -->\n<style>\n.themify_builder .box-5972-0-0-0.module-box {\n\ttext-align: justify\n}\n<\/style>\n<!-- End .themify_builder .box-5972-0-0-0 Style -->\n\n\n<!-- module box -->\n<div id=\"box-5972-0-0-1\" class=\"module module-box box-5972-0-0-1 \">\n\t\t\n\t\t\n\t<div class=\"module-box-content ui rounded gradient default  \">\n\t\t<p>Le sujet est pour la premi\u00e8re fois \u00e9voqu\u00e9 en r\u00e9union \u00e0 la fin de l&rsquo;ann\u00e9e 1979 : selon le pr\u00e9sident Raymond Dossin, le 675<sup>\u00e8me<\/sup> anniversaire doit constituer une f\u00eate mais <em>\u00ab\u00a0sans falbalas et sans grand faste <\/em>\u00ab\u00a0.<br \/> Il demande aux membres de faire des suggestions pour marquer cet \u00e9v\u00e9nement.<br \/> Selon lui,\u00b7\u00a0\u00bb<em>dans&rsquo; la situation \u00e9conomique g\u00e9n\u00e9rale et la situation financi\u00e8re, on ne peut d\u00e9cemment pas envisager des manifestations fastueuses.<br \/> Les festivit\u00e9s seront \u00e0 la mesure des recettes que nous pouvons avoir et tous les efforts doivent \u00eatre concentr\u00e9s sur la conservation de notre patrimoine tant historique qu&rsquo;immobilier\u00a0\u00bb<\/em><\/p>\t<\/div>\n\n\t<\/div>\n<!-- \/module box -->\n<!-- .themify_builder .box-5972-0-0-1 Style -->\n<style>\n.themify_builder .box-5972-0-0-1.module-box {\n\ttext-align: justify\n}\n<\/style>\n<!-- End .themify_builder .box-5972-0-0-1 Style -->\n\n\n<!-- module box -->\n<div id=\"box-5972-0-0-2\" class=\"module module-box box-5972-0-0-2 \">\n\t\t\n\t\t\n\t<div class=\"module-box-content ui rounded gradient default  \">\n\t\t<p>Il tient le m\u00eame discours en f\u00e9vrier 1984, \u00e9voque les travaux n\u00e9cessaires et commente l&rsquo;organigramme qui a \u00e9t\u00e9 \u00e9tabli. Nous avons retenu ceux qui concernent la nouvelle section:<\/p>\n<p>Le fond de cale sera r\u00e9am\u00e9nag\u00e9 par les Moins de Quarante et les b\u00e9n\u00e9voles mais il faudra compter sur une d\u00e9pense de 600.000 francs;<br \/>\nLa d\u00e9coration de l&rsquo;\u00e9glise et de la salle sera ex\u00e9cut\u00e9e par les membres habituels plus les Moins de Quarante;<br \/>\nLe drapeau \u00e0 remplacer; les Moins de Quarante ou les Jeunes Bleus, ceux qui d\u00e9sirent se manifester;<br \/>\nL&rsquo;enregistrement de nos musiques: le colonel Georges DOUIN et les Moins de Quarante;<\/p>\n<p>Le <u>major<\/u> Guy BELLEM propose au Comit\u00e9, au nom des Moins de Quarante, l&rsquo;impression d&rsquo;un ouvrage de 144 pages comprenant plusieurs chapitres:<\/p>\n<ul>\n<li>l&rsquo;histoire de la Soci\u00e9t\u00e9;<\/li>\n<li>la vie de la gilde;<\/li>\n<li>l&rsquo;explication de nos us et coutumes;<\/li>\n<li>la photo des joyaux et des anciens manuscrits.<\/li>\n<\/ul>\n\t<\/div>\n\n\t<\/div>\n<!-- \/module box -->\n<!-- .themify_builder .box-5972-0-0-2 Style -->\n<style>\n.themify_builder .box-5972-0-0-2.module-box {\n\ttext-align: justify\n}\n<\/style>\n<!-- End .themify_builder .box-5972-0-0-2 Style -->\n\n\n<!-- module box -->\n<div id=\"box-5972-0-0-3\" class=\"module module-box box-5972-0-0-3 \">\n\t\t\n\t\t\n\t<div class=\"module-box-content ui rounded gradient default  \">\n\t\t<p>Le co\u00fbt de cette \u00e9dition serait d&rsquo;environ 168.000 francs pour 2.000 exemplaires. Pour augmenter les recettes on pourrait pr\u00e9voir un certain nombre d&rsquo;exemplaires num\u00e9rot\u00e9s sur papier sp\u00e9cial.<\/p>\n<p>Le pr\u00e9sident pense que l&rsquo;on doit s&rsquo;en tenir \u00e0 la r\u00e9impression du livre de 1960 (La <u>Notice Historique<\/u> de Jean Lenoir Henrotay)<\/p>\n\t<\/div>\n\n\t<\/div>\n<!-- \/module box -->\n<!-- .themify_builder .box-5972-0-0-3 Style -->\n<style>\n.themify_builder .box-5972-0-0-3.module-box {\n\ttext-align: justify\n}\n<\/style>\n<!-- End .themify_builder .box-5972-0-0-3 Style -->\n\n\n<!-- module box -->\n<div id=\"box-5972-0-0-4\" class=\"module module-box box-5972-0-0-4 \">\n\t\t\n\t\t\n\t<div class=\"module-box-content ui rounded gradient default  \">\n\t\t<p><a href=\"\/wordpress\/wp-content\/uploads\/2017\/11\/40-3.jpg\"><img decoding=\"async\" class=\"aligncenter\" src=\"\/wordpress\/wp-content\/uploads\/2017\/11\/40-3.jpg\" alt=\"\" width=\"100%\" height=\"100%\" \/><\/a><\/p>\n\t<\/div>\n\n\t<\/div>\n<!-- \/module box -->\n<!-- .themify_builder .box-5972-0-0-4 Style -->\n<style>\n.themify_builder .box-5972-0-0-4.module-box {\n\ttext-align: justify\n}\n<\/style>\n<!-- End .themify_builder .box-5972-0-0-4 Style -->\n\n\n<!-- module box -->\n<div id=\"box-5972-0-0-5\" class=\"module module-box box-5972-0-0-5 \">\n\t\t\n\t\t\n\t<div class=\"module-box-content ui rounded gradient default  \">\n\t\t<p>Debouts: J. RONDAY Jr, G. ROENEN, J-L BALHAN, F. MALMENDIER, N. RONDAY Assis: N. TEHEUX, F. ROENEN, J-P STULENS, G. THEUNISSEN et Ch. BODSON <\/p>\n\t<\/div>\n\n\t<\/div>\n<!-- \/module box -->\n<!-- .themify_builder .box-5972-0-0-5 Style -->\n<style>\n.themify_builder .box-5972-0-0-5.module-box {\n\ttext-align: justify\n}\n<\/style>\n<!-- End .themify_builder .box-5972-0-0-5 Style -->\n\n\n<!-- module box -->\n<div id=\"box-5972-0-0-6\" class=\"module module-box box-5972-0-0-6 \">\n\t\t\n\t\t\n\t<div class=\"module-box-content ui rounded gradient default  \">\n\t\t<p>Les manifestations du 675<sup>\u00e8me<\/sup> anniversaire ont rencontr\u00e9 un ind\u00e9niable succ\u00e8s, en d\u00e9pit d&rsquo;un temps ex\u00e9crable. Les Moins de Quarante y ont pris une part consid\u00e9rable.<\/p><p>Lors d&rsquo;une r\u00e9union-bilan, le g\u00e9n\u00e9ral pr\u00e9sident ne manque pas de souligner et de mettre en exergue la contribution des diff\u00e9rentes sections:<\/p><ul><li>les Jeunes Bleus qui se chargent de l&rsquo;organisation du bal de gala, offrent un drapeau, vont r\u00e9aliser un film sur les festivit\u00e9s de 1985;<\/li><\/ul><ul><li>Les Moins de Quarante pour la brochure <u>L&rsquo;Arbal\u00e9trier<\/u>, la r\u00e9plique de la st\u00e8le mise en place au fond de cale, le nettoyage de la fa\u00e7ade, la peinture de la salle (effectu\u00e9e par les majors C. et F. CUYPERS), l&rsquo;assiette comm\u00e9morative peinte \u00e0 la main, la lithographie, \u0153uvre de M. Jacques DONNAY, le guide du Mus\u00e9e, l&rsquo;enregistrement sur cassette de nos musiques, l&rsquo;\u00e9dition de la brochure historique gr\u00e2ce \u00e0 la g\u00e9n\u00e9rosit\u00e9 du major W. MATHOT, de la CGER (Caisse G\u00e9n\u00e9rale d&rsquo;Epargne et de Retraite) et du major WISLET;<\/li><\/ul><ul><li>La Section de Tir pour l&rsquo;organisation des diff\u00e9rents concours, l&rsquo;am\u00e9nagement du jardin, un don de 75.000 francs;<\/li><\/ul>\t<\/div>\n\n\t<\/div>\n<!-- \/module box -->\n<!-- .themify_builder .box-5972-0-0-6 Style -->\n<style>\n.themify_builder .box-5972-0-0-6.module-box {\n\ttext-align: justify\n}\n<\/style>\n<!-- End .themify_builder .box-5972-0-0-6 Style -->\n\n\n<!-- module box -->\n<div id=\"box-5972-0-0-7\" class=\"module module-box box-5972-0-0-7 \">\n\t\t\n\t\t\n\t<div class=\"module-box-content ui rounded gradient default  \">\n\t\t<p><a href=\"\/wordpress\/wp-content\/uploads\/2017\/11\/40-litho.png\"><img decoding=\"async\" class=\"aligncenter\" src=\"\/wordpress\/wp-content\/uploads\/2017\/11\/40-litho.png\" alt=\"\" width=\"100%\" height=\"100%\" \/><\/a><\/p>\n\t<\/div>\n\n\t<\/div>\n<!-- \/module box -->\n<!-- .themify_builder .box-5972-0-0-7 Style -->\n<style>\n.themify_builder .box-5972-0-0-7.module-box {\n\ttext-align: justify\n}\n<\/style>\n<!-- End .themify_builder .box-5972-0-0-7 Style -->\n\n\t\t\t\t\t\t\t\t\t\n\t\t\t\t\t\t\t\t\t\t\t\t\t\t\t\t\t<\/div>\n\t\t\t\t\t\t\t\t<!-- \/col -->\n\t\t\t\t\t\t  \n\n\t\t\t\t\t\n\t\t\t\t\t\t\t\t\t\t\n\t\t\t\t\t\t\t\t\t\n\t\t\t\t<\/div>\n\t\t\t\t<!-- \/row_inner -->\n\t\t\t<\/div>\n\t\t\t<!-- \/module_row -->\n\t\t\t\n<\/div>\n<!-- \/themify_builder_content -->","protected":false},"excerpt":{"rendered":"<p>2. Les festivit\u00e9s du 675\u00e8me anniversaire en 1985. Le sujet est pour la premi\u00e8re fois \u00e9voqu\u00e9 en r\u00e9union \u00e0 la fin de l&rsquo;ann\u00e9e 1979 : selon le pr\u00e9sident Raymond Dossin, le 675\u00e8me anniversaire doit constituer une f\u00eate mais \u00ab\u00a0sans falbalas et sans grand faste \u00ab\u00a0. Il demande aux membres de faire des suggestions pour marquer [&hellip;]<\/p>\n","protected":false},"author":1,"featured_media":0,"parent":0,"menu_order":0,"comment_status":"closed","ping_status":"closed","template":"","meta":{"footnotes":""},"class_list":["post-5972","page","type-page","status-publish","hentry"],"_links":{"self":[{"href":"https:\/\/www.arbaletriers.be\/wordpress\/wp-json\/wp\/v2\/pages\/5972"}],"collection":[{"href":"https:\/\/www.arbaletriers.be\/wordpress\/wp-json\/wp\/v2\/pages"}],"about":[{"href":"https:\/\/www.arbaletriers.be\/wordpress\/wp-json\/wp\/v2\/types\/page"}],"author":[{"embeddable":true,"href":"https:\/\/www.arbaletriers.be\/wordpress\/wp-json\/wp\/v2\/users\/1"}],"replies":[{"embeddable":true,"href":"https:\/\/www.arbaletriers.be\/wordpress\/wp-json\/wp\/v2\/comments?post=5972"}],"version-history":[{"count":1,"href":"https:\/\/www.arbaletriers.be\/wordpress\/wp-json\/wp\/v2\/pages\/5972\/revisions"}],"predecessor-version":[{"id":11915,"href":"https:\/\/www.arbaletriers.be\/wordpress\/wp-json\/wp\/v2\/pages\/5972\/revisions\/11915"}],"wp:attachment":[{"href":"https:\/\/www.arbaletriers.be\/wordpress\/wp-json\/wp\/v2\/media?parent=5972"}],"curies":[{"name":"wp","href":"https:\/\/api.w.org\/{rel}","templated":true}]}}