{"id":5980,"date":"2017-11-03T17:23:13","date_gmt":"2017-11-03T16:23:13","guid":{"rendered":"http:\/\/www.arbaletriers.be\/wordpress\/?page_id=5980"},"modified":"2024-02-20T12:00:48","modified_gmt":"2024-02-20T11:00:48","slug":"compagnie-moins-de-40-4-presidents-de-la-section-depuis-sa-creation","status":"publish","type":"page","link":"https:\/\/www.arbaletriers.be\/wordpress\/compagnie-moins-de-40-4-presidents-de-la-section-depuis-sa-creation\/","title":{"rendered":"Compagnie &#8211; Moins de 40 &#8211; 4. Pr\u00e9sidents de la section depuis sa cr\u00e9ation"},"content":{"rendered":"<div id=\"themify_builder_content-5980\" data-postid=\"5980\" class=\"themify_builder_content themify_builder_content-5980 themify_builder themify_builder_front\">\n\t\t\t\t\n\t\t\t<!-- module_row -->\n\t\t\t<div class=\"themify_builder_row module_row module_row_0 clearfix\" >\n\n\t\t\t\t<div class=\"row_inner\">\n\n\t\t\t\t\t\n\t\t\t\t\t\n\t\t\t\t\t\n\t\t\t\t\t\n\t\t\t\t\t\t\t\t<div class=\"col-full first tb-column\">\n\t\t\t\t\t\t\t\t\t\t\t\t\t\t\t\t\t\t\t\n\t\t\t\t\t\t\t\t\t\t\n<!-- module box -->\n<div id=\"box-5980-0-0-0\" class=\"module module-box box-5980-0-0-0 \">\n\t\t\n\t\t\n\t<div class=\"module-box-content ui rounded gradient default  \">\n\t\t<i><b>4. Pr\u00e9sidents de la section depuis sa cr\u00e9ation.<\/b><\/i>\t<\/div>\n\n\t<\/div>\n<!-- \/module box -->\n<!-- .themify_builder .box-5980-0-0-0 Style -->\n<style>\n.themify_builder .box-5980-0-0-0.module-box {\n\ttext-align: justify\n}\n<\/style>\n<!-- End .themify_builder .box-5980-0-0-0 Style -->\n\n\n<!-- module box -->\n<div id=\"box-5980-0-0-1\" class=\"module module-box box-5980-0-0-1 \">\n\t\t\n\t\t\n\t<div class=\"module-box-content ui rounded gradient default  \">\n\t\t<table border=\"0\" width=\"100%\" cellspacing=\"0\" cellpadding=\"3\">\n<tbody>\n<tr>\n<td>Georges MOONEN<\/td>\n<td>1980-1982<\/td>\n<\/tr>\n<tr>\n<td>Ren\u00e9 JAMIN<\/td>\n<td>1984<\/td>\n<\/tr>\n<tr>\n<td>Francis MALMENDIER<\/td>\n<td>1986<\/td>\n<\/tr>\n<tr>\n<td>Joseph RONDAY Jr.<\/td>\n<td>1988<\/td>\n<\/tr>\n<tr>\n<td>Michel NIHON<\/td>\n<td>1990<\/td>\n<\/tr>\n<tr>\n<td>Marc RUMFELS<\/td>\n<td>1992<\/td>\n<\/tr>\n<tr>\n<td>Michel NIHON<\/td>\n<td>1994<\/td>\n<\/tr>\n<tr>\n<td>Philippe BRUWIER<\/td>\n<td>1996<\/td>\n<\/tr>\n<tr>\n<td>Alain PILLE<\/td>\n<td>2000<\/td>\n<\/tr>\n<tr>\n<td>Ren\u00e9 VERSTRAETEN Jr.<\/td>\n<td>2002<\/td>\n<\/tr>\n<tr>\n<td>Emmanuel MALMENDIER<\/td>\n<td>2004<\/td>\n<\/tr>\n<tr>\n<td>Xavier MALMENDIER<\/td>\n<td>2007<\/td>\n<\/tr>\n<tr>\n<td>John HALLEUX<\/td>\n<td>2011<\/td>\n<\/tr>\n<tr>\n<td>Yves DE FLINES<\/td>\n<td>2016<\/td>\n<\/tr>\n<\/tr>\n<tr>\n<td>Didier Coyemans<\/td>\n<td>2018<\/td>\n<\/tr>\n<\/tr>\n<tr>\n<td>Philippe DE FLINES<\/td>\n<td>2022<\/td>\n<\/tr>\n<tr>\n<td>S\u00e9bastien Fays<\/td>\n<td>2024<\/td>\n<\/tr>\n<\/tbody>\n<\/table>\n\t<\/div>\n\n\t<\/div>\n<!-- \/module box -->\n<!-- .themify_builder .box-5980-0-0-1 Style -->\n<style>\n.themify_builder .box-5980-0-0-1.module-box {\n\ttext-align: justify\n}\n<\/style>\n<!-- End .themify_builder .box-5980-0-0-1 Style -->\n\n\t\t\t\t\t\t\t\t\t\n\t\t\t\t\t\t\t\t\t\t\t\t\t\t\t\t\t<\/div>\n\t\t\t\t\t\t\t\t<!-- \/col -->\n\t\t\t\t\t\t  \n\n\t\t\t\t\t\n\t\t\t\t\t\t\t\t\t\t\n\t\t\t\t\t\t\t\t\t\n\t\t\t\t<\/div>\n\t\t\t\t<!-- \/row_inner -->\n\t\t\t<\/div>\n\t\t\t<!-- \/module_row -->\n\t\t\t\n<\/div>\n<!-- \/themify_builder_content -->","protected":false},"excerpt":{"rendered":"<p>4. Pr\u00e9sidents de la section depuis sa cr\u00e9ation. Georges MOONEN 1980-1982 Ren\u00e9 JAMIN 1984 Francis MALMENDIER 1986 Joseph RONDAY Jr. 1988 Michel NIHON 1990 Marc RUMFELS 1992 Michel NIHON 1994 Philippe BRUWIER 1996 Alain PILLE 2000 Ren\u00e9 VERSTRAETEN Jr. 2002 Emmanuel MALMENDIER 2004 Xavier MALMENDIER 2007 John HALLEUX 2011 Yves DE FLINES 2016 Didier Coyemans [&hellip;]<\/p>\n","protected":false},"author":1,"featured_media":0,"parent":0,"menu_order":0,"comment_status":"closed","ping_status":"closed","template":"","meta":{"footnotes":""},"class_list":["post-5980","page","type-page","status-publish","hentry"],"_links":{"self":[{"href":"https:\/\/www.arbaletriers.be\/wordpress\/wp-json\/wp\/v2\/pages\/5980"}],"collection":[{"href":"https:\/\/www.arbaletriers.be\/wordpress\/wp-json\/wp\/v2\/pages"}],"about":[{"href":"https:\/\/www.arbaletriers.be\/wordpress\/wp-json\/wp\/v2\/types\/page"}],"author":[{"embeddable":true,"href":"https:\/\/www.arbaletriers.be\/wordpress\/wp-json\/wp\/v2\/users\/1"}],"replies":[{"embeddable":true,"href":"https:\/\/www.arbaletriers.be\/wordpress\/wp-json\/wp\/v2\/comments?post=5980"}],"version-history":[{"count":1,"href":"https:\/\/www.arbaletriers.be\/wordpress\/wp-json\/wp\/v2\/pages\/5980\/revisions"}],"predecessor-version":[{"id":11914,"href":"https:\/\/www.arbaletriers.be\/wordpress\/wp-json\/wp\/v2\/pages\/5980\/revisions\/11914"}],"wp:attachment":[{"href":"https:\/\/www.arbaletriers.be\/wordpress\/wp-json\/wp\/v2\/media?parent=5980"}],"curies":[{"name":"wp","href":"https:\/\/api.w.org\/{rel}","templated":true}]}}